{"id":2815,"date":"2019-12-27T13:41:09","date_gmt":"2019-12-27T14:02:44","guid":{"rendered":"https:\/\/nueva.alvarellos.info\/product\/a-procura-da-poesia\/"},"modified":"2021-06-23T13:52:30","modified_gmt":"2021-06-23T11:52:30","slug":"a-procura-da-poesia","status":"publish","type":"product","link":"https:\/\/alvarelloseditora.gal\/es\/libro\/a-procura-da-poesia\/","title":{"rendered":"\u00c1 PROCURA DA POES\u00cdA"},"content":{"rendered":"<p>01-03-15 <strong>Televisi\u00f3n de Galicia-Telexornal<\/strong>. <a href=\"http:\/\/www.crtvg.es\/informativos\/viveiro-rende-homenaxe-a-luz-pozo-garza-na-presentacion-dun-estudo-sobre-a-sua-vida-e-obra-1029123\">Presentaci\u00f3n en Viveiro<\/a>.<\/p>\n<p>27-01-15<strong> Radio Galega-Diario Cultural<\/strong>\u00a0<a href=\"http:\/\/www.crtvg.es\/rg\/destacados\/diario-cultural-diario-cultural-do-dia-27-01-2015-989756\">Entrevista a Luz Pozo, Andr\u00e9s Poci\u00f1a e Aurora L\u00f3pez<\/a><\/p>\n<p>09-12-14 <strong>Caderno da Cr\u00edtica<\/strong>\u00a0<a href=\"https:\/\/cadernodacritica.wordpress.com\/2014\/12\/10\/a-procura-da-poesia-vida-e-obra-de-luz-pozo-garza-de-aurora-lopez-e-andres-pocina\/\">Cr\u00edtica de Ram\u00f3n Nicol\u00e1s<\/a><\/p>\n<p>21-11-2014 <strong>La Voz de Galicia<\/strong><a href=\"http:\/\/www.lavozdegalicia.es\/noticia\/ocioycultura\/2014\/11\/21\/ten-unha-vida-e-unha-novela-inmensa-di-biografo-luz-pozo\/0003_201411G21P51991.htm?idioma=galego\"> \u00abTen unha vida que \u00e9 unha novela inmensa\u00bb, di o bi\u00f3grafo de Luz Pozo Garza<\/a><\/p>\n<p>21-11-14<strong> El Progreso<\/strong> <a href=\"http:\/\/elprogreso.galiciae.com\/nova\/374266.html?lang=gl\">\u00abLuz \u00e9 a meirande poeta viva\u00bb\u00a0<\/a><\/p>\n<p>18-11-2014<strong>\u00a0El Correo Gallego<\/strong>\u00a0<a href=\"http:\/\/www.elcorreogallego.es\/tendencias\/ecg\/luz-pozo-atravesada-polo-amor\/idEdicion-2014-11-18\/idNoticia-901639\/\">\u00abLuz Pozo, atravesada polo amor\u00bb. Por Fran P. Lorenzo<\/a><\/p>\n","protected":false},"excerpt":{"rendered":"<p>VIDA E OBRA DE LUZ POZO GARZA<\/p>\n<p>&nbsp;<\/p>\n<p>Formato: 571 pp. 13 x 23 cms<br \/>\nISBN: 978-84-89323-89-6<\/p>\n<p>Aurora L\u00f3pez y Andr\u00e9s Poci\u00f1a dedicaron m\u00e1s de diez a\u00f1os al estudio de la vida y de la obra de Luz Pozo Garza, quiz\u00e1s la mayor figura de las Letras gallegas de nuestros d\u00edas.\u00a0El presente volumen es la culminaci\u00f3n de ese ingente trabajo: una obra rica en datos, noticias, textos -muchos, absolutamente in\u00e9ditos o desconocidos-,\u00a0y opiniones escritas por la propia Luz donde se sincera, la petici\u00f3n de los autores, sobre su obra literaria.\u00a0El libro se completa con una antolog\u00eda de la obra po\u00e9tica de Luz y tambi\u00e9n incluye una selecci\u00f3n de fotograf\u00edas e ilustraciones como resumen gr\u00e1fico de casi un siglo de vida&#8230; a la b\u00fasqueda y encuentro de la Poes\u00eda.<\/p>\n","protected":false},"featured_media":4133,"comment_status":"closed","ping_status":"closed","template":"","meta":[],"product_brand":[],"product_cat":[105],"product_tag":[],"class_list":{"0":"post-2815","1":"product","2":"type-product","3":"status-publish","4":"has-post-thumbnail","6":"product_author-andres-pocina-es","7":"product_author-aurora-lopez-es","8":"product_cat-oeste-es","10":"first","11":"instock","12":"taxable","13":"shipping-taxable","14":"purchasable","15":"product-type-simple"},"yoast_head":"<!-- This site is optimized with the Yoast SEO plugin v27.3 - https:\/\/yoast.com\/product\/yoast-seo-wordpress\/ -->\n<title>\u00c1 PROCURA DA POES\u00cdA - Alvarellos Editora<\/title>\n<meta name=\"description\" content=\"\u00c1 PROCURA DA POES\u00cdA. C\u00f3mprao na tenda en li\u00f1a de Alvarellos Editora.\" \/>\n<meta name=\"robots\" content=\"index, follow, max-snippet:-1, max-image-preview:large, max-video-preview:-1\" \/>\n<link rel=\"canonical\" href=\"https:\/\/alvarelloseditora.gal\/es\/libro\/a-procura-da-poesia\/\" \/>\n<meta property=\"og:locale\" content=\"es_ES\" \/>\n<meta property=\"og:type\" content=\"article\" \/>\n<meta property=\"og:title\" content=\"\u00c1 PROCURA DA POES\u00cdA - Alvarellos Editora\" \/>\n<meta property=\"og:description\" content=\"\u00c1 PROCURA DA POES\u00cdA. C\u00f3mprao na tenda en li\u00f1a de Alvarellos Editora.\" \/>\n<meta property=\"og:url\" content=\"https:\/\/alvarelloseditora.gal\/es\/libro\/a-procura-da-poesia\/\" \/>\n<meta property=\"og:site_name\" content=\"Alvarellos Editora\" \/>\n<meta property=\"article:publisher\" content=\"https:\/\/www.facebook.com\/alvarelloseditora\" \/>\n<meta property=\"article:modified_time\" content=\"2021-06-23T11:52:30+00:00\" \/>\n<meta property=\"og:image\" content=\"https:\/\/alvarelloseditora.gal\/wp-content\/uploads\/2019\/12\/A_procura_da_poesia_Vida_e_obra_de_Luz_Pozo_Garza.jpg\" \/>\n\t<meta property=\"og:image:width\" content=\"581\" \/>\n\t<meta property=\"og:image:height\" content=\"1024\" \/>\n\t<meta property=\"og:image:type\" content=\"image\/jpeg\" \/>\n<meta name=\"twitter:card\" content=\"summary_large_image\" \/>\n<meta name=\"twitter:site\" content=\"@alvarellos_ed\" \/>\n<!-- \/ Yoast SEO plugin. -->","yoast_head_json":{"title":"\u00c1 PROCURA DA POES\u00cdA - Alvarellos Editora","description":"\u00c1 PROCURA DA POES\u00cdA. C\u00f3mprao na tenda en li\u00f1a de Alvarellos Editora.","robots":{"index":"index","follow":"follow","max-snippet":"max-snippet:-1","max-image-preview":"max-image-preview:large","max-video-preview":"max-video-preview:-1"},"canonical":"https:\/\/alvarelloseditora.gal\/es\/libro\/a-procura-da-poesia\/","og_locale":"es_ES","og_type":"article","og_title":"\u00c1 PROCURA DA POES\u00cdA - Alvarellos Editora","og_description":"\u00c1 PROCURA DA POES\u00cdA. C\u00f3mprao na tenda en li\u00f1a de Alvarellos Editora.","og_url":"https:\/\/alvarelloseditora.gal\/es\/libro\/a-procura-da-poesia\/","og_site_name":"Alvarellos Editora","article_publisher":"https:\/\/www.facebook.com\/alvarelloseditora","article_modified_time":"2021-06-23T11:52:30+00:00","og_image":[{"width":581,"height":1024,"url":"https:\/\/alvarelloseditora.gal\/wp-content\/uploads\/2019\/12\/A_procura_da_poesia_Vida_e_obra_de_Luz_Pozo_Garza.jpg","type":"image\/jpeg"}],"twitter_card":"summary_large_image","twitter_site":"@alvarellos_ed","schema":{"@context":"https:\/\/schema.org","@graph":[{"@type":["WebPage","ItemPage"],"@id":"https:\/\/alvarelloseditora.gal\/es\/libro\/a-procura-da-poesia\/","url":"https:\/\/alvarelloseditora.gal\/es\/libro\/a-procura-da-poesia\/","name":"\u00c1 PROCURA DA POES\u00cdA - Alvarellos Editora","isPartOf":{"@id":"https:\/\/alvarelloseditora.gal\/#website"},"primaryImageOfPage":{"@id":"https:\/\/alvarelloseditora.gal\/es\/libro\/a-procura-da-poesia\/#primaryimage"},"image":{"@id":"https:\/\/alvarelloseditora.gal\/es\/libro\/a-procura-da-poesia\/#primaryimage"},"thumbnailUrl":"https:\/\/alvarelloseditora.gal\/wp-content\/uploads\/2019\/12\/A_procura_da_poesia_Vida_e_obra_de_Luz_Pozo_Garza.jpg","datePublished":"2019-12-27T14:02:44+00:00","dateModified":"2021-06-23T11:52:30+00:00","description":"\u00c1 PROCURA DA POES\u00cdA. C\u00f3mprao na tenda en li\u00f1a de Alvarellos Editora.","breadcrumb":{"@id":"https:\/\/alvarelloseditora.gal\/es\/libro\/a-procura-da-poesia\/#breadcrumb"},"inLanguage":"es","potentialAction":[{"@type":"ReadAction","target":["https:\/\/alvarelloseditora.gal\/es\/libro\/a-procura-da-poesia\/"]}]},{"@type":"ImageObject","inLanguage":"es","@id":"https:\/\/alvarelloseditora.gal\/es\/libro\/a-procura-da-poesia\/#primaryimage","url":"https:\/\/alvarelloseditora.gal\/wp-content\/uploads\/2019\/12\/A_procura_da_poesia_Vida_e_obra_de_Luz_Pozo_Garza.jpg","contentUrl":"https:\/\/alvarelloseditora.gal\/wp-content\/uploads\/2019\/12\/A_procura_da_poesia_Vida_e_obra_de_Luz_Pozo_Garza.jpg","width":581,"height":1024},{"@type":"BreadcrumbList","@id":"https:\/\/alvarelloseditora.gal\/es\/libro\/a-procura-da-poesia\/#breadcrumb","itemListElement":[{"@type":"ListItem","position":1,"name":"Portada","item":"https:\/\/alvarelloseditora.gal\/"},{"@type":"ListItem","position":2,"name":"Tienda","item":"https:\/\/alvarelloseditora.gal\/es\/tienda\/"},{"@type":"ListItem","position":3,"name":"\u00c1 PROCURA DA POES\u00cdA"}]},{"@type":"WebSite","@id":"https:\/\/alvarelloseditora.gal\/#website","url":"https:\/\/alvarelloseditora.gal\/","name":"Alvarellos Editora","description":"Libros para un mundo en tr\u00e1nsito","publisher":{"@id":"https:\/\/alvarelloseditora.gal\/#organization"},"potentialAction":[{"@type":"SearchAction","target":{"@type":"EntryPoint","urlTemplate":"https:\/\/alvarelloseditora.gal\/?s={search_term_string}"},"query-input":{"@type":"PropertyValueSpecification","valueRequired":true,"valueName":"search_term_string"}}],"inLanguage":"es"},{"@type":"Organization","@id":"https:\/\/alvarelloseditora.gal\/#organization","name":"Alvarellos Editora","url":"https:\/\/alvarelloseditora.gal\/","logo":{"@type":"ImageObject","inLanguage":"es","@id":"https:\/\/alvarelloseditora.gal\/#\/schema\/logo\/image\/","url":"https:\/\/alvarelloseditora.gal\/wp-content\/uploads\/2020\/02\/alv-icon.png","contentUrl":"https:\/\/alvarelloseditora.gal\/wp-content\/uploads\/2020\/02\/alv-icon.png","width":177,"height":175,"caption":"Alvarellos Editora"},"image":{"@id":"https:\/\/alvarelloseditora.gal\/#\/schema\/logo\/image\/"},"sameAs":["https:\/\/www.facebook.com\/alvarelloseditora","https:\/\/x.com\/alvarellos_ed"]}]}},"_links":{"self":[{"href":"https:\/\/alvarelloseditora.gal\/es\/wp-json\/wp\/v2\/product\/2815","targetHints":{"allow":["GET"]}}],"collection":[{"href":"https:\/\/alvarelloseditora.gal\/es\/wp-json\/wp\/v2\/product"}],"about":[{"href":"https:\/\/alvarelloseditora.gal\/es\/wp-json\/wp\/v2\/types\/product"}],"replies":[{"embeddable":true,"href":"https:\/\/alvarelloseditora.gal\/es\/wp-json\/wp\/v2\/comments?post=2815"}],"wp:featuredmedia":[{"embeddable":true,"href":"https:\/\/alvarelloseditora.gal\/es\/wp-json\/wp\/v2\/media\/4133"}],"wp:attachment":[{"href":"https:\/\/alvarelloseditora.gal\/es\/wp-json\/wp\/v2\/media?parent=2815"}],"wp:term":[{"taxonomy":"product_brand","embeddable":true,"href":"https:\/\/alvarelloseditora.gal\/es\/wp-json\/wp\/v2\/product_brand?post=2815"},{"taxonomy":"product_cat","embeddable":true,"href":"https:\/\/alvarelloseditora.gal\/es\/wp-json\/wp\/v2\/product_cat?post=2815"},{"taxonomy":"product_tag","embeddable":true,"href":"https:\/\/alvarelloseditora.gal\/es\/wp-json\/wp\/v2\/product_tag?post=2815"}],"curies":[{"name":"wp","href":"https:\/\/api.w.org\/{rel}","templated":true}]}}