{"id":2814,"date":"2019-12-27T13:41:09","date_gmt":"2019-12-27T14:02:44","guid":{"rendered":"https:\/\/nueva.alvarellos.info\/product\/navegando-cara-a-itaca\/"},"modified":"2021-06-23T12:24:59","modified_gmt":"2021-06-23T10:24:59","slug":"navegando-cara-a-itaca","status":"publish","type":"product","link":"https:\/\/alvarelloseditora.gal\/es\/libro\/navegando-cara-a-itaca\/","title":{"rendered":"NAVEGANDO CARA A \u00cdTACA"},"content":{"rendered":"","protected":false},"excerpt":{"rendered":"<p>2\u00ba Premio del Certame Literario de Vilalba 2013<\/p>\n<p>&nbsp;<\/p>\n<p>Formato: 50 pp. 14&#215;21 cms<br \/>\nISBN: 978-84-89323-61-2<\/p>\n<p>&nbsp;<\/p>\n<p>&nbsp;<\/p>\n<p>El gran poema griego de la Odisea, donde Homero describe la peripecia del h\u00e9roe Ulises hasta regresar a su patria, \u00cdtaca, es el hilo conductor de esta recreaci\u00f3n po\u00e9tica de Rafael Catoira Rey. En Navegando cara a \u00cdtaca, la vida\u00a0 \u2014y la poes\u00eda\u2014 se muestran como el viaje imprevisible que efectivamente son.<\/p>\n<p>La obra se inicia con un \u201c\u00cdtaca non existe\u201d para proseguir luego con esta declaraci\u00f3n de intenciones: \u201cViaxo \u00f3 teu encontro. \/Non chegar nunca,\/ gozar s\u00f3 do presaxio\u201d (&#8230;).<\/p>\n<p>Por los versos de Rafael Catoira van transitando algunos de los personajes del poema hom\u00e9rico: Ulises, su mujer Pen\u00e9lope, su hijo Tel\u00e9maco, el gigante Polifemo&#8230;\u00a0 A los que hace hablar y reflexionar, y a los que la voz po\u00e9tica tambi\u00e9n interpela.<\/p>\n<p>Esta obra recibi\u00f3 en 2013 el segundo premio en la edici\u00f3n n\u00famero 39 del Certamen Literario del Concello de Vilalba (Lugo), uno de los concursos po\u00e9ticos m\u00e1s veteranos de Galicia.<\/p>\n<p>2\u00ba Premio del Certame Literario de Vilalba 2013<\/p>\n","protected":false},"featured_media":4131,"comment_status":"closed","ping_status":"closed","template":"","meta":[],"product_brand":[],"product_cat":[106],"product_tag":[],"class_list":{"0":"post-2814","1":"product","2":"type-product","3":"status-publish","4":"has-post-thumbnail","6":"product_author-rafael-catoira-rey-es","7":"product_cat-libros-do-sarela-es","9":"first","10":"instock","11":"taxable","12":"shipping-taxable","13":"purchasable","14":"product-type-simple"},"yoast_head":"<!-- This site is optimized with the Yoast SEO plugin v27.3 - https:\/\/yoast.com\/product\/yoast-seo-wordpress\/ -->\n<title>NAVEGANDO CARA A \u00cdTACA - Alvarellos Editora<\/title>\n<meta name=\"description\" content=\"NAVEGANDO CARA A \u00cdTACA. C\u00f3mprao na tenda en li\u00f1a de Alvarellos Editora.\" \/>\n<meta name=\"robots\" content=\"index, follow, max-snippet:-1, max-image-preview:large, max-video-preview:-1\" \/>\n<link rel=\"canonical\" href=\"https:\/\/alvarelloseditora.gal\/es\/libro\/navegando-cara-a-itaca\/\" \/>\n<meta property=\"og:locale\" content=\"es_ES\" \/>\n<meta property=\"og:type\" content=\"article\" \/>\n<meta property=\"og:title\" content=\"NAVEGANDO CARA A \u00cdTACA - Alvarellos Editora\" \/>\n<meta property=\"og:description\" content=\"NAVEGANDO CARA A \u00cdTACA. C\u00f3mprao na tenda en li\u00f1a de Alvarellos Editora.\" \/>\n<meta property=\"og:url\" content=\"https:\/\/alvarelloseditora.gal\/es\/libro\/navegando-cara-a-itaca\/\" \/>\n<meta property=\"og:site_name\" content=\"Alvarellos Editora\" \/>\n<meta property=\"article:publisher\" content=\"https:\/\/www.facebook.com\/alvarelloseditora\" \/>\n<meta property=\"article:modified_time\" content=\"2021-06-23T10:24:59+00:00\" \/>\n<meta property=\"og:image\" content=\"https:\/\/alvarelloseditora.gal\/wp-content\/uploads\/2019\/12\/Navegando-cara-a-\u00cdtaca-libro.jpg\" \/>\n\t<meta property=\"og:image:width\" content=\"790\" \/>\n\t<meta property=\"og:image:height\" content=\"1201\" \/>\n\t<meta property=\"og:image:type\" content=\"image\/jpeg\" \/>\n<meta name=\"twitter:card\" content=\"summary_large_image\" \/>\n<meta name=\"twitter:site\" content=\"@alvarellos_ed\" \/>\n<!-- \/ Yoast SEO plugin. -->","yoast_head_json":{"title":"NAVEGANDO CARA A \u00cdTACA - Alvarellos Editora","description":"NAVEGANDO CARA A \u00cdTACA. C\u00f3mprao na tenda en li\u00f1a de Alvarellos Editora.","robots":{"index":"index","follow":"follow","max-snippet":"max-snippet:-1","max-image-preview":"max-image-preview:large","max-video-preview":"max-video-preview:-1"},"canonical":"https:\/\/alvarelloseditora.gal\/es\/libro\/navegando-cara-a-itaca\/","og_locale":"es_ES","og_type":"article","og_title":"NAVEGANDO CARA A \u00cdTACA - Alvarellos Editora","og_description":"NAVEGANDO CARA A \u00cdTACA. C\u00f3mprao na tenda en li\u00f1a de Alvarellos Editora.","og_url":"https:\/\/alvarelloseditora.gal\/es\/libro\/navegando-cara-a-itaca\/","og_site_name":"Alvarellos Editora","article_publisher":"https:\/\/www.facebook.com\/alvarelloseditora","article_modified_time":"2021-06-23T10:24:59+00:00","og_image":[{"width":790,"height":1201,"url":"https:\/\/alvarelloseditora.gal\/wp-content\/uploads\/2019\/12\/Navegando-cara-a-\u00cdtaca-libro.jpg","type":"image\/jpeg"}],"twitter_card":"summary_large_image","twitter_site":"@alvarellos_ed","schema":{"@context":"https:\/\/schema.org","@graph":[{"@type":["WebPage","ItemPage"],"@id":"https:\/\/alvarelloseditora.gal\/es\/libro\/navegando-cara-a-itaca\/","url":"https:\/\/alvarelloseditora.gal\/es\/libro\/navegando-cara-a-itaca\/","name":"NAVEGANDO CARA A \u00cdTACA - Alvarellos Editora","isPartOf":{"@id":"https:\/\/alvarelloseditora.gal\/#website"},"primaryImageOfPage":{"@id":"https:\/\/alvarelloseditora.gal\/es\/libro\/navegando-cara-a-itaca\/#primaryimage"},"image":{"@id":"https:\/\/alvarelloseditora.gal\/es\/libro\/navegando-cara-a-itaca\/#primaryimage"},"thumbnailUrl":"https:\/\/alvarelloseditora.gal\/wp-content\/uploads\/2019\/12\/Navegando-cara-a-\u00cdtaca-libro.jpg","datePublished":"2019-12-27T14:02:44+00:00","dateModified":"2021-06-23T10:24:59+00:00","description":"NAVEGANDO CARA A \u00cdTACA. C\u00f3mprao na tenda en li\u00f1a de Alvarellos Editora.","breadcrumb":{"@id":"https:\/\/alvarelloseditora.gal\/es\/libro\/navegando-cara-a-itaca\/#breadcrumb"},"inLanguage":"es","potentialAction":[{"@type":"ReadAction","target":["https:\/\/alvarelloseditora.gal\/es\/libro\/navegando-cara-a-itaca\/"]}]},{"@type":"ImageObject","inLanguage":"es","@id":"https:\/\/alvarelloseditora.gal\/es\/libro\/navegando-cara-a-itaca\/#primaryimage","url":"https:\/\/alvarelloseditora.gal\/wp-content\/uploads\/2019\/12\/Navegando-cara-a-\u00cdtaca-libro.jpg","contentUrl":"https:\/\/alvarelloseditora.gal\/wp-content\/uploads\/2019\/12\/Navegando-cara-a-\u00cdtaca-libro.jpg","width":790,"height":1201},{"@type":"BreadcrumbList","@id":"https:\/\/alvarelloseditora.gal\/es\/libro\/navegando-cara-a-itaca\/#breadcrumb","itemListElement":[{"@type":"ListItem","position":1,"name":"Portada","item":"https:\/\/alvarelloseditora.gal\/"},{"@type":"ListItem","position":2,"name":"Tienda","item":"https:\/\/alvarelloseditora.gal\/es\/tienda\/"},{"@type":"ListItem","position":3,"name":"NAVEGANDO CARA A \u00cdTACA"}]},{"@type":"WebSite","@id":"https:\/\/alvarelloseditora.gal\/#website","url":"https:\/\/alvarelloseditora.gal\/","name":"Alvarellos Editora","description":"Libros para un mundo en tr\u00e1nsito","publisher":{"@id":"https:\/\/alvarelloseditora.gal\/#organization"},"potentialAction":[{"@type":"SearchAction","target":{"@type":"EntryPoint","urlTemplate":"https:\/\/alvarelloseditora.gal\/?s={search_term_string}"},"query-input":{"@type":"PropertyValueSpecification","valueRequired":true,"valueName":"search_term_string"}}],"inLanguage":"es"},{"@type":"Organization","@id":"https:\/\/alvarelloseditora.gal\/#organization","name":"Alvarellos Editora","url":"https:\/\/alvarelloseditora.gal\/","logo":{"@type":"ImageObject","inLanguage":"es","@id":"https:\/\/alvarelloseditora.gal\/#\/schema\/logo\/image\/","url":"https:\/\/alvarelloseditora.gal\/wp-content\/uploads\/2020\/02\/alv-icon.png","contentUrl":"https:\/\/alvarelloseditora.gal\/wp-content\/uploads\/2020\/02\/alv-icon.png","width":177,"height":175,"caption":"Alvarellos Editora"},"image":{"@id":"https:\/\/alvarelloseditora.gal\/#\/schema\/logo\/image\/"},"sameAs":["https:\/\/www.facebook.com\/alvarelloseditora","https:\/\/x.com\/alvarellos_ed"]}]}},"_links":{"self":[{"href":"https:\/\/alvarelloseditora.gal\/es\/wp-json\/wp\/v2\/product\/2814","targetHints":{"allow":["GET"]}}],"collection":[{"href":"https:\/\/alvarelloseditora.gal\/es\/wp-json\/wp\/v2\/product"}],"about":[{"href":"https:\/\/alvarelloseditora.gal\/es\/wp-json\/wp\/v2\/types\/product"}],"replies":[{"embeddable":true,"href":"https:\/\/alvarelloseditora.gal\/es\/wp-json\/wp\/v2\/comments?post=2814"}],"wp:featuredmedia":[{"embeddable":true,"href":"https:\/\/alvarelloseditora.gal\/es\/wp-json\/wp\/v2\/media\/4131"}],"wp:attachment":[{"href":"https:\/\/alvarelloseditora.gal\/es\/wp-json\/wp\/v2\/media?parent=2814"}],"wp:term":[{"taxonomy":"product_brand","embeddable":true,"href":"https:\/\/alvarelloseditora.gal\/es\/wp-json\/wp\/v2\/product_brand?post=2814"},{"taxonomy":"product_cat","embeddable":true,"href":"https:\/\/alvarelloseditora.gal\/es\/wp-json\/wp\/v2\/product_cat?post=2814"},{"taxonomy":"product_tag","embeddable":true,"href":"https:\/\/alvarelloseditora.gal\/es\/wp-json\/wp\/v2\/product_tag?post=2814"}],"curies":[{"name":"wp","href":"https:\/\/api.w.org\/{rel}","templated":true}]}}