{"id":2813,"date":"2019-12-27T13:41:09","date_gmt":"2019-12-27T14:02:44","guid":{"rendered":"https:\/\/nueva.alvarellos.info\/product\/os-privilexios-dos-somnambulos\/"},"modified":"2021-06-23T12:27:17","modified_gmt":"2021-06-23T10:27:17","slug":"os-privilexios-dos-somnambulos","status":"publish","type":"product","link":"https:\/\/alvarelloseditora.gal\/es\/libro\/os-privilexios-dos-somnambulos\/","title":{"rendered":"OS PRIVILEXIOS DOS SOMN\u00c1MBULOS"},"content":{"rendered":"<p>06-05-2015 <strong>Diario de Pontevedra<\/strong> | <strong>El Progreso<\/strong> Cr\u00edtica de Ram\u00f3n Rozas\u00a0<a href=\"http:\/\/ramonrozas.blogspot.com.es\/2015\/04\/luzadas-na-noite.html\">http:\/\/ramonrozas.blogspot.com.es\/2015\/04\/luzadas-na-noite.html<\/a><\/p>\n<p>25-03-2015 <strong>Fervenzas Literarias<\/strong>. Ampla entrevista ao autor.\u00a0http:\/\/fervenzasliterarias.com\/index.php\/de-actualidade\/entrevistas\/item\/1885-os-privilexios-dos-somn%C3%A1mbulos-alvarellos-de-pablo-bouza.html<\/p>\n","protected":false},"excerpt":{"rendered":"<p>1\u00ba Premio del Certame Literario de Vilalba 2013<\/p>\n<p>&nbsp;<\/p>\n<p>&nbsp;<\/p>\n<p>Formato: 73 pp. 14&#215;21 cms<br \/>\nISBN: 978-84-89323-60-5<\/p>\n<p>&nbsp;<\/p>\n<p>La noche es gran inspiradora de poetas. En esta nueva obra de Pablo Bouza, Os privilexios dos somn\u00e1mbulos, el autor encuentra ese \u201caire viciado\u201d donde desplegar \u201ca inmensa dimensi\u00f3n das palabras\u201d.\u00a0 \u201cNoite\/d\u00e1me algo de ti\/da t\u00faa luz negada\u201d.<\/p>\n<p>La poes\u00eda solo puede ser honestidad, verdad. En este territorio es donde Bouza penetra en el alma de los lectores: \u201cReco\u00f1\u00e9zome nos erros do pasado\u201d, confiesa, o: \u201cMedran hedras nas pedras dos meus lugares\u201d.<\/p>\n<p>Son versos intensos y hondos, que caminan directos en su mensaje. Por este sugestivo libro de poemas transitan tambi\u00e9n las voces, en forma de cita, de autores de referencia de nuestro escritor, que lo van guiando en el recorrido po\u00e9tico, como Miguel \u00c1ngel Fern\u00e1n Vello, Jos\u00e9 \u00c1ngel Valiente, Espronceda, \u00c1ngel Gonz\u00e1lez, Rilke, Lois Pereiro, Paul Verlaine o Carlos Oroza, entre otros.<\/p>\n<p>Esta obra result\u00f3 ganadora en 2013 de la edici\u00f3n n\u00famero 39 del Certamen Literario del Concello de Vilalba (Lugo), uno de los concursos po\u00e9ticos m\u00e1s veteranos de Galicia.\u00a0Fue, asimismo, finalista en los Premios da Edici\u00f3n de Galicia 2014 dentro del apartado de Mejor libro de poes\u00eda en gallego del a\u00f1o.<\/p>\n","protected":false},"featured_media":4129,"comment_status":"closed","ping_status":"closed","template":"","meta":[],"product_brand":[],"product_cat":[106],"product_tag":[],"class_list":{"0":"post-2813","1":"product","2":"type-product","3":"status-publish","4":"has-post-thumbnail","6":"product_author-pablo-bouza-es","7":"product_cat-libros-do-sarela-es","9":"first","10":"instock","11":"taxable","12":"shipping-taxable","13":"purchasable","14":"product-type-simple"},"yoast_head":"<!-- This site is optimized with the Yoast SEO plugin v27.3 - https:\/\/yoast.com\/product\/yoast-seo-wordpress\/ -->\n<title>OS PRIVILEXIOS DOS SOMN\u00c1MBULOS - Alvarellos Editora<\/title>\n<meta name=\"description\" content=\"OS PRIVILEXIOS DOS SOMN\u00c1MBULOS. C\u00f3mprao na tenda en li\u00f1a de Alvarellos Editora.\" \/>\n<meta name=\"robots\" content=\"index, follow, max-snippet:-1, max-image-preview:large, max-video-preview:-1\" \/>\n<link rel=\"canonical\" href=\"https:\/\/alvarelloseditora.gal\/es\/libro\/os-privilexios-dos-somnambulos\/\" \/>\n<meta property=\"og:locale\" content=\"es_ES\" \/>\n<meta property=\"og:type\" content=\"article\" \/>\n<meta property=\"og:title\" content=\"OS PRIVILEXIOS DOS SOMN\u00c1MBULOS - Alvarellos Editora\" \/>\n<meta property=\"og:description\" content=\"OS PRIVILEXIOS DOS SOMN\u00c1MBULOS. C\u00f3mprao na tenda en li\u00f1a de Alvarellos Editora.\" \/>\n<meta property=\"og:url\" content=\"https:\/\/alvarelloseditora.gal\/es\/libro\/os-privilexios-dos-somnambulos\/\" \/>\n<meta property=\"og:site_name\" content=\"Alvarellos Editora\" \/>\n<meta property=\"article:publisher\" content=\"https:\/\/www.facebook.com\/alvarelloseditora\" \/>\n<meta property=\"article:modified_time\" content=\"2021-06-23T10:27:17+00:00\" \/>\n<meta property=\"og:image\" content=\"https:\/\/alvarelloseditora.gal\/wp-content\/uploads\/2019\/12\/Os-privilexios-dos-somn\u00e1mbulos-libro.jpg\" \/>\n\t<meta property=\"og:image:width\" content=\"815\" \/>\n\t<meta property=\"og:image:height\" content=\"1242\" \/>\n\t<meta property=\"og:image:type\" content=\"image\/jpeg\" \/>\n<meta name=\"twitter:card\" content=\"summary_large_image\" \/>\n<meta name=\"twitter:site\" content=\"@alvarellos_ed\" \/>\n<!-- \/ Yoast SEO plugin. -->","yoast_head_json":{"title":"OS PRIVILEXIOS DOS SOMN\u00c1MBULOS - Alvarellos Editora","description":"OS PRIVILEXIOS DOS SOMN\u00c1MBULOS. C\u00f3mprao na tenda en li\u00f1a de Alvarellos Editora.","robots":{"index":"index","follow":"follow","max-snippet":"max-snippet:-1","max-image-preview":"max-image-preview:large","max-video-preview":"max-video-preview:-1"},"canonical":"https:\/\/alvarelloseditora.gal\/es\/libro\/os-privilexios-dos-somnambulos\/","og_locale":"es_ES","og_type":"article","og_title":"OS PRIVILEXIOS DOS SOMN\u00c1MBULOS - Alvarellos Editora","og_description":"OS PRIVILEXIOS DOS SOMN\u00c1MBULOS. C\u00f3mprao na tenda en li\u00f1a de Alvarellos Editora.","og_url":"https:\/\/alvarelloseditora.gal\/es\/libro\/os-privilexios-dos-somnambulos\/","og_site_name":"Alvarellos Editora","article_publisher":"https:\/\/www.facebook.com\/alvarelloseditora","article_modified_time":"2021-06-23T10:27:17+00:00","og_image":[{"width":815,"height":1242,"url":"https:\/\/alvarelloseditora.gal\/wp-content\/uploads\/2019\/12\/Os-privilexios-dos-somn\u00e1mbulos-libro.jpg","type":"image\/jpeg"}],"twitter_card":"summary_large_image","twitter_site":"@alvarellos_ed","schema":{"@context":"https:\/\/schema.org","@graph":[{"@type":["WebPage","ItemPage"],"@id":"https:\/\/alvarelloseditora.gal\/es\/libro\/os-privilexios-dos-somnambulos\/","url":"https:\/\/alvarelloseditora.gal\/es\/libro\/os-privilexios-dos-somnambulos\/","name":"OS PRIVILEXIOS DOS SOMN\u00c1MBULOS - Alvarellos Editora","isPartOf":{"@id":"https:\/\/alvarelloseditora.gal\/#website"},"primaryImageOfPage":{"@id":"https:\/\/alvarelloseditora.gal\/es\/libro\/os-privilexios-dos-somnambulos\/#primaryimage"},"image":{"@id":"https:\/\/alvarelloseditora.gal\/es\/libro\/os-privilexios-dos-somnambulos\/#primaryimage"},"thumbnailUrl":"https:\/\/alvarelloseditora.gal\/wp-content\/uploads\/2019\/12\/Os-privilexios-dos-somn\u00e1mbulos-libro.jpg","datePublished":"2019-12-27T14:02:44+00:00","dateModified":"2021-06-23T10:27:17+00:00","description":"OS PRIVILEXIOS DOS SOMN\u00c1MBULOS. C\u00f3mprao na tenda en li\u00f1a de Alvarellos Editora.","breadcrumb":{"@id":"https:\/\/alvarelloseditora.gal\/es\/libro\/os-privilexios-dos-somnambulos\/#breadcrumb"},"inLanguage":"es","potentialAction":[{"@type":"ReadAction","target":["https:\/\/alvarelloseditora.gal\/es\/libro\/os-privilexios-dos-somnambulos\/"]}]},{"@type":"ImageObject","inLanguage":"es","@id":"https:\/\/alvarelloseditora.gal\/es\/libro\/os-privilexios-dos-somnambulos\/#primaryimage","url":"https:\/\/alvarelloseditora.gal\/wp-content\/uploads\/2019\/12\/Os-privilexios-dos-somn\u00e1mbulos-libro.jpg","contentUrl":"https:\/\/alvarelloseditora.gal\/wp-content\/uploads\/2019\/12\/Os-privilexios-dos-somn\u00e1mbulos-libro.jpg","width":815,"height":1242},{"@type":"BreadcrumbList","@id":"https:\/\/alvarelloseditora.gal\/es\/libro\/os-privilexios-dos-somnambulos\/#breadcrumb","itemListElement":[{"@type":"ListItem","position":1,"name":"Portada","item":"https:\/\/alvarelloseditora.gal\/"},{"@type":"ListItem","position":2,"name":"Tienda","item":"https:\/\/alvarelloseditora.gal\/es\/tienda\/"},{"@type":"ListItem","position":3,"name":"OS PRIVILEXIOS DOS SOMN\u00c1MBULOS"}]},{"@type":"WebSite","@id":"https:\/\/alvarelloseditora.gal\/#website","url":"https:\/\/alvarelloseditora.gal\/","name":"Alvarellos Editora","description":"Libros para un mundo en tr\u00e1nsito","publisher":{"@id":"https:\/\/alvarelloseditora.gal\/#organization"},"potentialAction":[{"@type":"SearchAction","target":{"@type":"EntryPoint","urlTemplate":"https:\/\/alvarelloseditora.gal\/?s={search_term_string}"},"query-input":{"@type":"PropertyValueSpecification","valueRequired":true,"valueName":"search_term_string"}}],"inLanguage":"es"},{"@type":"Organization","@id":"https:\/\/alvarelloseditora.gal\/#organization","name":"Alvarellos Editora","url":"https:\/\/alvarelloseditora.gal\/","logo":{"@type":"ImageObject","inLanguage":"es","@id":"https:\/\/alvarelloseditora.gal\/#\/schema\/logo\/image\/","url":"https:\/\/alvarelloseditora.gal\/wp-content\/uploads\/2020\/02\/alv-icon.png","contentUrl":"https:\/\/alvarelloseditora.gal\/wp-content\/uploads\/2020\/02\/alv-icon.png","width":177,"height":175,"caption":"Alvarellos Editora"},"image":{"@id":"https:\/\/alvarelloseditora.gal\/#\/schema\/logo\/image\/"},"sameAs":["https:\/\/www.facebook.com\/alvarelloseditora","https:\/\/x.com\/alvarellos_ed"]}]}},"_links":{"self":[{"href":"https:\/\/alvarelloseditora.gal\/es\/wp-json\/wp\/v2\/product\/2813","targetHints":{"allow":["GET"]}}],"collection":[{"href":"https:\/\/alvarelloseditora.gal\/es\/wp-json\/wp\/v2\/product"}],"about":[{"href":"https:\/\/alvarelloseditora.gal\/es\/wp-json\/wp\/v2\/types\/product"}],"replies":[{"embeddable":true,"href":"https:\/\/alvarelloseditora.gal\/es\/wp-json\/wp\/v2\/comments?post=2813"}],"wp:featuredmedia":[{"embeddable":true,"href":"https:\/\/alvarelloseditora.gal\/es\/wp-json\/wp\/v2\/media\/4129"}],"wp:attachment":[{"href":"https:\/\/alvarelloseditora.gal\/es\/wp-json\/wp\/v2\/media?parent=2813"}],"wp:term":[{"taxonomy":"product_brand","embeddable":true,"href":"https:\/\/alvarelloseditora.gal\/es\/wp-json\/wp\/v2\/product_brand?post=2813"},{"taxonomy":"product_cat","embeddable":true,"href":"https:\/\/alvarelloseditora.gal\/es\/wp-json\/wp\/v2\/product_cat?post=2813"},{"taxonomy":"product_tag","embeddable":true,"href":"https:\/\/alvarelloseditora.gal\/es\/wp-json\/wp\/v2\/product_tag?post=2813"}],"curies":[{"name":"wp","href":"https:\/\/api.w.org\/{rel}","templated":true}]}}