{"id":2812,"date":"2019-12-27T13:41:09","date_gmt":"2019-12-27T14:02:44","guid":{"rendered":"https:\/\/nueva.alvarellos.info\/product\/santiago-1858-las-fotos-mas-antiguas-de-galicia\/"},"modified":"2021-06-25T12:22:50","modified_gmt":"2021-06-25T10:22:50","slug":"santiago-1858-las-fotos-mas-antiguas-de-galicia","status":"publish","type":"product","link":"https:\/\/alvarelloseditora.gal\/es\/libro\/santiago-1858-las-fotos-mas-antiguas-de-galicia\/","title":{"rendered":"SANTIAGO, 1858. Las fotos m\u00e1s antiguas de Galicia"},"content":{"rendered":"<p><a href=\"https:\/\/plus.google.com\/u\/1\/photos\/116202363305556618472\/albums\/6054778641535773857\"><strong>Acto de inauguraci\u00f3n de expo, en fotos<\/strong><\/a><\/p>\n<p><a href=\"http:\/\/alvarellos.info\/tenda_catalogo.asp?sec=&amp;no=&amp;id=84&amp;titulo=SANTIAGO,_1909&amp;autor=Henrique_Alvarellos_Casas\"><strong>OTRAS FOTOS ANTIGUAS DE GALICIA, TAMBI\u00c9N EN EL LIBRO<\/strong><em>\u00a0<strong>SANTIAGO, 1909<\/strong><\/em><\/a>.<\/p>\n<p>10-09-14 <strong>Santiago TV<\/strong>. Entrevista a Quique Alvarellos (Video 10&#8242;).<\/p>\n<p>10-09-14<strong> El Correo Gallego<\/strong>. Opini\u00f3n de <em>Jos\u00e9 Manuel Garc\u00eda Iglesias\u00a0<\/em><a href=\"http:\/\/www.elcorreogallego.es\/opinion\/ecg\/jose-manuel-garcia-iglesias-fotos-antiguas\/idEdicion-2014-09-11\/idNoticia-889283\/\">http:\/\/www.elcorreogallego.es\/opinion\/ecg\/jose-manuel-garcia-iglesias-fotos-antiguas\/idEdicion-2014-09-11\/idNoticia-889283\/<\/a><\/p>\n<p>07-09-14<strong>\u00a0El Correo Gallego<\/strong>. Opini\u00f3n de <em>Salvador Garc\u00eda-Boda\u00f1o<\/em>\u00a0<a href=\"http:\/\/www.elcorreogallego.es\/opinion\/firmas\/ecg\/salvador-garcia-bodano-galicia-nas-primeiras-fotos\/idEdicion-2014-09-07\/idNoticia-888332\/\">http:\/\/www.elcorreogallego.es\/opinion\/firmas\/ecg\/salvador-garcia-bodano-galicia-nas-primeiras-fotos\/idEdicion-2014-09-07\/idNoticia-888332\/<\/a><\/p>\n<p>08-09-14<strong>\u00a0El Correo Gallego<\/strong>\u00a0<a href=\"http:\/\/www.elcorreogallego.es\/santiago\/ecg\/gran-exito-exposicion-imagenes-organizada-alvarellos\/idEdicion-2014-09-08\/idNoticia-888510\/\">http:\/\/www.elcorreogallego.es\/santiago\/ecg\/gran-exito-exposicion-imagenes-organizada-alvarellos\/idEdicion-2014-09-08\/idNoticia-888510\/<\/a><\/p>\n<p>06-09-14<strong>\u00a0Correo TV<\/strong>. Entrevista a Henrique Alvarellos (Video de 20&#8242;)\u00a0<a href=\"https:\/\/www.youtube.com\/watch?v=__S3FsxcfjI\">https:\/\/www.youtube.com\/watch?v=__S3FsxcfjI<\/a><\/p>\n<p>05-09-14<strong>\u00a0Mundiario.com<\/strong>\u00a0<a href=\"http:\/\/www.mundiario.com\/articulo\/sociedad\/alvarellos-editora-da-conecer-fotografias-mais-antigas-galicia\/20140905170107022084.html\">http:\/\/www.mundiario.com\/articulo\/sociedad\/alvarellos-editora-da-conecer-fotografias-mais-antigas-galicia\/20140905170107022084.html<\/a><\/p>\n<p>04-09-14<strong>\u00a0Avozdevilalba.com<\/strong>\u00a0<a href=\"http:\/\/avozdevilalba.blogspot.com.es\/2014\/09\/as-fotos-mais-antigas-de-galicia.html\">http:\/\/avozdevilalba.blogspot.com.es\/2014\/09\/as-fotos-mais-antigas-de-galicia.html<\/a><\/p>\n<p>03-09-14 <strong>Rancho las Voces<\/strong>-Ciudad Ju\u00e1rez (<strong>M\u00e9xico<\/strong>)\u00a0<a href=\"http:\/\/rancholasvoces.blogspot.com.es\/2014\/09\/fotografia-espana-el-primer-recuerdo.html?m=1\">http:\/\/rancholasvoces.blogspot.com.es\/2014\/09\/fotografia-espana-el-primer-recuerdo.html?m=1<\/a><\/p>\n<p>03-09-14 <strong>Sada Digital<\/strong>\u00a0<a href=\"http:\/\/sadaendigital.wordpress.com\/2014\/09\/03\/xesus-vazquez-abad-califica-de-regalo-documental-y-artistico-la-exposicion-itinerante-as-fotos-mas-antiguas-de-galicia-que-se-puede-visitar-en-santiago\/\">http:\/\/sadaendigital.wordpress.com\/2014\/09\/03\/xesus-vazquez-abad-califica-de-regalo-documental-y-artistico-la-exposicion-itinerante-as-fotos-mas-antiguas-de-galicia-que-se-puede-visitar-en-santiago\/<\/a><\/p>\n<p>03-09-14 <strong>Radio Obradoiro<\/strong>\u00a0<a href=\"http:\/\/www.radioobradoiro.com\/portada\/ro\/fotografia-permitenos-viaxar-no-tempo-dunha-maneira-unica\/idEdicion-2014-09-03\/idNoticia-887686\/\">http:\/\/www.radioobradoiro.com\/portada\/ro\/fotografia-permitenos-viaxar-no-tempo-dunha-maneira-unica\/idEdicion-2014-09-03\/idNoticia-887686\/<\/a><\/p>\n<p>03-09-14<strong> Radio Galega<\/strong> (Audio)\u00a0<a href=\"http:\/\/www.crtvg.es\/rg\/destacados\/diario-cultural-diario-cultural-do-dia-02-09-2014-882198\">http:\/\/www.crtvg.es\/rg\/destacados\/diario-cultural-diario-cultural-do-dia-02-09-2014-882198<\/a><\/p>\n<p>03-09-14 <strong>El Mundo<\/strong>\u00a0<a href=\"http:\/\/www.elmundo.es\/cultura\/2014\/09\/03\/54072c2bca4741ee578b458d.html\">http:\/\/www.elmundo.es\/cultura\/2014\/09\/03\/54072c2bca4741ee578b458d.html<\/a><\/p>\n<p>03-09-14<strong> Galiciahoxe.com<\/strong>\u00a0http:\/\/www.galiciahoxe.com\/vivir-hoxe-galicia\/gh\/primeira-vez-as-fotos-mais-antigas-galicia-nunha-exposicion-santiago\/idEdicion-2014-09-02\/idNoticia-887670\/<\/p>\n<p>03-09-14<strong> Europa Press<\/strong>\u00a0<a href=\"http:\/\/www.europapress.es\/galicia\/noticia-muestra-reune-primera-vez-fotos-mas-antiguas-galicia-olvidado-pionero-cisneros-hizo-1858-20140902151330.html\">http:\/\/www.europapress.es\/galicia\/noticia-muestra-reune-primera-vez-fotos-mas-antiguas-galicia-olvidado-pionero-cisneros-hizo-1858-20140902151330.html<\/a><\/p>\n<p>03-09-14 <strong>El Correo Gallego<\/strong>\u00a0<a href=\"http:\/\/www.elcorreogallego.es\/santiago\/ecg\/as-fotos-mais-antigas-santiago-chegan-aos-centros-socioculturais\/idEdicion-2014-09-02\/idNoticia-887638\/\">http:\/\/www.elcorreogallego.es\/santiago\/ecg\/as-fotos-mais-antigas-santiago-chegan-aos-centros-socioculturais\/idEdicion-2014-09-02\/idNoticia-887638\/<\/a><\/p>\n<p>02-09-14 <strong>Televisi\u00f3n de Galicia<\/strong>. V\u00eddeo de 1&#8217;30\u00bb\u00a0<a href=\"http:\/\/www.crtvg.es\/informativos\/organizan-unha-exposicion-con-20-fotografias-de-1858-as-mais-antigas-de-galicia-882102\">http:\/\/www.crtvg.es\/informativos\/organizan-unha-exposicion-con-20-fotografias-de-1858-as-mais-antigas-de-galicia-882102<\/a><\/p>\n<p>02-09-14 <strong>Santiagodecompostela.org<\/strong>\u00a0<a href=\"http:\/\/www.santiagodecompostela.org\/hoxe\/nova.php?lg=gal&amp;id_nova=11789\">http:\/\/www.santiagodecompostela.org\/hoxe\/nova.php?lg=gal&amp;id_nova=11789<\/a><\/p>\n<p>02-09-14 <strong>Bolet\u00edn Cultural da Xunta de Galicia<\/strong>\u00a0<a href=\"http:\/\/cultura.xunta.es\/es\/nova\/3702\">http:\/\/cultura.xunta.es\/es\/nova\/3702<\/a><\/p>\n<p>02-09-14<strong> Noticieirogalego.com<\/strong>\u00a0\u00a0<a href=\"http:\/\/www.noticieirogalego.com\/2014\/09\/santiago-acolle-a-exposicion-itinerante-as-fotos-mais-antigas-de-galicia\/\">http:\/\/www.noticieirogalego.com\/2014\/09\/santiago-acolle-a-exposicion-itinerante-as-fotos-mais-antigas-de-galicia\/<\/a><\/p>\n<p>02-09-14 <strong>La Voz de Galicia\u00a0<\/strong><a href=\"http:\/\/www.lavozdegalicia.es\/noticia\/agendasantiago\/2014\/09\/02\/muestran-fotos-antiguas-galicia-sacadas-santiaguesespacios-eventos\/0003_201409S2C6991.htm\">http:\/\/www.lavozdegalicia.es\/noticia\/agendasantiago\/2014\/09\/02\/muestran-fotos-antiguas-galicia-sacadas-santiaguesespacios-eventos\/0003_201409S2C6991.htm<\/a><\/p>\n<p>09-08-14 <strong>Radio Nacional de Espa\u00f1a<\/strong> (RNE)- Galicia. Entrevista de 15 minutos. <a href=\"http:\/\/www.rtve.es\/alacarta\/audios\/informativo-de-galicia\/informativo-galicia-entrevista-editor-enrique-alvarellos-09-08-2014\/2706348\/\">http:\/\/www.rtve.es\/alacarta\/audios\/informativo-de-galicia\/informativo-galicia-entrevista-editor-enrique-alvarellos-09-08-2014\/2706348\/<\/a><\/p>\n<p>07-08-14 <strong>El Correo Gallego &#8211; <\/strong>\u00abCuadro de Honor\u00bb\u00a0<a href=\"http:\/\/www.elcorreogallego.es\/opinion\/cuadro-de-honor\/ecg\/alvarellos-reinvindica-fotografias-alma\/idEdicion-2014-08-08\/idNoticia-884048\/\">http:\/\/www.elcorreogallego.es\/opinion\/cuadro-de-honor\/ecg\/alvarellos-reinvindica-fotografias-alma\/idEdicion-2014-08-08\/idNoticia-884048\/<\/a><\/p>\n<p>07-08-14\u00a0<strong>El Correo Gallego\u00a0<\/strong><a href=\"http:\/\/www.elcorreogallego.es\/tendencias\/ecg\/alvarellos-situa-galicia-as-pioneiras-ver-nacer-fotografia\/idEdicion-2014-08-08\/idNoticia-884052\/\">http:\/\/www.elcorreogallego.es\/tendencias\/ecg\/alvarellos-situa-galicia-as-pioneiras-ver-nacer-fotografia\/idEdicion-2014-08-08\/idNoticia-884052\/<\/a><\/p>\n<p>07-08-14 <strong>La Voz de Galicia<\/strong>-Santiago\u00a0<a href=\"http:\/\/www.lavozdegalicia.es\/noticia\/santiago\/2014\/08\/08\/alvarellos-situa-santiago-ciudades-pioneras-ver-nacer-fotografia\/0003_201408S8C4996.htm\">http:\/\/www.lavozdegalicia.es\/noticia\/santiago\/2014\/08\/08\/alvarellos-situa-santiago-ciudades-pioneras-ver-nacer-fotografia\/0003_201408S8C4996.htm<\/a><\/p>\n<p>07-08-14 <strong>El Diario.es<\/strong>\u00a0<a href=\"http:\/\/www.eldiario.es\/cultura\/Alvarellos-situa-Galicia-pioneras-fotografia_0_289771128.html\">http:\/\/www.eldiario.es\/cultura\/Alvarellos-situa-Galicia-pioneras-fotografia_0_289771128.html<\/a><\/p>\n<p>03-08-14 <strong>Cadena Ser<\/strong>-Galicia. Entrevista a Quique Alvarellos\u00a0<a href=\"http:\/\/www.divshare.com\/download\/25915535-626\">http:\/\/www.divshare.com\/download\/25915535-626<\/a><\/p>\n<p>30-07-14 <strong>A Voz de Vilalba<\/strong>\u00a0<a href=\"http:\/\/avozdevilalba.blogspot.com.es\/2014\/07\/as-fotografias-mais-antigas-de-galicia.html\">http:\/\/avozdevilalba.blogspot.com.es\/2014\/07\/as-fotografias-mais-antigas-de-galicia.html<\/a><\/p>\n<p>29-07-14 <strong>La Voz de Galicia<\/strong>\u00a0<a href=\"http:\/\/www.lavozdegalicia.es\/noticia\/sociedad\/2014\/07\/29\/as-fotografias-mais-antigas-galicia-convertense-postais\/0003_201407G29P39991.htm?idioma=galego\">http:\/\/www.lavozdegalicia.es\/noticia\/sociedad\/2014\/07\/29\/as-fotografias-mais-antigas-galicia-convertense-postais\/0003_201407G29P39991.htm?idioma=galego<\/a><\/p>\n<p>28-07-2014 <strong>ABC<\/strong>\u00a0<a href=\"http:\/\/www.abc.es\/local-galicia\/20140728\/abci-postales-fotos-antiguas-galicia-201407281241.html\">http:\/\/www.abc.es\/local-galicia\/20140728\/abci-postales-fotos-antiguas-galicia-201407281241.html<\/a><\/p>\n<p>28-07-2014 <strong>Sermos Galiza<\/strong>\u00a0<a href=\"http:\/\/www.sermosgaliza.gal\/articulo\/galiza\/postais-rescatar-fotos-mais-antigas-galiza\/20140728111944029543.html\">http:\/\/www.sermosgaliza.gal\/articulo\/galiza\/postais-rescatar-fotos-mais-antigas-galiza\/20140728111944029543.html<\/a><\/p>\n<p>03-11-2013<strong> Televisi\u00f3n de Galicia<\/strong>&#8211;\u00a0<a href=\"http:\/\/www.crtvg.es\/informativos\/as-fotografias-mais-antigas-de-galicia-datan-de-1858-692504\" target=\"_blank\" rel=\"noopener noreferrer\">Televisi\u00f3n de Galicia entrevista a Quique Alvarellos<\/a><\/p>\n","protected":false},"excerpt":{"rendered":"<p>Colecci\u00f3n de 10 postales<br \/>\nFormato: 15&#215;10 cms.<br \/>\nISBN 978-84-89323-62-9<\/p>\n<p>&nbsp;<\/p>\n<p>Un documento \u00fanico. Diez im\u00e1genes de Santiago de Compostela fechadas en 1858. Una selecci\u00f3n de las fotograf\u00edas m\u00e1s antiguas de Galicia. Su autor fue el artista compostelano Andr\u00e9s Cisneros, todo un precursor de la fotograf\u00eda espa\u00f1ola, hoy injustamente olvidado.<br \/>\nParte de estas im\u00e1genes integrar\u00edan un \u00e1lbum de regalo a la reina Isabel II, que en septiembre de aquel a\u00f1o visit\u00f3 Galicia. En 1858, la fotograf\u00eda llevaba poco m\u00e1s de una d\u00e9cada inventada, por lo que esta serie sit\u00faa a Santiago entre las ciudades de Galicia y Espa\u00f1a pioneras en el cultivo de un arte que revolucionar\u00eda nuestra forma de ver el mundo.<\/p>\n<p>EXPOSICI\u00d3N ITINERANTE CON 20 FOTOGRAF\u00cdAS<\/p>\n<p>Estas diez im\u00e1genes son una parte de la\u00a0exposici\u00f3n itinerante que, con un total de veinte fotograf\u00edas de 1858, inicia su recorrido en Santiago de Compostela el d\u00eda 1 de septiembre de 2014. Durante todo este mes estar\u00e1n expuestas en el\u00a0Caf\u00e9 Casino\u00a0(r\u00faa do Vilar, 35), posteriormente viajar\u00e1n por otros espacios de la capital de Galicia (centros socioculturales de Fonti\u00f1as, el Ensanche, A Rocha e Conxo) y en 2015 por diferentes ciudades y villas del pa\u00eds.<\/p>\n","protected":false},"featured_media":4127,"comment_status":"closed","ping_status":"closed","template":"","meta":[],"product_brand":[],"product_cat":[109],"product_tag":[],"class_list":{"0":"post-2812","1":"product","2":"type-product","3":"status-publish","4":"has-post-thumbnail","6":"product_author-andres-cisneros-es","7":"product_cat-varia-es","9":"first","10":"instock","11":"taxable","12":"shipping-taxable","13":"purchasable","14":"product-type-simple"},"yoast_head":"<!-- This site is optimized with the Yoast SEO plugin v27.3 - https:\/\/yoast.com\/product\/yoast-seo-wordpress\/ -->\n<title>SANTIAGO, 1858. Las fotos m\u00e1s antiguas de Galicia - Alvarellos Editora<\/title>\n<meta name=\"description\" content=\"SANTIAGO, 1858. Las fotos m\u00e1s antiguas de Galicia. C\u00f3mprao na tenda en li\u00f1a de Alvarellos Editora.\" \/>\n<meta name=\"robots\" content=\"index, follow, max-snippet:-1, max-image-preview:large, max-video-preview:-1\" \/>\n<link rel=\"canonical\" href=\"https:\/\/alvarelloseditora.gal\/es\/libro\/santiago-1858-las-fotos-mas-antiguas-de-galicia\/\" \/>\n<meta property=\"og:locale\" content=\"es_ES\" \/>\n<meta property=\"og:type\" content=\"article\" \/>\n<meta property=\"og:title\" content=\"SANTIAGO, 1858. Las fotos m\u00e1s antiguas de Galicia - Alvarellos Editora\" \/>\n<meta property=\"og:description\" content=\"SANTIAGO, 1858. Las fotos m\u00e1s antiguas de Galicia. C\u00f3mprao na tenda en li\u00f1a de Alvarellos Editora.\" \/>\n<meta property=\"og:url\" content=\"https:\/\/alvarelloseditora.gal\/es\/libro\/santiago-1858-las-fotos-mas-antiguas-de-galicia\/\" \/>\n<meta property=\"og:site_name\" content=\"Alvarellos Editora\" \/>\n<meta property=\"article:publisher\" content=\"https:\/\/www.facebook.com\/alvarelloseditora\" \/>\n<meta property=\"article:modified_time\" content=\"2021-06-25T10:22:50+00:00\" \/>\n<meta property=\"og:image\" content=\"https:\/\/alvarelloseditora.gal\/wp-content\/uploads\/2019\/12\/Postais-fotos-santiago-1858-portada2.jpg\" \/>\n\t<meta property=\"og:image:width\" content=\"594\" \/>\n\t<meta property=\"og:image:height\" content=\"588\" \/>\n\t<meta property=\"og:image:type\" content=\"image\/jpeg\" \/>\n<meta name=\"twitter:card\" content=\"summary_large_image\" \/>\n<meta name=\"twitter:site\" content=\"@alvarellos_ed\" \/>\n<meta name=\"twitter:label1\" content=\"Tiempo de lectura\" \/>\n\t<meta name=\"twitter:data1\" content=\"2 minutos\" \/>\n<!-- \/ Yoast SEO plugin. -->","yoast_head_json":{"title":"SANTIAGO, 1858. Las fotos m\u00e1s antiguas de Galicia - Alvarellos Editora","description":"SANTIAGO, 1858. Las fotos m\u00e1s antiguas de Galicia. C\u00f3mprao na tenda en li\u00f1a de Alvarellos Editora.","robots":{"index":"index","follow":"follow","max-snippet":"max-snippet:-1","max-image-preview":"max-image-preview:large","max-video-preview":"max-video-preview:-1"},"canonical":"https:\/\/alvarelloseditora.gal\/es\/libro\/santiago-1858-las-fotos-mas-antiguas-de-galicia\/","og_locale":"es_ES","og_type":"article","og_title":"SANTIAGO, 1858. Las fotos m\u00e1s antiguas de Galicia - Alvarellos Editora","og_description":"SANTIAGO, 1858. Las fotos m\u00e1s antiguas de Galicia. C\u00f3mprao na tenda en li\u00f1a de Alvarellos Editora.","og_url":"https:\/\/alvarelloseditora.gal\/es\/libro\/santiago-1858-las-fotos-mas-antiguas-de-galicia\/","og_site_name":"Alvarellos Editora","article_publisher":"https:\/\/www.facebook.com\/alvarelloseditora","article_modified_time":"2021-06-25T10:22:50+00:00","og_image":[{"width":594,"height":588,"url":"https:\/\/alvarelloseditora.gal\/wp-content\/uploads\/2019\/12\/Postais-fotos-santiago-1858-portada2.jpg","type":"image\/jpeg"}],"twitter_card":"summary_large_image","twitter_site":"@alvarellos_ed","twitter_misc":{"Tiempo de lectura":"2 minutos"},"schema":{"@context":"https:\/\/schema.org","@graph":[{"@type":["WebPage","ItemPage"],"@id":"https:\/\/alvarelloseditora.gal\/es\/libro\/santiago-1858-las-fotos-mas-antiguas-de-galicia\/","url":"https:\/\/alvarelloseditora.gal\/es\/libro\/santiago-1858-las-fotos-mas-antiguas-de-galicia\/","name":"SANTIAGO, 1858. Las fotos m\u00e1s antiguas de Galicia - Alvarellos Editora","isPartOf":{"@id":"https:\/\/alvarelloseditora.gal\/#website"},"primaryImageOfPage":{"@id":"https:\/\/alvarelloseditora.gal\/es\/libro\/santiago-1858-las-fotos-mas-antiguas-de-galicia\/#primaryimage"},"image":{"@id":"https:\/\/alvarelloseditora.gal\/es\/libro\/santiago-1858-las-fotos-mas-antiguas-de-galicia\/#primaryimage"},"thumbnailUrl":"https:\/\/alvarelloseditora.gal\/wp-content\/uploads\/2019\/12\/Postais-fotos-santiago-1858-portada2.jpg","datePublished":"2019-12-27T14:02:44+00:00","dateModified":"2021-06-25T10:22:50+00:00","description":"SANTIAGO, 1858. Las fotos m\u00e1s antiguas de Galicia. C\u00f3mprao na tenda en li\u00f1a de Alvarellos Editora.","breadcrumb":{"@id":"https:\/\/alvarelloseditora.gal\/es\/libro\/santiago-1858-las-fotos-mas-antiguas-de-galicia\/#breadcrumb"},"inLanguage":"es","potentialAction":[{"@type":"ReadAction","target":["https:\/\/alvarelloseditora.gal\/es\/libro\/santiago-1858-las-fotos-mas-antiguas-de-galicia\/"]}]},{"@type":"ImageObject","inLanguage":"es","@id":"https:\/\/alvarelloseditora.gal\/es\/libro\/santiago-1858-las-fotos-mas-antiguas-de-galicia\/#primaryimage","url":"https:\/\/alvarelloseditora.gal\/wp-content\/uploads\/2019\/12\/Postais-fotos-santiago-1858-portada2.jpg","contentUrl":"https:\/\/alvarelloseditora.gal\/wp-content\/uploads\/2019\/12\/Postais-fotos-santiago-1858-portada2.jpg","width":594,"height":588},{"@type":"BreadcrumbList","@id":"https:\/\/alvarelloseditora.gal\/es\/libro\/santiago-1858-las-fotos-mas-antiguas-de-galicia\/#breadcrumb","itemListElement":[{"@type":"ListItem","position":1,"name":"Portada","item":"https:\/\/alvarelloseditora.gal\/"},{"@type":"ListItem","position":2,"name":"Tienda","item":"https:\/\/alvarelloseditora.gal\/es\/tienda\/"},{"@type":"ListItem","position":3,"name":"SANTIAGO, 1858. Las fotos m\u00e1s antiguas de Galicia"}]},{"@type":"WebSite","@id":"https:\/\/alvarelloseditora.gal\/#website","url":"https:\/\/alvarelloseditora.gal\/","name":"Alvarellos Editora","description":"Libros para un mundo en tr\u00e1nsito","publisher":{"@id":"https:\/\/alvarelloseditora.gal\/#organization"},"potentialAction":[{"@type":"SearchAction","target":{"@type":"EntryPoint","urlTemplate":"https:\/\/alvarelloseditora.gal\/?s={search_term_string}"},"query-input":{"@type":"PropertyValueSpecification","valueRequired":true,"valueName":"search_term_string"}}],"inLanguage":"es"},{"@type":"Organization","@id":"https:\/\/alvarelloseditora.gal\/#organization","name":"Alvarellos Editora","url":"https:\/\/alvarelloseditora.gal\/","logo":{"@type":"ImageObject","inLanguage":"es","@id":"https:\/\/alvarelloseditora.gal\/#\/schema\/logo\/image\/","url":"https:\/\/alvarelloseditora.gal\/wp-content\/uploads\/2020\/02\/alv-icon.png","contentUrl":"https:\/\/alvarelloseditora.gal\/wp-content\/uploads\/2020\/02\/alv-icon.png","width":177,"height":175,"caption":"Alvarellos Editora"},"image":{"@id":"https:\/\/alvarelloseditora.gal\/#\/schema\/logo\/image\/"},"sameAs":["https:\/\/www.facebook.com\/alvarelloseditora","https:\/\/x.com\/alvarellos_ed"]}]}},"_links":{"self":[{"href":"https:\/\/alvarelloseditora.gal\/es\/wp-json\/wp\/v2\/product\/2812","targetHints":{"allow":["GET"]}}],"collection":[{"href":"https:\/\/alvarelloseditora.gal\/es\/wp-json\/wp\/v2\/product"}],"about":[{"href":"https:\/\/alvarelloseditora.gal\/es\/wp-json\/wp\/v2\/types\/product"}],"replies":[{"embeddable":true,"href":"https:\/\/alvarelloseditora.gal\/es\/wp-json\/wp\/v2\/comments?post=2812"}],"wp:featuredmedia":[{"embeddable":true,"href":"https:\/\/alvarelloseditora.gal\/es\/wp-json\/wp\/v2\/media\/4127"}],"wp:attachment":[{"href":"https:\/\/alvarelloseditora.gal\/es\/wp-json\/wp\/v2\/media?parent=2812"}],"wp:term":[{"taxonomy":"product_brand","embeddable":true,"href":"https:\/\/alvarelloseditora.gal\/es\/wp-json\/wp\/v2\/product_brand?post=2812"},{"taxonomy":"product_cat","embeddable":true,"href":"https:\/\/alvarelloseditora.gal\/es\/wp-json\/wp\/v2\/product_cat?post=2812"},{"taxonomy":"product_tag","embeddable":true,"href":"https:\/\/alvarelloseditora.gal\/es\/wp-json\/wp\/v2\/product_tag?post=2812"}],"curies":[{"name":"wp","href":"https:\/\/api.w.org\/{rel}","templated":true}]}}