{"id":2808,"date":"2019-12-27T13:41:09","date_gmt":"2019-12-27T14:02:44","guid":{"rendered":"https:\/\/nueva.alvarellos.info\/product\/recuerdos-de-agosto\/"},"modified":"2021-06-22T14:13:19","modified_gmt":"2021-06-22T12:13:19","slug":"recuerdos-de-agosto","status":"publish","type":"product","link":"https:\/\/alvarelloseditora.gal\/es\/libro\/recuerdos-de-agosto\/","title":{"rendered":"RECUERDOS DE AGOSTO"},"content":{"rendered":"<p>08\/06\/14<strong> El Correo Gallego<\/strong>. Cr\u00edtica de <strong>Vicente Araguas:<\/strong>\u00a0<a href=\"http:\/\/www.elcorreogallego.es\/opinion\/ecg\/vicente-araguas-aurelio-aguirre-galarraga\/idEdicion-2014-06-08\/idNoticia-873297\/\">http:\/\/www.elcorreogallego.es\/opinion\/ecg\/vicente-araguas-aurelio-aguirre-galarraga\/idEdicion-2014-06-08\/idNoticia-873297\/<\/a><\/p>\n<p>24\/04\/14 <strong>Faro de Vigo<\/strong>\u00a0Cr\u00edtica de<strong> Armando Requeixo:<\/strong>\u00a0<a href=\"http:\/\/alvarellos.info\/arquivos\/Faro_de_Vigo-Faro%20da_Cultura_240414.pdf\" target=\"_blank\" rel=\"noopener noreferrer\">http:\/\/alvarellos.info\/arquivos\/Faro_de_Vigo-Faro%20da_Cultura_240414.pdf<\/a><\/p>\n<p>09\/04\/14 <strong>La Opini\u00f3n<\/strong> Ochenta in\u00e9ditos de Aurelio Aguirre con la influencia de Rosal\u00eda ven la luz en una antolog\u00eda po\u00e9tica\u00a0<a href=\"http:\/\/www.laopinioncoruna.es\/coruna\/2014\/04\/09\/ochenta-ineditos-aurelio-aguirre-influencia\/829794.html\">http:\/\/www.laopinioncoruna.es\/coruna\/2014\/04\/09\/ochenta-ineditos-aurelio-aguirre-influencia\/829794.html<\/a><\/p>\n<p>09\/04\/14 <strong>El Ideal Gallego<\/strong>\u00a0La \u00abobra definitiva\u00bb de Aurelio Aguirre saca a la luz ochenta poemas in\u00e9ditos\u00a0<a href=\"http:\/\/www.elidealgallego.com\/articulo\/espazo-educativo\/obra-definitiva-aurelio-aguirre-saca-luz-ochenta-poemas-ineditos\/20140408234108182642.html\">http:\/\/www.elidealgallego.com\/articulo\/espazo-educativo\/obra-definitiva-aurelio-aguirre-saca-luz-ochenta-poemas-ineditos\/20140408234108182642.html<\/a><\/p>\n<p>08\/04\/14 <strong>Noticieiro galego<\/strong>\u00a0Cultura contribuye a difundir m\u00e1s de ochenta in\u00e9ditos de Aurelio Aguirre\u00a0<a href=\"http:\/\/www.noticieirogalego.com\/2014\/04\/cultura-contribue-a-difundir-mais-de-80-poemas-ineditos-de-aurelio-aguirre\/\">http:\/\/www.noticieirogalego.com\/2014\/04\/cultura-contribue-a-difundir-mais-de-80-poemas-ineditos-de-aurelio-aguirre\/<\/a><\/p>\n<p>22\/03\/14<strong> Santiagodecompostela.org<\/strong>\u00a0<a href=\"http:\/\/www.santiagodecompostela.org\/hoxe\/nova.php?lg=gal&amp;id_nova=11147\">http:\/\/www.santiagodecompostela.org\/hoxe\/nova.php?lg=gal&amp;id_nova=11147<\/a><\/p>\n<p>22\/03\/14 <strong>La Voz de Galicia-Santiago<\/strong>\u00a0<a href=\"http:\/\/www.lavozdegalicia.es\/noticia\/santiago\/2014\/03\/23\/banquete-poesia-musica-conxo\/0003_201403S23C16991.htm?utm_source=buscavoz&amp;utm_medium=buscavoz\">http:\/\/www.lavozdegalicia.es\/noticia\/santiago\/2014\/03\/23\/banquete-poesia-musica-conxo\/0003_201403S23C16991.htm?utm_source=buscavoz&amp;utm_medium=buscavoz<\/a><\/p>\n<p>20\/03\/14 <strong>Atlantico Diario\u00a0<\/strong><a href=\"http:\/\/www.atlantico.net\/articulo\/vigo\/reivindicacion-da-memoria-aurelio-aguirre\/20140320103810409045.html\">http:\/\/www.atlantico.net\/articulo\/vigo\/reivindicacion-da-memoria-aurelio-aguirre\/20140320103810409045.html<\/a><\/p>\n<p>20\/03\/14 <strong>Faro de Vigo<\/strong>\u00a0<a href=\"http:\/\/www.farodevigo.es\/sociedad-cultura\/2014\/03\/20\/ferrin-arropa-libro-poemas-aurelio\/989297.html?utm_medium=rss\">http:\/\/www.farodevigo.es\/sociedad-cultura\/2014\/03\/20\/ferrin-arropa-libro-poemas-aurelio\/989297.html?utm_medium=rss<\/a><\/p>\n<p>18\/03\/14 <strong>Radio Obradoiro<\/strong>\u00a0<a href=\"http:\/\/www.radioobradoiro.com\/portada\/ro\/escenario-banquete-conxo-un-abandono-total\/idEdicion-2014-03-18\/idNoticia-858659\/\">http:\/\/www.radioobradoiro.com\/portada\/ro\/escenario-banquete-conxo-un-abandono-total\/idEdicion-2014-03-18\/idNoticia-858659\/<\/a><\/p>\n<p>13\/03\/14 <strong>Faro de Vigo<\/strong>\u00a0<a href=\"https:\/\/alvarelloseditora.gal\/wp-content\/uploads\/prensa\/13032014_Faro_de_Vigo.pdf\" target=\"_blank\" rel=\"noopener noreferrer\">Entrevista no <em>Faro da Cultura<\/em> a Olivia Rodr\u00edguez<\/a><\/p>\n<p>11\/03\/14 <strong>El Correo Gallego <\/strong>Olivia Rodr\u00edguez: \u00abAurelio Aguirre segue a ser unha lenda dentro do imaxinario colectivo de Galicia\u00bb.\u00a0<a href=\"http:\/\/www.elcorreogallego.es\/santiago\/ecg\/olivia-rodriguez-aurelio-aguirre-segue-ser-unha-lenda-dentro-do-imaxinario-colectivo-galicia\/idEdicion-2014-03-11\/idNoticia-857236\/\">http:\/\/www.elcorreogallego.es\/santiago\/ecg\/olivia-rodriguez-aurelio-aguirre-segue-ser-unha-lenda-dentro-do-imaxinario-colectivo-galicia\/idEdicion-2014-03-11\/idNoticia-857236\/<\/a><\/p>\n<p>28\/02\/2014 <strong>A Voz de Vilalba<\/strong> Alvarellos edita a obra de Aurelio Aguirre.<a href=\"http:\/\/avozdevilalba.blogspot.com.es\/2014\/02\/alvarellos-edita-obra-de-aurelio-aguirre.html\">http:\/\/avozdevilalba.blogspot.com.es\/2014\/02\/alvarellos-edita-obra-de-aurelio-aguirre.html<\/a><\/p>\n<p>26\/02\/14\u00a0<strong>Br\u00e9temas<\/strong> Rescate de Aguirre\u00a0<a href=\"http:\/\/bretemas.com\/onte-895-rescate-de-aguirre\/\">http:\/\/bretemas.com\/onte-895-rescate-de-aguirre\/<\/a><\/p>\n<p>26\/02\/2014 <strong>El Correo Gallego <\/strong><a href=\"https:\/\/alvarelloseditora.gal\/wp-content\/uploads\/prensa\/20140226_Correo_Gallego.pdf\" target=\"_blank\" rel=\"noopener noreferrer\">Una placa y un libro sobre Aurelio Aguirre<\/a><\/p>\n<p>26\/02\/2014 <strong>La Voz de Galicia <\/strong><a href=\"https:\/\/alvarelloseditora.gal\/wp-content\/uploads\/prensa\/20140226_Voz_de_Galicia.pdf\" target=\"_blank\" rel=\"noopener noreferrer\">Completan el \u00abBrindis\u00bb de Aguirre en un libro p\u00f3stumo<\/a><\/p>\n<p>26\/02\/2014 <strong>Faro de Vigo <\/strong><a href=\"https:\/\/alvarelloseditora.gal\/wp-content\/uploads\/prensa\/20140226_Faro_de_Vigo.pdf\" target=\"_blank\" rel=\"noopener noreferrer\">Un libro pone fin a m\u00e1s de 100 a\u00f1os de la leyenda suicida del autor Aurelio Aguirre<\/a><\/p>\n<p>25\/02\/14\u00a0<strong>Culturagalega.org\u00a0<\/strong>Publican un volume con m\u00e1is de 80 poemas in\u00e9ditos de Aurelio Aguirre\u00a0<a href=\"http:\/\/www.culturagalega.org\/noticia.php?id=23901\">http:\/\/www.culturagalega.org\/noticia.php?id=23901<\/a><\/p>\n<p>25-02-14<strong> Magazine Cultural Galego<\/strong>\u00a0http:\/\/montsedopico.com\/review\/alvarellos-recolle-nun-libro-mas-de-80-ineditos-de-aurelio-aguirre\/<\/p>\n<p>24-02-14 <strong>El Correo Gallego <\/strong><a href=\"http:\/\/www.elcorreogallego.es\/santiago\/ecg\/poemas-ineditos-espronceda-gallego\/idEdicion-2014-02-23\/idNoticia-854426\/\">Los poemas in\u00e9ditos del &#8216;Espronceda gallego&#8217;<\/a><\/p>\n<p>24-2-14 <strong>La Voz de Galicia <\/strong><a href=\"http:\/\/www.lavozdegalicia.es\/noticia\/santiago\/2014\/02\/23\/consorcio-alvarellos-publican-obra-definitiva-aurelio-aguirre\/0003_201402S23C3996.htm\">O Consorcio e Alvarellos publican a obra definitiva de Aurelio Aguirre<\/a><\/p>\n<p>24-02-14 <strong>Galicia 24 horas <\/strong>O Consorcio de Santiago e Alvarellos editan a obra po\u00e9tica do escritor compostelan Aurelio Aguirre<br \/>\n27-01-2014 <strong>La Voz de Galicia <\/strong><a href=\"http:\/\/www.lavozdegalicia.es\/noticia\/ocioycultura\/2014\/01\/27\/olivia-rodriguez-aguirre-tivo-moita-influencia-rosalia-reconecible-seus-versos-imaxes\/0003_201401G27P26993.htm\">Entrevista a Olivia Rodr\u00edguez: \u00abAurelio Aguirre tivo moita influencia en Rosal\u00eda\u00bb.<\/a><\/p>\n<p>27-01-2014 <strong>La Voz de Galicia <\/strong><a href=\"http:\/\/www.lavozdegalicia.es\/noticia\/ocioycultura\/2014\/01\/27\/descubridor-do-poema-rosalia-achou-outros-aurelio-aguirre\/0003_201401G27P26991.htm\">O descubridor do poema de Rosal\u00eda achou outros de Aurelio Aguirre<\/a><\/p>\n<p>06-10-2013\u00a0<strong>La Cueva de Zaratustra<\/strong>\u00a0\u00bfQui\u00e9n fue en realidad Aurelio Aguirre?. Por J. A. Dur\u00e1n.\u00a0<a href=\"http:\/\/tallerediciones.com\/cuza_new\/?p=1962\">http:\/\/tallerediciones.com\/cuza_new\/?p=1962<\/a><\/p>\n<p>13-09-2013 <strong>Televisi\u00f3n de Galicia<\/strong>. <a href=\"http:\/\/www.crtvg.es\/informativos\/presentan-en-conxo-un-poemario-inedito-de-aurelio-aguirre-663279\">Recital e avance do in\u00e9dito de Aurelio Aguirre, no Centro -sociocultural de Conxo<\/a><\/p>\n<p>01-05-2013 <strong>ABC-Galicia <\/strong><a href=\"http:\/\/www.abc.es\/local-galicia\/20130501\/abci-tesoro-inedito-aurelio-aguirre-201305011453.html\">O tesouro in\u00e9dito de Aurelio Aguirre<\/a><\/p>\n<p>23-04-2013 <strong>La Voz de Galicia\u00a0<\/strong><a href=\"http:\/\/www.lavozdegalicia.es\/noticia\/ocioycultura\/2013\/04\/23\/achado-libro-inedito-do-poeta-romantico-aurelio-aguirre\/0003_201304G23P34991.htm\">Achado un libro in\u00e9dito do poeta rom\u00e1ntico Aurelio Aguirre<\/a><\/p>\n<p>20-04-2012<strong> Certo.es<\/strong>\u00a0Un libro in\u00e9dito da sombra azul. Por R. Torrado.\u00a0<a href=\"http:\/\/certo.es\/index.php?page=aurelio_aguirre_galarraga\">http:\/\/certo.es\/index.php?page=aurelio_aguirre_galarraga<\/a><\/p>\n<p>01-01-2009<strong> Revista Galegos<\/strong> Aurelio Aguirre: da admiraci\u00f3n ao esquecemento. Por Marina Mayoral: <a href=\"http:\/\/www.ezaroediciones.com\/wp-content\/uploads\/2008\/05\/6_4-g5_articulo_aaguirre.pdf\">http:\/\/www.ezaroediciones.com\/wp-content\/uploads\/2008\/05\/6_4-g5_articulo_aaguirre.pdf<\/a><\/p>\n","protected":false},"excerpt":{"rendered":"<p>Obra po\u00e9tica, 1850-1858<\/p>\n<p>&nbsp;<\/p>\n<p>Formato: 461 pp. 13&#215;21 cms<br \/>\nISBN: 978-84-89323-55-1<br \/>\n[Capa dura]<\/p>\n<p>&nbsp;<\/p>\n<p>133 poemas de Aurelio Aguirre Galarraga. M\u00e1s de ochenta de ellos son in\u00e9ditos. Otros, como el c\u00e9lebre \u00abBrindis\u00bb de Conxo, aparecen ahora por vez primera completos y sin censuras.<\/p>\n<p>En una edici\u00f3n cr\u00edtica, introducci\u00f3n y notas a cargo de la profesora Olivia Rodr\u00edguez Gonz\u00e1lez y con un estudio hist\u00f3rico de la mano de Xurxo Mart\u00ednez Gonz\u00e1lez.\u00a0 La reproducci\u00f3n de manuscritos in\u00e9ditos completa esta cuidada edici\u00f3n (en el contenido y en el acabado) con la que pretendemos reparar en algo la deuda hist\u00f3rica que, hacia su figura, Galicia entera y tambi\u00e9n el movimiento rom\u00e1ntico espa\u00f1ol, han contra\u00eddo durante todo este tiempo.<\/p>\n","protected":false},"featured_media":4119,"comment_status":"closed","ping_status":"closed","template":"","meta":[],"product_brand":[],"product_cat":[111],"product_tag":[1045],"class_list":{"0":"post-2808","1":"product","2":"type-product","3":"status-publish","4":"has-post-thumbnail","6":"product_author-aurelio-aguirre-es","7":"product_cat-coleccion-rescate-es","8":"product_tag-santiago-de-compostela-y-el-camino","10":"first","11":"instock","12":"taxable","13":"shipping-taxable","14":"purchasable","15":"product-type-simple"},"yoast_head":"<!-- This site is optimized with the Yoast SEO plugin v27.3 - https:\/\/yoast.com\/product\/yoast-seo-wordpress\/ -->\n<title>RECUERDOS DE AGOSTO - Alvarellos Editora<\/title>\n<meta name=\"description\" content=\"RECUERDOS DE AGOSTO. C\u00f3mprao na tenda en li\u00f1a de Alvarellos Editora.\" \/>\n<meta name=\"robots\" content=\"index, follow, max-snippet:-1, max-image-preview:large, max-video-preview:-1\" \/>\n<link rel=\"canonical\" href=\"https:\/\/alvarelloseditora.gal\/es\/libro\/recuerdos-de-agosto\/\" \/>\n<meta property=\"og:locale\" content=\"es_ES\" \/>\n<meta property=\"og:type\" content=\"article\" \/>\n<meta property=\"og:title\" content=\"RECUERDOS DE AGOSTO - Alvarellos Editora\" \/>\n<meta property=\"og:description\" content=\"RECUERDOS DE AGOSTO. C\u00f3mprao na tenda en li\u00f1a de Alvarellos Editora.\" \/>\n<meta property=\"og:url\" content=\"https:\/\/alvarelloseditora.gal\/es\/libro\/recuerdos-de-agosto\/\" \/>\n<meta property=\"og:site_name\" content=\"Alvarellos Editora\" \/>\n<meta property=\"article:publisher\" content=\"https:\/\/www.facebook.com\/alvarelloseditora\" \/>\n<meta property=\"article:modified_time\" content=\"2021-06-22T12:13:19+00:00\" \/>\n<meta property=\"og:image\" content=\"https:\/\/alvarelloseditora.gal\/wp-content\/uploads\/2019\/12\/Recuerdos-de-agosto-libro-web.jpg\" \/>\n\t<meta property=\"og:image:width\" content=\"643\" \/>\n\t<meta property=\"og:image:height\" content=\"1000\" \/>\n\t<meta property=\"og:image:type\" content=\"image\/jpeg\" \/>\n<meta name=\"twitter:card\" content=\"summary_large_image\" \/>\n<meta name=\"twitter:site\" content=\"@alvarellos_ed\" \/>\n<meta name=\"twitter:label1\" content=\"Tiempo de lectura\" \/>\n\t<meta name=\"twitter:data1\" content=\"3 minutos\" \/>\n<!-- \/ Yoast SEO plugin. -->","yoast_head_json":{"title":"RECUERDOS DE AGOSTO - Alvarellos Editora","description":"RECUERDOS DE AGOSTO. C\u00f3mprao na tenda en li\u00f1a de Alvarellos Editora.","robots":{"index":"index","follow":"follow","max-snippet":"max-snippet:-1","max-image-preview":"max-image-preview:large","max-video-preview":"max-video-preview:-1"},"canonical":"https:\/\/alvarelloseditora.gal\/es\/libro\/recuerdos-de-agosto\/","og_locale":"es_ES","og_type":"article","og_title":"RECUERDOS DE AGOSTO - Alvarellos Editora","og_description":"RECUERDOS DE AGOSTO. C\u00f3mprao na tenda en li\u00f1a de Alvarellos Editora.","og_url":"https:\/\/alvarelloseditora.gal\/es\/libro\/recuerdos-de-agosto\/","og_site_name":"Alvarellos Editora","article_publisher":"https:\/\/www.facebook.com\/alvarelloseditora","article_modified_time":"2021-06-22T12:13:19+00:00","og_image":[{"width":643,"height":1000,"url":"https:\/\/alvarelloseditora.gal\/wp-content\/uploads\/2019\/12\/Recuerdos-de-agosto-libro-web.jpg","type":"image\/jpeg"}],"twitter_card":"summary_large_image","twitter_site":"@alvarellos_ed","twitter_misc":{"Tiempo de lectura":"3 minutos"},"schema":{"@context":"https:\/\/schema.org","@graph":[{"@type":["WebPage","ItemPage"],"@id":"https:\/\/alvarelloseditora.gal\/es\/libro\/recuerdos-de-agosto\/","url":"https:\/\/alvarelloseditora.gal\/es\/libro\/recuerdos-de-agosto\/","name":"RECUERDOS DE AGOSTO - Alvarellos Editora","isPartOf":{"@id":"https:\/\/alvarelloseditora.gal\/#website"},"primaryImageOfPage":{"@id":"https:\/\/alvarelloseditora.gal\/es\/libro\/recuerdos-de-agosto\/#primaryimage"},"image":{"@id":"https:\/\/alvarelloseditora.gal\/es\/libro\/recuerdos-de-agosto\/#primaryimage"},"thumbnailUrl":"https:\/\/alvarelloseditora.gal\/wp-content\/uploads\/2019\/12\/Recuerdos-de-agosto-libro-web.jpg","datePublished":"2019-12-27T14:02:44+00:00","dateModified":"2021-06-22T12:13:19+00:00","description":"RECUERDOS DE AGOSTO. C\u00f3mprao na tenda en li\u00f1a de Alvarellos Editora.","breadcrumb":{"@id":"https:\/\/alvarelloseditora.gal\/es\/libro\/recuerdos-de-agosto\/#breadcrumb"},"inLanguage":"es","potentialAction":[{"@type":"ReadAction","target":["https:\/\/alvarelloseditora.gal\/es\/libro\/recuerdos-de-agosto\/"]}]},{"@type":"ImageObject","inLanguage":"es","@id":"https:\/\/alvarelloseditora.gal\/es\/libro\/recuerdos-de-agosto\/#primaryimage","url":"https:\/\/alvarelloseditora.gal\/wp-content\/uploads\/2019\/12\/Recuerdos-de-agosto-libro-web.jpg","contentUrl":"https:\/\/alvarelloseditora.gal\/wp-content\/uploads\/2019\/12\/Recuerdos-de-agosto-libro-web.jpg","width":643,"height":1000},{"@type":"BreadcrumbList","@id":"https:\/\/alvarelloseditora.gal\/es\/libro\/recuerdos-de-agosto\/#breadcrumb","itemListElement":[{"@type":"ListItem","position":1,"name":"Portada","item":"https:\/\/alvarelloseditora.gal\/"},{"@type":"ListItem","position":2,"name":"Tienda","item":"https:\/\/alvarelloseditora.gal\/es\/tienda\/"},{"@type":"ListItem","position":3,"name":"RECUERDOS DE AGOSTO"}]},{"@type":"WebSite","@id":"https:\/\/alvarelloseditora.gal\/#website","url":"https:\/\/alvarelloseditora.gal\/","name":"Alvarellos Editora","description":"Libros para un mundo en tr\u00e1nsito","publisher":{"@id":"https:\/\/alvarelloseditora.gal\/#organization"},"potentialAction":[{"@type":"SearchAction","target":{"@type":"EntryPoint","urlTemplate":"https:\/\/alvarelloseditora.gal\/?s={search_term_string}"},"query-input":{"@type":"PropertyValueSpecification","valueRequired":true,"valueName":"search_term_string"}}],"inLanguage":"es"},{"@type":"Organization","@id":"https:\/\/alvarelloseditora.gal\/#organization","name":"Alvarellos Editora","url":"https:\/\/alvarelloseditora.gal\/","logo":{"@type":"ImageObject","inLanguage":"es","@id":"https:\/\/alvarelloseditora.gal\/#\/schema\/logo\/image\/","url":"https:\/\/alvarelloseditora.gal\/wp-content\/uploads\/2020\/02\/alv-icon.png","contentUrl":"https:\/\/alvarelloseditora.gal\/wp-content\/uploads\/2020\/02\/alv-icon.png","width":177,"height":175,"caption":"Alvarellos Editora"},"image":{"@id":"https:\/\/alvarelloseditora.gal\/#\/schema\/logo\/image\/"},"sameAs":["https:\/\/www.facebook.com\/alvarelloseditora","https:\/\/x.com\/alvarellos_ed"]}]}},"_links":{"self":[{"href":"https:\/\/alvarelloseditora.gal\/es\/wp-json\/wp\/v2\/product\/2808","targetHints":{"allow":["GET"]}}],"collection":[{"href":"https:\/\/alvarelloseditora.gal\/es\/wp-json\/wp\/v2\/product"}],"about":[{"href":"https:\/\/alvarelloseditora.gal\/es\/wp-json\/wp\/v2\/types\/product"}],"replies":[{"embeddable":true,"href":"https:\/\/alvarelloseditora.gal\/es\/wp-json\/wp\/v2\/comments?post=2808"}],"wp:featuredmedia":[{"embeddable":true,"href":"https:\/\/alvarelloseditora.gal\/es\/wp-json\/wp\/v2\/media\/4119"}],"wp:attachment":[{"href":"https:\/\/alvarelloseditora.gal\/es\/wp-json\/wp\/v2\/media?parent=2808"}],"wp:term":[{"taxonomy":"product_brand","embeddable":true,"href":"https:\/\/alvarelloseditora.gal\/es\/wp-json\/wp\/v2\/product_brand?post=2808"},{"taxonomy":"product_cat","embeddable":true,"href":"https:\/\/alvarelloseditora.gal\/es\/wp-json\/wp\/v2\/product_cat?post=2808"},{"taxonomy":"product_tag","embeddable":true,"href":"https:\/\/alvarelloseditora.gal\/es\/wp-json\/wp\/v2\/product_tag?post=2808"}],"curies":[{"name":"wp","href":"https:\/\/api.w.org\/{rel}","templated":true}]}}