{"id":2807,"date":"2019-12-27T13:41:09","date_gmt":"2019-12-27T14:02:44","guid":{"rendered":"https:\/\/nueva.alvarellos.info\/product\/salon-teatro\/"},"modified":"2021-06-22T22:02:12","modified_gmt":"2021-06-22T20:02:12","slug":"salon-teatro","status":"publish","type":"product","link":"https:\/\/alvarelloseditora.gal\/es\/libro\/salon-teatro\/","title":{"rendered":"SAL\u00d3N TEATRO"},"content":{"rendered":"<p><strong>V\u00eddeo de la presentaci\u00f3n del libro<\/strong>. Palabras del autor. Sal\u00f3n Teatro de Santiago, 26-03-14.\u00a0<a href=\"https:\/\/www.facebook.com\/photo.php?v=741808185843724&amp;set=vb.200657816625433&amp;type=2&amp;theater\">https:\/\/www.facebook.com\/photo.php?v=741808185843724&amp;set=vb.200657816625433&amp;type=2&amp;theater<\/a><\/p>\n<p>13\/04\/14<strong> La Voz de Galicia.<\/strong>\u00a0<a href=\"https:\/\/alvarelloseditora.gal\/wp-content\/uploads\/prensa\/Voz_de_Galicia_130414-baixa.pdf\" target=\"_blank\" rel=\"noopener noreferrer\">\u00abA sala de cine en activo m\u00e1is antiga de Galicia\u00bb.<\/a><\/p>\n<p>02\/04\/14<strong> Radio Obradoiro.<\/strong>\u00a0<strong>Entrevista ao autor, Jes\u00fas S\u00e1nchez<\/strong>\u00a0<a href=\"http:\/\/www.elcorreogallego.es\/tendencias\/ecg\/salon-teatro-tivo-unha-historia-interesante-variopinta\/idEdicion-2014-04-01\/idNoticia-860991\/\">http:\/\/www.elcorreogallego.es\/tendencias\/ecg\/salon-teatro-tivo-unha-historia-interesante-variopinta\/idEdicion-2014-04-01\/idNoticia-860991\/<\/a><\/p>\n<p>27\/03\/14<a href=\"http:\/\/www.santiagodecompostela.org\/hoxe\/nova.php?id_nova=11164&amp;lg=gal\" target=\"_blank\" rel=\"noopener noreferrer\"> <strong>Santiagodecompostela.org<\/strong><\/a>\u00a0\u00a0O Consorcio, Alvarellos e a Xunta editan \u00abSal\u00f3n Teatro. Coraz\u00f3n do espect\u00e1culo\u00bb, un repaso a case cen anos de vida<\/p>\n<p>27\/03\/14 <strong>La Voz de Galicia-Santiago<\/strong>\u00a0<a href=\"http:\/\/www.lavozdegalicia.es\/noticia\/santiago\/2014\/03\/27\/salon-teatro-desempolva-telon\/0003_201403S27C5997.htm?idioma=galego\">http:\/\/www.lavozdegalicia.es\/noticia\/santiago\/2014\/03\/27\/salon-teatro-desempolva-telon\/0003_201403S27C5997.htm?idioma=galego<\/a><\/p>\n<p>26\/03\/14 <strong>El Correo Gallego<\/strong>\u00a0<a href=\"http:\/\/www.elcorreogallego.es\/santiago\/ecg\/editan-salon-teatro-corazon-do-espectaculo-cronica-da-sala-inaugurada-1920-jesus-angel-sanchez-garcia\/idEdicion-2014-03-25\/idNoticia-859986\/\">http:\/\/www.elcorreogallego.es\/santiago\/ecg\/editan-salon-teatro-corazon-do-espectaculo-cronica-da-sala-inaugurada-1920-jesus-angel-sanchez-garcia\/idEdicion-2014-03-25\/idNoticia-859986\/<\/a><\/p>\n<p>25\/03\/14 <strong>Consorcio de Santiago<\/strong>\u00a0<a href=\"http:\/\/www.consorcio-santiago.org\/es\/noticias\/se-presenta-salon-teatro-corazon-del-espectaculo\">http:\/\/www.consorcio-santiago.org\/es\/noticias\/se-presenta-salon-teatro-corazon-del-espectaculo<\/a><\/p>\n","protected":false},"excerpt":{"rendered":"<p>Coraz\u00f3n do espect\u00e1culo<\/p>\n<p>&nbsp;<\/p>\n<p>Formato: 205 pp. 17&#215;24 cms<br \/>\nISBN: 978-84-89323-54-4<br \/>\n(R\u00fastica con solapas)<\/p>\n<p>&nbsp;<\/p>\n<p>Inaugurado en un mes de octubre de 1920, el Sal\u00f3n Teatro se constituy\u00f3 r\u00e1pidamente en referente cultural de Santiago. Cine, teatro, m\u00fasica y otras manifestaciones art\u00edsticas se sucedieron en este edificio \u2013situado en el n\u00famero 34 de la R\u00faa Nova\u2013 a lo largo de todos estos a\u00f1os. Desde 1999 es la sede del Centro Dram\u00e1tico Galego.<\/p>\n<p>Este libro de Jes\u00fas \u00c1ngel S\u00e1nchez recoge de manera amena, documentada e ilustrada con m\u00e1s de un centenar de fotograf\u00edas y documentos de \u00e9poca, la cr\u00f3nica de una instituci\u00f3n que fue \u2013y contin\u00faa a ser\u2013, protagonista indiscutible de la vida cultural de Compostela.<\/p>\n","protected":false},"featured_media":4117,"comment_status":"closed","ping_status":"closed","template":"","meta":[],"product_brand":[],"product_cat":[104],"product_tag":[1045],"class_list":{"0":"post-2807","1":"product","2":"type-product","3":"status-publish","4":"has-post-thumbnail","6":"product_author-jesus-angel-sanchez-garcia-es","7":"product_cat-ilustrada-es","8":"product_tag-santiago-de-compostela-y-el-camino","10":"first","11":"instock","12":"taxable","13":"shipping-taxable","14":"purchasable","15":"product-type-simple"},"yoast_head":"<!-- This site is optimized with the Yoast SEO plugin v27.3 - https:\/\/yoast.com\/product\/yoast-seo-wordpress\/ -->\n<title>SAL\u00d3N TEATRO - Alvarellos Editora<\/title>\n<meta name=\"description\" content=\"SAL\u00d3N TEATRO. C\u00f3mprao na tenda en li\u00f1a de Alvarellos Editora.\" \/>\n<meta name=\"robots\" content=\"index, follow, max-snippet:-1, max-image-preview:large, max-video-preview:-1\" \/>\n<link rel=\"canonical\" href=\"https:\/\/alvarelloseditora.gal\/es\/libro\/salon-teatro\/\" \/>\n<meta property=\"og:locale\" content=\"es_ES\" \/>\n<meta property=\"og:type\" content=\"article\" \/>\n<meta property=\"og:title\" content=\"SAL\u00d3N TEATRO - Alvarellos Editora\" \/>\n<meta property=\"og:description\" content=\"SAL\u00d3N TEATRO. C\u00f3mprao na tenda en li\u00f1a de Alvarellos Editora.\" \/>\n<meta property=\"og:url\" content=\"https:\/\/alvarelloseditora.gal\/es\/libro\/salon-teatro\/\" \/>\n<meta property=\"og:site_name\" content=\"Alvarellos Editora\" \/>\n<meta property=\"article:publisher\" content=\"https:\/\/www.facebook.com\/alvarelloseditora\" \/>\n<meta property=\"article:modified_time\" content=\"2021-06-22T20:02:12+00:00\" \/>\n<meta property=\"og:image\" content=\"https:\/\/alvarelloseditora.gal\/wp-content\/uploads\/2019\/12\/salon_teatro.jpg\" \/>\n\t<meta property=\"og:image:width\" content=\"1068\" \/>\n\t<meta property=\"og:image:height\" content=\"1500\" \/>\n\t<meta property=\"og:image:type\" content=\"image\/jpeg\" \/>\n<meta name=\"twitter:card\" content=\"summary_large_image\" \/>\n<meta name=\"twitter:site\" content=\"@alvarellos_ed\" \/>\n<meta name=\"twitter:label1\" content=\"Tiempo de lectura\" \/>\n\t<meta name=\"twitter:data1\" content=\"1 minuto\" \/>\n<!-- \/ Yoast SEO plugin. -->","yoast_head_json":{"title":"SAL\u00d3N TEATRO - Alvarellos Editora","description":"SAL\u00d3N TEATRO. C\u00f3mprao na tenda en li\u00f1a de Alvarellos Editora.","robots":{"index":"index","follow":"follow","max-snippet":"max-snippet:-1","max-image-preview":"max-image-preview:large","max-video-preview":"max-video-preview:-1"},"canonical":"https:\/\/alvarelloseditora.gal\/es\/libro\/salon-teatro\/","og_locale":"es_ES","og_type":"article","og_title":"SAL\u00d3N TEATRO - Alvarellos Editora","og_description":"SAL\u00d3N TEATRO. C\u00f3mprao na tenda en li\u00f1a de Alvarellos Editora.","og_url":"https:\/\/alvarelloseditora.gal\/es\/libro\/salon-teatro\/","og_site_name":"Alvarellos Editora","article_publisher":"https:\/\/www.facebook.com\/alvarelloseditora","article_modified_time":"2021-06-22T20:02:12+00:00","og_image":[{"width":1068,"height":1500,"url":"https:\/\/alvarelloseditora.gal\/wp-content\/uploads\/2019\/12\/salon_teatro.jpg","type":"image\/jpeg"}],"twitter_card":"summary_large_image","twitter_site":"@alvarellos_ed","twitter_misc":{"Tiempo de lectura":"1 minuto"},"schema":{"@context":"https:\/\/schema.org","@graph":[{"@type":["WebPage","ItemPage"],"@id":"https:\/\/alvarelloseditora.gal\/es\/libro\/salon-teatro\/","url":"https:\/\/alvarelloseditora.gal\/es\/libro\/salon-teatro\/","name":"SAL\u00d3N TEATRO - Alvarellos Editora","isPartOf":{"@id":"https:\/\/alvarelloseditora.gal\/#website"},"primaryImageOfPage":{"@id":"https:\/\/alvarelloseditora.gal\/es\/libro\/salon-teatro\/#primaryimage"},"image":{"@id":"https:\/\/alvarelloseditora.gal\/es\/libro\/salon-teatro\/#primaryimage"},"thumbnailUrl":"https:\/\/alvarelloseditora.gal\/wp-content\/uploads\/2019\/12\/salon_teatro.jpg","datePublished":"2019-12-27T14:02:44+00:00","dateModified":"2021-06-22T20:02:12+00:00","description":"SAL\u00d3N TEATRO. C\u00f3mprao na tenda en li\u00f1a de Alvarellos Editora.","breadcrumb":{"@id":"https:\/\/alvarelloseditora.gal\/es\/libro\/salon-teatro\/#breadcrumb"},"inLanguage":"es","potentialAction":[{"@type":"ReadAction","target":["https:\/\/alvarelloseditora.gal\/es\/libro\/salon-teatro\/"]}]},{"@type":"ImageObject","inLanguage":"es","@id":"https:\/\/alvarelloseditora.gal\/es\/libro\/salon-teatro\/#primaryimage","url":"https:\/\/alvarelloseditora.gal\/wp-content\/uploads\/2019\/12\/salon_teatro.jpg","contentUrl":"https:\/\/alvarelloseditora.gal\/wp-content\/uploads\/2019\/12\/salon_teatro.jpg","width":1068,"height":1500},{"@type":"BreadcrumbList","@id":"https:\/\/alvarelloseditora.gal\/es\/libro\/salon-teatro\/#breadcrumb","itemListElement":[{"@type":"ListItem","position":1,"name":"Portada","item":"https:\/\/alvarelloseditora.gal\/"},{"@type":"ListItem","position":2,"name":"Tienda","item":"https:\/\/alvarelloseditora.gal\/es\/tienda\/"},{"@type":"ListItem","position":3,"name":"SAL\u00d3N TEATRO"}]},{"@type":"WebSite","@id":"https:\/\/alvarelloseditora.gal\/#website","url":"https:\/\/alvarelloseditora.gal\/","name":"Alvarellos Editora","description":"Libros para un mundo en tr\u00e1nsito","publisher":{"@id":"https:\/\/alvarelloseditora.gal\/#organization"},"potentialAction":[{"@type":"SearchAction","target":{"@type":"EntryPoint","urlTemplate":"https:\/\/alvarelloseditora.gal\/?s={search_term_string}"},"query-input":{"@type":"PropertyValueSpecification","valueRequired":true,"valueName":"search_term_string"}}],"inLanguage":"es"},{"@type":"Organization","@id":"https:\/\/alvarelloseditora.gal\/#organization","name":"Alvarellos Editora","url":"https:\/\/alvarelloseditora.gal\/","logo":{"@type":"ImageObject","inLanguage":"es","@id":"https:\/\/alvarelloseditora.gal\/#\/schema\/logo\/image\/","url":"https:\/\/alvarelloseditora.gal\/wp-content\/uploads\/2020\/02\/alv-icon.png","contentUrl":"https:\/\/alvarelloseditora.gal\/wp-content\/uploads\/2020\/02\/alv-icon.png","width":177,"height":175,"caption":"Alvarellos Editora"},"image":{"@id":"https:\/\/alvarelloseditora.gal\/#\/schema\/logo\/image\/"},"sameAs":["https:\/\/www.facebook.com\/alvarelloseditora","https:\/\/x.com\/alvarellos_ed"]}]}},"_links":{"self":[{"href":"https:\/\/alvarelloseditora.gal\/es\/wp-json\/wp\/v2\/product\/2807","targetHints":{"allow":["GET"]}}],"collection":[{"href":"https:\/\/alvarelloseditora.gal\/es\/wp-json\/wp\/v2\/product"}],"about":[{"href":"https:\/\/alvarelloseditora.gal\/es\/wp-json\/wp\/v2\/types\/product"}],"replies":[{"embeddable":true,"href":"https:\/\/alvarelloseditora.gal\/es\/wp-json\/wp\/v2\/comments?post=2807"}],"wp:featuredmedia":[{"embeddable":true,"href":"https:\/\/alvarelloseditora.gal\/es\/wp-json\/wp\/v2\/media\/4117"}],"wp:attachment":[{"href":"https:\/\/alvarelloseditora.gal\/es\/wp-json\/wp\/v2\/media?parent=2807"}],"wp:term":[{"taxonomy":"product_brand","embeddable":true,"href":"https:\/\/alvarelloseditora.gal\/es\/wp-json\/wp\/v2\/product_brand?post=2807"},{"taxonomy":"product_cat","embeddable":true,"href":"https:\/\/alvarelloseditora.gal\/es\/wp-json\/wp\/v2\/product_cat?post=2807"},{"taxonomy":"product_tag","embeddable":true,"href":"https:\/\/alvarelloseditora.gal\/es\/wp-json\/wp\/v2\/product_tag?post=2807"}],"curies":[{"name":"wp","href":"https:\/\/api.w.org\/{rel}","templated":true}]}}