{"id":2806,"date":"2019-12-27T13:41:09","date_gmt":"2019-12-27T14:02:44","guid":{"rendered":"https:\/\/nueva.alvarellos.info\/product\/sobre-ruinas\/"},"modified":"2025-01-08T12:47:37","modified_gmt":"2025-01-08T11:47:37","slug":"sobre-ruinas","status":"publish","type":"product","link":"https:\/\/alvarelloseditora.gal\/es\/libro\/sobre-ruinas\/","title":{"rendered":"Sobre ru\u00ednas"},"content":{"rendered":"<p><strong>PREMIO DE LA EDICI\u00d3N DE GALICIA<\/strong>:\u00a0<strong>Mellor Libro de Poes\u00eda do Ano 2013<\/strong>\u00a0<a href=\"http:\/\/www.editoresgalegos.org\/gl\/actualidad\/novas\/amosar\/id\/5026\">http:\/\/www.editoresgalegos.org\/gl\/actualidad\/novas\/amosar\/id\/5026<\/a><\/p>\n<p><strong>MEJOR\u00a0LIBRO DE POES\u00cdA EN GALLEGO DEL\u00a0A\u00d1O 2013<\/strong>\u00a0 para los lectores de <strong>Fervenzas Literarias<\/strong>:\u00a0<a href=\"http:\/\/fervenzasliterarias.com\/index.php\/de-actualidade\/os-mellores-do-2013.html\">http:\/\/MELLOR LIBRO DE POES\u00cdA DO ANO 2013 para os lectores de Fervenzas Literarias: <\/a><\/p>\n<p><strong>FINALISTA EN LOS PREMIOS DE LA ASOCIACI\u00d3N DE ESCRITORES EN LINGUA GALEGA\u00a0<\/strong>(AELG) 2014\u00a0<a href=\"http:\/\/www.culturagalega.org\/noticia.php?id=24060\">http:\/\/www.culturagalega.org\/noticia.php?id=24060<\/a><\/p>\n<p><strong>Escucha al autor recitando poemas de este libro (Vilalba, 22\/11\/13):<\/strong><br \/>\n<a href=\"https:\/\/alvarelloseditora.gal\/wp-content\/uploads\/arquivos\/audio\/Nada_que_celebrar.mp3\" target=\"_blank\" rel=\"noopener noreferrer\">\u00abNada que celebrar\u00bb<\/a><br \/>\n<a href=\"https:\/\/alvarelloseditora.gal\/wp-content\/uploads\/arquivos\/audio\/Palabra_alzada_en_armas.mp3\" target=\"_blank\" rel=\"noopener noreferrer\">\u00abPalabra alzada en armas\u00bb<\/a><br \/>\n<a href=\"https:\/\/alvarelloseditora.gal\/wp-content\/uploads\/arquivos\/audio\/Esteos_da_memoria.mp3\" target=\"_blank\" rel=\"noopener noreferrer\">\u00abEsteos da memoria\u00bb\u00a0y \u00abEvocaci\u00f3n do pai\u00bb<\/a><\/p>\n<hr \/>\n<p>18\/06\/2014\u00a0<strong>Revista de poes\u00eda ZURGAI. <\/strong>. Euskal herriko olerkiaren aldizkaria. Poetas por su pueblo<a href=\"https:\/\/alvarelloseditora.gal\/wp-content\/uploads\/prensa\/Xesus_Rabade_Paredes.pdf\" target=\"_blank\" rel=\"noopener noreferrer\">Xesus_Rabade_Paredes.pdf<\/a><\/p>\n<p>30\/05\/2014\u00a0<strong>El Progreso<\/strong>. Paredes: \u00abO que importa nas Letras Galegas non \u00e9 o poeta, son os amigos\u00bb.\u00a0<a href=\"https:\/\/alvarelloseditora.gal\/wp-content\/uploads\/prensa\/Progreso300514.pdf\" target=\"_blank\" rel=\"noopener noreferrer\">Progreso300514.pdf<\/a><\/p>\n<p>30\/05\/2014 <strong>El Progreso<\/strong>. Presentaci\u00f3n en Lugo.\u00a0<a href=\"http:\/\/elprogreso.galiciae.com\/nova\/335471.html?lang=gl\">http:\/\/elprogreso.galiciae.com\/nova\/335471.html?lang=gl<\/a><\/p>\n<p>28\/05\/2014<strong> Mundiario.com<\/strong> \u00abA poes\u00eda indignada dun dos nosos mellores escritores\u00bb\u00a0<a href=\"http:\/\/www.mundiario.com\/articulo\/opinion\/poesia-indignada-dun-mellores-escritores-galegos-xesus-rabade\/20140528220333018794.html\">http:\/\/www.mundiario.com\/articulo\/opinion\/poesia-indignada-dun-mellores-escritores-galegos-xesus-rabade\/20140528220333018794.html<\/a><\/p>\n<p>25\/05\/14 <strong>Grial<\/strong>, n\u00ba201. Cr\u00edtica de Miro Villar.\u00a0http:\/\/crebas.blogaliza.org\/2014\/05\/27\/recension-a-sobre-ruinas-de-xesus-rabade-paredes-en-grial-201\/<\/p>\n<p>31\/04\/2014\u00a0<strong>Magazine Cultural Galego. Entrevista de Montse Dopico<\/strong>\u00a0http:\/\/montsedopico.com\/por-fora\/dereita-abomina-da-memoria-quizais-porque-lle-doe-e-neste-caso-son-perfectos-herdeiros-tirano\/<\/p>\n<p>17\/04\/2014<strong> La Regi\u00f3n &#8211; Cr\u00edtica de Rosa Enr\u00edquez<\/strong>\u00a0<a href=\"http:\/\/www.laregion.es\/opinion\/rosa-enriquez\/ruinas\/20140417101809458784.html\">http:\/\/www.laregion.es\/opinion\/rosa-enriquez\/ruinas\/20140417101809458784.html<\/a><\/p>\n<p>23\/02\/14<strong>\u00a0El Correo Galelgo &#8211; Cr\u00edtica de Arcadio L\u00f3pez-Casanova<\/strong>\u00a0<a href=\"http:\/\/www.elcorreogallego.es\/opinion\/ecg\/arcadio-lopez-casanova-ruinas-plenitude-dun-poeta\/idEdicion-2014-02-25\/idNoticia-854764\/\">http:\/\/www.elcorreogallego.es\/opinion\/ecg\/arcadio-lopez-casanova-ruinas-plenitude-dun-poeta\/idEdicion-2014-02-25\/idNoticia-854764\/<\/a><\/p>\n<p>18\/12\/13\u00a0<strong>La Voz de Galicia- Barbanza\u00a0<\/strong><a href=\"http:\/\/www.lavozdegalicia.es\/noticia\/barbanza\/2013\/12\/18\/animadas-veladas-arte-literatura\/0003_201312B18C12991.htm\">http:\/\/www.lavozdegalicia.es\/noticia\/barbanza\/2013\/12\/18\/animadas-veladas-arte-literatura\/0003_201312B18C12991.htm<\/a><\/p>\n<p>13\/12\/13\u00a0<strong>Reportaxe fotogr\u00e1fica da presentaci\u00f3n en Rianxo<\/strong>:\u00a0<a href=\"https:\/\/www.facebook.com\/media\/set\/?set=a.10152477181019418.1073741833.414872009417&amp;type=1\">https:\/\/www.facebook.com\/media\/set\/?set=a.10152477181019418.1073741833.414872009417&amp;type=1<\/a><\/p>\n<p>13\/12\/13\u00a0<strong>Radio Galega<\/strong>. Diario Cultural:\u00a0<a href=\"http:\/\/www.crtvg.es\/rg\/destacados\/diario-cultural-diario-cultural-do-dia-13-12-2013-715425#.UqsrjvNkG2g.twitter\">http:\/\/www.crtvg.es\/rg\/destacados\/diario-cultural-diario-cultural-do-dia-13-12-2013-715425#.UqsrjvNkG2g.twitter<\/a><\/p>\n<p>06\/12\/13\u00a0<strong>Caderno da Cr\u00edtica<\/strong>. Ram\u00f3n Nicol\u00e1s:\u00a0http:\/\/cadernodacritica.blogaliza.org\/2013\/12\/06\/sobre-ruinas-de-xesus-rabade-paredes\/<\/p>\n<p>02\/12\/13\u00a0<strong>Ateneo de Santiago<\/strong>:\u00a0<a href=\"http:\/\/www.ateneodesantiago.com\/?p=4167\">http:\/\/www.ateneodesantiago.com\/?p=4167<\/a><\/p>\n<p>28\/11\/13<strong> El Correo Gallego<\/strong>\u00a0<a href=\"http:\/\/www.elcorreogallego.es\/tendencias\/ecg\/xesus-rabade-deita-ruinas-sua-lirica-rebeldia\/idEdicion-2013-11-28\/idNoticia-839496\/\">http:\/\/www.elcorreogallego.es\/tendencias\/ecg\/xesus-rabade-deita-ruinas-sua-lirica-rebeldia\/idEdicion-2013-11-28\/idNoticia-839496\/<\/a><\/p>\n<p>28\/11\/13<strong>\u00a0El Correo Gallego<\/strong>: \u00abPoes\u00eda contra a resignaci\u00f3n\u00bb \u00a0<a href=\"http:\/\/www.elcorreogallego.es\/opinion\/cuadro-de-honor\/ecg\/poesia-resignacion\/idEdicion-2013-11-28\/idNoticia-839586\/\">http:\/\/www.elcorreogallego.es\/opinion\/cuadro-de-honor\/ecg\/poesia-resignacion\/idEdicion-2013-11-28\/idNoticia-839586\/<\/a><\/p>\n<p>28\/11\/13<strong>\u00a0Reportaxe fotogr\u00e1fica da presentaci\u00f3n en Santiago<\/strong>: <a href=\"https:\/\/www.facebook.com\/media\/set\/?set=a.10152433598524418.1073741832.414872009417&amp;type=1\">https:\/\/www.facebook.com\/media\/set\/?set=a.10152433598524418.1073741832.414872009417&amp;type=1<\/a><\/p>\n<p>25\/11\/13\u00a0<strong>A Voz de Vilalba.com<\/strong>\u00a0<a href=\"http:\/\/avozdevilalba.blogspot.com.es\/2013\/11\/imaxes-de-sonos-de-auga-e-sobre-ruinas.html\">http:\/\/avozdevilalba.blogspot.com.es\/2013\/11\/imaxes-de-sonos-de-auga-e-sobre-ruinas.html<\/a><\/p>\n<p>23\/11\/13\u00a0<strong>El Progreso<\/strong>\u00a0<a href=\"http:\/\/elprogreso.galiciae.com\/nova\/292767-reflexions-dun-poeta\">http:\/\/elprogreso.galiciae.com\/nova\/292767-reflexions-dun-poeta<\/a><\/p>\n<p>23\/11\/13\u00a0<strong>Reportaxe fotogr\u00e1fica da presentaci\u00f3n en Vilalba\u00a0<\/strong>(Lugo) \u00a0<a href=\"https:\/\/www.facebook.com\/media\/set\/?set=a.10152406540149418.1073741831.414872009417&amp;type=1\">https:\/\/www.facebook.com\/media\/set\/?set=a.10152406540149418.1073741831.414872009417&amp;type=1<\/a><\/p>\n","protected":false},"excerpt":{"rendered":"<p>Xes\u00fas R\u00e1bade Paredes<br \/>\n\u00a0<\/p>\n<p>Poemas para el\u00a0combate en esta \u00e9poca de vencidos y\u00a0derrotas.<\/p>\n<p>&nbsp;<\/p>\n<p>PREMIO AL MEJOR LIBRO DE POES\u00cdA DE GALICIA EN 2013<\/p>\n<p>&nbsp;<\/p>\n<p>Formato: 108 pp. 14&#215;21 cms<br \/>\nISBN: 978-84-89323-50-6<br \/>\n(R\u00fastica con solapas)<\/p>\n<p>&nbsp;<\/p>\n<p>Una poes\u00eda de altura sobre ru\u00ednas o\u00a0frente a ellas. El regreso de\u00a0Xes\u00fas R\u00e1bade Paredes (Seixas, Cospeito-Lugo, 1949) a la poes\u00eda. Un grito para despertar a los rendidos.\u00a0Tambi\u00e9n un lamento\u00a0contra la desolaci\u00f3n. Se alza en estos versos la\u00a0voz contra los malditos, los ru\u00ednes y los mercaderes. El\u00a0universo literario, en fin, de uno\u00a0de nuestros mejores creadores.<\/p>\n<p>En el poema titulado \u201cDevastaci\u00f3n\u201d, escribe:\u00a0\u201cQuizais \u00e9 que exhibimos en exceso \/ a infinita paciencia. \/ Que na mesma mirada delatamos, \/ como os peixes e as vacas, \/ a tristeza xen\u00e9tica\u201d.<\/p>\n<p>\u201cAtopar\u00e1s aqu\u00ed, lector, cousas que che fagan pensar e cousas que te conmovan (\u2026). O \u00fanico valor da arte, dixo algu\u00e9n, \u00e9 lembrarnos que a vida \u00e9 o que importa. (Mar\u00eda do Cebreiro, en el Pr\u00f3logo).<\/p>\n","protected":false},"featured_media":4115,"comment_status":"closed","ping_status":"closed","template":"","meta":[],"product_brand":[],"product_cat":[106],"product_tag":[],"class_list":{"0":"post-2806","1":"product","2":"type-product","3":"status-publish","4":"has-post-thumbnail","6":"product_author-xesus-rabade-paredes-es","7":"product_cat-libros-do-sarela-es","9":"first","10":"instock","11":"taxable","12":"shipping-taxable","13":"purchasable","14":"product-type-simple"},"yoast_head":"<!-- This site is optimized with the Yoast SEO plugin v27.3 - https:\/\/yoast.com\/product\/yoast-seo-wordpress\/ -->\n<title>Sobre ru\u00ednas - Alvarellos Editora<\/title>\n<meta name=\"description\" content=\"Sobre ru\u00ednas. C\u00f3mprao na tenda en li\u00f1a de Alvarellos Editora.\" \/>\n<meta name=\"robots\" content=\"index, follow, max-snippet:-1, max-image-preview:large, max-video-preview:-1\" \/>\n<link rel=\"canonical\" href=\"https:\/\/alvarelloseditora.gal\/es\/libro\/sobre-ruinas\/\" \/>\n<meta property=\"og:locale\" content=\"es_ES\" \/>\n<meta property=\"og:type\" content=\"article\" \/>\n<meta property=\"og:title\" content=\"Sobre ru\u00ednas - Alvarellos Editora\" \/>\n<meta property=\"og:description\" content=\"Sobre ru\u00ednas. C\u00f3mprao na tenda en li\u00f1a de Alvarellos Editora.\" \/>\n<meta property=\"og:url\" content=\"https:\/\/alvarelloseditora.gal\/es\/libro\/sobre-ruinas\/\" \/>\n<meta property=\"og:site_name\" content=\"Alvarellos Editora\" \/>\n<meta property=\"article:publisher\" content=\"https:\/\/www.facebook.com\/alvarelloseditora\" \/>\n<meta property=\"article:modified_time\" content=\"2025-01-08T11:47:37+00:00\" \/>\n<meta property=\"og:image\" content=\"https:\/\/alvarelloseditora.gal\/wp-content\/uploads\/2019\/12\/sobre-ruinas-scaled.jpg\" \/>\n\t<meta property=\"og:image:width\" content=\"1624\" \/>\n\t<meta property=\"og:image:height\" content=\"2560\" \/>\n\t<meta property=\"og:image:type\" content=\"image\/jpeg\" \/>\n<meta name=\"twitter:card\" content=\"summary_large_image\" \/>\n<meta name=\"twitter:site\" content=\"@alvarellos_ed\" \/>\n<meta name=\"twitter:label1\" content=\"Tiempo de lectura\" \/>\n\t<meta name=\"twitter:data1\" content=\"2 minutos\" \/>\n<!-- \/ Yoast SEO plugin. -->","yoast_head_json":{"title":"Sobre ru\u00ednas - Alvarellos Editora","description":"Sobre ru\u00ednas. C\u00f3mprao na tenda en li\u00f1a de Alvarellos Editora.","robots":{"index":"index","follow":"follow","max-snippet":"max-snippet:-1","max-image-preview":"max-image-preview:large","max-video-preview":"max-video-preview:-1"},"canonical":"https:\/\/alvarelloseditora.gal\/es\/libro\/sobre-ruinas\/","og_locale":"es_ES","og_type":"article","og_title":"Sobre ru\u00ednas - Alvarellos Editora","og_description":"Sobre ru\u00ednas. C\u00f3mprao na tenda en li\u00f1a de Alvarellos Editora.","og_url":"https:\/\/alvarelloseditora.gal\/es\/libro\/sobre-ruinas\/","og_site_name":"Alvarellos Editora","article_publisher":"https:\/\/www.facebook.com\/alvarelloseditora","article_modified_time":"2025-01-08T11:47:37+00:00","og_image":[{"width":1624,"height":2560,"url":"https:\/\/alvarelloseditora.gal\/wp-content\/uploads\/2019\/12\/sobre-ruinas-scaled.jpg","type":"image\/jpeg"}],"twitter_card":"summary_large_image","twitter_site":"@alvarellos_ed","twitter_misc":{"Tiempo de lectura":"2 minutos"},"schema":{"@context":"https:\/\/schema.org","@graph":[{"@type":["WebPage","ItemPage"],"@id":"https:\/\/alvarelloseditora.gal\/es\/libro\/sobre-ruinas\/","url":"https:\/\/alvarelloseditora.gal\/es\/libro\/sobre-ruinas\/","name":"Sobre ru\u00ednas - Alvarellos Editora","isPartOf":{"@id":"https:\/\/alvarelloseditora.gal\/#website"},"primaryImageOfPage":{"@id":"https:\/\/alvarelloseditora.gal\/es\/libro\/sobre-ruinas\/#primaryimage"},"image":{"@id":"https:\/\/alvarelloseditora.gal\/es\/libro\/sobre-ruinas\/#primaryimage"},"thumbnailUrl":"https:\/\/alvarelloseditora.gal\/wp-content\/uploads\/2019\/12\/sobre-ruinas-scaled.jpg","datePublished":"2019-12-27T14:02:44+00:00","dateModified":"2025-01-08T11:47:37+00:00","description":"Sobre ru\u00ednas. C\u00f3mprao na tenda en li\u00f1a de Alvarellos Editora.","breadcrumb":{"@id":"https:\/\/alvarelloseditora.gal\/es\/libro\/sobre-ruinas\/#breadcrumb"},"inLanguage":"es","potentialAction":[{"@type":"ReadAction","target":["https:\/\/alvarelloseditora.gal\/es\/libro\/sobre-ruinas\/"]}]},{"@type":"ImageObject","inLanguage":"es","@id":"https:\/\/alvarelloseditora.gal\/es\/libro\/sobre-ruinas\/#primaryimage","url":"https:\/\/alvarelloseditora.gal\/wp-content\/uploads\/2019\/12\/sobre-ruinas-scaled.jpg","contentUrl":"https:\/\/alvarelloseditora.gal\/wp-content\/uploads\/2019\/12\/sobre-ruinas-scaled.jpg","width":1624,"height":2560},{"@type":"BreadcrumbList","@id":"https:\/\/alvarelloseditora.gal\/es\/libro\/sobre-ruinas\/#breadcrumb","itemListElement":[{"@type":"ListItem","position":1,"name":"Portada","item":"https:\/\/alvarelloseditora.gal\/"},{"@type":"ListItem","position":2,"name":"Tienda","item":"https:\/\/alvarelloseditora.gal\/es\/tienda\/"},{"@type":"ListItem","position":3,"name":"Sobre ru\u00ednas"}]},{"@type":"WebSite","@id":"https:\/\/alvarelloseditora.gal\/#website","url":"https:\/\/alvarelloseditora.gal\/","name":"Alvarellos Editora","description":"Libros para un mundo en tr\u00e1nsito","publisher":{"@id":"https:\/\/alvarelloseditora.gal\/#organization"},"potentialAction":[{"@type":"SearchAction","target":{"@type":"EntryPoint","urlTemplate":"https:\/\/alvarelloseditora.gal\/?s={search_term_string}"},"query-input":{"@type":"PropertyValueSpecification","valueRequired":true,"valueName":"search_term_string"}}],"inLanguage":"es"},{"@type":"Organization","@id":"https:\/\/alvarelloseditora.gal\/#organization","name":"Alvarellos Editora","url":"https:\/\/alvarelloseditora.gal\/","logo":{"@type":"ImageObject","inLanguage":"es","@id":"https:\/\/alvarelloseditora.gal\/#\/schema\/logo\/image\/","url":"https:\/\/alvarelloseditora.gal\/wp-content\/uploads\/2020\/02\/alv-icon.png","contentUrl":"https:\/\/alvarelloseditora.gal\/wp-content\/uploads\/2020\/02\/alv-icon.png","width":177,"height":175,"caption":"Alvarellos Editora"},"image":{"@id":"https:\/\/alvarelloseditora.gal\/#\/schema\/logo\/image\/"},"sameAs":["https:\/\/www.facebook.com\/alvarelloseditora","https:\/\/x.com\/alvarellos_ed"]}]}},"_links":{"self":[{"href":"https:\/\/alvarelloseditora.gal\/es\/wp-json\/wp\/v2\/product\/2806","targetHints":{"allow":["GET"]}}],"collection":[{"href":"https:\/\/alvarelloseditora.gal\/es\/wp-json\/wp\/v2\/product"}],"about":[{"href":"https:\/\/alvarelloseditora.gal\/es\/wp-json\/wp\/v2\/types\/product"}],"replies":[{"embeddable":true,"href":"https:\/\/alvarelloseditora.gal\/es\/wp-json\/wp\/v2\/comments?post=2806"}],"wp:featuredmedia":[{"embeddable":true,"href":"https:\/\/alvarelloseditora.gal\/es\/wp-json\/wp\/v2\/media\/4115"}],"wp:attachment":[{"href":"https:\/\/alvarelloseditora.gal\/es\/wp-json\/wp\/v2\/media?parent=2806"}],"wp:term":[{"taxonomy":"product_brand","embeddable":true,"href":"https:\/\/alvarelloseditora.gal\/es\/wp-json\/wp\/v2\/product_brand?post=2806"},{"taxonomy":"product_cat","embeddable":true,"href":"https:\/\/alvarelloseditora.gal\/es\/wp-json\/wp\/v2\/product_cat?post=2806"},{"taxonomy":"product_tag","embeddable":true,"href":"https:\/\/alvarelloseditora.gal\/es\/wp-json\/wp\/v2\/product_tag?post=2806"}],"curies":[{"name":"wp","href":"https:\/\/api.w.org\/{rel}","templated":true}]}}