{"id":2805,"date":"2019-12-27T13:40:34","date_gmt":"2019-12-27T14:02:26","guid":{"rendered":"https:\/\/nueva.alvarellos.info\/product\/la-saga-courtier-en-galicia\/"},"modified":"2021-06-23T14:05:27","modified_gmt":"2021-06-23T12:05:27","slug":"la-saga-courtier-en-galicia","status":"publish","type":"product","link":"https:\/\/alvarelloseditora.gal\/es\/libro\/la-saga-courtier-en-galicia\/","title":{"rendered":"LA SAGA COURTIER EN GALICIA"},"content":{"rendered":"<p>29-10-13\u00a0<strong>El Correo Gallego<\/strong>\u00a0<a href=\"http:\/\/www.elcorreogallego.es\/santiago\/ecg\/un-libro-sumerge-historia-courtier-galicia\/idEdicion-2013-10-29\/idNoticia-834474\/\">http:\/\/www.elcorreogallego.es\/santiago\/ecg\/un-libro-sumerge-historia-courtier-galicia\/idEdicion-2013-10-29\/idNoticia-834474\/<\/a><\/p>\n<p>27-10-2013<strong>\u00a0Faro de Vigo<\/strong>\u00a0<a href=\"http:\/\/www.farodevigo.es\/sociedad-cultura\/2013\/10\/27\/hermanos-indagan-saga-musicos-courtier\/903534.html\">http:\/\/www.farodevigo.es\/sociedad-cultura\/2013\/10\/27\/hermanos-indagan-saga-musicos-courtier\/903534.html<\/a><\/p>\n<p>27-10-2013<strong>\u00a0El Correo Gallego<\/strong>\u00a0<a href=\"http:\/\/www.elcorreogallego.es\/santiago\/ecg\/editan-un-libro-courtier-unha-saga-musicos-do-s-xix\/idEdicion-2013-10-27\/idNoticia-834142\/\">http:\/\/www.elcorreogallego.es\/santiago\/ecg\/editan-un-libro-courtier-unha-saga-musicos-do-s-xix\/idEdicion-2013-10-27\/idNoticia-834142\/<\/a><\/p>\n<p>17-12-2013 <strong>Culturagalega.org<\/strong>\u00a0<a href=\"http:\/\/www.culturagalega.org\/noticia.php?id=23625\">http:\/\/www.culturagalega.org\/noticia.php?id=23625<\/a><\/p>\n<p>19-05-2014 <strong>El Correo Gallego<\/strong>. Cr\u00edtica de Ram\u00f3n G. Balado\u00a0<a href=\"http:\/\/www.elcorreogallego.es\/opinion\/firmas\/ecg\/saga-courtier\/idEdicion-2014-05-19\/idNoticia-869453\/\">http:\/\/www.elcorreogallego.es\/opinion\/firmas\/ecg\/saga-courtier\/idEdicion-2014-05-19\/idNoticia-869453\/<\/a><\/p>\n","protected":false},"excerpt":{"rendered":"<p>La evoluci\u00f3n del m\u00fasico decimon\u00f3nico<\/p>\n<p>&nbsp;<\/p>\n<p>Formato: 223 pp. 13&#215;23 cms<br \/>\nISBN: 978-84-89323-49-0<br \/>\n(R\u00fastica con solapas)<\/p>\n<p>&nbsp;<\/p>\n<p>La labor musical de la familia Courtier fue intensa y trascendental en la ciudad de Santiago de Compostela y en toda Galicia a lo largo del siglo XIX. Este ensayo de Beatriz y Alberto Cancela Montes ahonda en la aportaci\u00f3n de esta saga de m\u00fasicos \u2014Juan, Hilario, Jos\u00e9 e Ricardo\u2014 en la modernizaci\u00f3n y popularizaci\u00f3n de la m\u00fasica de su \u00e9poca.<br \/>\nLa saga Courtier en Galicia es un trabajo serio y global. Ampliamente documentado e ilustrado. Fue reconocido con una \u201cMenci\u00f3n especial\u201d en el 2\u00ba Premio de Investigaci\u00f3n Hist\u00f3rica Domingo Font\u00e1n, que promueve la Real Sociedad Econ\u00f3mica de Amigos del Pa\u00eds de Santiago.<\/p>\n<p>Con Pr\u00f3logo del expresidente de la Xunta de Galicia, Gerardo Fern\u00e1ndez Albor.<\/p>\n","protected":false},"featured_media":4113,"comment_status":"closed","ping_status":"closed","template":"","meta":[],"product_brand":[],"product_cat":[105],"product_tag":[],"class_list":{"0":"post-2805","1":"product","2":"type-product","3":"status-publish","4":"has-post-thumbnail","6":"product_author-alberto-cancela-montes-es","7":"product_author-beatriz-cancela-montes-es","8":"product_cat-oeste-es","10":"first","11":"instock","12":"taxable","13":"shipping-taxable","14":"purchasable","15":"product-type-simple"},"yoast_head":"<!-- This site is optimized with the Yoast SEO plugin v27.3 - https:\/\/yoast.com\/product\/yoast-seo-wordpress\/ -->\n<title>LA SAGA COURTIER EN GALICIA - Alvarellos Editora<\/title>\n<meta name=\"description\" content=\"LA SAGA COURTIER EN GALICIA. C\u00f3mprao na tenda en li\u00f1a de Alvarellos Editora.\" \/>\n<meta name=\"robots\" content=\"index, follow, max-snippet:-1, max-image-preview:large, max-video-preview:-1\" \/>\n<link rel=\"canonical\" href=\"https:\/\/alvarelloseditora.gal\/es\/libro\/la-saga-courtier-en-galicia\/\" \/>\n<meta property=\"og:locale\" content=\"es_ES\" \/>\n<meta property=\"og:type\" content=\"article\" \/>\n<meta property=\"og:title\" content=\"LA SAGA COURTIER EN GALICIA - Alvarellos Editora\" \/>\n<meta property=\"og:description\" content=\"LA SAGA COURTIER EN GALICIA. C\u00f3mprao na tenda en li\u00f1a de Alvarellos Editora.\" \/>\n<meta property=\"og:url\" content=\"https:\/\/alvarelloseditora.gal\/es\/libro\/la-saga-courtier-en-galicia\/\" \/>\n<meta property=\"og:site_name\" content=\"Alvarellos Editora\" \/>\n<meta property=\"article:publisher\" content=\"https:\/\/www.facebook.com\/alvarelloseditora\" \/>\n<meta property=\"article:modified_time\" content=\"2021-06-23T12:05:27+00:00\" \/>\n<meta property=\"og:image\" content=\"https:\/\/alvarelloseditora.gal\/wp-content\/uploads\/2019\/12\/Saga-Courtier-en-Galicia-scaled.jpg\" \/>\n\t<meta property=\"og:image:width\" content=\"1455\" \/>\n\t<meta property=\"og:image:height\" content=\"2560\" \/>\n\t<meta property=\"og:image:type\" content=\"image\/jpeg\" \/>\n<meta name=\"twitter:card\" content=\"summary_large_image\" \/>\n<meta name=\"twitter:site\" content=\"@alvarellos_ed\" \/>\n<!-- \/ Yoast SEO plugin. -->","yoast_head_json":{"title":"LA SAGA COURTIER EN GALICIA - Alvarellos Editora","description":"LA SAGA COURTIER EN GALICIA. C\u00f3mprao na tenda en li\u00f1a de Alvarellos Editora.","robots":{"index":"index","follow":"follow","max-snippet":"max-snippet:-1","max-image-preview":"max-image-preview:large","max-video-preview":"max-video-preview:-1"},"canonical":"https:\/\/alvarelloseditora.gal\/es\/libro\/la-saga-courtier-en-galicia\/","og_locale":"es_ES","og_type":"article","og_title":"LA SAGA COURTIER EN GALICIA - Alvarellos Editora","og_description":"LA SAGA COURTIER EN GALICIA. C\u00f3mprao na tenda en li\u00f1a de Alvarellos Editora.","og_url":"https:\/\/alvarelloseditora.gal\/es\/libro\/la-saga-courtier-en-galicia\/","og_site_name":"Alvarellos Editora","article_publisher":"https:\/\/www.facebook.com\/alvarelloseditora","article_modified_time":"2021-06-23T12:05:27+00:00","og_image":[{"width":1455,"height":2560,"url":"https:\/\/alvarelloseditora.gal\/wp-content\/uploads\/2019\/12\/Saga-Courtier-en-Galicia-scaled.jpg","type":"image\/jpeg"}],"twitter_card":"summary_large_image","twitter_site":"@alvarellos_ed","schema":{"@context":"https:\/\/schema.org","@graph":[{"@type":["WebPage","ItemPage"],"@id":"https:\/\/alvarelloseditora.gal\/es\/libro\/la-saga-courtier-en-galicia\/","url":"https:\/\/alvarelloseditora.gal\/es\/libro\/la-saga-courtier-en-galicia\/","name":"LA SAGA COURTIER EN GALICIA - Alvarellos Editora","isPartOf":{"@id":"https:\/\/alvarelloseditora.gal\/#website"},"primaryImageOfPage":{"@id":"https:\/\/alvarelloseditora.gal\/es\/libro\/la-saga-courtier-en-galicia\/#primaryimage"},"image":{"@id":"https:\/\/alvarelloseditora.gal\/es\/libro\/la-saga-courtier-en-galicia\/#primaryimage"},"thumbnailUrl":"https:\/\/alvarelloseditora.gal\/wp-content\/uploads\/2019\/12\/Saga-Courtier-en-Galicia-scaled.jpg","datePublished":"2019-12-27T14:02:26+00:00","dateModified":"2021-06-23T12:05:27+00:00","description":"LA SAGA COURTIER EN GALICIA. C\u00f3mprao na tenda en li\u00f1a de Alvarellos Editora.","breadcrumb":{"@id":"https:\/\/alvarelloseditora.gal\/es\/libro\/la-saga-courtier-en-galicia\/#breadcrumb"},"inLanguage":"es","potentialAction":[{"@type":"ReadAction","target":["https:\/\/alvarelloseditora.gal\/es\/libro\/la-saga-courtier-en-galicia\/"]}]},{"@type":"ImageObject","inLanguage":"es","@id":"https:\/\/alvarelloseditora.gal\/es\/libro\/la-saga-courtier-en-galicia\/#primaryimage","url":"https:\/\/alvarelloseditora.gal\/wp-content\/uploads\/2019\/12\/Saga-Courtier-en-Galicia-scaled.jpg","contentUrl":"https:\/\/alvarelloseditora.gal\/wp-content\/uploads\/2019\/12\/Saga-Courtier-en-Galicia-scaled.jpg","width":1455,"height":2560},{"@type":"BreadcrumbList","@id":"https:\/\/alvarelloseditora.gal\/es\/libro\/la-saga-courtier-en-galicia\/#breadcrumb","itemListElement":[{"@type":"ListItem","position":1,"name":"Portada","item":"https:\/\/alvarelloseditora.gal\/"},{"@type":"ListItem","position":2,"name":"Tienda","item":"https:\/\/alvarelloseditora.gal\/es\/tienda\/"},{"@type":"ListItem","position":3,"name":"LA SAGA COURTIER EN GALICIA"}]},{"@type":"WebSite","@id":"https:\/\/alvarelloseditora.gal\/#website","url":"https:\/\/alvarelloseditora.gal\/","name":"Alvarellos Editora","description":"Libros para un mundo en tr\u00e1nsito","publisher":{"@id":"https:\/\/alvarelloseditora.gal\/#organization"},"potentialAction":[{"@type":"SearchAction","target":{"@type":"EntryPoint","urlTemplate":"https:\/\/alvarelloseditora.gal\/?s={search_term_string}"},"query-input":{"@type":"PropertyValueSpecification","valueRequired":true,"valueName":"search_term_string"}}],"inLanguage":"es"},{"@type":"Organization","@id":"https:\/\/alvarelloseditora.gal\/#organization","name":"Alvarellos Editora","url":"https:\/\/alvarelloseditora.gal\/","logo":{"@type":"ImageObject","inLanguage":"es","@id":"https:\/\/alvarelloseditora.gal\/#\/schema\/logo\/image\/","url":"https:\/\/alvarelloseditora.gal\/wp-content\/uploads\/2020\/02\/alv-icon.png","contentUrl":"https:\/\/alvarelloseditora.gal\/wp-content\/uploads\/2020\/02\/alv-icon.png","width":177,"height":175,"caption":"Alvarellos Editora"},"image":{"@id":"https:\/\/alvarelloseditora.gal\/#\/schema\/logo\/image\/"},"sameAs":["https:\/\/www.facebook.com\/alvarelloseditora","https:\/\/x.com\/alvarellos_ed"]}]}},"_links":{"self":[{"href":"https:\/\/alvarelloseditora.gal\/es\/wp-json\/wp\/v2\/product\/2805","targetHints":{"allow":["GET"]}}],"collection":[{"href":"https:\/\/alvarelloseditora.gal\/es\/wp-json\/wp\/v2\/product"}],"about":[{"href":"https:\/\/alvarelloseditora.gal\/es\/wp-json\/wp\/v2\/types\/product"}],"replies":[{"embeddable":true,"href":"https:\/\/alvarelloseditora.gal\/es\/wp-json\/wp\/v2\/comments?post=2805"}],"wp:featuredmedia":[{"embeddable":true,"href":"https:\/\/alvarelloseditora.gal\/es\/wp-json\/wp\/v2\/media\/4113"}],"wp:attachment":[{"href":"https:\/\/alvarelloseditora.gal\/es\/wp-json\/wp\/v2\/media?parent=2805"}],"wp:term":[{"taxonomy":"product_brand","embeddable":true,"href":"https:\/\/alvarelloseditora.gal\/es\/wp-json\/wp\/v2\/product_brand?post=2805"},{"taxonomy":"product_cat","embeddable":true,"href":"https:\/\/alvarelloseditora.gal\/es\/wp-json\/wp\/v2\/product_cat?post=2805"},{"taxonomy":"product_tag","embeddable":true,"href":"https:\/\/alvarelloseditora.gal\/es\/wp-json\/wp\/v2\/product_tag?post=2805"}],"curies":[{"name":"wp","href":"https:\/\/api.w.org\/{rel}","templated":true}]}}