{"id":2803,"date":"2019-12-27T13:40:34","date_gmt":"2019-12-27T14:02:26","guid":{"rendered":"https:\/\/nueva.alvarellos.info\/product\/quenda-da-catividade\/"},"modified":"2021-06-23T12:42:56","modified_gmt":"2021-06-23T10:42:56","slug":"quenda-da-catividade","status":"publish","type":"product","link":"https:\/\/alvarelloseditora.gal\/es\/libro\/quenda-da-catividade\/","title":{"rendered":"QUENDA DA CATIVIDADE"},"content":{"rendered":"<p>05\/07\/2013 <strong>El Progreso<\/strong>: \u00ab<a href=\"https:\/\/alvarelloseditora.gal\/wp-content\/uploads\/prensa\/El_Progreso_05072013.pdf\" target=\"_blank\" rel=\"noopener noreferrer\">Alvarellos Editora publicar\u00e1 catro obras do certame de poes\u00eda vilalb\u00e9s<\/a>\u00ab.<\/p>\n<p>15\/07\/2013 <strong>Biblos. Clube de Lectores<\/strong>. <a href=\"https:\/\/alvarelloseditora.gal\/wp-content\/uploads\/prensa\/Biblos_Clube_de_Lectores_Boletin_veran_2013.pdf\" target=\"_blank\" rel=\"noopener noreferrer\">Bolet\u00edn de xullo\/agosto 2013<\/a>.<\/p>\n<p>24\/08\/13\u00a0<strong>La Voz de Galicia<\/strong>-Vilalba:\u00a0http:\/\/www.lavozdegalicia.es\/noticia\/lugo\/2013\/08\/23\/agosto-mes-poesia-vilalba\/00031377290066313255640.htm?idioma=galego<\/p>\n<p>24\/08\/13\u00a0<strong>El Progreso<\/strong>:\u00a0http:\/\/elprogreso.galiciae.com\/nova\/272468-pablo-bouza-rafael-catoira-ganan-xxxix-certame-literario-vilalba<\/p>\n","protected":false},"excerpt":{"rendered":"<p>1\u00ba Premio Certamen Literario-Concello de Vilalba, 2012<\/p>\n<p>&nbsp;<\/p>\n<p>Formato: 50 pp. 14&#215;21 cms<br \/>\nISBN: 978-84-89323-47-6<\/p>\n<p>&nbsp;<\/p>\n<p>Cuarenta sonetos de amor. Xo\u00e1n Pi\u00f1eiro se recrea\u00a0en la\u00a0m\u00fasica de los\u00a0endecas\u00edlabos para transmitirnos la alegr\u00eda de la entrega amorosa: una dulce atadura, unha cadena suave, el turno\u00a0de la cautividad.<\/p>\n<p>\u201cPreso por ti, \/ deitando un mesmo zume\u201d, exclama.<\/p>\n<p>Esta obra obtuvo el\u00a0I premio en el\u00a0XXXVIII Certamen Literario del\u00a0Concello de Vilalba (2012).<\/p>\n","protected":false},"featured_media":4109,"comment_status":"closed","ping_status":"closed","template":"","meta":[],"product_brand":[],"product_cat":[106],"product_tag":[],"class_list":{"0":"post-2803","1":"product","2":"type-product","3":"status-publish","4":"has-post-thumbnail","6":"product_author-xoan-x-pineiro-es","7":"product_cat-libros-do-sarela-es","9":"first","10":"instock","11":"taxable","12":"shipping-taxable","13":"purchasable","14":"product-type-simple"},"yoast_head":"<!-- This site is optimized with the Yoast SEO plugin v27.3 - https:\/\/yoast.com\/product\/yoast-seo-wordpress\/ -->\n<title>QUENDA DA CATIVIDADE - Alvarellos Editora<\/title>\n<meta name=\"description\" content=\"QUENDA DA CATIVIDADE. C\u00f3mprao na tenda en li\u00f1a de Alvarellos Editora.\" \/>\n<meta name=\"robots\" content=\"index, follow, max-snippet:-1, max-image-preview:large, max-video-preview:-1\" \/>\n<link rel=\"canonical\" href=\"https:\/\/alvarelloseditora.gal\/es\/libro\/quenda-da-catividade\/\" \/>\n<meta property=\"og:locale\" content=\"es_ES\" \/>\n<meta property=\"og:type\" content=\"article\" \/>\n<meta property=\"og:title\" content=\"QUENDA DA CATIVIDADE - Alvarellos Editora\" \/>\n<meta property=\"og:description\" content=\"QUENDA DA CATIVIDADE. C\u00f3mprao na tenda en li\u00f1a de Alvarellos Editora.\" \/>\n<meta property=\"og:url\" content=\"https:\/\/alvarelloseditora.gal\/es\/libro\/quenda-da-catividade\/\" \/>\n<meta property=\"og:site_name\" content=\"Alvarellos Editora\" \/>\n<meta property=\"article:publisher\" content=\"https:\/\/www.facebook.com\/alvarelloseditora\" \/>\n<meta property=\"article:modified_time\" content=\"2021-06-23T10:42:56+00:00\" \/>\n<meta property=\"og:image\" content=\"https:\/\/alvarelloseditora.gal\/wp-content\/uploads\/2019\/12\/quendacatividade.jpg\" \/>\n\t<meta property=\"og:image:width\" content=\"657\" \/>\n\t<meta property=\"og:image:height\" content=\"996\" \/>\n\t<meta property=\"og:image:type\" content=\"image\/jpeg\" \/>\n<meta name=\"twitter:card\" content=\"summary_large_image\" \/>\n<meta name=\"twitter:site\" content=\"@alvarellos_ed\" \/>\n<!-- \/ Yoast SEO plugin. -->","yoast_head_json":{"title":"QUENDA DA CATIVIDADE - Alvarellos Editora","description":"QUENDA DA CATIVIDADE. C\u00f3mprao na tenda en li\u00f1a de Alvarellos Editora.","robots":{"index":"index","follow":"follow","max-snippet":"max-snippet:-1","max-image-preview":"max-image-preview:large","max-video-preview":"max-video-preview:-1"},"canonical":"https:\/\/alvarelloseditora.gal\/es\/libro\/quenda-da-catividade\/","og_locale":"es_ES","og_type":"article","og_title":"QUENDA DA CATIVIDADE - Alvarellos Editora","og_description":"QUENDA DA CATIVIDADE. C\u00f3mprao na tenda en li\u00f1a de Alvarellos Editora.","og_url":"https:\/\/alvarelloseditora.gal\/es\/libro\/quenda-da-catividade\/","og_site_name":"Alvarellos Editora","article_publisher":"https:\/\/www.facebook.com\/alvarelloseditora","article_modified_time":"2021-06-23T10:42:56+00:00","og_image":[{"width":657,"height":996,"url":"https:\/\/alvarelloseditora.gal\/wp-content\/uploads\/2019\/12\/quendacatividade.jpg","type":"image\/jpeg"}],"twitter_card":"summary_large_image","twitter_site":"@alvarellos_ed","schema":{"@context":"https:\/\/schema.org","@graph":[{"@type":["WebPage","ItemPage"],"@id":"https:\/\/alvarelloseditora.gal\/es\/libro\/quenda-da-catividade\/","url":"https:\/\/alvarelloseditora.gal\/es\/libro\/quenda-da-catividade\/","name":"QUENDA DA CATIVIDADE - Alvarellos Editora","isPartOf":{"@id":"https:\/\/alvarelloseditora.gal\/#website"},"primaryImageOfPage":{"@id":"https:\/\/alvarelloseditora.gal\/es\/libro\/quenda-da-catividade\/#primaryimage"},"image":{"@id":"https:\/\/alvarelloseditora.gal\/es\/libro\/quenda-da-catividade\/#primaryimage"},"thumbnailUrl":"https:\/\/alvarelloseditora.gal\/wp-content\/uploads\/2019\/12\/quendacatividade.jpg","datePublished":"2019-12-27T14:02:26+00:00","dateModified":"2021-06-23T10:42:56+00:00","description":"QUENDA DA CATIVIDADE. C\u00f3mprao na tenda en li\u00f1a de Alvarellos Editora.","breadcrumb":{"@id":"https:\/\/alvarelloseditora.gal\/es\/libro\/quenda-da-catividade\/#breadcrumb"},"inLanguage":"es","potentialAction":[{"@type":"ReadAction","target":["https:\/\/alvarelloseditora.gal\/es\/libro\/quenda-da-catividade\/"]}]},{"@type":"ImageObject","inLanguage":"es","@id":"https:\/\/alvarelloseditora.gal\/es\/libro\/quenda-da-catividade\/#primaryimage","url":"https:\/\/alvarelloseditora.gal\/wp-content\/uploads\/2019\/12\/quendacatividade.jpg","contentUrl":"https:\/\/alvarelloseditora.gal\/wp-content\/uploads\/2019\/12\/quendacatividade.jpg","width":657,"height":996},{"@type":"BreadcrumbList","@id":"https:\/\/alvarelloseditora.gal\/es\/libro\/quenda-da-catividade\/#breadcrumb","itemListElement":[{"@type":"ListItem","position":1,"name":"Portada","item":"https:\/\/alvarelloseditora.gal\/"},{"@type":"ListItem","position":2,"name":"Tienda","item":"https:\/\/alvarelloseditora.gal\/es\/tienda\/"},{"@type":"ListItem","position":3,"name":"QUENDA DA CATIVIDADE"}]},{"@type":"WebSite","@id":"https:\/\/alvarelloseditora.gal\/#website","url":"https:\/\/alvarelloseditora.gal\/","name":"Alvarellos Editora","description":"Libros para un mundo en tr\u00e1nsito","publisher":{"@id":"https:\/\/alvarelloseditora.gal\/#organization"},"potentialAction":[{"@type":"SearchAction","target":{"@type":"EntryPoint","urlTemplate":"https:\/\/alvarelloseditora.gal\/?s={search_term_string}"},"query-input":{"@type":"PropertyValueSpecification","valueRequired":true,"valueName":"search_term_string"}}],"inLanguage":"es"},{"@type":"Organization","@id":"https:\/\/alvarelloseditora.gal\/#organization","name":"Alvarellos Editora","url":"https:\/\/alvarelloseditora.gal\/","logo":{"@type":"ImageObject","inLanguage":"es","@id":"https:\/\/alvarelloseditora.gal\/#\/schema\/logo\/image\/","url":"https:\/\/alvarelloseditora.gal\/wp-content\/uploads\/2020\/02\/alv-icon.png","contentUrl":"https:\/\/alvarelloseditora.gal\/wp-content\/uploads\/2020\/02\/alv-icon.png","width":177,"height":175,"caption":"Alvarellos Editora"},"image":{"@id":"https:\/\/alvarelloseditora.gal\/#\/schema\/logo\/image\/"},"sameAs":["https:\/\/www.facebook.com\/alvarelloseditora","https:\/\/x.com\/alvarellos_ed"]}]}},"_links":{"self":[{"href":"https:\/\/alvarelloseditora.gal\/es\/wp-json\/wp\/v2\/product\/2803","targetHints":{"allow":["GET"]}}],"collection":[{"href":"https:\/\/alvarelloseditora.gal\/es\/wp-json\/wp\/v2\/product"}],"about":[{"href":"https:\/\/alvarelloseditora.gal\/es\/wp-json\/wp\/v2\/types\/product"}],"replies":[{"embeddable":true,"href":"https:\/\/alvarelloseditora.gal\/es\/wp-json\/wp\/v2\/comments?post=2803"}],"wp:featuredmedia":[{"embeddable":true,"href":"https:\/\/alvarelloseditora.gal\/es\/wp-json\/wp\/v2\/media\/4109"}],"wp:attachment":[{"href":"https:\/\/alvarelloseditora.gal\/es\/wp-json\/wp\/v2\/media?parent=2803"}],"wp:term":[{"taxonomy":"product_brand","embeddable":true,"href":"https:\/\/alvarelloseditora.gal\/es\/wp-json\/wp\/v2\/product_brand?post=2803"},{"taxonomy":"product_cat","embeddable":true,"href":"https:\/\/alvarelloseditora.gal\/es\/wp-json\/wp\/v2\/product_cat?post=2803"},{"taxonomy":"product_tag","embeddable":true,"href":"https:\/\/alvarelloseditora.gal\/es\/wp-json\/wp\/v2\/product_tag?post=2803"}],"curies":[{"name":"wp","href":"https:\/\/api.w.org\/{rel}","templated":true}]}}