{"id":2800,"date":"2019-12-27T13:40:34","date_gmt":"2019-12-27T14:02:26","guid":{"rendered":"https:\/\/nueva.alvarellos.info\/product\/cantares-gallegos-hoxe\/"},"modified":"2021-07-01T14:44:33","modified_gmt":"2021-07-01T12:44:33","slug":"cantares-gallegos-hoxe","status":"publish","type":"product","link":"https:\/\/alvarelloseditora.gal\/es\/libro\/cantares-gallegos-hoxe\/","title":{"rendered":"\u00abCantares gallegos\u00bb, hoxe"},"content":{"rendered":"<p>24-02-2016\u00a0<strong>Revista de lenguas y literaturas catalana, gallega y vasca. <\/strong><em>Cr\u00edtica de Laura Pi\u00f1eiro \u00a0<\/em><a href=\"http:\/\/alvarellos.info\/arquivos\/Resena_Garcia_Negro-Laura-Pineiro-Univ-Vigo.pdf\" target=\"_blank\" rel=\"noopener noreferrer\">alvarellos.info\/arquivos\/Resena_Garcia_Negro-Laura-Pineiro-Univ-Vigo.pdf<\/a><\/p>\n<p>29\/04\/13 &#8211;\u00a0<strong>Mundiario<\/strong>-Galicia:\u00a0<a href=\"http:\/\/mundiario.com\/galicia\/2013\/04\/29\/%EF%BB%BFos-cantares-gallegos-interpretados-hoxe-pola-escritora-pilar-garcia-negro\/\">http:\/\/mundiario.com\/galicia\/2013\/04\/29\/%EF%BB%BFos-cantares-gallegos-interpretados-hoxe-pola-escritora-pilar-garcia-negro\/<\/a><\/p>\n<p>30\/04\/13 &#8211; <strong>Diario de Ferrol<\/strong>:\u00a0<a href=\"http:\/\/www.diariodeferrol.com\/articulo\/ferrol\/pilar-garcia-negro-presenta-a-sua-vision-de-cantares-gallegos-de-rosalia-na-escola-oficial-de-idiomas\/20130429230245043669.html\">http:\/\/www.diariodeferrol.com\/articulo\/ferrol\/pilar-garcia-negro-presenta-a-sua-vision-de-cantares-gallegos-de-rosalia-na-escola-oficial-de-idiomas\/20130429230245043669.html<\/a><\/p>\n<p>11\/05\/13 &#8211;\u00a0<strong>El Progreso<\/strong>:\u00a0<a href=\"http:\/\/elprogreso.galiciae.com\/nova\/250296-pilar-garcia-negro-rosalia-poeta-compaixon-lacrimoxena\">http:\/\/elprogreso.galiciae.com\/nova\/250296-pilar-garcia-negro-rosalia-poeta-compaixon-lacrimoxena<\/a><\/p>\n<p>02\/06\/13 &#8211; <strong>El Correo Gallego<\/strong>, cr\u00edtica de <strong>Salvador Garc\u00eda-Boda\u00f1o<\/strong>:\u00a0<a href=\"http:\/\/www.elcorreogallego.es\/opinion\/ecg\/visions-fora-do-tempo\/idEdicion-2013-06-02\/idNoticia-809672\/\">http:\/\/www.elcorreogallego.es\/opinion\/ecg\/visions-fora-do-tempo\/idEdicion-2013-06-02\/idNoticia-809672\/<\/a><\/p>\n<p>03\/06\/13 &#8211; <strong>La Opinion<\/strong> A Coru\u00f1a, cr\u00edtica de <strong>Lino Braxe<\/strong>:\u00a0<a href=\"http:\/\/www.laopinioncoruna.es\/opinion\/2013\/06\/03\/cantares-gallegos-e-pilar-garcia\/728560.html?utm_source=rss\">http:\/\/www.laopinioncoruna.es\/opinion\/2013\/06\/03\/cantares-gallegos-e-pilar-garcia\/728560.html?utm_source=rss<\/a><\/p>\n<p>22\/06\/2013 &#8211;\u00a0<strong>La Opini\u00f3n <\/strong>A Coru\u00f1a, <a href=\"https:\/\/alvarelloseditora.gal\/wp-content\/uploads\/prensa\/Prensa-la_Opinion_220613.pdf\">cr\u00edtica de\u00a0<\/a><strong><a href=\"https:\/\/alvarelloseditora.gal\/wp-content\/uploads\/prensa\/Prensa-la_Opinion_220613.pdf\">Rom\u00e1n Ra\u00f1a<\/a>.<\/strong><\/p>\n<p>18\/11\/13 &#8211; <strong>ABC-dixita<\/strong>l,\u00a0<a href=\"http:\/\/www.abc.es\/agencias\/noticia.asp?noticia=1535466\">http:\/\/www.abc.es\/agencias\/noticia.asp?noticia=1535466<\/a><\/p>\n<p>18\/11\/13 &#8211; <strong>La Vanguardia <\/strong><a href=\"http:\/\/www.lavanguardia.com\/libros\/20131118\/54393596785\/presentacion-de-una-lectura-actualizada-de-los-cantares-gallegos-de-rosalia.html\">http:\/\/www.lavanguardia.com\/libros\/20131118\/54393596785\/presentacion-de-una-lectura-actualizada-de-los-cantares-gallegos-de-rosalia.html<\/a><\/p>\n<p>20\/11\/13 &#8211;<strong> Galicia en el Mundo <\/strong><a href=\"http:\/\/www.cronicasdelaemigracion.com\/articulo\/galicia\/presentado-casa-galicia-madrid-libro-cantares-gallegos\/20131120104358054638.html\">http:\/\/www.cronicasdelaemigracion.com\/articulo\/galicia\/presentado-casa-galicia-madrid-libro-cantares-gallegos\/20131120104358054638.html<\/a><\/p>\n<p>20\/11\/13 &#8211; <strong>El Progreso<\/strong> \u00a0<a href=\"http:\/\/elprogreso.galiciae.com\/nova\/292061-garcia-negro-lleva-madrid-lectura-rosalia-cantares-gallegos\">http:\/\/elprogreso.galiciae.com\/nova\/292061-garcia-negro-lleva-madrid-lectura-rosalia-cantares-gallegos<\/a><\/p>\n<p>8\/12\/2013 <strong>Diario de Ferrol<\/strong>. <a href=\"http:\/\/www.alvarellos.info\/arquivos\/libros\/131\/DiariodeFerrol_VicenteAragusdec2013.pdf\" target=\"_blank\" rel=\"noopener noreferrer\">Cr\u00edtica de Vicente Araguas: \u00abA xustiza pola man\u00bb.<\/a><\/p>\n","protected":false},"excerpt":{"rendered":"<p>Una lectura actualizada de Rosal\u00eda de Castro<\/p>\n<p>&nbsp;<\/p>\n<p>Formato: 134 pp. 13&#215;23 cms<br \/>\nISBN: 978-84-89323-88-9<\/p>\n<p>&nbsp;<\/p>\n<p>Al cumplirse 150 a\u00f1os de la publicaci\u00f3n de Cantares gallegos (Vigo, 1863), la profesora Mar\u00eda Pilar Garc\u00eda Negro lleva a cabo una puesta al d\u00eda original, realista y actualizada de la obra que califica como el primer monumento de la literatura gallega contempor\u00e1nea. \u201cNuestro intento ha sido explicar a Rosal\u00eda y explicar los Cantares&#8230; desmusealiz\u00e1ndolos\u201d, afirma Garc\u00eda Negro. \u201cEl feminismo ilustrado y siempre socializado; el amor y la defensa ferviente de Galicia; el compromiso radical con sus clases populares. La f\u00f3rmula magistral de la escritora se alimenta de estos mandatos\u201d<\/p>\n<p>PREMIO DE LA EDICI\u00d3N DE GALICIA al Mejor Libro de No Ficci\u00f3n del a\u00f1o 2013<\/p>\n","protected":false},"featured_media":4103,"comment_status":"closed","ping_status":"closed","template":"","meta":[],"product_brand":[],"product_cat":[105],"product_tag":[],"class_list":{"0":"post-2800","1":"product","2":"type-product","3":"status-publish","4":"has-post-thumbnail","6":"product_author-ma-pilar-garcia-negro-es","7":"product_cat-oeste-es","9":"first","10":"instock","11":"taxable","12":"shipping-taxable","13":"purchasable","14":"product-type-simple"},"yoast_head":"<!-- This site is optimized with the Yoast SEO plugin v27.3 - https:\/\/yoast.com\/product\/yoast-seo-wordpress\/ -->\n<title>&quot;Cantares gallegos&quot;, hoxe - Alvarellos Editora<\/title>\n<meta name=\"description\" content=\"&quot;Cantares gallegos&quot;, hoxe. C\u00f3mprao na tenda en li\u00f1a de Alvarellos Editora.\" \/>\n<meta name=\"robots\" content=\"index, follow, max-snippet:-1, max-image-preview:large, max-video-preview:-1\" \/>\n<link rel=\"canonical\" href=\"https:\/\/alvarelloseditora.gal\/es\/libro\/cantares-gallegos-hoxe\/\" \/>\n<meta property=\"og:locale\" content=\"es_ES\" \/>\n<meta property=\"og:type\" content=\"article\" \/>\n<meta property=\"og:title\" content=\"&quot;Cantares gallegos&quot;, hoxe - Alvarellos Editora\" \/>\n<meta property=\"og:description\" content=\"&quot;Cantares gallegos&quot;, hoxe. C\u00f3mprao na tenda en li\u00f1a de Alvarellos Editora.\" \/>\n<meta property=\"og:url\" content=\"https:\/\/alvarelloseditora.gal\/es\/libro\/cantares-gallegos-hoxe\/\" \/>\n<meta property=\"og:site_name\" content=\"Alvarellos Editora\" \/>\n<meta property=\"article:publisher\" content=\"https:\/\/www.facebook.com\/alvarelloseditora\" \/>\n<meta property=\"article:modified_time\" content=\"2021-07-01T12:44:33+00:00\" \/>\n<meta property=\"og:image\" content=\"https:\/\/alvarelloseditora.gal\/wp-content\/uploads\/2019\/12\/Cuberta-en-baixa-CARA-A-CG-HOXE.jpg\" \/>\n\t<meta property=\"og:image:width\" content=\"900\" \/>\n\t<meta property=\"og:image:height\" content=\"1596\" \/>\n\t<meta property=\"og:image:type\" content=\"image\/jpeg\" \/>\n<meta name=\"twitter:card\" content=\"summary_large_image\" \/>\n<meta name=\"twitter:site\" content=\"@alvarellos_ed\" \/>\n<meta name=\"twitter:label1\" content=\"Tiempo de lectura\" \/>\n\t<meta name=\"twitter:data1\" content=\"1 minuto\" \/>\n<!-- \/ Yoast SEO plugin. -->","yoast_head_json":{"title":"\"Cantares gallegos\", hoxe - Alvarellos Editora","description":"\"Cantares gallegos\", hoxe. C\u00f3mprao na tenda en li\u00f1a de Alvarellos Editora.","robots":{"index":"index","follow":"follow","max-snippet":"max-snippet:-1","max-image-preview":"max-image-preview:large","max-video-preview":"max-video-preview:-1"},"canonical":"https:\/\/alvarelloseditora.gal\/es\/libro\/cantares-gallegos-hoxe\/","og_locale":"es_ES","og_type":"article","og_title":"\"Cantares gallegos\", hoxe - Alvarellos Editora","og_description":"\"Cantares gallegos\", hoxe. C\u00f3mprao na tenda en li\u00f1a de Alvarellos Editora.","og_url":"https:\/\/alvarelloseditora.gal\/es\/libro\/cantares-gallegos-hoxe\/","og_site_name":"Alvarellos Editora","article_publisher":"https:\/\/www.facebook.com\/alvarelloseditora","article_modified_time":"2021-07-01T12:44:33+00:00","og_image":[{"width":900,"height":1596,"url":"https:\/\/alvarelloseditora.gal\/wp-content\/uploads\/2019\/12\/Cuberta-en-baixa-CARA-A-CG-HOXE.jpg","type":"image\/jpeg"}],"twitter_card":"summary_large_image","twitter_site":"@alvarellos_ed","twitter_misc":{"Tiempo de lectura":"1 minuto"},"schema":{"@context":"https:\/\/schema.org","@graph":[{"@type":["WebPage","ItemPage"],"@id":"https:\/\/alvarelloseditora.gal\/es\/libro\/cantares-gallegos-hoxe\/","url":"https:\/\/alvarelloseditora.gal\/es\/libro\/cantares-gallegos-hoxe\/","name":"\"Cantares gallegos\", hoxe - Alvarellos Editora","isPartOf":{"@id":"https:\/\/alvarelloseditora.gal\/#website"},"primaryImageOfPage":{"@id":"https:\/\/alvarelloseditora.gal\/es\/libro\/cantares-gallegos-hoxe\/#primaryimage"},"image":{"@id":"https:\/\/alvarelloseditora.gal\/es\/libro\/cantares-gallegos-hoxe\/#primaryimage"},"thumbnailUrl":"https:\/\/alvarelloseditora.gal\/wp-content\/uploads\/2019\/12\/Cuberta-en-baixa-CARA-A-CG-HOXE.jpg","datePublished":"2019-12-27T14:02:26+00:00","dateModified":"2021-07-01T12:44:33+00:00","description":"\"Cantares gallegos\", hoxe. C\u00f3mprao na tenda en li\u00f1a de Alvarellos Editora.","breadcrumb":{"@id":"https:\/\/alvarelloseditora.gal\/es\/libro\/cantares-gallegos-hoxe\/#breadcrumb"},"inLanguage":"es","potentialAction":[{"@type":"ReadAction","target":["https:\/\/alvarelloseditora.gal\/es\/libro\/cantares-gallegos-hoxe\/"]}]},{"@type":"ImageObject","inLanguage":"es","@id":"https:\/\/alvarelloseditora.gal\/es\/libro\/cantares-gallegos-hoxe\/#primaryimage","url":"https:\/\/alvarelloseditora.gal\/wp-content\/uploads\/2019\/12\/Cuberta-en-baixa-CARA-A-CG-HOXE.jpg","contentUrl":"https:\/\/alvarelloseditora.gal\/wp-content\/uploads\/2019\/12\/Cuberta-en-baixa-CARA-A-CG-HOXE.jpg","width":900,"height":1596},{"@type":"BreadcrumbList","@id":"https:\/\/alvarelloseditora.gal\/es\/libro\/cantares-gallegos-hoxe\/#breadcrumb","itemListElement":[{"@type":"ListItem","position":1,"name":"Portada","item":"https:\/\/alvarelloseditora.gal\/"},{"@type":"ListItem","position":2,"name":"Tienda","item":"https:\/\/alvarelloseditora.gal\/es\/tienda\/"},{"@type":"ListItem","position":3,"name":"\u00abCantares gallegos\u00bb, hoxe"}]},{"@type":"WebSite","@id":"https:\/\/alvarelloseditora.gal\/#website","url":"https:\/\/alvarelloseditora.gal\/","name":"Alvarellos Editora","description":"Libros para un mundo en tr\u00e1nsito","publisher":{"@id":"https:\/\/alvarelloseditora.gal\/#organization"},"potentialAction":[{"@type":"SearchAction","target":{"@type":"EntryPoint","urlTemplate":"https:\/\/alvarelloseditora.gal\/?s={search_term_string}"},"query-input":{"@type":"PropertyValueSpecification","valueRequired":true,"valueName":"search_term_string"}}],"inLanguage":"es"},{"@type":"Organization","@id":"https:\/\/alvarelloseditora.gal\/#organization","name":"Alvarellos Editora","url":"https:\/\/alvarelloseditora.gal\/","logo":{"@type":"ImageObject","inLanguage":"es","@id":"https:\/\/alvarelloseditora.gal\/#\/schema\/logo\/image\/","url":"https:\/\/alvarelloseditora.gal\/wp-content\/uploads\/2020\/02\/alv-icon.png","contentUrl":"https:\/\/alvarelloseditora.gal\/wp-content\/uploads\/2020\/02\/alv-icon.png","width":177,"height":175,"caption":"Alvarellos Editora"},"image":{"@id":"https:\/\/alvarelloseditora.gal\/#\/schema\/logo\/image\/"},"sameAs":["https:\/\/www.facebook.com\/alvarelloseditora","https:\/\/x.com\/alvarellos_ed"]}]}},"_links":{"self":[{"href":"https:\/\/alvarelloseditora.gal\/es\/wp-json\/wp\/v2\/product\/2800","targetHints":{"allow":["GET"]}}],"collection":[{"href":"https:\/\/alvarelloseditora.gal\/es\/wp-json\/wp\/v2\/product"}],"about":[{"href":"https:\/\/alvarelloseditora.gal\/es\/wp-json\/wp\/v2\/types\/product"}],"replies":[{"embeddable":true,"href":"https:\/\/alvarelloseditora.gal\/es\/wp-json\/wp\/v2\/comments?post=2800"}],"wp:featuredmedia":[{"embeddable":true,"href":"https:\/\/alvarelloseditora.gal\/es\/wp-json\/wp\/v2\/media\/4103"}],"wp:attachment":[{"href":"https:\/\/alvarelloseditora.gal\/es\/wp-json\/wp\/v2\/media?parent=2800"}],"wp:term":[{"taxonomy":"product_brand","embeddable":true,"href":"https:\/\/alvarelloseditora.gal\/es\/wp-json\/wp\/v2\/product_brand?post=2800"},{"taxonomy":"product_cat","embeddable":true,"href":"https:\/\/alvarelloseditora.gal\/es\/wp-json\/wp\/v2\/product_cat?post=2800"},{"taxonomy":"product_tag","embeddable":true,"href":"https:\/\/alvarelloseditora.gal\/es\/wp-json\/wp\/v2\/product_tag?post=2800"}],"curies":[{"name":"wp","href":"https:\/\/api.w.org\/{rel}","templated":true}]}}