{"id":2799,"date":"2019-12-27T13:40:34","date_gmt":"2019-12-27T14:02:26","guid":{"rendered":"https:\/\/nueva.alvarellos.info\/product\/guia-verde-de-santiago-castellano\/"},"modified":"2021-06-22T22:09:42","modified_gmt":"2021-06-22T20:09:42","slug":"guia-verde-de-santiago-castellano","status":"publish","type":"product","link":"https:\/\/alvarelloseditora.gal\/es\/libro\/guia-verde-de-santiago-castellano\/","title":{"rendered":"GU\u00cdA VERDE DE SANTIAGO (castellano)"},"content":{"rendered":"<p><a href=\"https:\/\/alvarelloseditora.gal\/wp-content\/uploads\/eventos\/87_mostra_SP.pdf\" target=\"_blank\" rel=\"noopener noreferrer\"><strong>\u00bb Ver muestra de la Gu\u00eda Verde (pdf)<\/strong><\/a><\/p>\n","protected":false},"excerpt":{"rendered":"<p>UN RECORRIDO ALTERNATIVO E IN\u00c9DITO POR LA CAPITAL DE GALICIA<br \/>\n(Edici\u00f3n en Castellano)<\/p>\n<p>&nbsp;<\/p>\n<p>P\u00e1xs: 216<br \/>\nMedidas: 12&#215;22<br \/>\nEncadernaci\u00f3n: capa branda plastificada<br \/>\nIdioma: castellano<br \/>\nData de aparici\u00f3n: 30 de decembro 2009<br \/>\nISBN: 978-84-89323-32-2<\/p>\n<p>&nbsp;<\/p>\n<p>Llega a las librer\u00edas una nueva y original gu\u00eda de Compostela que se ocupa de un aspecto muy poco tratado hasta hoy, pese la que la capital de Galicia es una de las ciudades con m\u00e1s metros cuadrados de parques y jardines por habitante de toda la Pen\u00ednsula Ib\u00e9rica.<\/p>\n<p>Se trata de la Gu\u00eda verde de Santiago una obra co-editada con el Museo de Historia Natural de la USC y que cuenta con la colaboraci\u00f3n de la Concejal\u00eda de Medio Ambiente y Desarrollo Sostenible del Concello de Santiago. La gu\u00eda, que sale publicada en dos ediciones, gallego y castellano, est\u00e1 avalada por el Museo de Historia Natural de la Universidade de Santiago.<\/p>\n<p>La directora de este Museo, la bot\u00e1nica Mar\u00eda Isabel Fraga, es la coordinadora del libro adem\u00e1s de ser la autora de los textos, en colaboraci\u00f3n con Mart\u00edn Souto y Daniel Castro. Tambi\u00e9n participan Xan Guerra y Francisco Leonardo. PAPEL ECOL\u00d3GICO Y 250 FOTOGRAF\u00cdAS Impresa en papel reciclado y ecol\u00f3gico (procedente de bosques sostenibles) esta primera gu\u00eda verde de la ciudad es todo un descubrimiento. Un volumen ameno, did\u00e1ctico, sencillo, incluye 250 fotograf\u00edas a todo color, ilustraciones y mapas de 18 parques y jardines, y fichas pr\u00e1cticas de 130 especies arb\u00f3reas.<\/p>\n<p>En total, 216 p\u00e1ginas en las que se traza un recorrido a trav\u00e9s de las sorprendentes zonas verdes de la capital de Galicia. El libro se divide en dos partes: La primera se centra en los parques m\u00e1s representativos del n\u00facleo urbano: Alameda, San Lourenzo, Campus Sur, Eugenio Granell, Bonaval, Belv\u00eds&#8230;. De cada uno de estos espacios se va describiendo su historia, singularidades y especies arb\u00f3reas. La segunda parte es toda una gu\u00eda bot\u00e1nica con fichas, fotos, dibujos y comentarios de 130 especies arb\u00f3reas que est\u00e1n presentes en los parques y jardines de Compostela.<\/p>\n<p>Ver Edici\u00f3n en Galego<\/p>\n","protected":false},"featured_media":9579,"comment_status":"closed","ping_status":"closed","template":"","meta":[],"product_brand":[],"product_cat":[104],"product_tag":[1045],"class_list":{"0":"post-2799","1":"product","2":"type-product","3":"status-publish","4":"has-post-thumbnail","6":"product_author-maria-isabel-fraga-coord-martin-souto-e-daniel-castro-es","7":"product_cat-ilustrada-es","8":"product_tag-santiago-de-compostela-y-el-camino","10":"first","11":"instock","12":"taxable","13":"shipping-taxable","14":"purchasable","15":"product-type-simple"},"yoast_head":"<!-- This site is optimized with the Yoast SEO plugin v27.3 - https:\/\/yoast.com\/product\/yoast-seo-wordpress\/ -->\n<title>GU\u00cdA VERDE DE SANTIAGO (castellano) - Alvarellos Editora<\/title>\n<meta name=\"description\" content=\"GU\u00cdA VERDE DE SANTIAGO (castellano). C\u00f3mprao na tenda en li\u00f1a de Alvarellos Editora.\" \/>\n<meta name=\"robots\" content=\"index, follow, max-snippet:-1, max-image-preview:large, max-video-preview:-1\" \/>\n<link rel=\"canonical\" href=\"https:\/\/alvarelloseditora.gal\/es\/libro\/guia-verde-de-santiago-castellano\/\" \/>\n<meta property=\"og:locale\" content=\"es_ES\" \/>\n<meta property=\"og:type\" content=\"article\" \/>\n<meta property=\"og:title\" content=\"GU\u00cdA VERDE DE SANTIAGO (castellano) - Alvarellos Editora\" \/>\n<meta property=\"og:description\" content=\"GU\u00cdA VERDE DE SANTIAGO (castellano). C\u00f3mprao na tenda en li\u00f1a de Alvarellos Editora.\" \/>\n<meta property=\"og:url\" content=\"https:\/\/alvarelloseditora.gal\/es\/libro\/guia-verde-de-santiago-castellano\/\" \/>\n<meta property=\"og:site_name\" content=\"Alvarellos Editora\" \/>\n<meta property=\"article:publisher\" content=\"https:\/\/www.facebook.com\/alvarelloseditora\" \/>\n<meta property=\"article:modified_time\" content=\"2021-06-22T20:09:42+00:00\" \/>\n<meta property=\"og:image\" content=\"https:\/\/alvarelloseditora.gal\/wp-content\/uploads\/2019\/12\/Guia-verde_0001-1.jpg\" \/>\n\t<meta property=\"og:image:width\" content=\"935\" \/>\n\t<meta property=\"og:image:height\" content=\"1704\" \/>\n\t<meta property=\"og:image:type\" content=\"image\/jpeg\" \/>\n<meta name=\"twitter:card\" content=\"summary_large_image\" \/>\n<meta name=\"twitter:site\" content=\"@alvarellos_ed\" \/>\n<!-- \/ Yoast SEO plugin. -->","yoast_head_json":{"title":"GU\u00cdA VERDE DE SANTIAGO (castellano) - Alvarellos Editora","description":"GU\u00cdA VERDE DE SANTIAGO (castellano). C\u00f3mprao na tenda en li\u00f1a de Alvarellos Editora.","robots":{"index":"index","follow":"follow","max-snippet":"max-snippet:-1","max-image-preview":"max-image-preview:large","max-video-preview":"max-video-preview:-1"},"canonical":"https:\/\/alvarelloseditora.gal\/es\/libro\/guia-verde-de-santiago-castellano\/","og_locale":"es_ES","og_type":"article","og_title":"GU\u00cdA VERDE DE SANTIAGO (castellano) - Alvarellos Editora","og_description":"GU\u00cdA VERDE DE SANTIAGO (castellano). C\u00f3mprao na tenda en li\u00f1a de Alvarellos Editora.","og_url":"https:\/\/alvarelloseditora.gal\/es\/libro\/guia-verde-de-santiago-castellano\/","og_site_name":"Alvarellos Editora","article_publisher":"https:\/\/www.facebook.com\/alvarelloseditora","article_modified_time":"2021-06-22T20:09:42+00:00","og_image":[{"width":935,"height":1704,"url":"https:\/\/alvarelloseditora.gal\/wp-content\/uploads\/2019\/12\/Guia-verde_0001-1.jpg","type":"image\/jpeg"}],"twitter_card":"summary_large_image","twitter_site":"@alvarellos_ed","schema":{"@context":"https:\/\/schema.org","@graph":[{"@type":["WebPage","ItemPage"],"@id":"https:\/\/alvarelloseditora.gal\/es\/libro\/guia-verde-de-santiago-castellano\/","url":"https:\/\/alvarelloseditora.gal\/es\/libro\/guia-verde-de-santiago-castellano\/","name":"GU\u00cdA VERDE DE SANTIAGO (castellano) - Alvarellos Editora","isPartOf":{"@id":"https:\/\/alvarelloseditora.gal\/#website"},"primaryImageOfPage":{"@id":"https:\/\/alvarelloseditora.gal\/es\/libro\/guia-verde-de-santiago-castellano\/#primaryimage"},"image":{"@id":"https:\/\/alvarelloseditora.gal\/es\/libro\/guia-verde-de-santiago-castellano\/#primaryimage"},"thumbnailUrl":"https:\/\/alvarelloseditora.gal\/wp-content\/uploads\/2019\/12\/Guia-verde_0001-1.jpg","datePublished":"2019-12-27T14:02:26+00:00","dateModified":"2021-06-22T20:09:42+00:00","description":"GU\u00cdA VERDE DE SANTIAGO (castellano). C\u00f3mprao na tenda en li\u00f1a de Alvarellos Editora.","breadcrumb":{"@id":"https:\/\/alvarelloseditora.gal\/es\/libro\/guia-verde-de-santiago-castellano\/#breadcrumb"},"inLanguage":"es","potentialAction":[{"@type":"ReadAction","target":["https:\/\/alvarelloseditora.gal\/es\/libro\/guia-verde-de-santiago-castellano\/"]}]},{"@type":"ImageObject","inLanguage":"es","@id":"https:\/\/alvarelloseditora.gal\/es\/libro\/guia-verde-de-santiago-castellano\/#primaryimage","url":"https:\/\/alvarelloseditora.gal\/wp-content\/uploads\/2019\/12\/Guia-verde_0001-1.jpg","contentUrl":"https:\/\/alvarelloseditora.gal\/wp-content\/uploads\/2019\/12\/Guia-verde_0001-1.jpg","width":935,"height":1704},{"@type":"BreadcrumbList","@id":"https:\/\/alvarelloseditora.gal\/es\/libro\/guia-verde-de-santiago-castellano\/#breadcrumb","itemListElement":[{"@type":"ListItem","position":1,"name":"Portada","item":"https:\/\/alvarelloseditora.gal\/"},{"@type":"ListItem","position":2,"name":"Tienda","item":"https:\/\/alvarelloseditora.gal\/es\/tienda\/"},{"@type":"ListItem","position":3,"name":"GU\u00cdA VERDE DE SANTIAGO (castellano)"}]},{"@type":"WebSite","@id":"https:\/\/alvarelloseditora.gal\/#website","url":"https:\/\/alvarelloseditora.gal\/","name":"Alvarellos Editora","description":"Libros para un mundo en tr\u00e1nsito","publisher":{"@id":"https:\/\/alvarelloseditora.gal\/#organization"},"potentialAction":[{"@type":"SearchAction","target":{"@type":"EntryPoint","urlTemplate":"https:\/\/alvarelloseditora.gal\/?s={search_term_string}"},"query-input":{"@type":"PropertyValueSpecification","valueRequired":true,"valueName":"search_term_string"}}],"inLanguage":"es"},{"@type":"Organization","@id":"https:\/\/alvarelloseditora.gal\/#organization","name":"Alvarellos Editora","url":"https:\/\/alvarelloseditora.gal\/","logo":{"@type":"ImageObject","inLanguage":"es","@id":"https:\/\/alvarelloseditora.gal\/#\/schema\/logo\/image\/","url":"https:\/\/alvarelloseditora.gal\/wp-content\/uploads\/2020\/02\/alv-icon.png","contentUrl":"https:\/\/alvarelloseditora.gal\/wp-content\/uploads\/2020\/02\/alv-icon.png","width":177,"height":175,"caption":"Alvarellos Editora"},"image":{"@id":"https:\/\/alvarelloseditora.gal\/#\/schema\/logo\/image\/"},"sameAs":["https:\/\/www.facebook.com\/alvarelloseditora","https:\/\/x.com\/alvarellos_ed"]}]}},"_links":{"self":[{"href":"https:\/\/alvarelloseditora.gal\/es\/wp-json\/wp\/v2\/product\/2799","targetHints":{"allow":["GET"]}}],"collection":[{"href":"https:\/\/alvarelloseditora.gal\/es\/wp-json\/wp\/v2\/product"}],"about":[{"href":"https:\/\/alvarelloseditora.gal\/es\/wp-json\/wp\/v2\/types\/product"}],"replies":[{"embeddable":true,"href":"https:\/\/alvarelloseditora.gal\/es\/wp-json\/wp\/v2\/comments?post=2799"}],"wp:featuredmedia":[{"embeddable":true,"href":"https:\/\/alvarelloseditora.gal\/es\/wp-json\/wp\/v2\/media\/9579"}],"wp:attachment":[{"href":"https:\/\/alvarelloseditora.gal\/es\/wp-json\/wp\/v2\/media?parent=2799"}],"wp:term":[{"taxonomy":"product_brand","embeddable":true,"href":"https:\/\/alvarelloseditora.gal\/es\/wp-json\/wp\/v2\/product_brand?post=2799"},{"taxonomy":"product_cat","embeddable":true,"href":"https:\/\/alvarelloseditora.gal\/es\/wp-json\/wp\/v2\/product_cat?post=2799"},{"taxonomy":"product_tag","embeddable":true,"href":"https:\/\/alvarelloseditora.gal\/es\/wp-json\/wp\/v2\/product_tag?post=2799"}],"curies":[{"name":"wp","href":"https:\/\/api.w.org\/{rel}","templated":true}]}}