{"id":2795,"date":"2019-12-27T13:40:34","date_gmt":"2019-12-27T14:02:26","guid":{"rendered":"https:\/\/nueva.alvarellos.info\/product\/santiago-ciudad-de-encuentros-y-presencias\/"},"modified":"2025-03-26T11:47:57","modified_gmt":"2025-03-26T10:47:57","slug":"santiago-ciudad-de-encuentros-y-presencias","status":"publish","type":"product","link":"https:\/\/alvarelloseditora.gal\/es\/libro\/santiago-ciudad-de-encuentros-y-presencias\/","title":{"rendered":"Santiago, ciudad de encuentros y presencias"},"content":{"rendered":"","protected":false},"excerpt":{"rendered":"<p>Catorce historiadores del arte reflexionan sobre el patrimonio hist\u00f3rico de Compostela<br \/>\nFormato: 406 pp. 15,5&#215;23,5 cms<br \/>\nISBN: 978-84-89323-82-7<\/p>\n<p>&nbsp;<\/p>\n<p>&nbsp;<\/p>\n<p>Este volumen recoge las \u00faltimas investigaciones sobre arte, patrimonio e historia de la capital de Galicia del grupo \u201cIacobus\u201d de la Facultad de Xeograf\u00eda e Historia de la Universidade de Santiago. Est\u00e1 coordinado por Enrique Fern\u00e1ndez Casti\u00f1eiras y Juan Manuel Monterroso Montero. La capital de Galicia es un universo de arte, patrimonio e historia. Este volumen recoge los trabajos de catorce reconocidos historiadores del arte, integrantes del din\u00e1mico grupo de investigaci\u00f3n \u201cIacobus\u201d de la Facultade de Xeograf\u00eda e Historia de la Universidade de Santiago. Son textos que indagan en aspectos in\u00e9ditos del panorama art\u00edstico y monumental de esta ciudad. Penetran en la escultura o la arquitectura de los grandes monumentos de Santiago como la Catedral o el Hostal dos Reis Cat\u00f3licos, viajan por las artes pl\u00e1sticas de la mano de Dionisio Fierros o Lu\u00eds Seoane, evocan los or\u00edgenes de Compostela, la tradici\u00f3n jacobea, el culto a san Pedro y san Pablo, o las conexiones de Santiago con la Am\u00e9rica hispana, entre otros temas. Nuevas l\u00edneas de investigaci\u00f3n para ahondar en el conocimiento de una Compostela que ha sido definida como \u201cmar de piedra\u201d y \u201cdinamizadora de Occidente\u201d.<\/p>\n","protected":false},"featured_media":9126,"comment_status":"closed","ping_status":"closed","template":"","meta":[],"product_brand":[],"product_cat":[109],"product_tag":[1045],"class_list":{"0":"post-2795","1":"product","2":"type-product","3":"status-publish","4":"has-post-thumbnail","6":"product_cat-varia-es","7":"product_tag-santiago-de-compostela-y-el-camino","9":"first","10":"instock","11":"taxable","12":"shipping-taxable","13":"purchasable","14":"product-type-simple"},"yoast_head":"<!-- This site is optimized with the Yoast SEO plugin v27.3 - https:\/\/yoast.com\/product\/yoast-seo-wordpress\/ -->\n<title>Santiago, ciudad de encuentros y presencias - Alvarellos Editora<\/title>\n<meta name=\"description\" content=\"Santiago, ciudad de encuentros y presencias. C\u00f3mprao na tenda en li\u00f1a de Alvarellos Editora.\" \/>\n<meta name=\"robots\" content=\"index, follow, max-snippet:-1, max-image-preview:large, max-video-preview:-1\" \/>\n<link rel=\"canonical\" href=\"https:\/\/alvarelloseditora.gal\/es\/libro\/santiago-ciudad-de-encuentros-y-presencias\/\" \/>\n<meta property=\"og:locale\" content=\"es_ES\" \/>\n<meta property=\"og:type\" content=\"article\" \/>\n<meta property=\"og:title\" content=\"Santiago, ciudad de encuentros y presencias - Alvarellos Editora\" \/>\n<meta property=\"og:description\" content=\"Santiago, ciudad de encuentros y presencias. C\u00f3mprao na tenda en li\u00f1a de Alvarellos Editora.\" \/>\n<meta property=\"og:url\" content=\"https:\/\/alvarelloseditora.gal\/es\/libro\/santiago-ciudad-de-encuentros-y-presencias\/\" \/>\n<meta property=\"og:site_name\" content=\"Alvarellos Editora\" \/>\n<meta property=\"article:publisher\" content=\"https:\/\/www.facebook.com\/alvarelloseditora\" \/>\n<meta property=\"article:modified_time\" content=\"2025-03-26T10:47:57+00:00\" \/>\n<meta property=\"og:image\" content=\"https:\/\/alvarelloseditora.gal\/wp-content\/uploads\/2019\/12\/Santiago-ciudad-de-encuentros._0001.jpg\" \/>\n\t<meta property=\"og:image:width\" content=\"1221\" \/>\n\t<meta property=\"og:image:height\" content=\"1837\" \/>\n\t<meta property=\"og:image:type\" content=\"image\/jpeg\" \/>\n<meta name=\"twitter:card\" content=\"summary_large_image\" \/>\n<meta name=\"twitter:site\" content=\"@alvarellos_ed\" \/>\n<meta name=\"twitter:label1\" content=\"Tiempo de lectura\" \/>\n\t<meta name=\"twitter:data1\" content=\"1 minuto\" \/>\n<!-- \/ Yoast SEO plugin. -->","yoast_head_json":{"title":"Santiago, ciudad de encuentros y presencias - Alvarellos Editora","description":"Santiago, ciudad de encuentros y presencias. C\u00f3mprao na tenda en li\u00f1a de Alvarellos Editora.","robots":{"index":"index","follow":"follow","max-snippet":"max-snippet:-1","max-image-preview":"max-image-preview:large","max-video-preview":"max-video-preview:-1"},"canonical":"https:\/\/alvarelloseditora.gal\/es\/libro\/santiago-ciudad-de-encuentros-y-presencias\/","og_locale":"es_ES","og_type":"article","og_title":"Santiago, ciudad de encuentros y presencias - Alvarellos Editora","og_description":"Santiago, ciudad de encuentros y presencias. C\u00f3mprao na tenda en li\u00f1a de Alvarellos Editora.","og_url":"https:\/\/alvarelloseditora.gal\/es\/libro\/santiago-ciudad-de-encuentros-y-presencias\/","og_site_name":"Alvarellos Editora","article_publisher":"https:\/\/www.facebook.com\/alvarelloseditora","article_modified_time":"2025-03-26T10:47:57+00:00","og_image":[{"width":1221,"height":1837,"url":"https:\/\/alvarelloseditora.gal\/wp-content\/uploads\/2019\/12\/Santiago-ciudad-de-encuentros._0001.jpg","type":"image\/jpeg"}],"twitter_card":"summary_large_image","twitter_site":"@alvarellos_ed","twitter_misc":{"Tiempo de lectura":"1 minuto"},"schema":{"@context":"https:\/\/schema.org","@graph":[{"@type":["WebPage","ItemPage"],"@id":"https:\/\/alvarelloseditora.gal\/es\/libro\/santiago-ciudad-de-encuentros-y-presencias\/","url":"https:\/\/alvarelloseditora.gal\/es\/libro\/santiago-ciudad-de-encuentros-y-presencias\/","name":"Santiago, ciudad de encuentros y presencias - Alvarellos Editora","isPartOf":{"@id":"https:\/\/alvarelloseditora.gal\/#website"},"primaryImageOfPage":{"@id":"https:\/\/alvarelloseditora.gal\/es\/libro\/santiago-ciudad-de-encuentros-y-presencias\/#primaryimage"},"image":{"@id":"https:\/\/alvarelloseditora.gal\/es\/libro\/santiago-ciudad-de-encuentros-y-presencias\/#primaryimage"},"thumbnailUrl":"https:\/\/alvarelloseditora.gal\/wp-content\/uploads\/2019\/12\/Santiago-ciudad-de-encuentros._0001.jpg","datePublished":"2019-12-27T14:02:26+00:00","dateModified":"2025-03-26T10:47:57+00:00","description":"Santiago, ciudad de encuentros y presencias. C\u00f3mprao na tenda en li\u00f1a de Alvarellos Editora.","breadcrumb":{"@id":"https:\/\/alvarelloseditora.gal\/es\/libro\/santiago-ciudad-de-encuentros-y-presencias\/#breadcrumb"},"inLanguage":"es","potentialAction":[{"@type":"ReadAction","target":["https:\/\/alvarelloseditora.gal\/es\/libro\/santiago-ciudad-de-encuentros-y-presencias\/"]}]},{"@type":"ImageObject","inLanguage":"es","@id":"https:\/\/alvarelloseditora.gal\/es\/libro\/santiago-ciudad-de-encuentros-y-presencias\/#primaryimage","url":"https:\/\/alvarelloseditora.gal\/wp-content\/uploads\/2019\/12\/Santiago-ciudad-de-encuentros._0001.jpg","contentUrl":"https:\/\/alvarelloseditora.gal\/wp-content\/uploads\/2019\/12\/Santiago-ciudad-de-encuentros._0001.jpg","width":1221,"height":1837},{"@type":"BreadcrumbList","@id":"https:\/\/alvarelloseditora.gal\/es\/libro\/santiago-ciudad-de-encuentros-y-presencias\/#breadcrumb","itemListElement":[{"@type":"ListItem","position":1,"name":"Portada","item":"https:\/\/alvarelloseditora.gal\/"},{"@type":"ListItem","position":2,"name":"Tienda","item":"https:\/\/alvarelloseditora.gal\/es\/tienda\/"},{"@type":"ListItem","position":3,"name":"Santiago, ciudad de encuentros y presencias"}]},{"@type":"WebSite","@id":"https:\/\/alvarelloseditora.gal\/#website","url":"https:\/\/alvarelloseditora.gal\/","name":"Alvarellos Editora","description":"Libros para un mundo en tr\u00e1nsito","publisher":{"@id":"https:\/\/alvarelloseditora.gal\/#organization"},"potentialAction":[{"@type":"SearchAction","target":{"@type":"EntryPoint","urlTemplate":"https:\/\/alvarelloseditora.gal\/?s={search_term_string}"},"query-input":{"@type":"PropertyValueSpecification","valueRequired":true,"valueName":"search_term_string"}}],"inLanguage":"es"},{"@type":"Organization","@id":"https:\/\/alvarelloseditora.gal\/#organization","name":"Alvarellos Editora","url":"https:\/\/alvarelloseditora.gal\/","logo":{"@type":"ImageObject","inLanguage":"es","@id":"https:\/\/alvarelloseditora.gal\/#\/schema\/logo\/image\/","url":"https:\/\/alvarelloseditora.gal\/wp-content\/uploads\/2020\/02\/alv-icon.png","contentUrl":"https:\/\/alvarelloseditora.gal\/wp-content\/uploads\/2020\/02\/alv-icon.png","width":177,"height":175,"caption":"Alvarellos Editora"},"image":{"@id":"https:\/\/alvarelloseditora.gal\/#\/schema\/logo\/image\/"},"sameAs":["https:\/\/www.facebook.com\/alvarelloseditora","https:\/\/x.com\/alvarellos_ed"]}]}},"_links":{"self":[{"href":"https:\/\/alvarelloseditora.gal\/es\/wp-json\/wp\/v2\/product\/2795","targetHints":{"allow":["GET"]}}],"collection":[{"href":"https:\/\/alvarelloseditora.gal\/es\/wp-json\/wp\/v2\/product"}],"about":[{"href":"https:\/\/alvarelloseditora.gal\/es\/wp-json\/wp\/v2\/types\/product"}],"replies":[{"embeddable":true,"href":"https:\/\/alvarelloseditora.gal\/es\/wp-json\/wp\/v2\/comments?post=2795"}],"wp:featuredmedia":[{"embeddable":true,"href":"https:\/\/alvarelloseditora.gal\/es\/wp-json\/wp\/v2\/media\/9126"}],"wp:attachment":[{"href":"https:\/\/alvarelloseditora.gal\/es\/wp-json\/wp\/v2\/media?parent=2795"}],"wp:term":[{"taxonomy":"product_brand","embeddable":true,"href":"https:\/\/alvarelloseditora.gal\/es\/wp-json\/wp\/v2\/product_brand?post=2795"},{"taxonomy":"product_cat","embeddable":true,"href":"https:\/\/alvarelloseditora.gal\/es\/wp-json\/wp\/v2\/product_cat?post=2795"},{"taxonomy":"product_tag","embeddable":true,"href":"https:\/\/alvarelloseditora.gal\/es\/wp-json\/wp\/v2\/product_tag?post=2795"}],"curies":[{"name":"wp","href":"https:\/\/api.w.org\/{rel}","templated":true}]}}