{"id":2793,"date":"2019-12-27T13:40:34","date_gmt":"2019-12-27T14:02:26","guid":{"rendered":"https:\/\/nueva.alvarellos.info\/product\/canitrot\/"},"modified":"2021-06-23T14:06:06","modified_gmt":"2021-06-23T12:06:06","slug":"canitrot","status":"publish","type":"product","link":"https:\/\/alvarelloseditora.gal\/es\/libro\/canitrot\/","title":{"rendered":"CANITROT"},"content":{"rendered":"<p><em>Faro de Vigo<\/em> &#8211;\u00a015\/05\/2013:\u00a0<a href=\"http:\/\/www.farodevigo.es\/portada-pontevedra\/2013\/05\/15\/libro-rescata-olvido-figura-humanista-canitrot\/810552.html\">http:\/\/www.farodevigo.es\/portada-pontevedra\/2013\/05\/15\/libro-rescata-olvido-figura-humanista-canitrot\/810552.html<\/a><\/p>\n","protected":false},"excerpt":{"rendered":"<p>Cen anos de esquecemento<\/p>\n<p>&nbsp;<\/p>\n<p>Formato: 156 pp. 13&#215;23 cms<br \/>\nISBN: 978-84-89323-87-2<\/p>\n<p>&nbsp;<\/p>\n<p>Disc\u00edpulo de Murgu\u00eda y Valle-Incl\u00e1n, amigo de Castelao, implicado en el Regionalismo y e el movimiento agrarista, escritor, pintor, ilustrador y promotor cultural, el humanista pontevedr\u00e9s Prudencio Canitrot falleci\u00f3 muy joven en Madrid en un mes de enero de 1913. Desde entonces, su vida y obra han permanecido en el m\u00e1s absoluto olvido. A pesar de haber sido tambi\u00e9n promotor de eventos como la primera Exposici\u00f3n de Arte Regional Gallego (Madrid, 1912), fundador de la Biblioteca de Escritores Gallegos (1910) o corrector de la obra completa de Rosal\u00eda de Castro, una losa inexplicable cay\u00f3 sobre su figura desde el instante mismo de su fallecimiento: a su entierro solo acudieron cuatro personas (un hermano y tres amigos, entre ellos, el escritor Antonio Rey Soto). Cien a\u00f1os despu\u00e9s de su desaparici\u00f3n, el cr\u00edtico literario, investigador y periodista Carlos Geg\u00fandez L\u00f3pez intenta reparar esta injusticia. El presente volumen es breve e intenso como fue la vida de Canitrot: una reveladora primera parte rescata su figura en datos, fotograf\u00edas e incluye una muestra de la obra pict\u00f3rica del protagonista; en la segunda, Geg\u00fandez escoge diez de los mejores relatos breves de Canitrot, lo que nos brinda una magn\u00edfica oportunidad de acceder por vez primera, desde su muerte, a la obra literaria de este gran olvidado.<\/p>\n","protected":false},"featured_media":4095,"comment_status":"closed","ping_status":"closed","template":"","meta":[],"product_brand":[],"product_cat":[105],"product_tag":[],"class_list":{"0":"post-2793","1":"product","2":"type-product","3":"status-publish","4":"has-post-thumbnail","6":"product_author-carlos-gegundez-lopez-es","7":"product_cat-oeste-es","9":"first","10":"instock","11":"taxable","12":"shipping-taxable","13":"purchasable","14":"product-type-simple"},"yoast_head":"<!-- This site is optimized with the Yoast SEO plugin v27.3 - https:\/\/yoast.com\/product\/yoast-seo-wordpress\/ -->\n<title>CANITROT - Alvarellos Editora<\/title>\n<meta name=\"description\" content=\"CANITROT. C\u00f3mprao na tenda en li\u00f1a de Alvarellos Editora.\" \/>\n<meta name=\"robots\" content=\"index, follow, max-snippet:-1, max-image-preview:large, max-video-preview:-1\" \/>\n<link rel=\"canonical\" href=\"https:\/\/alvarelloseditora.gal\/es\/libro\/canitrot\/\" \/>\n<meta property=\"og:locale\" content=\"es_ES\" \/>\n<meta property=\"og:type\" content=\"article\" \/>\n<meta property=\"og:title\" content=\"CANITROT - Alvarellos Editora\" \/>\n<meta property=\"og:description\" content=\"CANITROT. C\u00f3mprao na tenda en li\u00f1a de Alvarellos Editora.\" \/>\n<meta property=\"og:url\" content=\"https:\/\/alvarelloseditora.gal\/es\/libro\/canitrot\/\" \/>\n<meta property=\"og:site_name\" content=\"Alvarellos Editora\" \/>\n<meta property=\"article:publisher\" content=\"https:\/\/www.facebook.com\/alvarelloseditora\" \/>\n<meta property=\"article:modified_time\" content=\"2021-06-23T12:06:06+00:00\" \/>\n<meta property=\"og:image\" content=\"https:\/\/alvarelloseditora.gal\/wp-content\/uploads\/2019\/12\/prudencio2.jpg\" \/>\n\t<meta property=\"og:image:width\" content=\"600\" \/>\n\t<meta property=\"og:image:height\" content=\"1062\" \/>\n\t<meta property=\"og:image:type\" content=\"image\/jpeg\" \/>\n<meta name=\"twitter:card\" content=\"summary_large_image\" \/>\n<meta name=\"twitter:site\" content=\"@alvarellos_ed\" \/>\n<!-- \/ Yoast SEO plugin. -->","yoast_head_json":{"title":"CANITROT - Alvarellos Editora","description":"CANITROT. C\u00f3mprao na tenda en li\u00f1a de Alvarellos Editora.","robots":{"index":"index","follow":"follow","max-snippet":"max-snippet:-1","max-image-preview":"max-image-preview:large","max-video-preview":"max-video-preview:-1"},"canonical":"https:\/\/alvarelloseditora.gal\/es\/libro\/canitrot\/","og_locale":"es_ES","og_type":"article","og_title":"CANITROT - Alvarellos Editora","og_description":"CANITROT. C\u00f3mprao na tenda en li\u00f1a de Alvarellos Editora.","og_url":"https:\/\/alvarelloseditora.gal\/es\/libro\/canitrot\/","og_site_name":"Alvarellos Editora","article_publisher":"https:\/\/www.facebook.com\/alvarelloseditora","article_modified_time":"2021-06-23T12:06:06+00:00","og_image":[{"width":600,"height":1062,"url":"https:\/\/alvarelloseditora.gal\/wp-content\/uploads\/2019\/12\/prudencio2.jpg","type":"image\/jpeg"}],"twitter_card":"summary_large_image","twitter_site":"@alvarellos_ed","schema":{"@context":"https:\/\/schema.org","@graph":[{"@type":["WebPage","ItemPage"],"@id":"https:\/\/alvarelloseditora.gal\/es\/libro\/canitrot\/","url":"https:\/\/alvarelloseditora.gal\/es\/libro\/canitrot\/","name":"CANITROT - Alvarellos Editora","isPartOf":{"@id":"https:\/\/alvarelloseditora.gal\/#website"},"primaryImageOfPage":{"@id":"https:\/\/alvarelloseditora.gal\/es\/libro\/canitrot\/#primaryimage"},"image":{"@id":"https:\/\/alvarelloseditora.gal\/es\/libro\/canitrot\/#primaryimage"},"thumbnailUrl":"https:\/\/alvarelloseditora.gal\/wp-content\/uploads\/2019\/12\/prudencio2.jpg","datePublished":"2019-12-27T14:02:26+00:00","dateModified":"2021-06-23T12:06:06+00:00","description":"CANITROT. C\u00f3mprao na tenda en li\u00f1a de Alvarellos Editora.","breadcrumb":{"@id":"https:\/\/alvarelloseditora.gal\/es\/libro\/canitrot\/#breadcrumb"},"inLanguage":"es","potentialAction":[{"@type":"ReadAction","target":["https:\/\/alvarelloseditora.gal\/es\/libro\/canitrot\/"]}]},{"@type":"ImageObject","inLanguage":"es","@id":"https:\/\/alvarelloseditora.gal\/es\/libro\/canitrot\/#primaryimage","url":"https:\/\/alvarelloseditora.gal\/wp-content\/uploads\/2019\/12\/prudencio2.jpg","contentUrl":"https:\/\/alvarelloseditora.gal\/wp-content\/uploads\/2019\/12\/prudencio2.jpg","width":600,"height":1062},{"@type":"BreadcrumbList","@id":"https:\/\/alvarelloseditora.gal\/es\/libro\/canitrot\/#breadcrumb","itemListElement":[{"@type":"ListItem","position":1,"name":"Portada","item":"https:\/\/alvarelloseditora.gal\/"},{"@type":"ListItem","position":2,"name":"Tienda","item":"https:\/\/alvarelloseditora.gal\/es\/tienda\/"},{"@type":"ListItem","position":3,"name":"CANITROT"}]},{"@type":"WebSite","@id":"https:\/\/alvarelloseditora.gal\/#website","url":"https:\/\/alvarelloseditora.gal\/","name":"Alvarellos Editora","description":"Libros para un mundo en tr\u00e1nsito","publisher":{"@id":"https:\/\/alvarelloseditora.gal\/#organization"},"potentialAction":[{"@type":"SearchAction","target":{"@type":"EntryPoint","urlTemplate":"https:\/\/alvarelloseditora.gal\/?s={search_term_string}"},"query-input":{"@type":"PropertyValueSpecification","valueRequired":true,"valueName":"search_term_string"}}],"inLanguage":"es"},{"@type":"Organization","@id":"https:\/\/alvarelloseditora.gal\/#organization","name":"Alvarellos Editora","url":"https:\/\/alvarelloseditora.gal\/","logo":{"@type":"ImageObject","inLanguage":"es","@id":"https:\/\/alvarelloseditora.gal\/#\/schema\/logo\/image\/","url":"https:\/\/alvarelloseditora.gal\/wp-content\/uploads\/2020\/02\/alv-icon.png","contentUrl":"https:\/\/alvarelloseditora.gal\/wp-content\/uploads\/2020\/02\/alv-icon.png","width":177,"height":175,"caption":"Alvarellos Editora"},"image":{"@id":"https:\/\/alvarelloseditora.gal\/#\/schema\/logo\/image\/"},"sameAs":["https:\/\/www.facebook.com\/alvarelloseditora","https:\/\/x.com\/alvarellos_ed"]}]}},"_links":{"self":[{"href":"https:\/\/alvarelloseditora.gal\/es\/wp-json\/wp\/v2\/product\/2793","targetHints":{"allow":["GET"]}}],"collection":[{"href":"https:\/\/alvarelloseditora.gal\/es\/wp-json\/wp\/v2\/product"}],"about":[{"href":"https:\/\/alvarelloseditora.gal\/es\/wp-json\/wp\/v2\/types\/product"}],"replies":[{"embeddable":true,"href":"https:\/\/alvarelloseditora.gal\/es\/wp-json\/wp\/v2\/comments?post=2793"}],"wp:featuredmedia":[{"embeddable":true,"href":"https:\/\/alvarelloseditora.gal\/es\/wp-json\/wp\/v2\/media\/4095"}],"wp:attachment":[{"href":"https:\/\/alvarelloseditora.gal\/es\/wp-json\/wp\/v2\/media?parent=2793"}],"wp:term":[{"taxonomy":"product_brand","embeddable":true,"href":"https:\/\/alvarelloseditora.gal\/es\/wp-json\/wp\/v2\/product_brand?post=2793"},{"taxonomy":"product_cat","embeddable":true,"href":"https:\/\/alvarelloseditora.gal\/es\/wp-json\/wp\/v2\/product_cat?post=2793"},{"taxonomy":"product_tag","embeddable":true,"href":"https:\/\/alvarelloseditora.gal\/es\/wp-json\/wp\/v2\/product_tag?post=2793"}],"curies":[{"name":"wp","href":"https:\/\/api.w.org\/{rel}","templated":true}]}}