{"id":2792,"date":"2019-12-27T13:40:34","date_gmt":"2019-12-27T13:40:34","guid":{"rendered":"https:\/\/nueva.alvarellos.info\/product\/diarios-de-viaje\/"},"modified":"2021-06-22T14:14:50","modified_gmt":"2021-06-22T12:14:50","slug":"diarios-de-viaje","status":"publish","type":"product","link":"https:\/\/alvarelloseditora.gal\/es\/libro\/diarios-de-viaje\/","title":{"rendered":"DIARIOS DE VIAJE"},"content":{"rendered":"<p>14\/12\/12\u00a0<strong>El Pa\u00eds<\/strong>-Galicia:\u00a0<a href=\"http:\/\/ccaa.elpais.com\/ccaa\/2012\/12\/14\/galicia\/1355508349_464050.html\">http:\/\/ccaa.elpais.com\/ccaa\/2012\/12\/14\/galicia\/1355508349_464050.html<\/a><\/p>\n<p>14\/12\/12 <strong>ABC<\/strong>:\u00a0<a href=\"http:\/\/www.abc.es\/agencias\/noticia.asp?noticia=1314751\">http:\/\/www.abc.es\/agencias\/noticia.asp?noticia=1314751<\/a><\/p>\n<p>15\/12\/12<strong> Faro de Vigo<\/strong>:\u00a0<a href=\"http:\/\/www.farodevigo.es\/sociedad-cultura\/2012\/12\/15\/alvarellos-publica-diarios-viaje-ineditos-paz-andrade\/727248.html\">http:\/\/www.farodevigo.es\/sociedad-cultura\/2012\/12\/15\/alvarellos-publica-diarios-viaje-ineditos-paz-andrade\/727248.html<\/a><\/p>\n<p>03\/04\/13 <strong>Galicia aberta<\/strong>:\u00a0<a href=\"https:\/\/emigracion.xunta.es\/es\/actualidad\/noticia\/presentado-libro-diarios-viaje-itinerarios-in%C3%A9ditos-am%C3%A9rica-1952-1955-valent%C3%ADn-pa\">https:\/\/emigracion.xunta.es\/es\/actualidad\/noticia\/presentado-libro-diarios-viaje-&#8230;<\/a><\/p>\n<p>09\/04\/13 <strong>Galicia Exterior<\/strong>:\u00a0<a href=\"http:\/\/www.espanaexterior.com\/region\/72-Galicia\/noticia\/321054-El_Consello_da_Cultura_Galega_presenta_el_libro_Diarios_de_viaje._Los_itinerarios_ineditos_de_America_19521955_de_Valentin_PazAndrade\">http:\/\/www.espanaexterior.com\/region\/72-Galicia\/noticia\/321054-El_Consello_da_Cultura_Galega_presenta_el_libro_Diarios_de_viaje&#8230;<\/a><\/p>\n<p>12\/04\/13 <strong>La Voz de Galicia<\/strong> &#8211; Cr\u00edtica de <strong>Luis Pousa<\/strong>:\u00a0<a href=\"http:\/\/www.lavozdegalicia.es\/noticia\/ocioycultura\/2013\/04\/12\/periplo-americano-valentin-paz-andrade\/0003_201304SF12P12996.htm\">http:\/\/www.lavozdegalicia.es\/noticia\/ocioycultura\/2013\/04\/12\/periplo-americano-valentin-paz-andrade\/0003_201304SF12P12996.htm<\/a><\/p>\n<p>04\/05\/13 <strong>Radio Obradoiro<\/strong> &#8211; Entrevista a <strong>Emilia Garc\u00eda L\u00f3pez<\/strong>:\u00a0<a href=\"http:\/\/www.elcorreogallego.es\/tendencias\/ecg\/emilia-garcia-lopez-habla-diarios-viaje-alvarellos-valentin-paz-andrade\/idEdicion-2013-05-04\/idNoticia-804993\/\">http:\/\/www.elcorreogallego.es\/tendencias\/ecg\/emilia-garcia-lopez-habla-diarios-viaje-alvarellos-valentin-paz-andrade\/idEdicion-2013-05-04\/idNoticia-804993\/<\/a><\/p>\n<p>23\/06\/13 <strong>El Correo Gallego <\/strong>&#8211; Cr\u00edtica de<strong> Vicente Araguas<\/strong>:\u00a0<a href=\"http:\/\/www.elcorreogallego.es\/opinion\/ecg\/un-ilustrado\/idEdicion-2013-06-23\/idNoticia-813308\/\">http:\/\/www.elcorreogallego.es\/opinion\/ecg\/un-ilustrado\/idEdicion-2013-06-23\/idNoticia-813308\/<\/a><\/p>\n<p>01\/07\/13 <strong>Grial<\/strong>\u00a0n\u00ba 198. <a href=\"https:\/\/alvarelloseditora.gal\/wp-content\/uploads\/prensa\/Grial_198_Critica_de_Charo_Portela.pdf\" target=\"_blank\" rel=\"noopener noreferrer\">Cr\u00edtica de <\/a><strong><a href=\"https:\/\/alvarelloseditora.gal\/wp-content\/uploads\/prensa\/Grial_198_Critica_de_Charo_Portela.pdf\" target=\"_blank\" rel=\"noopener noreferrer\">Charo Portela<\/a>.<\/strong><\/p>\n","protected":false},"excerpt":{"rendered":"<p>Los itinerarios in\u00e9ditos de Am\u00e9rica, 1952-1955<\/p>\n<p>&nbsp;<\/p>\n<p>Formato: 180 pp. 13&#215;23 cms<br \/>\nISBN: 978-84-89323-84-1<\/p>\n<p>5<\/p>\n<p>Estos \u00abDiarios de viaje\u00bb de Valent\u00edn Paz-Andrade (L\u00e9rez-Pontevedra, 1898\u2013Vigo, 1987) permanec\u00edan in\u00e9ditos desde hace sesenta a\u00f1os. Su autor, poeta, periodista, economista y empresario, y tambi\u00e9n pol\u00edtico galleguista, recorri\u00f3 el Nuevo Continente, desde Canad\u00e1 hasta Chile, en la d\u00e9cada de los cincuenta del siglo pasado. Lo hizo como Delegado para Am\u00e9rica Latina de la FAO (Organizaci\u00f3n de las Naciones Unidas para la Alimentaci\u00f3n y la Agricultura), pues era un reconocido especialista en econom\u00eda pesquera. El resultado de aquella experiencia es este delicioso libro de viajes. Una prosa riqu\u00edsima que combina el lirismo hondo del poeta con un an\u00e1lisis profundo y certero de los lugares, gentes y acontecimientos que iba encontrando a su paso. Anotaciones a veces manuscritas, otras pasadas a m\u00e1quina, que han sido descubiertas por la historiadora Emilia Garc\u00eda, y que aparecen aqu\u00ed acompa\u00f1adas de fotograf\u00edas, postales o ilustraciones de la \u00e9poca, guardadas por el autor entre las hojas olvidadas de sus Diarios.<\/p>\n","protected":false},"featured_media":6790,"comment_status":"closed","ping_status":"closed","template":"","meta":[],"product_brand":[],"product_cat":[111],"product_tag":[],"class_list":{"0":"post-2792","1":"product","2":"type-product","3":"status-publish","4":"has-post-thumbnail","6":"product_author-valentin-paz-andrade-es","7":"product_cat-coleccion-rescate-es","9":"first","10":"instock","11":"taxable","12":"shipping-taxable","13":"purchasable","14":"product-type-simple"},"yoast_head":"<!-- This site is optimized with the Yoast SEO plugin v27.3 - https:\/\/yoast.com\/product\/yoast-seo-wordpress\/ -->\n<title>DIARIOS DE VIAJE - Alvarellos Editora<\/title>\n<meta name=\"description\" content=\"DIARIOS DE VIAJE. C\u00f3mprao na tenda en li\u00f1a de Alvarellos Editora.\" \/>\n<meta name=\"robots\" content=\"index, follow, max-snippet:-1, max-image-preview:large, max-video-preview:-1\" \/>\n<link rel=\"canonical\" href=\"https:\/\/alvarelloseditora.gal\/es\/libro\/diarios-de-viaje\/\" \/>\n<meta property=\"og:locale\" content=\"es_ES\" \/>\n<meta property=\"og:type\" content=\"article\" \/>\n<meta property=\"og:title\" content=\"DIARIOS DE VIAJE - Alvarellos Editora\" \/>\n<meta property=\"og:description\" content=\"DIARIOS DE VIAJE. C\u00f3mprao na tenda en li\u00f1a de Alvarellos Editora.\" \/>\n<meta property=\"og:url\" content=\"https:\/\/alvarelloseditora.gal\/es\/libro\/diarios-de-viaje\/\" \/>\n<meta property=\"og:site_name\" content=\"Alvarellos Editora\" \/>\n<meta property=\"article:publisher\" content=\"https:\/\/www.facebook.com\/alvarelloseditora\" \/>\n<meta property=\"article:modified_time\" content=\"2021-06-22T12:14:50+00:00\" \/>\n<meta property=\"og:image\" content=\"https:\/\/alvarelloseditora.gal\/wp-content\/uploads\/2019\/12\/Capa-DIARIOS-DE-VIAJE-scaled.jpg\" \/>\n\t<meta property=\"og:image:width\" content=\"1731\" \/>\n\t<meta property=\"og:image:height\" content=\"2560\" \/>\n\t<meta property=\"og:image:type\" content=\"image\/jpeg\" \/>\n<meta name=\"twitter:card\" content=\"summary_large_image\" \/>\n<meta name=\"twitter:site\" content=\"@alvarellos_ed\" \/>\n<meta name=\"twitter:label1\" content=\"Tiempo de lectura\" \/>\n\t<meta name=\"twitter:data1\" content=\"1 minuto\" \/>\n<!-- \/ Yoast SEO plugin. -->","yoast_head_json":{"title":"DIARIOS DE VIAJE - Alvarellos Editora","description":"DIARIOS DE VIAJE. C\u00f3mprao na tenda en li\u00f1a de Alvarellos Editora.","robots":{"index":"index","follow":"follow","max-snippet":"max-snippet:-1","max-image-preview":"max-image-preview:large","max-video-preview":"max-video-preview:-1"},"canonical":"https:\/\/alvarelloseditora.gal\/es\/libro\/diarios-de-viaje\/","og_locale":"es_ES","og_type":"article","og_title":"DIARIOS DE VIAJE - Alvarellos Editora","og_description":"DIARIOS DE VIAJE. C\u00f3mprao na tenda en li\u00f1a de Alvarellos Editora.","og_url":"https:\/\/alvarelloseditora.gal\/es\/libro\/diarios-de-viaje\/","og_site_name":"Alvarellos Editora","article_publisher":"https:\/\/www.facebook.com\/alvarelloseditora","article_modified_time":"2021-06-22T12:14:50+00:00","og_image":[{"width":1731,"height":2560,"url":"https:\/\/alvarelloseditora.gal\/wp-content\/uploads\/2019\/12\/Capa-DIARIOS-DE-VIAJE-scaled.jpg","type":"image\/jpeg"}],"twitter_card":"summary_large_image","twitter_site":"@alvarellos_ed","twitter_misc":{"Tiempo de lectura":"1 minuto"},"schema":{"@context":"https:\/\/schema.org","@graph":[{"@type":["WebPage","ItemPage"],"@id":"https:\/\/alvarelloseditora.gal\/es\/libro\/diarios-de-viaje\/","url":"https:\/\/alvarelloseditora.gal\/es\/libro\/diarios-de-viaje\/","name":"DIARIOS DE VIAJE - Alvarellos Editora","isPartOf":{"@id":"https:\/\/alvarelloseditora.gal\/#website"},"primaryImageOfPage":{"@id":"https:\/\/alvarelloseditora.gal\/es\/libro\/diarios-de-viaje\/#primaryimage"},"image":{"@id":"https:\/\/alvarelloseditora.gal\/es\/libro\/diarios-de-viaje\/#primaryimage"},"thumbnailUrl":"https:\/\/alvarelloseditora.gal\/wp-content\/uploads\/2019\/12\/Capa-DIARIOS-DE-VIAJE-scaled.jpg","datePublished":"2019-12-27T13:40:34+00:00","dateModified":"2021-06-22T12:14:50+00:00","description":"DIARIOS DE VIAJE. C\u00f3mprao na tenda en li\u00f1a de Alvarellos Editora.","breadcrumb":{"@id":"https:\/\/alvarelloseditora.gal\/es\/libro\/diarios-de-viaje\/#breadcrumb"},"inLanguage":"es","potentialAction":[{"@type":"ReadAction","target":["https:\/\/alvarelloseditora.gal\/es\/libro\/diarios-de-viaje\/"]}]},{"@type":"ImageObject","inLanguage":"es","@id":"https:\/\/alvarelloseditora.gal\/es\/libro\/diarios-de-viaje\/#primaryimage","url":"https:\/\/alvarelloseditora.gal\/wp-content\/uploads\/2019\/12\/Capa-DIARIOS-DE-VIAJE-scaled.jpg","contentUrl":"https:\/\/alvarelloseditora.gal\/wp-content\/uploads\/2019\/12\/Capa-DIARIOS-DE-VIAJE-scaled.jpg","width":1731,"height":2560},{"@type":"BreadcrumbList","@id":"https:\/\/alvarelloseditora.gal\/es\/libro\/diarios-de-viaje\/#breadcrumb","itemListElement":[{"@type":"ListItem","position":1,"name":"Portada","item":"https:\/\/alvarelloseditora.gal\/"},{"@type":"ListItem","position":2,"name":"Tienda","item":"https:\/\/alvarelloseditora.gal\/es\/tienda\/"},{"@type":"ListItem","position":3,"name":"DIARIOS DE VIAJE"}]},{"@type":"WebSite","@id":"https:\/\/alvarelloseditora.gal\/#website","url":"https:\/\/alvarelloseditora.gal\/","name":"Alvarellos Editora","description":"Libros para un mundo en tr\u00e1nsito","publisher":{"@id":"https:\/\/alvarelloseditora.gal\/#organization"},"potentialAction":[{"@type":"SearchAction","target":{"@type":"EntryPoint","urlTemplate":"https:\/\/alvarelloseditora.gal\/?s={search_term_string}"},"query-input":{"@type":"PropertyValueSpecification","valueRequired":true,"valueName":"search_term_string"}}],"inLanguage":"es"},{"@type":"Organization","@id":"https:\/\/alvarelloseditora.gal\/#organization","name":"Alvarellos Editora","url":"https:\/\/alvarelloseditora.gal\/","logo":{"@type":"ImageObject","inLanguage":"es","@id":"https:\/\/alvarelloseditora.gal\/#\/schema\/logo\/image\/","url":"https:\/\/alvarelloseditora.gal\/wp-content\/uploads\/2020\/02\/alv-icon.png","contentUrl":"https:\/\/alvarelloseditora.gal\/wp-content\/uploads\/2020\/02\/alv-icon.png","width":177,"height":175,"caption":"Alvarellos Editora"},"image":{"@id":"https:\/\/alvarelloseditora.gal\/#\/schema\/logo\/image\/"},"sameAs":["https:\/\/www.facebook.com\/alvarelloseditora","https:\/\/x.com\/alvarellos_ed"]}]}},"_links":{"self":[{"href":"https:\/\/alvarelloseditora.gal\/es\/wp-json\/wp\/v2\/product\/2792","targetHints":{"allow":["GET"]}}],"collection":[{"href":"https:\/\/alvarelloseditora.gal\/es\/wp-json\/wp\/v2\/product"}],"about":[{"href":"https:\/\/alvarelloseditora.gal\/es\/wp-json\/wp\/v2\/types\/product"}],"replies":[{"embeddable":true,"href":"https:\/\/alvarelloseditora.gal\/es\/wp-json\/wp\/v2\/comments?post=2792"}],"wp:featuredmedia":[{"embeddable":true,"href":"https:\/\/alvarelloseditora.gal\/es\/wp-json\/wp\/v2\/media\/6790"}],"wp:attachment":[{"href":"https:\/\/alvarelloseditora.gal\/es\/wp-json\/wp\/v2\/media?parent=2792"}],"wp:term":[{"taxonomy":"product_brand","embeddable":true,"href":"https:\/\/alvarelloseditora.gal\/es\/wp-json\/wp\/v2\/product_brand?post=2792"},{"taxonomy":"product_cat","embeddable":true,"href":"https:\/\/alvarelloseditora.gal\/es\/wp-json\/wp\/v2\/product_cat?post=2792"},{"taxonomy":"product_tag","embeddable":true,"href":"https:\/\/alvarelloseditora.gal\/es\/wp-json\/wp\/v2\/product_tag?post=2792"}],"curies":[{"name":"wp","href":"https:\/\/api.w.org\/{rel}","templated":true}]}}