{"id":2791,"date":"2019-12-27T13:40:34","date_gmt":"2019-12-27T14:02:26","guid":{"rendered":"https:\/\/nueva.alvarellos.info\/product\/oferta-el-casino-de-vigo\/"},"modified":"2021-06-22T22:08:27","modified_gmt":"2021-06-22T20:08:27","slug":"oferta-el-casino-de-vigo","status":"publish","type":"product","link":"https:\/\/alvarelloseditora.gal\/es\/libro\/oferta-el-casino-de-vigo\/","title":{"rendered":"[OFERTA] EL CASINO DE VIGO"},"content":{"rendered":"","protected":false},"excerpt":{"rendered":"<p>Cr\u00f3nica ilustrada de la hist\u00f3rica sociedad de recreo (1847-1936)<\/p>\n<p>&nbsp;<\/p>\n<p>Formato: 212 pp. 20&#215;19 cms<br \/>\nISBN: 978-84-89323-77-3<\/p>\n<p>&nbsp;<br \/>\nEl historiador e investigador vigu\u00e9s Rub\u00e9n Mart\u00ednez Alonso ha viajado a aquellos a\u00f1os aurorales en los que Vigo se constru\u00eda como gran ciudad. Y ha recogido en estas p\u00e1ginas la cr\u00f3nica del Casino desde 1847 a 1936. Los bailes, el teatro, el cine, las visitas de personalidades ilustres (Joaqu\u00edn Loriga, Castelao, Alfonso XIII y Victoria Eugenia, Basilio \u00c1lvarez, Ram\u00f3n Cabanillas, Rodr\u00edguez de Viguri&#8230;). Tambi\u00e9n se detiene en la contabilidad, la moda o la arquitectura alrededor del Casino de Vigo. Un relato enriquecido por un centenar de fotograf\u00edas hist\u00f3ricas, e ilustraciones, muchas de ellas, tambi\u00e9n in\u00e9ditas.<br \/>\nFormato: 212 pp. 20&#215;19 cms<br \/>\nISBN: 978-84-89323-77-3<\/p>\n","protected":false},"featured_media":9576,"comment_status":"closed","ping_status":"closed","template":"","meta":[],"product_brand":[],"product_cat":[104],"product_tag":[],"class_list":{"0":"post-2791","1":"product","2":"type-product","3":"status-publish","4":"has-post-thumbnail","6":"product_author-ruben-martinez-alonso-es","7":"product_cat-ilustrada-es","9":"first","10":"instock","11":"taxable","12":"shipping-taxable","13":"purchasable","14":"product-type-simple"},"yoast_head":"<!-- This site is optimized with the Yoast SEO plugin v27.3 - https:\/\/yoast.com\/product\/yoast-seo-wordpress\/ -->\n<title>[OFERTA] EL CASINO DE VIGO - Alvarellos Editora<\/title>\n<meta name=\"description\" content=\"[OFERTA] EL CASINO DE VIGO. C\u00f3mprao na tenda en li\u00f1a de Alvarellos Editora.\" \/>\n<meta name=\"robots\" content=\"index, follow, max-snippet:-1, max-image-preview:large, max-video-preview:-1\" \/>\n<link rel=\"canonical\" href=\"https:\/\/alvarelloseditora.gal\/es\/libro\/oferta-el-casino-de-vigo\/\" \/>\n<meta property=\"og:locale\" content=\"es_ES\" \/>\n<meta property=\"og:type\" content=\"article\" \/>\n<meta property=\"og:title\" content=\"[OFERTA] EL CASINO DE VIGO - Alvarellos Editora\" \/>\n<meta property=\"og:description\" content=\"[OFERTA] EL CASINO DE VIGO. C\u00f3mprao na tenda en li\u00f1a de Alvarellos Editora.\" \/>\n<meta property=\"og:url\" content=\"https:\/\/alvarelloseditora.gal\/es\/libro\/oferta-el-casino-de-vigo\/\" \/>\n<meta property=\"og:site_name\" content=\"Alvarellos Editora\" \/>\n<meta property=\"article:publisher\" content=\"https:\/\/www.facebook.com\/alvarelloseditora\" \/>\n<meta property=\"article:modified_time\" content=\"2021-06-22T20:08:27+00:00\" \/>\n<meta property=\"og:image\" content=\"https:\/\/alvarelloseditora.gal\/wp-content\/uploads\/2019\/12\/El-casino-de-vigo_0001-1.jpg\" \/>\n\t<meta property=\"og:image:width\" content=\"1584\" \/>\n\t<meta property=\"og:image:height\" content=\"1475\" \/>\n\t<meta property=\"og:image:type\" content=\"image\/jpeg\" \/>\n<meta name=\"twitter:card\" content=\"summary_large_image\" \/>\n<meta name=\"twitter:site\" content=\"@alvarellos_ed\" \/>\n<!-- \/ Yoast SEO plugin. -->","yoast_head_json":{"title":"[OFERTA] EL CASINO DE VIGO - Alvarellos Editora","description":"[OFERTA] EL CASINO DE VIGO. C\u00f3mprao na tenda en li\u00f1a de Alvarellos Editora.","robots":{"index":"index","follow":"follow","max-snippet":"max-snippet:-1","max-image-preview":"max-image-preview:large","max-video-preview":"max-video-preview:-1"},"canonical":"https:\/\/alvarelloseditora.gal\/es\/libro\/oferta-el-casino-de-vigo\/","og_locale":"es_ES","og_type":"article","og_title":"[OFERTA] EL CASINO DE VIGO - Alvarellos Editora","og_description":"[OFERTA] EL CASINO DE VIGO. C\u00f3mprao na tenda en li\u00f1a de Alvarellos Editora.","og_url":"https:\/\/alvarelloseditora.gal\/es\/libro\/oferta-el-casino-de-vigo\/","og_site_name":"Alvarellos Editora","article_publisher":"https:\/\/www.facebook.com\/alvarelloseditora","article_modified_time":"2021-06-22T20:08:27+00:00","og_image":[{"width":1584,"height":1475,"url":"https:\/\/alvarelloseditora.gal\/wp-content\/uploads\/2019\/12\/El-casino-de-vigo_0001-1.jpg","type":"image\/jpeg"}],"twitter_card":"summary_large_image","twitter_site":"@alvarellos_ed","schema":{"@context":"https:\/\/schema.org","@graph":[{"@type":["WebPage","ItemPage"],"@id":"https:\/\/alvarelloseditora.gal\/es\/libro\/oferta-el-casino-de-vigo\/","url":"https:\/\/alvarelloseditora.gal\/es\/libro\/oferta-el-casino-de-vigo\/","name":"[OFERTA] EL CASINO DE VIGO - Alvarellos Editora","isPartOf":{"@id":"https:\/\/alvarelloseditora.gal\/#website"},"primaryImageOfPage":{"@id":"https:\/\/alvarelloseditora.gal\/es\/libro\/oferta-el-casino-de-vigo\/#primaryimage"},"image":{"@id":"https:\/\/alvarelloseditora.gal\/es\/libro\/oferta-el-casino-de-vigo\/#primaryimage"},"thumbnailUrl":"https:\/\/alvarelloseditora.gal\/wp-content\/uploads\/2019\/12\/El-casino-de-vigo_0001-1.jpg","datePublished":"2019-12-27T14:02:26+00:00","dateModified":"2021-06-22T20:08:27+00:00","description":"[OFERTA] EL CASINO DE VIGO. C\u00f3mprao na tenda en li\u00f1a de Alvarellos Editora.","breadcrumb":{"@id":"https:\/\/alvarelloseditora.gal\/es\/libro\/oferta-el-casino-de-vigo\/#breadcrumb"},"inLanguage":"es","potentialAction":[{"@type":"ReadAction","target":["https:\/\/alvarelloseditora.gal\/es\/libro\/oferta-el-casino-de-vigo\/"]}]},{"@type":"ImageObject","inLanguage":"es","@id":"https:\/\/alvarelloseditora.gal\/es\/libro\/oferta-el-casino-de-vigo\/#primaryimage","url":"https:\/\/alvarelloseditora.gal\/wp-content\/uploads\/2019\/12\/El-casino-de-vigo_0001-1.jpg","contentUrl":"https:\/\/alvarelloseditora.gal\/wp-content\/uploads\/2019\/12\/El-casino-de-vigo_0001-1.jpg","width":1584,"height":1475},{"@type":"BreadcrumbList","@id":"https:\/\/alvarelloseditora.gal\/es\/libro\/oferta-el-casino-de-vigo\/#breadcrumb","itemListElement":[{"@type":"ListItem","position":1,"name":"Portada","item":"https:\/\/alvarelloseditora.gal\/"},{"@type":"ListItem","position":2,"name":"Tienda","item":"https:\/\/alvarelloseditora.gal\/es\/tienda\/"},{"@type":"ListItem","position":3,"name":"[OFERTA] EL CASINO DE VIGO"}]},{"@type":"WebSite","@id":"https:\/\/alvarelloseditora.gal\/#website","url":"https:\/\/alvarelloseditora.gal\/","name":"Alvarellos Editora","description":"Libros para un mundo en tr\u00e1nsito","publisher":{"@id":"https:\/\/alvarelloseditora.gal\/#organization"},"potentialAction":[{"@type":"SearchAction","target":{"@type":"EntryPoint","urlTemplate":"https:\/\/alvarelloseditora.gal\/?s={search_term_string}"},"query-input":{"@type":"PropertyValueSpecification","valueRequired":true,"valueName":"search_term_string"}}],"inLanguage":"es"},{"@type":"Organization","@id":"https:\/\/alvarelloseditora.gal\/#organization","name":"Alvarellos Editora","url":"https:\/\/alvarelloseditora.gal\/","logo":{"@type":"ImageObject","inLanguage":"es","@id":"https:\/\/alvarelloseditora.gal\/#\/schema\/logo\/image\/","url":"https:\/\/alvarelloseditora.gal\/wp-content\/uploads\/2020\/02\/alv-icon.png","contentUrl":"https:\/\/alvarelloseditora.gal\/wp-content\/uploads\/2020\/02\/alv-icon.png","width":177,"height":175,"caption":"Alvarellos Editora"},"image":{"@id":"https:\/\/alvarelloseditora.gal\/#\/schema\/logo\/image\/"},"sameAs":["https:\/\/www.facebook.com\/alvarelloseditora","https:\/\/x.com\/alvarellos_ed"]}]}},"_links":{"self":[{"href":"https:\/\/alvarelloseditora.gal\/es\/wp-json\/wp\/v2\/product\/2791","targetHints":{"allow":["GET"]}}],"collection":[{"href":"https:\/\/alvarelloseditora.gal\/es\/wp-json\/wp\/v2\/product"}],"about":[{"href":"https:\/\/alvarelloseditora.gal\/es\/wp-json\/wp\/v2\/types\/product"}],"replies":[{"embeddable":true,"href":"https:\/\/alvarelloseditora.gal\/es\/wp-json\/wp\/v2\/comments?post=2791"}],"wp:featuredmedia":[{"embeddable":true,"href":"https:\/\/alvarelloseditora.gal\/es\/wp-json\/wp\/v2\/media\/9576"}],"wp:attachment":[{"href":"https:\/\/alvarelloseditora.gal\/es\/wp-json\/wp\/v2\/media?parent=2791"}],"wp:term":[{"taxonomy":"product_brand","embeddable":true,"href":"https:\/\/alvarelloseditora.gal\/es\/wp-json\/wp\/v2\/product_brand?post=2791"},{"taxonomy":"product_cat","embeddable":true,"href":"https:\/\/alvarelloseditora.gal\/es\/wp-json\/wp\/v2\/product_cat?post=2791"},{"taxonomy":"product_tag","embeddable":true,"href":"https:\/\/alvarelloseditora.gal\/es\/wp-json\/wp\/v2\/product_tag?post=2791"}],"curies":[{"name":"wp","href":"https:\/\/api.w.org\/{rel}","templated":true}]}}