{"id":2790,"date":"2019-12-27T13:40:34","date_gmt":"2019-12-27T14:02:26","guid":{"rendered":"https:\/\/nueva.alvarellos.info\/product\/luz-dormida-en-el-espejo-la\/"},"modified":"2023-09-18T10:43:03","modified_gmt":"2023-09-18T08:43:03","slug":"luz-dormida-en-el-espejo-la","status":"publish","type":"product","link":"https:\/\/alvarelloseditora.gal\/es\/libro\/luz-dormida-en-el-espejo-la\/","title":{"rendered":"La luz dormida en el espejo"},"content":{"rendered":"<p>07\/04\/14\u00a0<strong>ABC-Sevilla:\u00a0<\/strong><a href=\"https:\/\/alvarelloseditora.gal\/wp-content\/uploads\/prensa\/ABC-Sevilla 070414.pdf\" target=\"_blank\" rel=\"noopener noreferrer\">\u00abVel\u00e1zquez era un gran psic\u00f3logo, como Leonardo da Vinci\u00bb<\/a><\/p>\n<p>27\/04\/13 <strong>Faro de Vigo:<\/strong>\u00a0<a href=\"http:\/\/www.farodevigo.es\/sociedad-cultura\/2013\/04\/27\/secretos-cuadro-meninas-vida-velazquez-protagonizan-novela-gallega\/799132.html\">http:\/\/www.farodevigo.es\/sociedad-cultura\/2013\/04\/27\/secretos-cuadro-meninas-vida-velazquez-protagonizan-novela-gallega\/799132.html<\/a><\/p>\n<p>03\/05\/13 <strong>Agencia EFE<\/strong>:\u00a0<a href=\"http:\/\/eldia.es\/2013-05-03\/vidaycultura\/18-Velazquez-normal-extraordinario.htm\">http:\/\/eldia.es\/2013-05-03\/vidaycultura\/18-Velazquez-normal-extraordinario.htm\u00a0<\/a><\/p>\n<p>10\/05\/13 <strong>Radio Galega<\/strong>:\u00a0<a href=\"http:\/\/www.crtvg.es\/rg\/podcast\/a-tarde-a-tarde-do-dia-10-05-2013-583970\">http:\/\/www.crtvg.es\/rg\/podcast\/a-tarde-a-tarde-do-dia-10-05-2013-583970<\/a><\/p>\n<p>14\/05\/13 <strong>Revista de Arte<\/strong>:\u00a0<a href=\"http:\/\/www.revistadearte.com\/2013\/05\/14\/las-memorias-de-diego-velazquez\/\">http:\/\/www.revistadearte.com\/2013\/05\/14\/las-memorias-de-diego-velazquez\/<\/a><\/p>\n<p>18\/05\/13 <strong>El Correo Gallego<\/strong>: <a href=\"http:\/\/www.elcorreogallego.es\/tendencias\/ecg\/singul-desvela-la-vida-y-obra-de-diego-velazquez\/idEdicion-2013-05-18\/idNoticia-807100\/\">http:\/\/www.elcorreogallego.es\/tendencias\/ecg\/singul-desvela-la-vida-y-obra-de-diego-velazquez\/idEdicion-2013-05-18\/idNoticia-807100\/<\/a><\/p>\n<p>23\/05\/13\u00a0<strong>Mundiario<\/strong>:\u00a0<a href=\"http:\/\/mundiario.com\/blog\/2013\/05\/23\/alvarellos-editora-presenta-en-madrid-memorias-de-diego-velazquez-de-francisco-singul\/\">http:\/\/mundiario.com\/blog\/2013\/05\/23\/alvarellos-editora-presenta-en-madrid-memorias-de-diego-velazquez-de-francisco-singul\/<\/a><\/p>\n<p>29\/05\/13\u00a0<strong>Mundiario<\/strong>: <a href=\"http:\/\/mundiario.com\/blog\/2013\/05\/29\/francisco-singul-velazquez-era-flematico-pero-tambien-sensible-y-apasionado\/\">http:\/\/mundiario.com\/blog\/2013\/05\/29\/francisco-singul-velazquez-era-flematico-pero-tambien-sensible-y-apasionado\/<\/a><\/p>\n<p>31\/05\/13 <strong>Euromundo global<\/strong>:\u00a0<a href=\"http:\/\/www.euromundoglobal.com\/noticia\/165595\/Cultura\/Francisco-Singul-escribe-la-Memorias-de-Velazquez-en-una-novela.html\">http:\/\/www.euromundoglobal.com\/noticia\/165595\/Cultura\/Francisco-Singul-escribe-la-Memorias-de-Velazquez-en-una-novela.html<\/a><\/p>\n<p>06-06-13 <strong>El informador<\/strong>, de\u00a0Mexico:\u00a0<a href=\"http:\/\/www.informador.com.mx\/cultura\/2013\/462770\/6\/publican-memorias-ficcionadas-de-diego-velazquez.htm\">http:\/\/www.informador.com.mx\/cultura\/2013\/462770\/6\/publican-memorias-ficcionadas-de-diego-velazquez.htm<\/a><\/p>\n","protected":false},"excerpt":{"rendered":"<p>Memorias de Diego Vel\u00e1zquez<br \/>\n&nbsp;<br \/>\nFrancisco Singul<br \/>\n&nbsp;<\/p>\n<p>&nbsp;<\/p>\n<p>Formato: 351 pp. 15,5&#215;23,5 cms<br \/>\nISBN: 978-84-89323-85-8<\/p>\n<p>&nbsp;<\/p>\n<p>Por vez primera \u2014y tres siglos y medio despu\u00e9s de su muerte\u2014 \u201chabla\u201d Vel\u00e1zquez. El historiador gallego, y doctor en Historia del Arte, Francisco Singul ha emprendido la dif\u00edcil tarea de reconstruir el relato de la vida del gran pintor sevillano.<\/p>\n<p>Estas Memorias de Diego Vel\u00e1zquez, elaboradas con precisi\u00f3n de fuentes y una narraci\u00f3n que fluye sobria y reveladora, nos aportan las claves de su pintura, el fondo \u00edntimo de su pensamiento, y son un retrato fiel del siglo XVII espa\u00f1ol.<\/p>\n<p>\u201cUn an\u00e1lisis y una biograf\u00eda de un pintor introvertido y celoso de su intimidad que ahora aparece tratado y estudiado de un modo creativo, nuevo y original\u201d. V\u00cdCTOR NIETO ALCAIDE (Pr\u00f3logo).<\/p>\n<p>FRAGMENTOS<\/p>\n<p>\u2022 [Sevilla:] \u201cEsa era la Sevilla de mi juventud, un mundo rutilante, vanidoso y lleno de piedad a un tiempo, empachado en el exceso portuario del llevar y el traer&#8230;\u201d<\/p>\n<p>\u2022 [Donde describe el proceso de creaci\u00f3n de las Meninas:] \u201cEstoy modelando a los personajes, perturb\u00e1ndolos incluso, reteniendo mi mano antes de dar en el lienzo finas capas de pintura desle\u00edda, con esa pincelada escueta, sobria o colorista, que aprend\u00ed de los venecianos y de mi se\u00f1or Rubens\u201d.<\/p>\n<p>\u2022 [El fin de su affaire en Roma con Marta Montanini:] \u201cAbrac\u00e9 a Marta, lloramos juntos y me fui a M\u00f3dena; y de all\u00ed a G\u00e9nova, donde a fines de mayo tom\u00e9 el barco con Juan rumbo a Barcelona&#8230;\u201d.<\/p>\n<p>\u2022 [Reflexiona sobre su arte:] \u201cLo humano y su verdad es lo que m\u00e1s me importa en mi pintura; pero pintura al fin, no copia de lo real, pues gusto m\u00e1s de pintar lo que veo, a veces con la mirada interior; no lo que es, lo que en realidad existe\u201d.<\/p>\n","protected":false},"featured_media":8528,"comment_status":"closed","ping_status":"closed","template":"","meta":[],"product_brand":[],"product_cat":[109],"product_tag":[],"class_list":{"0":"post-2790","1":"product","2":"type-product","3":"status-publish","4":"has-post-thumbnail","6":"product_author-francisco-singul-es","7":"product_cat-varia-es","9":"first","10":"instock","11":"taxable","12":"shipping-taxable","13":"purchasable","14":"product-type-simple"},"yoast_head":"<!-- This site is optimized with the Yoast SEO plugin v27.3 - https:\/\/yoast.com\/product\/yoast-seo-wordpress\/ -->\n<title>La luz dormida en el espejo - Alvarellos Editora<\/title>\n<meta name=\"description\" content=\"La luz dormida en el espejo. C\u00f3mprao na tenda en li\u00f1a de Alvarellos Editora.\" \/>\n<meta name=\"robots\" content=\"index, follow, max-snippet:-1, max-image-preview:large, max-video-preview:-1\" \/>\n<link rel=\"canonical\" href=\"https:\/\/alvarelloseditora.gal\/es\/libro\/luz-dormida-en-el-espejo-la\/\" \/>\n<meta property=\"og:locale\" content=\"es_ES\" \/>\n<meta property=\"og:type\" content=\"article\" \/>\n<meta property=\"og:title\" content=\"La luz dormida en el espejo - Alvarellos Editora\" \/>\n<meta property=\"og:description\" content=\"La luz dormida en el espejo. C\u00f3mprao na tenda en li\u00f1a de Alvarellos Editora.\" \/>\n<meta property=\"og:url\" content=\"https:\/\/alvarelloseditora.gal\/es\/libro\/luz-dormida-en-el-espejo-la\/\" \/>\n<meta property=\"og:site_name\" content=\"Alvarellos Editora\" \/>\n<meta property=\"article:publisher\" content=\"https:\/\/www.facebook.com\/alvarelloseditora\" \/>\n<meta property=\"article:modified_time\" content=\"2023-09-18T08:43:03+00:00\" \/>\n<meta property=\"og:image\" content=\"https:\/\/alvarelloseditora.gal\/wp-content\/uploads\/2019\/12\/LA-LUZ-DORMIDA.jpg\" \/>\n\t<meta property=\"og:image:width\" content=\"600\" \/>\n\t<meta property=\"og:image:height\" content=\"930\" \/>\n\t<meta property=\"og:image:type\" content=\"image\/jpeg\" \/>\n<meta name=\"twitter:card\" content=\"summary_large_image\" \/>\n<meta name=\"twitter:site\" content=\"@alvarellos_ed\" \/>\n<meta name=\"twitter:label1\" content=\"Tiempo de lectura\" \/>\n\t<meta name=\"twitter:data1\" content=\"1 minuto\" \/>\n<!-- \/ Yoast SEO plugin. -->","yoast_head_json":{"title":"La luz dormida en el espejo - Alvarellos Editora","description":"La luz dormida en el espejo. C\u00f3mprao na tenda en li\u00f1a de Alvarellos Editora.","robots":{"index":"index","follow":"follow","max-snippet":"max-snippet:-1","max-image-preview":"max-image-preview:large","max-video-preview":"max-video-preview:-1"},"canonical":"https:\/\/alvarelloseditora.gal\/es\/libro\/luz-dormida-en-el-espejo-la\/","og_locale":"es_ES","og_type":"article","og_title":"La luz dormida en el espejo - Alvarellos Editora","og_description":"La luz dormida en el espejo. C\u00f3mprao na tenda en li\u00f1a de Alvarellos Editora.","og_url":"https:\/\/alvarelloseditora.gal\/es\/libro\/luz-dormida-en-el-espejo-la\/","og_site_name":"Alvarellos Editora","article_publisher":"https:\/\/www.facebook.com\/alvarelloseditora","article_modified_time":"2023-09-18T08:43:03+00:00","og_image":[{"width":600,"height":930,"url":"https:\/\/alvarelloseditora.gal\/wp-content\/uploads\/2019\/12\/LA-LUZ-DORMIDA.jpg","type":"image\/jpeg"}],"twitter_card":"summary_large_image","twitter_site":"@alvarellos_ed","twitter_misc":{"Tiempo de lectura":"1 minuto"},"schema":{"@context":"https:\/\/schema.org","@graph":[{"@type":["WebPage","ItemPage"],"@id":"https:\/\/alvarelloseditora.gal\/es\/libro\/luz-dormida-en-el-espejo-la\/","url":"https:\/\/alvarelloseditora.gal\/es\/libro\/luz-dormida-en-el-espejo-la\/","name":"La luz dormida en el espejo - Alvarellos Editora","isPartOf":{"@id":"https:\/\/alvarelloseditora.gal\/#website"},"primaryImageOfPage":{"@id":"https:\/\/alvarelloseditora.gal\/es\/libro\/luz-dormida-en-el-espejo-la\/#primaryimage"},"image":{"@id":"https:\/\/alvarelloseditora.gal\/es\/libro\/luz-dormida-en-el-espejo-la\/#primaryimage"},"thumbnailUrl":"https:\/\/alvarelloseditora.gal\/wp-content\/uploads\/2019\/12\/La-luz-dormida-en-el-espejo-libro-alvarellos-ed-scaled.jpg","datePublished":"2019-12-27T14:02:26+00:00","dateModified":"2023-09-18T08:43:03+00:00","description":"La luz dormida en el espejo. C\u00f3mprao na tenda en li\u00f1a de Alvarellos Editora.","breadcrumb":{"@id":"https:\/\/alvarelloseditora.gal\/es\/libro\/luz-dormida-en-el-espejo-la\/#breadcrumb"},"inLanguage":"es","potentialAction":[{"@type":"ReadAction","target":["https:\/\/alvarelloseditora.gal\/es\/libro\/luz-dormida-en-el-espejo-la\/"]}]},{"@type":"ImageObject","inLanguage":"es","@id":"https:\/\/alvarelloseditora.gal\/es\/libro\/luz-dormida-en-el-espejo-la\/#primaryimage","url":"https:\/\/alvarelloseditora.gal\/wp-content\/uploads\/2019\/12\/La-luz-dormida-en-el-espejo-libro-alvarellos-ed-scaled.jpg","contentUrl":"https:\/\/alvarelloseditora.gal\/wp-content\/uploads\/2019\/12\/La-luz-dormida-en-el-espejo-libro-alvarellos-ed-scaled.jpg","width":1699,"height":2560},{"@type":"BreadcrumbList","@id":"https:\/\/alvarelloseditora.gal\/es\/libro\/luz-dormida-en-el-espejo-la\/#breadcrumb","itemListElement":[{"@type":"ListItem","position":1,"name":"Portada","item":"https:\/\/alvarelloseditora.gal\/"},{"@type":"ListItem","position":2,"name":"Tienda","item":"https:\/\/alvarelloseditora.gal\/es\/tienda\/"},{"@type":"ListItem","position":3,"name":"La luz dormida en el espejo"}]},{"@type":"WebSite","@id":"https:\/\/alvarelloseditora.gal\/#website","url":"https:\/\/alvarelloseditora.gal\/","name":"Alvarellos Editora","description":"Libros para un mundo en tr\u00e1nsito","publisher":{"@id":"https:\/\/alvarelloseditora.gal\/#organization"},"potentialAction":[{"@type":"SearchAction","target":{"@type":"EntryPoint","urlTemplate":"https:\/\/alvarelloseditora.gal\/?s={search_term_string}"},"query-input":{"@type":"PropertyValueSpecification","valueRequired":true,"valueName":"search_term_string"}}],"inLanguage":"es"},{"@type":"Organization","@id":"https:\/\/alvarelloseditora.gal\/#organization","name":"Alvarellos Editora","url":"https:\/\/alvarelloseditora.gal\/","logo":{"@type":"ImageObject","inLanguage":"es","@id":"https:\/\/alvarelloseditora.gal\/#\/schema\/logo\/image\/","url":"https:\/\/alvarelloseditora.gal\/wp-content\/uploads\/2020\/02\/alv-icon.png","contentUrl":"https:\/\/alvarelloseditora.gal\/wp-content\/uploads\/2020\/02\/alv-icon.png","width":177,"height":175,"caption":"Alvarellos Editora"},"image":{"@id":"https:\/\/alvarelloseditora.gal\/#\/schema\/logo\/image\/"},"sameAs":["https:\/\/www.facebook.com\/alvarelloseditora","https:\/\/x.com\/alvarellos_ed"]}]}},"_links":{"self":[{"href":"https:\/\/alvarelloseditora.gal\/es\/wp-json\/wp\/v2\/product\/2790","targetHints":{"allow":["GET"]}}],"collection":[{"href":"https:\/\/alvarelloseditora.gal\/es\/wp-json\/wp\/v2\/product"}],"about":[{"href":"https:\/\/alvarelloseditora.gal\/es\/wp-json\/wp\/v2\/types\/product"}],"replies":[{"embeddable":true,"href":"https:\/\/alvarelloseditora.gal\/es\/wp-json\/wp\/v2\/comments?post=2790"}],"wp:featuredmedia":[{"embeddable":true,"href":"https:\/\/alvarelloseditora.gal\/es\/wp-json\/wp\/v2\/media\/8528"}],"wp:attachment":[{"href":"https:\/\/alvarelloseditora.gal\/es\/wp-json\/wp\/v2\/media?parent=2790"}],"wp:term":[{"taxonomy":"product_brand","embeddable":true,"href":"https:\/\/alvarelloseditora.gal\/es\/wp-json\/wp\/v2\/product_brand?post=2790"},{"taxonomy":"product_cat","embeddable":true,"href":"https:\/\/alvarelloseditora.gal\/es\/wp-json\/wp\/v2\/product_cat?post=2790"},{"taxonomy":"product_tag","embeddable":true,"href":"https:\/\/alvarelloseditora.gal\/es\/wp-json\/wp\/v2\/product_tag?post=2790"}],"curies":[{"name":"wp","href":"https:\/\/api.w.org\/{rel}","templated":true}]}}