{"id":2789,"date":"2019-12-27T13:40:34","date_gmt":"2019-12-27T14:02:26","guid":{"rendered":"https:\/\/nueva.alvarellos.info\/product\/la-ciudad-donde-las-piedras-florecen\/"},"modified":"2022-09-20T11:57:33","modified_gmt":"2022-09-20T09:57:33","slug":"la-ciudad-donde-las-piedras-florecen","status":"publish","type":"product","link":"https:\/\/alvarelloseditora.gal\/es\/libro\/la-ciudad-donde-las-piedras-florecen\/","title":{"rendered":"La ciudad donde las piedras florecen"},"content":{"rendered":"<p>31-04-2014 <strong>Out of nothing\u00a0<\/strong><a href=\"http:\/\/outofnothing-blog.blogspot.com.es\/2014\/05\/la-ciudad-donde-las-piedras-florecen.html\">http:\/\/outofnothing-blog.blogspot.com.es\/2014\/05\/la-ciudad-donde-las-piedras-florecen.html<\/a><\/p>\n<p><a href=\"http:\/\/www.elcorreogallego.es\/index.php?idMenu=3&amp;idNoticia=772876\" target=\"_blank\" rel=\"noopener noreferrer\"><em>24\/10\/2012<\/em>, <strong>El Correo Gallego<\/strong>, \u00abSantiago y su jard\u00edn vertical\u00bb.<\/a><\/p>\n<p><a href=\"http:\/\/www.lavozdegalicia.es\/noticia\/santiago\/2012\/10\/23\/muros-monumentales-guia-botanica\/0003_201210S23C7991.htm\" target=\"_blank\" rel=\"noopener noreferrer\"><em>24\/10\/2012<\/em>, <strong>La Voz de Galicia<\/strong>, \u00abLos muros monumentales de Santiago ya tienen su gu\u00eda bot\u00e1nica\u00bb.<\/a><\/p>\n","protected":false},"excerpt":{"rendered":"<p>Gu\u00eda bot\u00e1nica de los muros hist\u00f3ricos de Santiago de Compostela<\/p>\n<p>&nbsp;<\/p>\n<p>Formato: 138 pp. 12&#215;22 cms<br \/>\nISBN: 978-84-89323-80-3<\/p>\n<p>&nbsp;<\/p>\n<p>De Santiago de Compostela se han escrito cientos de libros y miles de p\u00e1ginas. Pero ninguna obra se hab\u00eda dedicado, hasta ahora, a descubrir esas plantas que \u2014surgiendo de la piedra como de la nada\u2014 florecen espont\u00e1neas en los muros hist\u00f3ricos de la ciudad.<\/p>\n<p>Esta gu\u00eda nos muestra c\u00f3mo identificar y localizar las 50 plantas con flores m\u00e1s representativas de los muros hist\u00f3ricos de Compostela. Cada ficha incluye los datos b\u00e1sicos de la flor y su fotograf\u00eda, sus denominaciones populares en castellano y gallego y su localizaci\u00f3n en la ciudad. Tambi\u00e9n cuenta con un apartado de curiosidades y un breve diccionario bot\u00e1nico.<\/p>\n","protected":false},"featured_media":6736,"comment_status":"closed","ping_status":"closed","template":"","meta":[],"product_brand":[],"product_cat":[104],"product_tag":[1045],"class_list":{"0":"post-2789","1":"product","2":"type-product","3":"status-publish","4":"has-post-thumbnail","6":"product_author-jose-antonio-diaz-peromingo-es","7":"product_cat-ilustrada-es","8":"product_tag-santiago-de-compostela-y-el-camino","10":"first","11":"instock","12":"taxable","13":"shipping-taxable","14":"purchasable","15":"product-type-simple"},"yoast_head":"<!-- This site is optimized with the Yoast SEO plugin v27.3 - https:\/\/yoast.com\/product\/yoast-seo-wordpress\/ -->\n<title>La ciudad donde las piedras florecen - Alvarellos Editora<\/title>\n<meta name=\"description\" content=\"La ciudad donde las piedras florecen. C\u00f3mprao na tenda en li\u00f1a de Alvarellos Editora.\" \/>\n<meta name=\"robots\" content=\"index, follow, max-snippet:-1, max-image-preview:large, max-video-preview:-1\" \/>\n<link rel=\"canonical\" href=\"https:\/\/alvarelloseditora.gal\/es\/libro\/la-ciudad-donde-las-piedras-florecen\/\" \/>\n<meta property=\"og:locale\" content=\"es_ES\" \/>\n<meta property=\"og:type\" content=\"article\" \/>\n<meta property=\"og:title\" content=\"La ciudad donde las piedras florecen - Alvarellos Editora\" \/>\n<meta property=\"og:description\" content=\"La ciudad donde las piedras florecen. C\u00f3mprao na tenda en li\u00f1a de Alvarellos Editora.\" \/>\n<meta property=\"og:url\" content=\"https:\/\/alvarelloseditora.gal\/es\/libro\/la-ciudad-donde-las-piedras-florecen\/\" \/>\n<meta property=\"og:site_name\" content=\"Alvarellos Editora\" \/>\n<meta property=\"article:publisher\" content=\"https:\/\/www.facebook.com\/alvarelloseditora\" \/>\n<meta property=\"article:modified_time\" content=\"2022-09-20T09:57:33+00:00\" \/>\n<meta property=\"og:image\" content=\"https:\/\/alvarelloseditora.gal\/wp-content\/uploads\/2019\/12\/La-ciudad-donde-las-piedras-florecen-scaled.jpg\" \/>\n\t<meta property=\"og:image:width\" content=\"1398\" \/>\n\t<meta property=\"og:image:height\" content=\"2560\" \/>\n\t<meta property=\"og:image:type\" content=\"image\/jpeg\" \/>\n<meta name=\"twitter:card\" content=\"summary_large_image\" \/>\n<meta name=\"twitter:site\" content=\"@alvarellos_ed\" \/>\n<meta name=\"twitter:label1\" content=\"Tiempo de lectura\" \/>\n\t<meta name=\"twitter:data1\" content=\"1 minuto\" \/>\n<!-- \/ Yoast SEO plugin. -->","yoast_head_json":{"title":"La ciudad donde las piedras florecen - Alvarellos Editora","description":"La ciudad donde las piedras florecen. C\u00f3mprao na tenda en li\u00f1a de Alvarellos Editora.","robots":{"index":"index","follow":"follow","max-snippet":"max-snippet:-1","max-image-preview":"max-image-preview:large","max-video-preview":"max-video-preview:-1"},"canonical":"https:\/\/alvarelloseditora.gal\/es\/libro\/la-ciudad-donde-las-piedras-florecen\/","og_locale":"es_ES","og_type":"article","og_title":"La ciudad donde las piedras florecen - Alvarellos Editora","og_description":"La ciudad donde las piedras florecen. C\u00f3mprao na tenda en li\u00f1a de Alvarellos Editora.","og_url":"https:\/\/alvarelloseditora.gal\/es\/libro\/la-ciudad-donde-las-piedras-florecen\/","og_site_name":"Alvarellos Editora","article_publisher":"https:\/\/www.facebook.com\/alvarelloseditora","article_modified_time":"2022-09-20T09:57:33+00:00","og_image":[{"width":1398,"height":2560,"url":"https:\/\/alvarelloseditora.gal\/wp-content\/uploads\/2019\/12\/La-ciudad-donde-las-piedras-florecen-scaled.jpg","type":"image\/jpeg"}],"twitter_card":"summary_large_image","twitter_site":"@alvarellos_ed","twitter_misc":{"Tiempo de lectura":"1 minuto"},"schema":{"@context":"https:\/\/schema.org","@graph":[{"@type":["WebPage","ItemPage"],"@id":"https:\/\/alvarelloseditora.gal\/es\/libro\/la-ciudad-donde-las-piedras-florecen\/","url":"https:\/\/alvarelloseditora.gal\/es\/libro\/la-ciudad-donde-las-piedras-florecen\/","name":"La ciudad donde las piedras florecen - Alvarellos Editora","isPartOf":{"@id":"https:\/\/alvarelloseditora.gal\/#website"},"primaryImageOfPage":{"@id":"https:\/\/alvarelloseditora.gal\/es\/libro\/la-ciudad-donde-las-piedras-florecen\/#primaryimage"},"image":{"@id":"https:\/\/alvarelloseditora.gal\/es\/libro\/la-ciudad-donde-las-piedras-florecen\/#primaryimage"},"thumbnailUrl":"https:\/\/alvarelloseditora.gal\/wp-content\/uploads\/2019\/12\/La-ciudad-donde-las-piedras-florecen-scaled.jpg","datePublished":"2019-12-27T14:02:26+00:00","dateModified":"2022-09-20T09:57:33+00:00","description":"La ciudad donde las piedras florecen. C\u00f3mprao na tenda en li\u00f1a de Alvarellos Editora.","breadcrumb":{"@id":"https:\/\/alvarelloseditora.gal\/es\/libro\/la-ciudad-donde-las-piedras-florecen\/#breadcrumb"},"inLanguage":"es","potentialAction":[{"@type":"ReadAction","target":["https:\/\/alvarelloseditora.gal\/es\/libro\/la-ciudad-donde-las-piedras-florecen\/"]}]},{"@type":"ImageObject","inLanguage":"es","@id":"https:\/\/alvarelloseditora.gal\/es\/libro\/la-ciudad-donde-las-piedras-florecen\/#primaryimage","url":"https:\/\/alvarelloseditora.gal\/wp-content\/uploads\/2019\/12\/La-ciudad-donde-las-piedras-florecen-scaled.jpg","contentUrl":"https:\/\/alvarelloseditora.gal\/wp-content\/uploads\/2019\/12\/La-ciudad-donde-las-piedras-florecen-scaled.jpg","width":1398,"height":2560},{"@type":"BreadcrumbList","@id":"https:\/\/alvarelloseditora.gal\/es\/libro\/la-ciudad-donde-las-piedras-florecen\/#breadcrumb","itemListElement":[{"@type":"ListItem","position":1,"name":"Portada","item":"https:\/\/alvarelloseditora.gal\/"},{"@type":"ListItem","position":2,"name":"Tienda","item":"https:\/\/alvarelloseditora.gal\/es\/tienda\/"},{"@type":"ListItem","position":3,"name":"La ciudad donde las piedras florecen"}]},{"@type":"WebSite","@id":"https:\/\/alvarelloseditora.gal\/#website","url":"https:\/\/alvarelloseditora.gal\/","name":"Alvarellos Editora","description":"Libros para un mundo en tr\u00e1nsito","publisher":{"@id":"https:\/\/alvarelloseditora.gal\/#organization"},"potentialAction":[{"@type":"SearchAction","target":{"@type":"EntryPoint","urlTemplate":"https:\/\/alvarelloseditora.gal\/?s={search_term_string}"},"query-input":{"@type":"PropertyValueSpecification","valueRequired":true,"valueName":"search_term_string"}}],"inLanguage":"es"},{"@type":"Organization","@id":"https:\/\/alvarelloseditora.gal\/#organization","name":"Alvarellos Editora","url":"https:\/\/alvarelloseditora.gal\/","logo":{"@type":"ImageObject","inLanguage":"es","@id":"https:\/\/alvarelloseditora.gal\/#\/schema\/logo\/image\/","url":"https:\/\/alvarelloseditora.gal\/wp-content\/uploads\/2020\/02\/alv-icon.png","contentUrl":"https:\/\/alvarelloseditora.gal\/wp-content\/uploads\/2020\/02\/alv-icon.png","width":177,"height":175,"caption":"Alvarellos Editora"},"image":{"@id":"https:\/\/alvarelloseditora.gal\/#\/schema\/logo\/image\/"},"sameAs":["https:\/\/www.facebook.com\/alvarelloseditora","https:\/\/x.com\/alvarellos_ed"]}]}},"_links":{"self":[{"href":"https:\/\/alvarelloseditora.gal\/es\/wp-json\/wp\/v2\/product\/2789","targetHints":{"allow":["GET"]}}],"collection":[{"href":"https:\/\/alvarelloseditora.gal\/es\/wp-json\/wp\/v2\/product"}],"about":[{"href":"https:\/\/alvarelloseditora.gal\/es\/wp-json\/wp\/v2\/types\/product"}],"replies":[{"embeddable":true,"href":"https:\/\/alvarelloseditora.gal\/es\/wp-json\/wp\/v2\/comments?post=2789"}],"wp:featuredmedia":[{"embeddable":true,"href":"https:\/\/alvarelloseditora.gal\/es\/wp-json\/wp\/v2\/media\/6736"}],"wp:attachment":[{"href":"https:\/\/alvarelloseditora.gal\/es\/wp-json\/wp\/v2\/media?parent=2789"}],"wp:term":[{"taxonomy":"product_brand","embeddable":true,"href":"https:\/\/alvarelloseditora.gal\/es\/wp-json\/wp\/v2\/product_brand?post=2789"},{"taxonomy":"product_cat","embeddable":true,"href":"https:\/\/alvarelloseditora.gal\/es\/wp-json\/wp\/v2\/product_cat?post=2789"},{"taxonomy":"product_tag","embeddable":true,"href":"https:\/\/alvarelloseditora.gal\/es\/wp-json\/wp\/v2\/product_tag?post=2789"}],"curies":[{"name":"wp","href":"https:\/\/api.w.org\/{rel}","templated":true}]}}