{"id":2788,"date":"2019-12-27T14:02:26","date_gmt":"2019-12-27T14:02:26","guid":{"rendered":"https:\/\/nueva.alvarellos.info\/product\/vida-de-literatura-una\/"},"modified":"2021-06-22T13:58:54","modified_gmt":"2021-06-22T11:58:54","slug":"vida-de-literatura-una","status":"publish","type":"product","link":"https:\/\/alvarelloseditora.gal\/es\/libro\/vida-de-literatura-una\/","title":{"rendered":"Una vida de literatura"},"content":{"rendered":"<p><a href=\"http:\/\/www.lavozdegalicia.es\/noticia\/opinion\/2012\/06\/11\/mariano-tudela-unha-vida-literatura\/0003_201206G11P18993.htm?idioma=galego\" target=\"_blank\" rel=\"noopener noreferrer\"><i> 25\/064\/2012<\/i>, La Voz de Galicia, &#8216;Mariano Tudela: unha vida de literatura\u00bb<\/a><\/p>\n<p><a href=\"http:\/\/www.laopinioncoruna.es\/cultura\/2012\/04\/27\/libro-recupera-obra-periodistica-escritor-corunes-mariano-tudela\/603348.html\" target=\"_blank\" rel=\"noopener noreferrer\"><i> 27\/04\/2012<\/i>, laopinioncoruna.es, &#8216;Un libro recupera la obra period\u00edstica del escritor coru\u00f1\u00e9s Mariano Tudela\u00bb<\/a><\/p>\n","protected":false},"excerpt":{"rendered":"<p>Obra period\u00edstica recuperada, 1948-2000<br \/>\n&nbsp;<\/p>\n<p>Formato: 276 pp. 13&#215;21 cm. Capa dura<br \/>\nISBN: 978-84-89323-79-7<br \/>\nFecha 1\u00aa edici\u00f3n: abril, 2012<\/p>\n<p>&nbsp;<\/p>\n<p>La obra period\u00edstica de Mariano Tudela permanec\u00eda in\u00e9dita en libro. Este volumen de Alvarellos Editora recupera hasta setenta textos que tienen un nexo tem\u00e1tico com\u00fan: retratan una existencia consagrada a las Letras y a la Literatura. Desde el primer art\u00edculo del autor, de 1948, hasta los escritos de sus \u00faltimos d\u00edas.<\/p>\n<p>Una vida de literatura se lee como un ameno diario por el que desfila toda una generaci\u00f3n brillante de escritores y pintores. Desde G\u00f3mez de la Serna a Truman Capote, de Pla a Cunqueiro, de Mar\u00eda Casares a Urbano Lugr\u00eds.<\/p>\n<p>P\u00e1ginas que subliman el valor de los grandes amigos, que penetran en el humo de las tertulias de caf\u00e9, o que evocan \u2014tantas veces\u2014 amargas despedidas. Y al lado de estos recuerdos escritos, im\u00e1genes y manuscritos nunca divulgados de Mariano Tudela con personalidades del mundo cultural gallego y espa\u00f1ol de la segunda mitad del siglo XX.<\/p>\n<p>La presente edici\u00f3n ha sido elaborada por Olivia Rodr\u00edguez-Tudela, hija del autor y profesora de Teor\u00eda de la Literatura en la Universidade da Coru\u00f1a.<\/p>\n","protected":false},"featured_media":6452,"comment_status":"closed","ping_status":"closed","template":"","meta":[],"product_brand":[],"product_cat":[111],"product_tag":[],"class_list":{"0":"post-2788","1":"product","2":"type-product","3":"status-publish","4":"has-post-thumbnail","6":"product_author-mariano-tudela-es","7":"product_cat-coleccion-rescate-es","9":"first","10":"instock","11":"purchasable","12":"product-type-simple"},"yoast_head":"<!-- This site is optimized with the Yoast SEO plugin v27.3 - https:\/\/yoast.com\/product\/yoast-seo-wordpress\/ -->\n<title>Una vida de literatura - Alvarellos Editora<\/title>\n<meta name=\"description\" content=\"Una vida de literatura. C\u00f3mprao na tenda en li\u00f1a de Alvarellos Editora.\" \/>\n<meta name=\"robots\" content=\"index, follow, max-snippet:-1, max-image-preview:large, max-video-preview:-1\" \/>\n<link rel=\"canonical\" href=\"https:\/\/alvarelloseditora.gal\/es\/libro\/vida-de-literatura-una\/\" \/>\n<meta property=\"og:locale\" content=\"es_ES\" \/>\n<meta property=\"og:type\" content=\"article\" \/>\n<meta property=\"og:title\" content=\"Una vida de literatura - Alvarellos Editora\" \/>\n<meta property=\"og:description\" content=\"Una vida de literatura. C\u00f3mprao na tenda en li\u00f1a de Alvarellos Editora.\" \/>\n<meta property=\"og:url\" content=\"https:\/\/alvarelloseditora.gal\/es\/libro\/vida-de-literatura-una\/\" \/>\n<meta property=\"og:site_name\" content=\"Alvarellos Editora\" \/>\n<meta property=\"article:publisher\" content=\"https:\/\/www.facebook.com\/alvarelloseditora\" \/>\n<meta property=\"article:modified_time\" content=\"2021-06-22T11:58:54+00:00\" \/>\n<meta property=\"og:image\" content=\"https:\/\/alvarelloseditora.gal\/wp-content\/uploads\/2019\/12\/Una-vida-de-literatura-Mariano-Tudela-Alvarellos-Ed-scaled.jpg\" \/>\n\t<meta property=\"og:image:width\" content=\"1665\" \/>\n\t<meta property=\"og:image:height\" content=\"2560\" \/>\n\t<meta property=\"og:image:type\" content=\"image\/jpeg\" \/>\n<meta name=\"twitter:card\" content=\"summary_large_image\" \/>\n<meta name=\"twitter:site\" content=\"@alvarellos_ed\" \/>\n<!-- \/ Yoast SEO plugin. -->","yoast_head_json":{"title":"Una vida de literatura - Alvarellos Editora","description":"Una vida de literatura. C\u00f3mprao na tenda en li\u00f1a de Alvarellos Editora.","robots":{"index":"index","follow":"follow","max-snippet":"max-snippet:-1","max-image-preview":"max-image-preview:large","max-video-preview":"max-video-preview:-1"},"canonical":"https:\/\/alvarelloseditora.gal\/es\/libro\/vida-de-literatura-una\/","og_locale":"es_ES","og_type":"article","og_title":"Una vida de literatura - Alvarellos Editora","og_description":"Una vida de literatura. C\u00f3mprao na tenda en li\u00f1a de Alvarellos Editora.","og_url":"https:\/\/alvarelloseditora.gal\/es\/libro\/vida-de-literatura-una\/","og_site_name":"Alvarellos Editora","article_publisher":"https:\/\/www.facebook.com\/alvarelloseditora","article_modified_time":"2021-06-22T11:58:54+00:00","og_image":[{"width":1665,"height":2560,"url":"https:\/\/alvarelloseditora.gal\/wp-content\/uploads\/2019\/12\/Una-vida-de-literatura-Mariano-Tudela-Alvarellos-Ed-scaled.jpg","type":"image\/jpeg"}],"twitter_card":"summary_large_image","twitter_site":"@alvarellos_ed","schema":{"@context":"https:\/\/schema.org","@graph":[{"@type":["WebPage","ItemPage"],"@id":"https:\/\/alvarelloseditora.gal\/es\/libro\/vida-de-literatura-una\/","url":"https:\/\/alvarelloseditora.gal\/es\/libro\/vida-de-literatura-una\/","name":"Una vida de literatura - Alvarellos Editora","isPartOf":{"@id":"https:\/\/alvarelloseditora.gal\/#website"},"primaryImageOfPage":{"@id":"https:\/\/alvarelloseditora.gal\/es\/libro\/vida-de-literatura-una\/#primaryimage"},"image":{"@id":"https:\/\/alvarelloseditora.gal\/es\/libro\/vida-de-literatura-una\/#primaryimage"},"thumbnailUrl":"https:\/\/alvarelloseditora.gal\/wp-content\/uploads\/2019\/12\/Una-vida-de-literatura-Mariano-Tudela-Alvarellos-Ed-scaled.jpg","datePublished":"2019-12-27T14:02:26+00:00","dateModified":"2021-06-22T11:58:54+00:00","description":"Una vida de literatura. C\u00f3mprao na tenda en li\u00f1a de Alvarellos Editora.","breadcrumb":{"@id":"https:\/\/alvarelloseditora.gal\/es\/libro\/vida-de-literatura-una\/#breadcrumb"},"inLanguage":"es","potentialAction":[{"@type":"ReadAction","target":["https:\/\/alvarelloseditora.gal\/es\/libro\/vida-de-literatura-una\/"]}]},{"@type":"ImageObject","inLanguage":"es","@id":"https:\/\/alvarelloseditora.gal\/es\/libro\/vida-de-literatura-una\/#primaryimage","url":"https:\/\/alvarelloseditora.gal\/wp-content\/uploads\/2019\/12\/Una-vida-de-literatura-Mariano-Tudela-Alvarellos-Ed-scaled.jpg","contentUrl":"https:\/\/alvarelloseditora.gal\/wp-content\/uploads\/2019\/12\/Una-vida-de-literatura-Mariano-Tudela-Alvarellos-Ed-scaled.jpg","width":1665,"height":2560},{"@type":"BreadcrumbList","@id":"https:\/\/alvarelloseditora.gal\/es\/libro\/vida-de-literatura-una\/#breadcrumb","itemListElement":[{"@type":"ListItem","position":1,"name":"Portada","item":"https:\/\/alvarelloseditora.gal\/"},{"@type":"ListItem","position":2,"name":"Tienda","item":"https:\/\/alvarelloseditora.gal\/es\/tienda\/"},{"@type":"ListItem","position":3,"name":"Una vida de literatura"}]},{"@type":"WebSite","@id":"https:\/\/alvarelloseditora.gal\/#website","url":"https:\/\/alvarelloseditora.gal\/","name":"Alvarellos Editora","description":"Libros para un mundo en tr\u00e1nsito","publisher":{"@id":"https:\/\/alvarelloseditora.gal\/#organization"},"potentialAction":[{"@type":"SearchAction","target":{"@type":"EntryPoint","urlTemplate":"https:\/\/alvarelloseditora.gal\/?s={search_term_string}"},"query-input":{"@type":"PropertyValueSpecification","valueRequired":true,"valueName":"search_term_string"}}],"inLanguage":"es"},{"@type":"Organization","@id":"https:\/\/alvarelloseditora.gal\/#organization","name":"Alvarellos Editora","url":"https:\/\/alvarelloseditora.gal\/","logo":{"@type":"ImageObject","inLanguage":"es","@id":"https:\/\/alvarelloseditora.gal\/#\/schema\/logo\/image\/","url":"https:\/\/alvarelloseditora.gal\/wp-content\/uploads\/2020\/02\/alv-icon.png","contentUrl":"https:\/\/alvarelloseditora.gal\/wp-content\/uploads\/2020\/02\/alv-icon.png","width":177,"height":175,"caption":"Alvarellos Editora"},"image":{"@id":"https:\/\/alvarelloseditora.gal\/#\/schema\/logo\/image\/"},"sameAs":["https:\/\/www.facebook.com\/alvarelloseditora","https:\/\/x.com\/alvarellos_ed"]}]}},"_links":{"self":[{"href":"https:\/\/alvarelloseditora.gal\/es\/wp-json\/wp\/v2\/product\/2788","targetHints":{"allow":["GET"]}}],"collection":[{"href":"https:\/\/alvarelloseditora.gal\/es\/wp-json\/wp\/v2\/product"}],"about":[{"href":"https:\/\/alvarelloseditora.gal\/es\/wp-json\/wp\/v2\/types\/product"}],"replies":[{"embeddable":true,"href":"https:\/\/alvarelloseditora.gal\/es\/wp-json\/wp\/v2\/comments?post=2788"}],"wp:featuredmedia":[{"embeddable":true,"href":"https:\/\/alvarelloseditora.gal\/es\/wp-json\/wp\/v2\/media\/6452"}],"wp:attachment":[{"href":"https:\/\/alvarelloseditora.gal\/es\/wp-json\/wp\/v2\/media?parent=2788"}],"wp:term":[{"taxonomy":"product_brand","embeddable":true,"href":"https:\/\/alvarelloseditora.gal\/es\/wp-json\/wp\/v2\/product_brand?post=2788"},{"taxonomy":"product_cat","embeddable":true,"href":"https:\/\/alvarelloseditora.gal\/es\/wp-json\/wp\/v2\/product_cat?post=2788"},{"taxonomy":"product_tag","embeddable":true,"href":"https:\/\/alvarelloseditora.gal\/es\/wp-json\/wp\/v2\/product_tag?post=2788"}],"curies":[{"name":"wp","href":"https:\/\/api.w.org\/{rel}","templated":true}]}}