{"id":2786,"date":"2019-12-27T13:40:34","date_gmt":"2019-12-27T14:02:26","guid":{"rendered":"https:\/\/nueva.alvarellos.info\/product\/cores-para-alouminar-sonos\/"},"modified":"2025-03-26T10:46:44","modified_gmt":"2025-03-26T09:46:44","slug":"cores-para-alouminar-sonos","status":"publish","type":"product","link":"https:\/\/alvarelloseditora.gal\/es\/libro\/cores-para-alouminar-sonos\/","title":{"rendered":"CORES PARA ALOUMI\u00d1AR SO\u00d1OS"},"content":{"rendered":"<p><a href=\"http:\/\/www.galiciadigital.com\/opinion\/opinion.7067.php\" target=\"_blank\" rel=\"noopener noreferrer\"><em>29\/03\/2012<\/em>, Galicia Digital, \u00abCores para aloumi\u00f1ar so\u00f1os (I)\u00bb<\/a> <a href=\"http:\/\/www.galiciadigital.com\/opinion\/opinion.7109.php\" target=\"_blank\" rel=\"noopener noreferrer\"><em> 29\/03\/2012<\/em>, Galicia Digital, \u00abCores para aloumi\u00f1ar so\u00f1os (II)\u00bb<\/a> <a href=\"http:\/\/www.galiciadigital.com\/opinion\/opinion.7144.php\" target=\"_blank\" rel=\"noopener noreferrer\"><em> 29\/03\/2012<\/em>, Galicia Digital, \u00abCores para aloumi\u00f1ar so\u00f1os (III)\u00bb<\/a> <em> 29\/03\/2012<\/em>, Galicia Hoxe, \u00abCores para aloumi\u00f1ar so\u00f1os\u00bb <a href=\"http:\/\/elprogreso.galiciae.com\/nova\/155918.html\" target=\"_blank\" rel=\"noopener noreferrer\"><em> 07\/03\/2012<\/em>, El Progreso, \u00abG\u00f3mez Torres fai un ensaio sobre o pintor Mac\u00eda polas emoci\u00f3ns que lle esperta\u00bb<\/a><\/p>\n","protected":false},"excerpt":{"rendered":"<p>Vida e obra de Miguel Anxo Mac\u00eda<\/p>\n<p>&nbsp;<\/p>\n<p>ISBN: 978-84-89323-76-6<br \/>\nP\u00e1ginas: 228<br \/>\nMedidas: 20&#215;19 cm<br \/>\nIdioma: gallego<br \/>\nEncuadernaci\u00f3n: carton\u00e9<br \/>\nFecha salida 1\u00aa edici\u00f3n: febrero 2012<\/p>\n<p>&nbsp;<\/p>\n<p>Biograf\u00eda ilustrada del pintor y escultor Miguel Anxo Mac\u00eda (Lugo, 1955) elaborada por el profesor Camilo G\u00f3mez Torres. Perteneciente a la conocida como \u201cGeneraci\u00f3in del 75\u201d Mac\u00eda, un artista en la plenitud de su proceso creativo, es uno de los pintores gallegos m\u00e1s destacados. \u201cLa obra de Miguel Anxo Mac\u00eda \u2014se\u00f1ala el autor\u2014 sorprende por su perfecci\u00f3n t\u00e9cnica, la maestr\u00eda de su dibujo, la exuberancia sensual de su inagotable paleta crom\u00e1tica, la identificaci\u00f3n con la tierra en la que naci\u00f3, y la tensi\u00f3n emotiva de sus composiciones pict\u00f3ricas\u201d. Este ensayo incluye una galer\u00eda gr\u00e1fica donde se reproducen m\u00e1s de 200 obras (cuadros y esculturas) del artista, desde sus primeros trabajos a comiezos de los anos 70, hasta la actualidad.<\/p>\n","protected":false},"featured_media":9045,"comment_status":"closed","ping_status":"closed","template":"","meta":[],"product_brand":[],"product_cat":[104],"product_tag":[],"class_list":{"0":"post-2786","1":"product","2":"type-product","3":"status-publish","4":"has-post-thumbnail","6":"product_author-camilo-gomez-torres-es","7":"product_cat-ilustrada-es","9":"first","10":"instock","11":"taxable","12":"shipping-taxable","13":"purchasable","14":"product-type-simple"},"yoast_head":"<!-- This site is optimized with the Yoast SEO plugin v27.3 - https:\/\/yoast.com\/product\/yoast-seo-wordpress\/ -->\n<title>CORES PARA ALOUMI\u00d1AR SO\u00d1OS - Alvarellos Editora<\/title>\n<meta name=\"description\" content=\"CORES PARA ALOUMI\u00d1AR SO\u00d1OS. C\u00f3mprao na tenda en li\u00f1a de Alvarellos Editora.\" \/>\n<meta name=\"robots\" content=\"index, follow, max-snippet:-1, max-image-preview:large, max-video-preview:-1\" \/>\n<link rel=\"canonical\" href=\"https:\/\/alvarelloseditora.gal\/es\/libro\/cores-para-alouminar-sonos\/\" \/>\n<meta property=\"og:locale\" content=\"es_ES\" \/>\n<meta property=\"og:type\" content=\"article\" \/>\n<meta property=\"og:title\" content=\"CORES PARA ALOUMI\u00d1AR SO\u00d1OS - Alvarellos Editora\" \/>\n<meta property=\"og:description\" content=\"CORES PARA ALOUMI\u00d1AR SO\u00d1OS. C\u00f3mprao na tenda en li\u00f1a de Alvarellos Editora.\" \/>\n<meta property=\"og:url\" content=\"https:\/\/alvarelloseditora.gal\/es\/libro\/cores-para-alouminar-sonos\/\" \/>\n<meta property=\"og:site_name\" content=\"Alvarellos Editora\" \/>\n<meta property=\"article:publisher\" content=\"https:\/\/www.facebook.com\/alvarelloseditora\" \/>\n<meta property=\"article:modified_time\" content=\"2025-03-26T09:46:44+00:00\" \/>\n<meta property=\"og:image\" content=\"https:\/\/alvarelloseditora.gal\/wp-content\/uploads\/2019\/12\/Cores-para-alouminar-sonos_0001.jpg\" \/>\n\t<meta property=\"og:image:width\" content=\"1607\" \/>\n\t<meta property=\"og:image:height\" content=\"1442\" \/>\n\t<meta property=\"og:image:type\" content=\"image\/jpeg\" \/>\n<meta name=\"twitter:card\" content=\"summary_large_image\" \/>\n<meta name=\"twitter:site\" content=\"@alvarellos_ed\" \/>\n<meta name=\"twitter:label1\" content=\"Tiempo de lectura\" \/>\n\t<meta name=\"twitter:data1\" content=\"1 minuto\" \/>\n<!-- \/ Yoast SEO plugin. -->","yoast_head_json":{"title":"CORES PARA ALOUMI\u00d1AR SO\u00d1OS - Alvarellos Editora","description":"CORES PARA ALOUMI\u00d1AR SO\u00d1OS. C\u00f3mprao na tenda en li\u00f1a de Alvarellos Editora.","robots":{"index":"index","follow":"follow","max-snippet":"max-snippet:-1","max-image-preview":"max-image-preview:large","max-video-preview":"max-video-preview:-1"},"canonical":"https:\/\/alvarelloseditora.gal\/es\/libro\/cores-para-alouminar-sonos\/","og_locale":"es_ES","og_type":"article","og_title":"CORES PARA ALOUMI\u00d1AR SO\u00d1OS - Alvarellos Editora","og_description":"CORES PARA ALOUMI\u00d1AR SO\u00d1OS. C\u00f3mprao na tenda en li\u00f1a de Alvarellos Editora.","og_url":"https:\/\/alvarelloseditora.gal\/es\/libro\/cores-para-alouminar-sonos\/","og_site_name":"Alvarellos Editora","article_publisher":"https:\/\/www.facebook.com\/alvarelloseditora","article_modified_time":"2025-03-26T09:46:44+00:00","og_image":[{"width":1607,"height":1442,"url":"https:\/\/alvarelloseditora.gal\/wp-content\/uploads\/2019\/12\/Cores-para-alouminar-sonos_0001.jpg","type":"image\/jpeg"}],"twitter_card":"summary_large_image","twitter_site":"@alvarellos_ed","twitter_misc":{"Tiempo de lectura":"1 minuto"},"schema":{"@context":"https:\/\/schema.org","@graph":[{"@type":["WebPage","ItemPage"],"@id":"https:\/\/alvarelloseditora.gal\/es\/libro\/cores-para-alouminar-sonos\/","url":"https:\/\/alvarelloseditora.gal\/es\/libro\/cores-para-alouminar-sonos\/","name":"CORES PARA ALOUMI\u00d1AR SO\u00d1OS - Alvarellos Editora","isPartOf":{"@id":"https:\/\/alvarelloseditora.gal\/#website"},"primaryImageOfPage":{"@id":"https:\/\/alvarelloseditora.gal\/es\/libro\/cores-para-alouminar-sonos\/#primaryimage"},"image":{"@id":"https:\/\/alvarelloseditora.gal\/es\/libro\/cores-para-alouminar-sonos\/#primaryimage"},"thumbnailUrl":"https:\/\/alvarelloseditora.gal\/wp-content\/uploads\/2019\/12\/Cores-para-alouminar-sonos_0001.jpg","datePublished":"2019-12-27T14:02:26+00:00","dateModified":"2025-03-26T09:46:44+00:00","description":"CORES PARA ALOUMI\u00d1AR SO\u00d1OS. C\u00f3mprao na tenda en li\u00f1a de Alvarellos Editora.","breadcrumb":{"@id":"https:\/\/alvarelloseditora.gal\/es\/libro\/cores-para-alouminar-sonos\/#breadcrumb"},"inLanguage":"es","potentialAction":[{"@type":"ReadAction","target":["https:\/\/alvarelloseditora.gal\/es\/libro\/cores-para-alouminar-sonos\/"]}]},{"@type":"ImageObject","inLanguage":"es","@id":"https:\/\/alvarelloseditora.gal\/es\/libro\/cores-para-alouminar-sonos\/#primaryimage","url":"https:\/\/alvarelloseditora.gal\/wp-content\/uploads\/2019\/12\/Cores-para-alouminar-sonos_0001.jpg","contentUrl":"https:\/\/alvarelloseditora.gal\/wp-content\/uploads\/2019\/12\/Cores-para-alouminar-sonos_0001.jpg","width":1607,"height":1442},{"@type":"BreadcrumbList","@id":"https:\/\/alvarelloseditora.gal\/es\/libro\/cores-para-alouminar-sonos\/#breadcrumb","itemListElement":[{"@type":"ListItem","position":1,"name":"Portada","item":"https:\/\/alvarelloseditora.gal\/"},{"@type":"ListItem","position":2,"name":"Tienda","item":"https:\/\/alvarelloseditora.gal\/es\/tienda\/"},{"@type":"ListItem","position":3,"name":"CORES PARA ALOUMI\u00d1AR SO\u00d1OS"}]},{"@type":"WebSite","@id":"https:\/\/alvarelloseditora.gal\/#website","url":"https:\/\/alvarelloseditora.gal\/","name":"Alvarellos Editora","description":"Libros para un mundo en tr\u00e1nsito","publisher":{"@id":"https:\/\/alvarelloseditora.gal\/#organization"},"potentialAction":[{"@type":"SearchAction","target":{"@type":"EntryPoint","urlTemplate":"https:\/\/alvarelloseditora.gal\/?s={search_term_string}"},"query-input":{"@type":"PropertyValueSpecification","valueRequired":true,"valueName":"search_term_string"}}],"inLanguage":"es"},{"@type":"Organization","@id":"https:\/\/alvarelloseditora.gal\/#organization","name":"Alvarellos Editora","url":"https:\/\/alvarelloseditora.gal\/","logo":{"@type":"ImageObject","inLanguage":"es","@id":"https:\/\/alvarelloseditora.gal\/#\/schema\/logo\/image\/","url":"https:\/\/alvarelloseditora.gal\/wp-content\/uploads\/2020\/02\/alv-icon.png","contentUrl":"https:\/\/alvarelloseditora.gal\/wp-content\/uploads\/2020\/02\/alv-icon.png","width":177,"height":175,"caption":"Alvarellos Editora"},"image":{"@id":"https:\/\/alvarelloseditora.gal\/#\/schema\/logo\/image\/"},"sameAs":["https:\/\/www.facebook.com\/alvarelloseditora","https:\/\/x.com\/alvarellos_ed"]}]}},"_links":{"self":[{"href":"https:\/\/alvarelloseditora.gal\/es\/wp-json\/wp\/v2\/product\/2786","targetHints":{"allow":["GET"]}}],"collection":[{"href":"https:\/\/alvarelloseditora.gal\/es\/wp-json\/wp\/v2\/product"}],"about":[{"href":"https:\/\/alvarelloseditora.gal\/es\/wp-json\/wp\/v2\/types\/product"}],"replies":[{"embeddable":true,"href":"https:\/\/alvarelloseditora.gal\/es\/wp-json\/wp\/v2\/comments?post=2786"}],"wp:featuredmedia":[{"embeddable":true,"href":"https:\/\/alvarelloseditora.gal\/es\/wp-json\/wp\/v2\/media\/9045"}],"wp:attachment":[{"href":"https:\/\/alvarelloseditora.gal\/es\/wp-json\/wp\/v2\/media?parent=2786"}],"wp:term":[{"taxonomy":"product_brand","embeddable":true,"href":"https:\/\/alvarelloseditora.gal\/es\/wp-json\/wp\/v2\/product_brand?post=2786"},{"taxonomy":"product_cat","embeddable":true,"href":"https:\/\/alvarelloseditora.gal\/es\/wp-json\/wp\/v2\/product_cat?post=2786"},{"taxonomy":"product_tag","embeddable":true,"href":"https:\/\/alvarelloseditora.gal\/es\/wp-json\/wp\/v2\/product_tag?post=2786"}],"curies":[{"name":"wp","href":"https:\/\/api.w.org\/{rel}","templated":true}]}}