{"id":2785,"date":"2019-12-27T13:40:34","date_gmt":"2019-12-27T14:02:26","guid":{"rendered":"https:\/\/nueva.alvarellos.info\/product\/santiagos-de-santiago\/"},"modified":"2024-03-12T18:50:27","modified_gmt":"2024-03-12T17:50:27","slug":"santiagos-de-santiago","status":"publish","type":"product","link":"https:\/\/alvarelloseditora.gal\/es\/libro\/santiagos-de-santiago\/","title":{"rendered":"Santiagos de Santiago"},"content":{"rendered":"<p>22-03-2015 <strong>Blog de Crist\u00f3bal Ram\u00edrez<\/strong>\u00a0<a href=\"http:\/\/blogs.lavozdegalicia.es\/cristobalramirez\/2015\/03\/23\/santiagos-de-santiago-un-libro-recomendable-para-quien-este-interesado-en-el-fenomeno-jacobeo\/\">http:\/\/blogs.lavozdegalicia.es\/cristobalramirez\/2015\/03\/23\/santiagos-de-santiago-un-libro-recomendable-para-quien-este-interesado-en-el-fenomeno-jacobeo\/<\/a><\/p>\n<p><a href=\"https:\/\/alvarelloseditora.gal\/wp-content\/uploads\/2021\/05\/SGOS_DE_SGO-ABC_CULTURAL_110212.pdf\" target=\"_blank\" rel=\"noopener noreferrer\"><em>25\/02\/2012<\/em>, ABC.es, \u00abLos dos Santiagos\u00bb.<\/a><\/p>\n<p><a href=\"http:\/\/www.abc.es\/20120206\/comunidad-galicia\/abcp-bajo-mismo-nombre-20120206.html\" target=\"_blank\" rel=\"noopener noreferrer\"><em>13\/02\/2011<\/em>, ABC.es, \u00abBajo un mismo nombre\u00bb. <\/a><\/p>\n<p><a href=\"http:\/\/www.crtvg.es\/tvg\/a-carta\/zigzag-diario-23-01-2012\" target=\"_blank\" rel=\"noopener noreferrer\"><em>13\/02\/2011<\/em>, TVG, Reportaxe no programa \u00abZig-Zag\u00bb da TVG. Minutos 9&#8217;45\u00bb a 12&#8217;17\u00bb. <\/a><\/p>\n<p><a href=\"http:\/\/www.elcorreogallego.es\/opinion\/ecg\/santiagos-santiago\/idEdicion-2011-12-31\/idNoticia-720455\/\" target=\"_blank\" rel=\"noopener noreferrer\"><em>04\/01\/2011<\/em>, El Correo Gallego, \u00abSantiagos de Santiago\u00bb <\/a><\/p>\n<p><a href=\"http:\/\/www.lavozdegalicia.es\/santiago\/2011\/12\/20\/0003_201112S20C2991.htm\" target=\"_blank\" rel=\"noopener noreferrer\"><em>20\/12\/2011<\/em>, La Voz de Galicia, \u00abOs cultos aos dous Santiagos foron sintetiz\u00e1ndose nun s\u00f3\u00bb <\/a><\/p>\n<p><a href=\"https:\/\/alvarelloseditora.gal\/wp-content\/uploads\/prensa\/Prensa-El Correo Gallego-SgosdSgo201211.pdf\" target=\"_blank\" rel=\"noopener noreferrer\"><em>20\/12\/2011<\/em>, El Correo Gallego, \u00abRecorrido por la iconograf\u00eda jacobea con Garc\u00eda Iglesias\u00bb <\/a><\/p>\n<hr \/>\n","protected":false},"excerpt":{"rendered":"<p>Dos ap\u00f3stoles al final del Camino<\/p>\n<p>&nbsp;<br \/>\nJos\u00e9 Manuel Garc\u00eda Iglesias<br \/>\n&nbsp;<\/p>\n<p>ISBN: 978-84-89323-67-4<br \/>\nP\u00e1ginas: 228<br \/>\nMedidas: 20&#215;19 cm<br \/>\nIdioma: castellano<br \/>\nEncuadernaci\u00f3n: r\u00fastica con solapas<br \/>\nFecha 1\u00aa edici\u00f3n: diciembre 2011<\/p>\n<p>&nbsp;<\/p>\n<p>Garc\u00eda Iglesias reivindica la presencia de Santiago el Menor en Compostela<\/p>\n<p>Santiagos de Santiago. Dos ap\u00f3stoles al final del Camino es el t\u00edtulo de la nueva obra del catedr\u00e1tico de Historia del Arte de la USC Jos\u00e9 Manuel Garc\u00eda Iglesias. En este volumen, co-editado por Alvarellos Editora y el Consorcio de Santiago, el autor lleva a cabo un documentado recorrido (ilustrado con m\u00e1s de cien fotograf\u00edas) por la iconograf\u00eda del culto jacobeo en Compostela y centrado en reivindicar la huella de los dos ap\u00f3stoles hom\u00f3nimos: Santiago el Mayor y Santiago el Menor.<\/p>\n<p>El culto a Santiago Zebedeo \u2014o el Mayor\u2014 propici\u00f3 la construcci\u00f3n de la gran bas\u00edlica compostelana, pero cuando esta se estaba levantando, lleg\u00f3 a esta urbe la cabeza de Santiago Alfeo \u2014o el Menor\u2014, duplicando, de esta forma y de alg\u00fan modo, el ser jacobeo de Compostela.<\/p>\n<p>Si el hijo del Zebedeo nos recibe en el P\u00f3rtico de la Gloria, es en cambio el hijo de Alfeo quien est\u00e1 a la entrada de la cripta, o catedral vieja. Asimismo, los m\u00e1s grandes prelados de Santiago (Gelm\u00edrez, Landoira, Alonso III de Fonseca,\u2026) hicieron especial hincapi\u00e9 en este doble culto. Sin embargo, el tiempo ha hecho olvidar a Santiago el Menor, mimetiz\u00e1ndolo, en cierta medida, con su hom\u00f3nimo en el apostolado.<\/p>\n<p>Reivindicar la presencia compostelana de Santiago el Menor y, sobre todo, ahondar en la forma en que se interpreta aqu\u00ed a Santiago el Mayor, son los objetivos de esta obra.<\/p>\n","protected":false},"featured_media":8885,"comment_status":"closed","ping_status":"closed","template":"","meta":[],"product_brand":[],"product_cat":[104],"product_tag":[],"class_list":{"0":"post-2785","1":"product","2":"type-product","3":"status-publish","4":"has-post-thumbnail","6":"product_author-jose-manuel-garcia-iglesias-es","7":"product_cat-ilustrada-es","9":"first","10":"instock","11":"taxable","12":"shipping-taxable","13":"purchasable","14":"product-type-simple"},"yoast_head":"<!-- This site is optimized with the Yoast SEO plugin v27.3 - https:\/\/yoast.com\/product\/yoast-seo-wordpress\/ -->\n<title>Santiagos de Santiago - Alvarellos Editora<\/title>\n<meta name=\"description\" content=\"Santiagos de Santiago. C\u00f3mprao na tenda en li\u00f1a de Alvarellos Editora.\" \/>\n<meta name=\"robots\" content=\"index, follow, max-snippet:-1, max-image-preview:large, max-video-preview:-1\" \/>\n<link rel=\"canonical\" href=\"https:\/\/alvarelloseditora.gal\/es\/libro\/santiagos-de-santiago\/\" \/>\n<meta property=\"og:locale\" content=\"es_ES\" \/>\n<meta property=\"og:type\" content=\"article\" \/>\n<meta property=\"og:title\" content=\"Santiagos de Santiago - Alvarellos Editora\" \/>\n<meta property=\"og:description\" content=\"Santiagos de Santiago. C\u00f3mprao na tenda en li\u00f1a de Alvarellos Editora.\" \/>\n<meta property=\"og:url\" content=\"https:\/\/alvarelloseditora.gal\/es\/libro\/santiagos-de-santiago\/\" \/>\n<meta property=\"og:site_name\" content=\"Alvarellos Editora\" \/>\n<meta property=\"article:publisher\" content=\"https:\/\/www.facebook.com\/alvarelloseditora\" \/>\n<meta property=\"article:modified_time\" content=\"2024-03-12T17:50:27+00:00\" \/>\n<meta property=\"og:image\" content=\"https:\/\/alvarelloseditora.gal\/wp-content\/uploads\/2019\/12\/Santiagos-de-Santiago-scaled.jpg\" \/>\n\t<meta property=\"og:image:width\" content=\"2560\" \/>\n\t<meta property=\"og:image:height\" content=\"2419\" \/>\n\t<meta property=\"og:image:type\" content=\"image\/jpeg\" \/>\n<meta name=\"twitter:card\" content=\"summary_large_image\" \/>\n<meta name=\"twitter:site\" content=\"@alvarellos_ed\" \/>\n<meta name=\"twitter:label1\" content=\"Tiempo de lectura\" \/>\n\t<meta name=\"twitter:data1\" content=\"1 minuto\" \/>\n<!-- \/ Yoast SEO plugin. -->","yoast_head_json":{"title":"Santiagos de Santiago - Alvarellos Editora","description":"Santiagos de Santiago. C\u00f3mprao na tenda en li\u00f1a de Alvarellos Editora.","robots":{"index":"index","follow":"follow","max-snippet":"max-snippet:-1","max-image-preview":"max-image-preview:large","max-video-preview":"max-video-preview:-1"},"canonical":"https:\/\/alvarelloseditora.gal\/es\/libro\/santiagos-de-santiago\/","og_locale":"es_ES","og_type":"article","og_title":"Santiagos de Santiago - Alvarellos Editora","og_description":"Santiagos de Santiago. C\u00f3mprao na tenda en li\u00f1a de Alvarellos Editora.","og_url":"https:\/\/alvarelloseditora.gal\/es\/libro\/santiagos-de-santiago\/","og_site_name":"Alvarellos Editora","article_publisher":"https:\/\/www.facebook.com\/alvarelloseditora","article_modified_time":"2024-03-12T17:50:27+00:00","og_image":[{"width":2560,"height":2419,"url":"https:\/\/alvarelloseditora.gal\/wp-content\/uploads\/2019\/12\/Santiagos-de-Santiago-scaled.jpg","type":"image\/jpeg"}],"twitter_card":"summary_large_image","twitter_site":"@alvarellos_ed","twitter_misc":{"Tiempo de lectura":"1 minuto"},"schema":{"@context":"https:\/\/schema.org","@graph":[{"@type":["WebPage","ItemPage"],"@id":"https:\/\/alvarelloseditora.gal\/es\/libro\/santiagos-de-santiago\/","url":"https:\/\/alvarelloseditora.gal\/es\/libro\/santiagos-de-santiago\/","name":"Santiagos de Santiago - Alvarellos Editora","isPartOf":{"@id":"https:\/\/alvarelloseditora.gal\/#website"},"primaryImageOfPage":{"@id":"https:\/\/alvarelloseditora.gal\/es\/libro\/santiagos-de-santiago\/#primaryimage"},"image":{"@id":"https:\/\/alvarelloseditora.gal\/es\/libro\/santiagos-de-santiago\/#primaryimage"},"thumbnailUrl":"https:\/\/alvarelloseditora.gal\/wp-content\/uploads\/2019\/12\/Santiagos-de-Santiago-scaled.jpg","datePublished":"2019-12-27T14:02:26+00:00","dateModified":"2024-03-12T17:50:27+00:00","description":"Santiagos de Santiago. C\u00f3mprao na tenda en li\u00f1a de Alvarellos Editora.","breadcrumb":{"@id":"https:\/\/alvarelloseditora.gal\/es\/libro\/santiagos-de-santiago\/#breadcrumb"},"inLanguage":"es","potentialAction":[{"@type":"ReadAction","target":["https:\/\/alvarelloseditora.gal\/es\/libro\/santiagos-de-santiago\/"]}]},{"@type":"ImageObject","inLanguage":"es","@id":"https:\/\/alvarelloseditora.gal\/es\/libro\/santiagos-de-santiago\/#primaryimage","url":"https:\/\/alvarelloseditora.gal\/wp-content\/uploads\/2019\/12\/Santiagos-de-Santiago-scaled.jpg","contentUrl":"https:\/\/alvarelloseditora.gal\/wp-content\/uploads\/2019\/12\/Santiagos-de-Santiago-scaled.jpg","width":2560,"height":2419},{"@type":"BreadcrumbList","@id":"https:\/\/alvarelloseditora.gal\/es\/libro\/santiagos-de-santiago\/#breadcrumb","itemListElement":[{"@type":"ListItem","position":1,"name":"Portada","item":"https:\/\/alvarelloseditora.gal\/"},{"@type":"ListItem","position":2,"name":"Tienda","item":"https:\/\/alvarelloseditora.gal\/es\/tienda\/"},{"@type":"ListItem","position":3,"name":"Santiagos de Santiago"}]},{"@type":"WebSite","@id":"https:\/\/alvarelloseditora.gal\/#website","url":"https:\/\/alvarelloseditora.gal\/","name":"Alvarellos Editora","description":"Libros para un mundo en tr\u00e1nsito","publisher":{"@id":"https:\/\/alvarelloseditora.gal\/#organization"},"potentialAction":[{"@type":"SearchAction","target":{"@type":"EntryPoint","urlTemplate":"https:\/\/alvarelloseditora.gal\/?s={search_term_string}"},"query-input":{"@type":"PropertyValueSpecification","valueRequired":true,"valueName":"search_term_string"}}],"inLanguage":"es"},{"@type":"Organization","@id":"https:\/\/alvarelloseditora.gal\/#organization","name":"Alvarellos Editora","url":"https:\/\/alvarelloseditora.gal\/","logo":{"@type":"ImageObject","inLanguage":"es","@id":"https:\/\/alvarelloseditora.gal\/#\/schema\/logo\/image\/","url":"https:\/\/alvarelloseditora.gal\/wp-content\/uploads\/2020\/02\/alv-icon.png","contentUrl":"https:\/\/alvarelloseditora.gal\/wp-content\/uploads\/2020\/02\/alv-icon.png","width":177,"height":175,"caption":"Alvarellos Editora"},"image":{"@id":"https:\/\/alvarelloseditora.gal\/#\/schema\/logo\/image\/"},"sameAs":["https:\/\/www.facebook.com\/alvarelloseditora","https:\/\/x.com\/alvarellos_ed"]}]}},"_links":{"self":[{"href":"https:\/\/alvarelloseditora.gal\/es\/wp-json\/wp\/v2\/product\/2785","targetHints":{"allow":["GET"]}}],"collection":[{"href":"https:\/\/alvarelloseditora.gal\/es\/wp-json\/wp\/v2\/product"}],"about":[{"href":"https:\/\/alvarelloseditora.gal\/es\/wp-json\/wp\/v2\/types\/product"}],"replies":[{"embeddable":true,"href":"https:\/\/alvarelloseditora.gal\/es\/wp-json\/wp\/v2\/comments?post=2785"}],"wp:featuredmedia":[{"embeddable":true,"href":"https:\/\/alvarelloseditora.gal\/es\/wp-json\/wp\/v2\/media\/8885"}],"wp:attachment":[{"href":"https:\/\/alvarelloseditora.gal\/es\/wp-json\/wp\/v2\/media?parent=2785"}],"wp:term":[{"taxonomy":"product_brand","embeddable":true,"href":"https:\/\/alvarelloseditora.gal\/es\/wp-json\/wp\/v2\/product_brand?post=2785"},{"taxonomy":"product_cat","embeddable":true,"href":"https:\/\/alvarelloseditora.gal\/es\/wp-json\/wp\/v2\/product_cat?post=2785"},{"taxonomy":"product_tag","embeddable":true,"href":"https:\/\/alvarelloseditora.gal\/es\/wp-json\/wp\/v2\/product_tag?post=2785"}],"curies":[{"name":"wp","href":"https:\/\/api.w.org\/{rel}","templated":true}]}}