{"id":2784,"date":"2019-12-27T13:40:34","date_gmt":"2019-12-27T14:02:26","guid":{"rendered":"https:\/\/nueva.alvarellos.info\/product\/a-bordo-dun-barco-sen-luces\/"},"modified":"2021-06-23T14:06:39","modified_gmt":"2021-06-23T12:06:39","slug":"a-bordo-dun-barco-sen-luces","status":"publish","type":"product","link":"https:\/\/alvarelloseditora.gal\/es\/libro\/a-bordo-dun-barco-sen-luces\/","title":{"rendered":"A BORDO DUN BARCO SEN LUCES"},"content":{"rendered":"<p><a href=\"http:\/\/www.diariodeferrol.com\/index.php\/periodico-impreso\/provincia\/33066-b-noticia\" target=\"_blank\" rel=\"noopener noreferrer\"><em>12\/12\/2011<\/em>, Diario de Ferrol, \u201cNon houbo ning\u00fan outro coma Lu\u00eds Pimentel polo emotivo\u201d.<\/a><\/p>\n<p><a href=\"http:\/\/www.elidealgallego.com\/index.php\/periodico-impreso\/a-coruna\/31378-entrevista\" target=\"_blank\" rel=\"noopener noreferrer\"><em>30\/11\/2011<\/em>, El Ideal Gallego, Luz Pozo presenta el jueves su ensayo \u201cA bordo dun barco sen luces\u201d, en Novagalicia Banco.<\/a><\/p>\n","protected":false},"excerpt":{"rendered":"<p>O mundo po\u00e9tico de Lu\u00eds Pimentel<\/p>\n<p>&nbsp;<\/p>\n<p>ISBN: 978-84-89323-72-8<br \/>\nP\u00e1ginas: 171<br \/>\nMedidas: 13&#215;23 cm<br \/>\nIdioma: gallego<br \/>\nEncuadernaci\u00f3n: r\u00fastica con solapas<br \/>\nFecha 1\u00aa edici\u00f3n en Alvarellos Editora: noviembre, 2011<\/p>\n<p>&nbsp;<\/p>\n<p>Luz Pozo recorre en este ensayo el particular universo creativo del poeta lugu\u00e9s Lu\u00eds Pimentel (1895-1958) \u2014una de sus influencias literarias\u2014. Esta obra fue publicada por vez primera en 1990 y ahora cobra nueva vida en la presente edici\u00f3n, corregida y ampliada por la autora. Pozo Garza parte del poemario pimenteliano Barco sin luces, publicado p\u00f3stumamente en 1960 \u2014despu\u00e9s de muchos intentos de edici\u00f3n por parte del autor\u2014 para acercanos al universo de un hombre en conflicto, comprometido con su tiempo, pero atormentado por la soledad, la angustia ante la muerte y el desasosiego existencial. El escritor y cr\u00edtico literario Rom\u00e1n Ra\u00f1a afirma en el Pr\u00f3logo que \u00abel lector tiene en sus manos un estudio pleno de poderosas iluminaciones y profundidad de an\u00e1lisis\u00bb. Luz Pozo indaga en la forma forma depurada, aparentemente sencilla de Pimentel, donde descubre tesoros de relevaciones vivenciales. Pero, sobre todo, descubre la f\u00f3rmula axial, ontol\u00f3gica y ling\u00fc\u00edstica de una fragilidad de la existencia, que afecta tanto al poeta como a su emotivo, herido y reservado universo.<\/p>\n","protected":false},"featured_media":9601,"comment_status":"closed","ping_status":"closed","template":"","meta":[],"product_brand":[],"product_cat":[105],"product_tag":[],"class_list":{"0":"post-2784","1":"product","2":"type-product","3":"status-publish","4":"has-post-thumbnail","6":"product_author-luz-pozo-garza-es","7":"product_cat-oeste-es","9":"first","10":"instock","11":"taxable","12":"shipping-taxable","13":"purchasable","14":"product-type-simple"},"yoast_head":"<!-- This site is optimized with the Yoast SEO plugin v27.3 - https:\/\/yoast.com\/product\/yoast-seo-wordpress\/ -->\n<title>A BORDO DUN BARCO SEN LUCES - Alvarellos Editora<\/title>\n<meta name=\"description\" content=\"A BORDO DUN BARCO SEN LUCES. C\u00f3mprao na tenda en li\u00f1a de Alvarellos Editora.\" \/>\n<meta name=\"robots\" content=\"index, follow, max-snippet:-1, max-image-preview:large, max-video-preview:-1\" \/>\n<link rel=\"canonical\" href=\"https:\/\/alvarelloseditora.gal\/es\/libro\/a-bordo-dun-barco-sen-luces\/\" \/>\n<meta property=\"og:locale\" content=\"es_ES\" \/>\n<meta property=\"og:type\" content=\"article\" \/>\n<meta property=\"og:title\" content=\"A BORDO DUN BARCO SEN LUCES - Alvarellos Editora\" \/>\n<meta property=\"og:description\" content=\"A BORDO DUN BARCO SEN LUCES. C\u00f3mprao na tenda en li\u00f1a de Alvarellos Editora.\" \/>\n<meta property=\"og:url\" content=\"https:\/\/alvarelloseditora.gal\/es\/libro\/a-bordo-dun-barco-sen-luces\/\" \/>\n<meta property=\"og:site_name\" content=\"Alvarellos Editora\" \/>\n<meta property=\"article:publisher\" content=\"https:\/\/www.facebook.com\/alvarelloseditora\" \/>\n<meta property=\"article:modified_time\" content=\"2021-06-23T12:06:39+00:00\" \/>\n<meta property=\"og:image\" content=\"https:\/\/alvarelloseditora.gal\/wp-content\/uploads\/2019\/12\/A-bordo-dun-barco._0001-1.jpg\" \/>\n\t<meta property=\"og:image:width\" content=\"1024\" \/>\n\t<meta property=\"og:image:height\" content=\"1805\" \/>\n\t<meta property=\"og:image:type\" content=\"image\/jpeg\" \/>\n<meta name=\"twitter:card\" content=\"summary_large_image\" \/>\n<meta name=\"twitter:site\" content=\"@alvarellos_ed\" \/>\n<!-- \/ Yoast SEO plugin. -->","yoast_head_json":{"title":"A BORDO DUN BARCO SEN LUCES - Alvarellos Editora","description":"A BORDO DUN BARCO SEN LUCES. C\u00f3mprao na tenda en li\u00f1a de Alvarellos Editora.","robots":{"index":"index","follow":"follow","max-snippet":"max-snippet:-1","max-image-preview":"max-image-preview:large","max-video-preview":"max-video-preview:-1"},"canonical":"https:\/\/alvarelloseditora.gal\/es\/libro\/a-bordo-dun-barco-sen-luces\/","og_locale":"es_ES","og_type":"article","og_title":"A BORDO DUN BARCO SEN LUCES - Alvarellos Editora","og_description":"A BORDO DUN BARCO SEN LUCES. C\u00f3mprao na tenda en li\u00f1a de Alvarellos Editora.","og_url":"https:\/\/alvarelloseditora.gal\/es\/libro\/a-bordo-dun-barco-sen-luces\/","og_site_name":"Alvarellos Editora","article_publisher":"https:\/\/www.facebook.com\/alvarelloseditora","article_modified_time":"2021-06-23T12:06:39+00:00","og_image":[{"width":1024,"height":1805,"url":"https:\/\/alvarelloseditora.gal\/wp-content\/uploads\/2019\/12\/A-bordo-dun-barco._0001-1.jpg","type":"image\/jpeg"}],"twitter_card":"summary_large_image","twitter_site":"@alvarellos_ed","schema":{"@context":"https:\/\/schema.org","@graph":[{"@type":["WebPage","ItemPage"],"@id":"https:\/\/alvarelloseditora.gal\/es\/libro\/a-bordo-dun-barco-sen-luces\/","url":"https:\/\/alvarelloseditora.gal\/es\/libro\/a-bordo-dun-barco-sen-luces\/","name":"A BORDO DUN BARCO SEN LUCES - Alvarellos Editora","isPartOf":{"@id":"https:\/\/alvarelloseditora.gal\/#website"},"primaryImageOfPage":{"@id":"https:\/\/alvarelloseditora.gal\/es\/libro\/a-bordo-dun-barco-sen-luces\/#primaryimage"},"image":{"@id":"https:\/\/alvarelloseditora.gal\/es\/libro\/a-bordo-dun-barco-sen-luces\/#primaryimage"},"thumbnailUrl":"https:\/\/alvarelloseditora.gal\/wp-content\/uploads\/2019\/12\/A-bordo-dun-barco._0001-1.jpg","datePublished":"2019-12-27T14:02:26+00:00","dateModified":"2021-06-23T12:06:39+00:00","description":"A BORDO DUN BARCO SEN LUCES. C\u00f3mprao na tenda en li\u00f1a de Alvarellos Editora.","breadcrumb":{"@id":"https:\/\/alvarelloseditora.gal\/es\/libro\/a-bordo-dun-barco-sen-luces\/#breadcrumb"},"inLanguage":"es","potentialAction":[{"@type":"ReadAction","target":["https:\/\/alvarelloseditora.gal\/es\/libro\/a-bordo-dun-barco-sen-luces\/"]}]},{"@type":"ImageObject","inLanguage":"es","@id":"https:\/\/alvarelloseditora.gal\/es\/libro\/a-bordo-dun-barco-sen-luces\/#primaryimage","url":"https:\/\/alvarelloseditora.gal\/wp-content\/uploads\/2019\/12\/A-bordo-dun-barco._0001-1.jpg","contentUrl":"https:\/\/alvarelloseditora.gal\/wp-content\/uploads\/2019\/12\/A-bordo-dun-barco._0001-1.jpg","width":1024,"height":1805},{"@type":"BreadcrumbList","@id":"https:\/\/alvarelloseditora.gal\/es\/libro\/a-bordo-dun-barco-sen-luces\/#breadcrumb","itemListElement":[{"@type":"ListItem","position":1,"name":"Portada","item":"https:\/\/alvarelloseditora.gal\/"},{"@type":"ListItem","position":2,"name":"Tienda","item":"https:\/\/alvarelloseditora.gal\/es\/tienda\/"},{"@type":"ListItem","position":3,"name":"A BORDO DUN BARCO SEN LUCES"}]},{"@type":"WebSite","@id":"https:\/\/alvarelloseditora.gal\/#website","url":"https:\/\/alvarelloseditora.gal\/","name":"Alvarellos Editora","description":"Libros para un mundo en tr\u00e1nsito","publisher":{"@id":"https:\/\/alvarelloseditora.gal\/#organization"},"potentialAction":[{"@type":"SearchAction","target":{"@type":"EntryPoint","urlTemplate":"https:\/\/alvarelloseditora.gal\/?s={search_term_string}"},"query-input":{"@type":"PropertyValueSpecification","valueRequired":true,"valueName":"search_term_string"}}],"inLanguage":"es"},{"@type":"Organization","@id":"https:\/\/alvarelloseditora.gal\/#organization","name":"Alvarellos Editora","url":"https:\/\/alvarelloseditora.gal\/","logo":{"@type":"ImageObject","inLanguage":"es","@id":"https:\/\/alvarelloseditora.gal\/#\/schema\/logo\/image\/","url":"https:\/\/alvarelloseditora.gal\/wp-content\/uploads\/2020\/02\/alv-icon.png","contentUrl":"https:\/\/alvarelloseditora.gal\/wp-content\/uploads\/2020\/02\/alv-icon.png","width":177,"height":175,"caption":"Alvarellos Editora"},"image":{"@id":"https:\/\/alvarelloseditora.gal\/#\/schema\/logo\/image\/"},"sameAs":["https:\/\/www.facebook.com\/alvarelloseditora","https:\/\/x.com\/alvarellos_ed"]}]}},"_links":{"self":[{"href":"https:\/\/alvarelloseditora.gal\/es\/wp-json\/wp\/v2\/product\/2784","targetHints":{"allow":["GET"]}}],"collection":[{"href":"https:\/\/alvarelloseditora.gal\/es\/wp-json\/wp\/v2\/product"}],"about":[{"href":"https:\/\/alvarelloseditora.gal\/es\/wp-json\/wp\/v2\/types\/product"}],"replies":[{"embeddable":true,"href":"https:\/\/alvarelloseditora.gal\/es\/wp-json\/wp\/v2\/comments?post=2784"}],"wp:featuredmedia":[{"embeddable":true,"href":"https:\/\/alvarelloseditora.gal\/es\/wp-json\/wp\/v2\/media\/9601"}],"wp:attachment":[{"href":"https:\/\/alvarelloseditora.gal\/es\/wp-json\/wp\/v2\/media?parent=2784"}],"wp:term":[{"taxonomy":"product_brand","embeddable":true,"href":"https:\/\/alvarelloseditora.gal\/es\/wp-json\/wp\/v2\/product_brand?post=2784"},{"taxonomy":"product_cat","embeddable":true,"href":"https:\/\/alvarelloseditora.gal\/es\/wp-json\/wp\/v2\/product_cat?post=2784"},{"taxonomy":"product_tag","embeddable":true,"href":"https:\/\/alvarelloseditora.gal\/es\/wp-json\/wp\/v2\/product_tag?post=2784"}],"curies":[{"name":"wp","href":"https:\/\/api.w.org\/{rel}","templated":true}]}}