{"id":2783,"date":"2019-12-27T13:40:05","date_gmt":"2019-12-27T14:02:08","guid":{"rendered":"https:\/\/nueva.alvarellos.info\/product\/libro-de-los-besos-y-la-niebla-el\/"},"modified":"2021-06-23T12:40:30","modified_gmt":"2021-06-23T10:40:30","slug":"libro-de-los-besos-y-la-niebla-el","status":"publish","type":"product","link":"https:\/\/alvarelloseditora.gal\/es\/libro\/libro-de-los-besos-y-la-niebla-el\/","title":{"rendered":"LIBRO DE LOS BESOS Y LA NIEBLA, EL"},"content":{"rendered":"<p><a href=\"https:\/\/alvarelloseditora.gal\/wp-content\/uploads\/2021\/05\/EL_LIBRO_DE_LOS_BESOS_ABC_CULTURAL_250212.pdf\" target=\"_blank\" rel=\"noopener noreferrer\"><em>25\/02\/2012<\/em>, ABC.es, \u00abEl libro de los besos y la niebla\u00bb.<\/a> <a href=\"http:\/\/www.abc.es\/20111116\/ciencia\/abcp-xose-carlos-caneiro-reune-20111116.html\" target=\"_blank\" rel=\"noopener noreferrer\"><em> 16\/11\/2011<\/em>, ABC.es, \u00abXose Carlos Carneiro re\u00fane prosa po\u00e9tica y pensamientos que muerden el alma\u00bb.<\/a> <a href=\"http:\/\/www.lavozdegalicia.es\/ocioycultura\/2011\/11\/15\/0003_201111G15P40992.htm\" target=\"_blank\" rel=\"noopener noreferrer\"><em> 15\/11\/2011<\/em>, La Voz de Galicia, Xos\u00e9 Carlos Caneiro: \u00abEl gran amigo del escritor es el lector\u00bb.<\/a><\/p>\n","protected":false},"excerpt":{"rendered":"<p>ISBN: 978-84-89323-74-2<br \/>\nP\u00e1ginas: 141<br \/>\nMedidas: 14&#215;21 cm<br \/>\nIdioma: castellano<br \/>\nIlustraciones: Alfonso Mart\u00ednez<br \/>\nEncuadernaci\u00f3n: r\u00fastica con solapas<br \/>\nFecha 1\u00aa edici\u00f3n: noviembre, 2011<\/p>\n<p>&nbsp;<\/p>\n<p>Xos\u00e9 Carlos Caneiro es uno de los escritores gallegos m\u00e1s laureados. Su fecunda obra, traducida a varios idiomas, ha cautivado a miles de lectores. El libro de los besos y la niebla (Alvarellos Editora, 2011), marca su regreso a las Letras en castellano, que hab\u00eda abandonado en 2003, y donde el autor verin\u00e9s transita por el periodismo, el ensayo, la prosa po\u00e9tica y el diario \u00edntimo. Xos\u00e9 Carlos Caneiro reescribe en castellano alguna de las reflexiones que public\u00f3 en prensa, y a ellas a\u00f1ade nuevas historias e invenciones. Algunos de los cap\u00edtulos son tan breves como haikus (esos poemas filos\u00f3ficos de la literatura japonesa); otros nos abren la puerta a su diario m\u00e1s \u00edntimo. El libro de los besos y la niebla muestra, en esencia, todos los mundos personales y\/o literarios del escritor. Son miniaturas de prosa cuidad\u00edsima y hondos sentimientos. Y donde tambi\u00e9n emerge el agudo cr\u00edtico literario: Kafka, Cort\u00e1zar, Vargas Llosa, S\u00e1bato, Joyce o Rulfo pueblan este micro-universo narrativo. \u201cEste es un libro de besos y niebla \u2014afirma Caneiro en sus primeras l\u00edneas\u2014. De pasiones, tedio, literatos y literatura, deseo, abrazos y pellizcos en el alma. He escrito muchos libros que no son como este. O tal vez he escrito siempre este libro, nada m\u00e1s. Puede que en \u00e9l encuentre usted el amor de su vida, porque solo fue un sue\u00f1o, y puede que mis palabras vuelen como palomas a cualquier precipicio\u201d. Esta obra est\u00e1 ilustrada por Alfonso Mart\u00ednez (Cartagena, 1973).<\/p>\n","protected":false},"featured_media":9592,"comment_status":"closed","ping_status":"closed","template":"","meta":[],"product_brand":[],"product_cat":[106],"product_tag":[],"class_list":{"0":"post-2783","1":"product","2":"type-product","3":"status-publish","4":"has-post-thumbnail","6":"product_author-xose-carlos-caneiro-es","7":"product_cat-libros-do-sarela-es","9":"first","10":"instock","11":"taxable","12":"shipping-taxable","13":"purchasable","14":"product-type-simple"},"yoast_head":"<!-- This site is optimized with the Yoast SEO plugin v27.3 - https:\/\/yoast.com\/product\/yoast-seo-wordpress\/ -->\n<title>LIBRO DE LOS BESOS Y LA NIEBLA, EL - Alvarellos Editora<\/title>\n<meta name=\"description\" content=\"LIBRO DE LOS BESOS Y LA NIEBLA, EL. C\u00f3mprao na tenda en li\u00f1a de Alvarellos Editora.\" \/>\n<meta name=\"robots\" content=\"index, follow, max-snippet:-1, max-image-preview:large, max-video-preview:-1\" \/>\n<link rel=\"canonical\" href=\"https:\/\/alvarelloseditora.gal\/es\/libro\/libro-de-los-besos-y-la-niebla-el\/\" \/>\n<meta property=\"og:locale\" content=\"es_ES\" \/>\n<meta property=\"og:type\" content=\"article\" \/>\n<meta property=\"og:title\" content=\"LIBRO DE LOS BESOS Y LA NIEBLA, EL - Alvarellos Editora\" \/>\n<meta property=\"og:description\" content=\"LIBRO DE LOS BESOS Y LA NIEBLA, EL. C\u00f3mprao na tenda en li\u00f1a de Alvarellos Editora.\" \/>\n<meta property=\"og:url\" content=\"https:\/\/alvarelloseditora.gal\/es\/libro\/libro-de-los-besos-y-la-niebla-el\/\" \/>\n<meta property=\"og:site_name\" content=\"Alvarellos Editora\" \/>\n<meta property=\"article:publisher\" content=\"https:\/\/www.facebook.com\/alvarelloseditora\" \/>\n<meta property=\"article:modified_time\" content=\"2021-06-23T10:40:30+00:00\" \/>\n<meta property=\"og:image\" content=\"https:\/\/alvarelloseditora.gal\/wp-content\/uploads\/2019\/12\/El-libro-de-los-besos._0001-1.jpg\" \/>\n\t<meta property=\"og:image:width\" content=\"1091\" \/>\n\t<meta property=\"og:image:height\" content=\"1645\" \/>\n\t<meta property=\"og:image:type\" content=\"image\/jpeg\" \/>\n<meta name=\"twitter:card\" content=\"summary_large_image\" \/>\n<meta name=\"twitter:site\" content=\"@alvarellos_ed\" \/>\n<!-- \/ Yoast SEO plugin. -->","yoast_head_json":{"title":"LIBRO DE LOS BESOS Y LA NIEBLA, EL - Alvarellos Editora","description":"LIBRO DE LOS BESOS Y LA NIEBLA, EL. C\u00f3mprao na tenda en li\u00f1a de Alvarellos Editora.","robots":{"index":"index","follow":"follow","max-snippet":"max-snippet:-1","max-image-preview":"max-image-preview:large","max-video-preview":"max-video-preview:-1"},"canonical":"https:\/\/alvarelloseditora.gal\/es\/libro\/libro-de-los-besos-y-la-niebla-el\/","og_locale":"es_ES","og_type":"article","og_title":"LIBRO DE LOS BESOS Y LA NIEBLA, EL - Alvarellos Editora","og_description":"LIBRO DE LOS BESOS Y LA NIEBLA, EL. C\u00f3mprao na tenda en li\u00f1a de Alvarellos Editora.","og_url":"https:\/\/alvarelloseditora.gal\/es\/libro\/libro-de-los-besos-y-la-niebla-el\/","og_site_name":"Alvarellos Editora","article_publisher":"https:\/\/www.facebook.com\/alvarelloseditora","article_modified_time":"2021-06-23T10:40:30+00:00","og_image":[{"width":1091,"height":1645,"url":"https:\/\/alvarelloseditora.gal\/wp-content\/uploads\/2019\/12\/El-libro-de-los-besos._0001-1.jpg","type":"image\/jpeg"}],"twitter_card":"summary_large_image","twitter_site":"@alvarellos_ed","schema":{"@context":"https:\/\/schema.org","@graph":[{"@type":["WebPage","ItemPage"],"@id":"https:\/\/alvarelloseditora.gal\/es\/libro\/libro-de-los-besos-y-la-niebla-el\/","url":"https:\/\/alvarelloseditora.gal\/es\/libro\/libro-de-los-besos-y-la-niebla-el\/","name":"LIBRO DE LOS BESOS Y LA NIEBLA, EL - Alvarellos Editora","isPartOf":{"@id":"https:\/\/alvarelloseditora.gal\/#website"},"primaryImageOfPage":{"@id":"https:\/\/alvarelloseditora.gal\/es\/libro\/libro-de-los-besos-y-la-niebla-el\/#primaryimage"},"image":{"@id":"https:\/\/alvarelloseditora.gal\/es\/libro\/libro-de-los-besos-y-la-niebla-el\/#primaryimage"},"thumbnailUrl":"https:\/\/alvarelloseditora.gal\/wp-content\/uploads\/2019\/12\/El-libro-de-los-besos._0001-1.jpg","datePublished":"2019-12-27T14:02:08+00:00","dateModified":"2021-06-23T10:40:30+00:00","description":"LIBRO DE LOS BESOS Y LA NIEBLA, EL. C\u00f3mprao na tenda en li\u00f1a de Alvarellos Editora.","breadcrumb":{"@id":"https:\/\/alvarelloseditora.gal\/es\/libro\/libro-de-los-besos-y-la-niebla-el\/#breadcrumb"},"inLanguage":"es","potentialAction":[{"@type":"ReadAction","target":["https:\/\/alvarelloseditora.gal\/es\/libro\/libro-de-los-besos-y-la-niebla-el\/"]}]},{"@type":"ImageObject","inLanguage":"es","@id":"https:\/\/alvarelloseditora.gal\/es\/libro\/libro-de-los-besos-y-la-niebla-el\/#primaryimage","url":"https:\/\/alvarelloseditora.gal\/wp-content\/uploads\/2019\/12\/El-libro-de-los-besos._0001-1.jpg","contentUrl":"https:\/\/alvarelloseditora.gal\/wp-content\/uploads\/2019\/12\/El-libro-de-los-besos._0001-1.jpg","width":1091,"height":1645},{"@type":"BreadcrumbList","@id":"https:\/\/alvarelloseditora.gal\/es\/libro\/libro-de-los-besos-y-la-niebla-el\/#breadcrumb","itemListElement":[{"@type":"ListItem","position":1,"name":"Portada","item":"https:\/\/alvarelloseditora.gal\/"},{"@type":"ListItem","position":2,"name":"Tienda","item":"https:\/\/alvarelloseditora.gal\/es\/tienda\/"},{"@type":"ListItem","position":3,"name":"LIBRO DE LOS BESOS Y LA NIEBLA, EL"}]},{"@type":"WebSite","@id":"https:\/\/alvarelloseditora.gal\/#website","url":"https:\/\/alvarelloseditora.gal\/","name":"Alvarellos Editora","description":"Libros para un mundo en tr\u00e1nsito","publisher":{"@id":"https:\/\/alvarelloseditora.gal\/#organization"},"potentialAction":[{"@type":"SearchAction","target":{"@type":"EntryPoint","urlTemplate":"https:\/\/alvarelloseditora.gal\/?s={search_term_string}"},"query-input":{"@type":"PropertyValueSpecification","valueRequired":true,"valueName":"search_term_string"}}],"inLanguage":"es"},{"@type":"Organization","@id":"https:\/\/alvarelloseditora.gal\/#organization","name":"Alvarellos Editora","url":"https:\/\/alvarelloseditora.gal\/","logo":{"@type":"ImageObject","inLanguage":"es","@id":"https:\/\/alvarelloseditora.gal\/#\/schema\/logo\/image\/","url":"https:\/\/alvarelloseditora.gal\/wp-content\/uploads\/2020\/02\/alv-icon.png","contentUrl":"https:\/\/alvarelloseditora.gal\/wp-content\/uploads\/2020\/02\/alv-icon.png","width":177,"height":175,"caption":"Alvarellos Editora"},"image":{"@id":"https:\/\/alvarelloseditora.gal\/#\/schema\/logo\/image\/"},"sameAs":["https:\/\/www.facebook.com\/alvarelloseditora","https:\/\/x.com\/alvarellos_ed"]}]}},"_links":{"self":[{"href":"https:\/\/alvarelloseditora.gal\/es\/wp-json\/wp\/v2\/product\/2783","targetHints":{"allow":["GET"]}}],"collection":[{"href":"https:\/\/alvarelloseditora.gal\/es\/wp-json\/wp\/v2\/product"}],"about":[{"href":"https:\/\/alvarelloseditora.gal\/es\/wp-json\/wp\/v2\/types\/product"}],"replies":[{"embeddable":true,"href":"https:\/\/alvarelloseditora.gal\/es\/wp-json\/wp\/v2\/comments?post=2783"}],"wp:featuredmedia":[{"embeddable":true,"href":"https:\/\/alvarelloseditora.gal\/es\/wp-json\/wp\/v2\/media\/9592"}],"wp:attachment":[{"href":"https:\/\/alvarelloseditora.gal\/es\/wp-json\/wp\/v2\/media?parent=2783"}],"wp:term":[{"taxonomy":"product_brand","embeddable":true,"href":"https:\/\/alvarelloseditora.gal\/es\/wp-json\/wp\/v2\/product_brand?post=2783"},{"taxonomy":"product_cat","embeddable":true,"href":"https:\/\/alvarelloseditora.gal\/es\/wp-json\/wp\/v2\/product_cat?post=2783"},{"taxonomy":"product_tag","embeddable":true,"href":"https:\/\/alvarelloseditora.gal\/es\/wp-json\/wp\/v2\/product_tag?post=2783"}],"curies":[{"name":"wp","href":"https:\/\/api.w.org\/{rel}","templated":true}]}}