{"id":2782,"date":"2019-12-27T13:40:05","date_gmt":"2019-12-27T14:02:08","guid":{"rendered":"https:\/\/nueva.alvarellos.info\/product\/bretemada\/"},"modified":"2021-06-22T14:47:12","modified_gmt":"2021-06-22T12:47:12","slug":"bretemada","status":"publish","type":"product","link":"https:\/\/alvarelloseditora.gal\/es\/libro\/bretemada\/","title":{"rendered":"BRETEMADA"},"content":{"rendered":"<p><em>02\/08\/2012<\/em>Xaneiro, 2012. \u00abA lexitimaci\u00f3n da naci\u00f3n galega\u00bb. Cr\u00edtica de Silvia Berm\u00fadez na revista \u00abGrial\u00bb n\u00ba 193 (xan-mar 2012). <a href=\"http:\/\/mas.laopinioncoruna.es\/suplementos\/2011\/11\/19\/%E2%80%98bretemada%E2%80%99\/\" target=\"_blank\" rel=\"noopener noreferrer\"><em> 03\/02\/2012<\/em>, La Opini\u00f3n A Coru\u00f1a , \u00abBretemada\u00bb <\/a> <a href=\"http:\/\/www.laopinioncoruna.es\/cultura\/2012\/01\/21\/memoria-do-continuador-pondal\/572121.html\" target=\"_blank\" rel=\"noopener noreferrer\"><em> 23\/01\/2012<\/em>, La Opini\u00f3n Coru\u00f1a, \u00abMemoria do continuador de Pondal\u00bb <\/a> <a href=\"http:\/\/www.lavozdegalicia.es\/noticia\/ocioycultura\/2012\/01\/21\/presentanbretemada-enorme-poema-epico-galicia\/0003_201201G21P46993.htm\" target=\"_blank\" rel=\"noopener noreferrer\"><em> 23\/01\/2012<\/em>, La Voz de Galicia, \u00abPresentan\u00abBretemada\u00bb como un \u00abenorme poema \u00e9pico de Galicia\u00bb\u00bb <\/a> <a href=\"http:\/\/www.lavozdegalicia.es\/noticia\/ocioycultura\/2012\/01\/20\/lopez-abente-manuel-antonio-era-poeta-do-mar\/0003_201201G20P46991.htm\" target=\"_blank\" rel=\"noopener noreferrer\"><em> 20\/01\/2012<\/em>, La Voz de Galicia, \u00ab\u00abL\u00f3pez Abente, como Manuel Antonio, era un poeta do mar\u00bb\u00bb <\/a> <a href=\"https:\/\/alvarelloseditora.gal\/wp-content\/uploads\/prensa\/15122011-Bretemada.pdf\" target=\"_blank\" rel=\"noopener noreferrer\"><em> 15\/12\/2011<\/em>, La Voz de Galicia, Culturas, \u00abRescate dunha voz precisa\u00bb <\/a> <em> 30\/11\/2011<\/em>, Caderno da cr\u00edtica, \u00abBretemada, de Gonzalo L\u00f3pez Abente\u00bb <em> 30\/11\/2011<\/em>, Criticalia, \u00abPoes\u00eda bretemeira\u00bb <a href=\"http:\/\/www.quepasanacosta.com\/?p=10395\" target=\"_blank\" rel=\"noopener noreferrer\"><em> 24\/10\/2011<\/em>, Que Pasa Na Costa, \u00abA cultura muxi\u00e1 resoa como a Pedra de Abalar \u00ab.<\/a> <em> 24\/10\/2011<\/em>, Terra e Tempo, \u00abRecuperando un dos nosos cl\u00e1sicos: Gonzalo L\u00f3pez Abente \u00ab. <em> 24\/10\/2011<\/em>, Galicia Hoxe, \u00abA editorial Alvarellos recupera no libro &#8216;Bretemada&#8217; cen poemas in\u00e9ditos de Gonzalo L\u00f3pez Abente\u00bb. <a href=\"http:\/\/www.lavozdegalicia.es\/ocioycultura\/2011\/10\/23\/0003_201110G23P45993.htm\" target=\"_blank\" rel=\"noopener noreferrer\"><em> 23\/10\/2011<\/em>, La Voz de Galicia, \u00ab\u00abBretemada\u00bb recobra vida en Mux\u00eda \u00ab.<\/a> <a href=\"http:\/\/www.lavozdegalicia.es\/carballo\/2011\/10\/22\/0003_201110C22C10993.htm\" target=\"_blank\" rel=\"noopener noreferrer\"><em> 22\/10\/2011<\/em>, La Voz de Galicia, \u00abA Fundaci\u00f3n L\u00f3pez Abente presenta o poemario in\u00e9dito \u00abBretemada\u00bb \u00ab.<\/a> <a href=\"http:\/\/www.lavozdegalicia.es\/carballo\/2011\/10\/19\/0003_201110C19C29911.htm\" target=\"_blank\" rel=\"noopener noreferrer\"><em> 20\/10\/2011<\/em>, La Voz de Galicia, \u00abO libro de L\u00f3pez Abente \u00e9 un acontecemento moi importante para a literatura galega \u00ab.<\/a> <a href=\"http:\/\/www.lavozdegalicia.es\/carballo\/2011\/10\/11\/0003_201110C11C8995.htm?utm_source=buscavoz&amp;utm_medium=buscavoz\" target=\"_blank\" rel=\"noopener noreferrer\"><em> 11\/10\/2011<\/em>, La Voz de Galicia, \u00abSae \u00e1 luz \u00abBretemada\u00bb con cen poemas in\u00e9ditos de L\u00f3pez Abente \u00ab.<\/a> <a href=\"http:\/\/www.lavozdegalicia.es\/ocioycultura\/2011\/09\/20\/0003_201109G20P30997.htm\" target=\"_blank\" rel=\"noopener noreferrer\"><em> 29\/09\/2011<\/em>, La Voz de Galicia, \u00abUn libro in\u00e9dito de Gonzalo L\u00f3pez Abente llegar\u00e1 a las librer\u00edas el pr\u00f3ximo mes \u00ab.<\/a> <a href=\"http:\/\/www.elcorreogallego.es\/comarcas\/ecg\/imprenta-un-poemario-inedito-lopez-abente\/idEdicion-2011-09-18\/idNoticia-701021\/\" target=\"_blank\" rel=\"noopener noreferrer\"><em> 29\/09\/2011<\/em>, El Correo Gallego, \u00abA imprenta un poemario in\u00e9dito de L\u00f3pez Abente \u00ab.<\/a><\/p>\n","protected":false},"excerpt":{"rendered":"<p>1917-1922 [Libro in\u00e9dito]<\/p>\n<p>&nbsp;<\/p>\n<p>ISBN: 978-84-89323-73-5<br \/>\nP\u00e1ginas: 227<br \/>\nMedidas: 13&#215;21 cm<br \/>\nIdioma: gallego<br \/>\nIlustraciones: varias fotograf\u00edas \u2014algunas in\u00e9ditas\u2014 del autor y reproducci\u00f3n de las primeras p\u00e1gs. del mecanoscrito original.<br \/>\nEncuadernaci\u00f3n: carton\u00e9<br \/>\nFecha 1\u00aa edici\u00f3n: Septiembre, 2011<\/p>\n<p>&nbsp;<\/p>\n<p>\u201cUn acontecimiento literario de alt\u00edsima importancia\u201d. As\u00ed define este hallazgo editorial el presidente de la Real Academia Galega, Xos\u00e9 Lu\u00eds M\u00e9ndez Ferr\u00edn, en el pr\u00f3logo a Bretemada, el poemario in\u00e9dito de Gonzalo L\u00f3pez Abente, el escritor y activista cultural a quien en 1971 se le dedicaba el \u201cD\u00eda das Letras Galegas\u201d. El libro, integrado por cien poemas, fue escrito entre los a\u00f1os 1917 y 1922. \u201cBretemada\u201d es una metonimia de Galicia. El mecanoscrito original pertenece a la Real Academia Galega. El profesor y poeta Miro Villar es el responsable del estudio introductorio y el cuidado de la edici\u00f3n. Esta obra, editada conjuntamente con la Fundaci\u00f3n Gonzalo L\u00f3pez Abente, se suma a la Colecci\u00f3n Rescate (volumen n\u00ba 15), una colecci\u00f3n ganadora del Premio de la Edici\u00f3n de Galicia en 2008 como \u201cMejor obra editorial del a\u00f1o\u201d. &gt;&gt; Ver las primeras p\u00e1ginas de Bretemada<\/p>\n","protected":false},"featured_media":6787,"comment_status":"closed","ping_status":"closed","template":"","meta":[],"product_brand":[],"product_cat":[111],"product_tag":[],"class_list":{"0":"post-2782","1":"product","2":"type-product","3":"status-publish","4":"has-post-thumbnail","6":"product_author-gonzalo-lopez-abente-es","7":"product_cat-coleccion-rescate-es","9":"first","10":"instock","11":"taxable","12":"shipping-taxable","13":"purchasable","14":"product-type-simple"},"yoast_head":"<!-- This site is optimized with the Yoast SEO plugin v27.3 - https:\/\/yoast.com\/product\/yoast-seo-wordpress\/ -->\n<title>BRETEMADA - Alvarellos Editora<\/title>\n<meta name=\"description\" content=\"BRETEMADA. C\u00f3mprao na tenda en li\u00f1a de Alvarellos Editora.\" \/>\n<meta name=\"robots\" content=\"index, follow, max-snippet:-1, max-image-preview:large, max-video-preview:-1\" \/>\n<link rel=\"canonical\" href=\"https:\/\/alvarelloseditora.gal\/es\/libro\/bretemada\/\" \/>\n<meta property=\"og:locale\" content=\"es_ES\" \/>\n<meta property=\"og:type\" content=\"article\" \/>\n<meta property=\"og:title\" content=\"BRETEMADA - Alvarellos Editora\" \/>\n<meta property=\"og:description\" content=\"BRETEMADA. C\u00f3mprao na tenda en li\u00f1a de Alvarellos Editora.\" \/>\n<meta property=\"og:url\" content=\"https:\/\/alvarelloseditora.gal\/es\/libro\/bretemada\/\" \/>\n<meta property=\"og:site_name\" content=\"Alvarellos Editora\" \/>\n<meta property=\"article:publisher\" content=\"https:\/\/www.facebook.com\/alvarelloseditora\" \/>\n<meta property=\"article:modified_time\" content=\"2021-06-22T12:47:12+00:00\" \/>\n<meta property=\"og:image\" content=\"https:\/\/alvarelloseditora.gal\/wp-content\/uploads\/2019\/12\/BRETEMADA-scaled.jpg\" \/>\n\t<meta property=\"og:image:width\" content=\"1634\" \/>\n\t<meta property=\"og:image:height\" content=\"2560\" \/>\n\t<meta property=\"og:image:type\" content=\"image\/jpeg\" \/>\n<meta name=\"twitter:card\" content=\"summary_large_image\" \/>\n<meta name=\"twitter:site\" content=\"@alvarellos_ed\" \/>\n<meta name=\"twitter:label1\" content=\"Tiempo de lectura\" \/>\n\t<meta name=\"twitter:data1\" content=\"1 minuto\" \/>\n<!-- \/ Yoast SEO plugin. -->","yoast_head_json":{"title":"BRETEMADA - Alvarellos Editora","description":"BRETEMADA. C\u00f3mprao na tenda en li\u00f1a de Alvarellos Editora.","robots":{"index":"index","follow":"follow","max-snippet":"max-snippet:-1","max-image-preview":"max-image-preview:large","max-video-preview":"max-video-preview:-1"},"canonical":"https:\/\/alvarelloseditora.gal\/es\/libro\/bretemada\/","og_locale":"es_ES","og_type":"article","og_title":"BRETEMADA - Alvarellos Editora","og_description":"BRETEMADA. C\u00f3mprao na tenda en li\u00f1a de Alvarellos Editora.","og_url":"https:\/\/alvarelloseditora.gal\/es\/libro\/bretemada\/","og_site_name":"Alvarellos Editora","article_publisher":"https:\/\/www.facebook.com\/alvarelloseditora","article_modified_time":"2021-06-22T12:47:12+00:00","og_image":[{"width":1634,"height":2560,"url":"https:\/\/alvarelloseditora.gal\/wp-content\/uploads\/2019\/12\/BRETEMADA-scaled.jpg","type":"image\/jpeg"}],"twitter_card":"summary_large_image","twitter_site":"@alvarellos_ed","twitter_misc":{"Tiempo de lectura":"1 minuto"},"schema":{"@context":"https:\/\/schema.org","@graph":[{"@type":["WebPage","ItemPage"],"@id":"https:\/\/alvarelloseditora.gal\/es\/libro\/bretemada\/","url":"https:\/\/alvarelloseditora.gal\/es\/libro\/bretemada\/","name":"BRETEMADA - Alvarellos Editora","isPartOf":{"@id":"https:\/\/alvarelloseditora.gal\/#website"},"primaryImageOfPage":{"@id":"https:\/\/alvarelloseditora.gal\/es\/libro\/bretemada\/#primaryimage"},"image":{"@id":"https:\/\/alvarelloseditora.gal\/es\/libro\/bretemada\/#primaryimage"},"thumbnailUrl":"https:\/\/alvarelloseditora.gal\/wp-content\/uploads\/2019\/12\/BRETEMADA-scaled.jpg","datePublished":"2019-12-27T14:02:08+00:00","dateModified":"2021-06-22T12:47:12+00:00","description":"BRETEMADA. C\u00f3mprao na tenda en li\u00f1a de Alvarellos Editora.","breadcrumb":{"@id":"https:\/\/alvarelloseditora.gal\/es\/libro\/bretemada\/#breadcrumb"},"inLanguage":"es","potentialAction":[{"@type":"ReadAction","target":["https:\/\/alvarelloseditora.gal\/es\/libro\/bretemada\/"]}]},{"@type":"ImageObject","inLanguage":"es","@id":"https:\/\/alvarelloseditora.gal\/es\/libro\/bretemada\/#primaryimage","url":"https:\/\/alvarelloseditora.gal\/wp-content\/uploads\/2019\/12\/BRETEMADA-scaled.jpg","contentUrl":"https:\/\/alvarelloseditora.gal\/wp-content\/uploads\/2019\/12\/BRETEMADA-scaled.jpg","width":1634,"height":2560},{"@type":"BreadcrumbList","@id":"https:\/\/alvarelloseditora.gal\/es\/libro\/bretemada\/#breadcrumb","itemListElement":[{"@type":"ListItem","position":1,"name":"Portada","item":"https:\/\/alvarelloseditora.gal\/"},{"@type":"ListItem","position":2,"name":"Tienda","item":"https:\/\/alvarelloseditora.gal\/es\/tienda\/"},{"@type":"ListItem","position":3,"name":"BRETEMADA"}]},{"@type":"WebSite","@id":"https:\/\/alvarelloseditora.gal\/#website","url":"https:\/\/alvarelloseditora.gal\/","name":"Alvarellos Editora","description":"Libros para un mundo en tr\u00e1nsito","publisher":{"@id":"https:\/\/alvarelloseditora.gal\/#organization"},"potentialAction":[{"@type":"SearchAction","target":{"@type":"EntryPoint","urlTemplate":"https:\/\/alvarelloseditora.gal\/?s={search_term_string}"},"query-input":{"@type":"PropertyValueSpecification","valueRequired":true,"valueName":"search_term_string"}}],"inLanguage":"es"},{"@type":"Organization","@id":"https:\/\/alvarelloseditora.gal\/#organization","name":"Alvarellos Editora","url":"https:\/\/alvarelloseditora.gal\/","logo":{"@type":"ImageObject","inLanguage":"es","@id":"https:\/\/alvarelloseditora.gal\/#\/schema\/logo\/image\/","url":"https:\/\/alvarelloseditora.gal\/wp-content\/uploads\/2020\/02\/alv-icon.png","contentUrl":"https:\/\/alvarelloseditora.gal\/wp-content\/uploads\/2020\/02\/alv-icon.png","width":177,"height":175,"caption":"Alvarellos Editora"},"image":{"@id":"https:\/\/alvarelloseditora.gal\/#\/schema\/logo\/image\/"},"sameAs":["https:\/\/www.facebook.com\/alvarelloseditora","https:\/\/x.com\/alvarellos_ed"]}]}},"_links":{"self":[{"href":"https:\/\/alvarelloseditora.gal\/es\/wp-json\/wp\/v2\/product\/2782","targetHints":{"allow":["GET"]}}],"collection":[{"href":"https:\/\/alvarelloseditora.gal\/es\/wp-json\/wp\/v2\/product"}],"about":[{"href":"https:\/\/alvarelloseditora.gal\/es\/wp-json\/wp\/v2\/types\/product"}],"replies":[{"embeddable":true,"href":"https:\/\/alvarelloseditora.gal\/es\/wp-json\/wp\/v2\/comments?post=2782"}],"wp:featuredmedia":[{"embeddable":true,"href":"https:\/\/alvarelloseditora.gal\/es\/wp-json\/wp\/v2\/media\/6787"}],"wp:attachment":[{"href":"https:\/\/alvarelloseditora.gal\/es\/wp-json\/wp\/v2\/media?parent=2782"}],"wp:term":[{"taxonomy":"product_brand","embeddable":true,"href":"https:\/\/alvarelloseditora.gal\/es\/wp-json\/wp\/v2\/product_brand?post=2782"},{"taxonomy":"product_cat","embeddable":true,"href":"https:\/\/alvarelloseditora.gal\/es\/wp-json\/wp\/v2\/product_cat?post=2782"},{"taxonomy":"product_tag","embeddable":true,"href":"https:\/\/alvarelloseditora.gal\/es\/wp-json\/wp\/v2\/product_tag?post=2782"}],"curies":[{"name":"wp","href":"https:\/\/api.w.org\/{rel}","templated":true}]}}