{"id":2781,"date":"2020-04-03T13:40:05","date_gmt":"2019-12-27T14:02:08","guid":{"rendered":"https:\/\/nueva.alvarellos.info\/product\/50-recetas-con-moras-y-otros-frutos-silvestres\/"},"modified":"2022-10-17T13:17:47","modified_gmt":"2022-10-17T11:17:47","slug":"50-recetas-con-moras-y-otros-frutos-silvestres","status":"publish","type":"product","link":"https:\/\/alvarelloseditora.gal\/es\/libro\/50-recetas-con-moras-y-otros-frutos-silvestres\/","title":{"rendered":"50 recetas con moras y otros frutos silvestres"},"content":{"rendered":"<p><a href=\"http:\/\/www.elcorreo.com\/alava\/rc\/20111119\/cultura\/para-ponerse-morados-201111182004.html\" target=\"_blank\" rel=\"noopener noreferrer\"><em>21\/11\/2011<\/em>, ElCorreo.com, Para ponerse morados.<\/a><\/p>\n<p><a href=\"http:\/\/gourmetymerlin.blogspot.com\/2011\/11\/lecturas-gastronomicas.html\" target=\"_blank\" rel=\"noopener noreferrer\"><em> 08\/11\/2011<\/em>, Diario del gourmet de provincias y del perro gastr\u00f3nomo.<\/a><\/p>\n<p><a href=\"http:\/\/lareira.net\/2011\/10\/50-recetas-con-moras-xesus-fraga\/\" target=\"_blank\" rel=\"noopener noreferrer\"><em> 24\/10\/2011<\/em>, Lareira.net, \u00ab50 recetas con moras \u2013 Xes\u00fas Fraga\u00bb<\/a><\/p>\n<p><a href=\"http:\/\/www.elcorreogallego.es\/opinion\/ecg\/froitos-do-monte-na-cocina\/idEdicion-2011-10-07\/idNoticia-705348\/\" target=\"_blank\" rel=\"noopener noreferrer\"><em> 20\/10\/2011<\/em>,El Correo Gallego, \u00abOs froitos do monte na coci\u00f1a\u00bb<\/a><\/p>\n<p><a href=\"http:\/\/www.elgastronomico.es\/2011\/10\/el-gastronomico-no-25-octubre-2011\/\" target=\"_blank\" rel=\"noopener noreferrer\"><em> 01\/10\/2011<\/em>, Rese\u00f1a en revista El gastron\u00f3mico, p\u00e1x. 30<\/a><\/p>\n<p><a href=\"http:\/\/elprogreso.galiciae.com\/nova\/114856.html?lang=es\" target=\"_blank\" rel=\"noopener noreferrer\"><em> 19\/09\/2011<\/em>, El Progreso, \u00abO biscoito de Carapuchi\u00f1a\u00bb.<\/a><\/p>\n<p><a href=\"http:\/\/www.elpais.com\/articulo\/Galicia\/tesoro\/gastronomico\/bosque\/elpepiautgal\/20110917elpgal_17\/Tes\" target=\"_blank\" rel=\"noopener noreferrer\"><em> 19\/09\/2011<\/em>, El Pais, \u00abEl tesoro gastron\u00f3mico del bosque\u00bb.<\/a><\/p>\n<p><a href=\"http:\/\/www.lavozdegalicia.es\/ocioycultura\/2011\/09\/15\/0003_201109G15P31993.htm\" target=\"_blank\" rel=\"noopener noreferrer\"><em> 15\/09\/2011<\/em>, La Voz de Galicia, \u00abXes\u00fas Fraga: \u00abUn plato es el final de una historia\u00bb \u00ab.<\/a><\/p>\n","protected":false},"excerpt":{"rendered":"<p>Xes\u00fas Fraga<br \/>\n&nbsp;<\/p>\n<p>P\u00e1ginas: 109<br \/>\nPVP: 16 \u20ac<br \/>\nMedidas: 18&#215;18 cm<br \/>\nIdioma: Castellano<br \/>\nFecha de publicaci\u00f3n 1\u00aa edici\u00f3n: septiembre, 2011<br \/>\nISBN: 978-84-89323-75-9<br \/>\nEncuadernaci\u00f3n: r\u00fastica con solapas<\/p>\n<p>&nbsp;<\/p>\n<p>&nbsp;<\/p>\n<p>El periodista Xes\u00fas Fraga publica en Alvarellos Editora el primer recetario completo de Espa\u00f1a basado en la cocina con frutos silvestres. Propuestas \u00fanicas para cocinar con moras, grosellas, ar\u00e1ndanos o frambuesas El libro 50 recetas con moras y otros frutos silvestres (Alvarellos Editora) de Xes\u00fas Fraga ofrece una panor\u00e1mica de los m\u00faltiples modos de utilizar en la cocina las conocidas moras, grosellas, ar\u00e1ndanos o frambuesas, pero tambi\u00e9n las uvas espina o las bayas del sa\u00faco. La mayor\u00eda de las propuestas \u2014magn\u00edficamente ilustradas con las fotograf\u00edas de Ana Couceiro\u2014 son muy sencillas y sirven como base para otras elaboraciones. Aunque el mayor protagonismo se lo lleve lo dulce, tambi\u00e9n se incluye un pu\u00f1ado de platos salados. Se trata del primer libro dedicado por completo a la cocina con frutos silvestres de todos los editados hasta ahora en el mercado espa\u00f1ol. Muchas son recetas de uso tradicional en cocinas de pa\u00edses como Inglaterra, Francia, Escocia o Alemania; otras toman como referencia esa tradici\u00f3n o la invenci\u00f3n de un cocinero contempor\u00e1neo para explorar nuevos caminos, y alguna ha salido de la cabeza del autor. Mermeladas, tartas, todo tipo de postres, platos salados o bebidas\u2026 Esta obra ofrece 50 ideas para darle buen uso a ese cesto de moras con el que hemos regresado de dar un paseo por el campo o rescatarlas del congelador para convertir una receta en algo totalmente diferente. Estos son algunos de los sugerentes nombres de las recetas: \u201cSopa helada de pi\u00f1a con sorbete de mora y galleta crujiente de almedra\u201d, \u201cCrumble de mora y manzana\u201d, \u201cTarta de queso express con coulis de mora\u201d o \u201cMilhojas de mora, frambuesa y chocolate blanco\u201d.<\/p>\n<p>\u00bb Ver las primeras p\u00e1ginas del libro<\/p>\n","protected":false},"featured_media":5897,"comment_status":"closed","ping_status":"closed","template":"","meta":[],"product_brand":[],"product_cat":[107],"product_tag":[],"class_list":{"0":"post-2781","1":"product","2":"type-product","3":"status-publish","4":"has-post-thumbnail","6":"product_author-xesus-fraga-es","7":"product_cat-a-lume-lento-es","9":"first","10":"instock","11":"taxable","12":"shipping-taxable","13":"purchasable","14":"product-type-simple"},"yoast_head":"<!-- This site is optimized with the Yoast SEO plugin v27.3 - https:\/\/yoast.com\/product\/yoast-seo-wordpress\/ -->\n<title>50 recetas con moras y otros frutos silvestres - Alvarellos Editora<\/title>\n<meta name=\"description\" content=\"50 recetas con moras y otros frutos silvestres. C\u00f3mprao na tenda en li\u00f1a de Alvarellos Editora.\" \/>\n<meta name=\"robots\" content=\"index, follow, max-snippet:-1, max-image-preview:large, max-video-preview:-1\" \/>\n<link rel=\"canonical\" href=\"https:\/\/alvarelloseditora.gal\/es\/libro\/50-recetas-con-moras-y-otros-frutos-silvestres\/\" \/>\n<meta property=\"og:locale\" content=\"es_ES\" \/>\n<meta property=\"og:type\" content=\"article\" \/>\n<meta property=\"og:title\" content=\"50 recetas con moras y otros frutos silvestres - Alvarellos Editora\" \/>\n<meta property=\"og:description\" content=\"50 recetas con moras y otros frutos silvestres. C\u00f3mprao na tenda en li\u00f1a de Alvarellos Editora.\" \/>\n<meta property=\"og:url\" content=\"https:\/\/alvarelloseditora.gal\/es\/libro\/50-recetas-con-moras-y-otros-frutos-silvestres\/\" \/>\n<meta property=\"og:site_name\" content=\"Alvarellos Editora\" \/>\n<meta property=\"article:publisher\" content=\"https:\/\/www.facebook.com\/alvarelloseditora\" \/>\n<meta property=\"article:modified_time\" content=\"2022-10-17T11:17:47+00:00\" \/>\n<meta property=\"og:image\" content=\"https:\/\/alvarelloseditora.gal\/wp-content\/uploads\/2020\/04\/50-recetas-con-moras-Alvarellos-ed.jpg\" \/>\n\t<meta property=\"og:image:width\" content=\"2513\" \/>\n\t<meta property=\"og:image:height\" content=\"2536\" \/>\n\t<meta property=\"og:image:type\" content=\"image\/jpeg\" \/>\n<meta name=\"twitter:card\" content=\"summary_large_image\" \/>\n<meta name=\"twitter:site\" content=\"@alvarellos_ed\" \/>\n<meta name=\"twitter:label1\" content=\"Tiempo de lectura\" \/>\n\t<meta name=\"twitter:data1\" content=\"1 minuto\" \/>\n<!-- \/ Yoast SEO plugin. -->","yoast_head_json":{"title":"50 recetas con moras y otros frutos silvestres - Alvarellos Editora","description":"50 recetas con moras y otros frutos silvestres. C\u00f3mprao na tenda en li\u00f1a de Alvarellos Editora.","robots":{"index":"index","follow":"follow","max-snippet":"max-snippet:-1","max-image-preview":"max-image-preview:large","max-video-preview":"max-video-preview:-1"},"canonical":"https:\/\/alvarelloseditora.gal\/es\/libro\/50-recetas-con-moras-y-otros-frutos-silvestres\/","og_locale":"es_ES","og_type":"article","og_title":"50 recetas con moras y otros frutos silvestres - Alvarellos Editora","og_description":"50 recetas con moras y otros frutos silvestres. C\u00f3mprao na tenda en li\u00f1a de Alvarellos Editora.","og_url":"https:\/\/alvarelloseditora.gal\/es\/libro\/50-recetas-con-moras-y-otros-frutos-silvestres\/","og_site_name":"Alvarellos Editora","article_publisher":"https:\/\/www.facebook.com\/alvarelloseditora","article_modified_time":"2022-10-17T11:17:47+00:00","og_image":[{"width":2513,"height":2536,"url":"https:\/\/alvarelloseditora.gal\/wp-content\/uploads\/2020\/04\/50-recetas-con-moras-Alvarellos-ed.jpg","type":"image\/jpeg"}],"twitter_card":"summary_large_image","twitter_site":"@alvarellos_ed","twitter_misc":{"Tiempo de lectura":"1 minuto"},"schema":{"@context":"https:\/\/schema.org","@graph":[{"@type":["WebPage","ItemPage"],"@id":"https:\/\/alvarelloseditora.gal\/es\/libro\/50-recetas-con-moras-y-otros-frutos-silvestres\/","url":"https:\/\/alvarelloseditora.gal\/es\/libro\/50-recetas-con-moras-y-otros-frutos-silvestres\/","name":"50 recetas con moras y otros frutos silvestres - Alvarellos Editora","isPartOf":{"@id":"https:\/\/alvarelloseditora.gal\/#website"},"primaryImageOfPage":{"@id":"https:\/\/alvarelloseditora.gal\/es\/libro\/50-recetas-con-moras-y-otros-frutos-silvestres\/#primaryimage"},"image":{"@id":"https:\/\/alvarelloseditora.gal\/es\/libro\/50-recetas-con-moras-y-otros-frutos-silvestres\/#primaryimage"},"thumbnailUrl":"https:\/\/alvarelloseditora.gal\/wp-content\/uploads\/2020\/04\/50-recetas-con-moras-Alvarellos-ed.jpg","datePublished":"2019-12-27T14:02:08+00:00","dateModified":"2022-10-17T11:17:47+00:00","description":"50 recetas con moras y otros frutos silvestres. C\u00f3mprao na tenda en li\u00f1a de Alvarellos Editora.","breadcrumb":{"@id":"https:\/\/alvarelloseditora.gal\/es\/libro\/50-recetas-con-moras-y-otros-frutos-silvestres\/#breadcrumb"},"inLanguage":"es","potentialAction":[{"@type":"ReadAction","target":["https:\/\/alvarelloseditora.gal\/es\/libro\/50-recetas-con-moras-y-otros-frutos-silvestres\/"]}]},{"@type":"ImageObject","inLanguage":"es","@id":"https:\/\/alvarelloseditora.gal\/es\/libro\/50-recetas-con-moras-y-otros-frutos-silvestres\/#primaryimage","url":"https:\/\/alvarelloseditora.gal\/wp-content\/uploads\/2020\/04\/50-recetas-con-moras-Alvarellos-ed.jpg","contentUrl":"https:\/\/alvarelloseditora.gal\/wp-content\/uploads\/2020\/04\/50-recetas-con-moras-Alvarellos-ed.jpg","width":2513,"height":2536,"caption":"50 recetas con moras"},{"@type":"BreadcrumbList","@id":"https:\/\/alvarelloseditora.gal\/es\/libro\/50-recetas-con-moras-y-otros-frutos-silvestres\/#breadcrumb","itemListElement":[{"@type":"ListItem","position":1,"name":"Portada","item":"https:\/\/alvarelloseditora.gal\/"},{"@type":"ListItem","position":2,"name":"Tienda","item":"https:\/\/alvarelloseditora.gal\/es\/tienda\/"},{"@type":"ListItem","position":3,"name":"50 recetas con moras y otros frutos silvestres"}]},{"@type":"WebSite","@id":"https:\/\/alvarelloseditora.gal\/#website","url":"https:\/\/alvarelloseditora.gal\/","name":"Alvarellos Editora","description":"Libros para un mundo en tr\u00e1nsito","publisher":{"@id":"https:\/\/alvarelloseditora.gal\/#organization"},"potentialAction":[{"@type":"SearchAction","target":{"@type":"EntryPoint","urlTemplate":"https:\/\/alvarelloseditora.gal\/?s={search_term_string}"},"query-input":{"@type":"PropertyValueSpecification","valueRequired":true,"valueName":"search_term_string"}}],"inLanguage":"es"},{"@type":"Organization","@id":"https:\/\/alvarelloseditora.gal\/#organization","name":"Alvarellos Editora","url":"https:\/\/alvarelloseditora.gal\/","logo":{"@type":"ImageObject","inLanguage":"es","@id":"https:\/\/alvarelloseditora.gal\/#\/schema\/logo\/image\/","url":"https:\/\/alvarelloseditora.gal\/wp-content\/uploads\/2020\/02\/alv-icon.png","contentUrl":"https:\/\/alvarelloseditora.gal\/wp-content\/uploads\/2020\/02\/alv-icon.png","width":177,"height":175,"caption":"Alvarellos Editora"},"image":{"@id":"https:\/\/alvarelloseditora.gal\/#\/schema\/logo\/image\/"},"sameAs":["https:\/\/www.facebook.com\/alvarelloseditora","https:\/\/x.com\/alvarellos_ed"]}]}},"_links":{"self":[{"href":"https:\/\/alvarelloseditora.gal\/es\/wp-json\/wp\/v2\/product\/2781","targetHints":{"allow":["GET"]}}],"collection":[{"href":"https:\/\/alvarelloseditora.gal\/es\/wp-json\/wp\/v2\/product"}],"about":[{"href":"https:\/\/alvarelloseditora.gal\/es\/wp-json\/wp\/v2\/types\/product"}],"replies":[{"embeddable":true,"href":"https:\/\/alvarelloseditora.gal\/es\/wp-json\/wp\/v2\/comments?post=2781"}],"wp:featuredmedia":[{"embeddable":true,"href":"https:\/\/alvarelloseditora.gal\/es\/wp-json\/wp\/v2\/media\/5897"}],"wp:attachment":[{"href":"https:\/\/alvarelloseditora.gal\/es\/wp-json\/wp\/v2\/media?parent=2781"}],"wp:term":[{"taxonomy":"product_brand","embeddable":true,"href":"https:\/\/alvarelloseditora.gal\/es\/wp-json\/wp\/v2\/product_brand?post=2781"},{"taxonomy":"product_cat","embeddable":true,"href":"https:\/\/alvarelloseditora.gal\/es\/wp-json\/wp\/v2\/product_cat?post=2781"},{"taxonomy":"product_tag","embeddable":true,"href":"https:\/\/alvarelloseditora.gal\/es\/wp-json\/wp\/v2\/product_tag?post=2781"}],"curies":[{"name":"wp","href":"https:\/\/api.w.org\/{rel}","templated":true}]}}