{"id":2779,"date":"2019-12-27T13:40:05","date_gmt":"2019-12-27T14:02:08","guid":{"rendered":"https:\/\/nueva.alvarellos.info\/product\/cuando-compostela-subio-el-telon\/"},"modified":"2021-06-23T14:05:11","modified_gmt":"2021-06-23T12:05:11","slug":"cuando-compostela-subio-el-telon","status":"publish","type":"product","link":"https:\/\/alvarelloseditora.gal\/es\/libro\/cuando-compostela-subio-el-telon\/","title":{"rendered":"CUANDO COMPOSTELA SUBI\u00d3 EL TEL\u00d3N"},"content":{"rendered":"<p><strong>\u00bb Ver la galer\u00eda gr\u00e1fica de esta obra<\/strong><\/p>\n<p><a href=\"http:\/\/www.laregion.es\/opinion\/12154\/\" target=\"_blank\" rel=\"noopener noreferrer\"><em>03\/04\/2011<\/em>, La Regi\u00f3n, \u00abDe teatro, historia y divertimiento\u00bb<\/a><\/p>\n<p><a href=\"http:\/\/www.elpais.com\/articulo\/Galicia\/sillas\/hacer\/teatro\/elpepiautgal\/20110806elpgal_10\/Tes\" target=\"_blank\" rel=\"noopener noreferrer\"><em>08\/08\/2011<\/em>, El Pa\u00eds, \u00abSeis sillas para hacer teatro\u00bb<\/a><\/p>\n<p><a href=\"http:\/\/www.youtube.com\/watch?v=szw7GwAXgns\" target=\"_blank\" rel=\"noopener noreferrer\"><em>28\/07\/2011<\/em>, Correo TV entrevista a Alejandra Juno. Programa \u00abV\u00eda L\u00e1ctea\u00bb de Carlos Roma.<\/a><\/p>\n<p><a href=\"http:\/\/www.elpais.com\/articulo\/Galicia\/Compostela\/subio\/telon\/elpepuespgal\/20110722elpgal_9\/Tes\" target=\"_blank\" rel=\"noopener noreferrer\"><em>22\/07\/2011<\/em>, El Pa\u00eds, \u00abFerm\u00edn Bouza: Cuando Compostela subi\u00f3 el tel\u00f3n\u00bb<\/a><\/p>\n<p><a href=\"http:\/\/www.elcorreogallego.es\/vida-social\/ecg\/presentacion-libro-alejandra-juno-hostal\/idEdicion-2011-07-10\/idNoticia-685137\/\" target=\"_blank\" rel=\"noopener noreferrer\"><em>10-07-2011<\/em>, El Correo Gallego, \u00abPresentaci\u00f3n del libro de Alejandra Juno en el Hostal\u00bb.<\/a><\/p>\n<p><a href=\"http:\/\/www.xornal.com\/artigo\/2011\/07\/08\/cultura\/galicia-mais-teatral\/2011070823593500565.html\" target=\"_blank\" rel=\"noopener noreferrer\"><em>09-07-2011<\/em>, Xornal.com, \u00abA Galicia m\u00e1is teatral. Alejandra Juno analiza a escena do pa\u00eds\u00bb.<\/a><\/p>\n<p><a href=\"http:\/\/www.lavozdegalicia.es\/santiago\/2011\/07\/08\/0003_201107S8C2997.htm\" target=\"_blank\" rel=\"noopener noreferrer\"><em>08-07-2011<\/em>, La Voz de Galicia, \u00abMi libro es un reconocimiento a lo que Ditea hizo por el teatro\u00bb.<\/a><\/p>\n<p><a href=\"http:\/\/www.elcorreogallego.es\/santiago\/ecg\/alejandra-juno-repasa-su-nuevo-libro-historia-ditea-mucho-humor\/idEdicion-2011-07-08\/idNoticia-684996\/\" target=\"_blank\" rel=\"noopener noreferrer\"><em>08-07-2011<\/em>, El Correo Gallego, \u00abAlejandra Juno repasa en su nuevo libro la historia de Ditea con mucho humor \u00ab. <\/a><\/p>\n<p><a href=\"http:\/\/www.elcorreogallego.es\/santiago\/ecg\/teatro-compostelano-protagoniza-un-estudio\/idEdicion-2011-07-05\/idNoticia-684287\/\" target=\"_blank\" rel=\"noopener noreferrer\"><em>06-07-2011<\/em>, El Correo Gallego, \u00abEl teatro compostelano protagoniza un estudio \u00ab. <\/a><\/p>\n","protected":false},"excerpt":{"rendered":"<p>CR\u00d3NICA SENTIMENTAL DE LA D\u00c9CADA DORADA DEL TEATRO SANTIAGU\u00c9S: DITEA, 1960-1970<\/p>\n<p>&nbsp;<\/p>\n<p>P\u00e1ginas: 400<br \/>\nMedidas: 13 x 23 cms<br \/>\nIdioma: castellano<br \/>\nISBN: 978-84-89323-70-4<br \/>\nEncuadernaci\u00f3n: r\u00fastica con solapas<br \/>\nIlustraciones: 24 fotograf\u00edas<br \/>\nFecha de publicaci\u00f3n 1\u00aa edici\u00f3n: julio, 2011<\/p>\n<p>&nbsp;<\/p>\n<p>La investigadora y actriz Alejandra Juno publica CUANDO COMPOSTELA SUBI\u00d3 EL TEL\u00d3N. CR\u00d3NICA SENTIMENTAL DE LA D\u00c9CADA DORADA DEL TEATRO SANTIAGU\u00c9S: DITEA, 1960-1970, un ensayo repleto de an\u00e9cdotas, abundante y rigurosa documentaci\u00f3n y mucho sentido del humor. La obra alcanza las 400 p\u00e1ginas, incluye fotograf\u00edas de la \u00e9poca y un \u00edndice onom\u00e1stico de m\u00e1s de 500 nombres. CUANDO COMPOSTELA SUBI\u00d3 EL TEL\u00d3N re\u00fane todos los elementos que convierten una cr\u00f3nica en un texto cautivador y en espejo de toda una \u00e9poca. Esta obra, llena de an\u00e9cdotas y fino sentido del humor, recupera para el recuerdo una \u00e9poca magn\u00edfica del arte dram\u00e1tico en Galicia: la primera d\u00e9cada de la Compa\u00f1\u00eda Ditea (Difusi\u00f3n de Teatro), un grupo que decidi\u00f3 la vocaci\u00f3n de muchos de los que actualmente ocupan los escenarios gallegos y tambi\u00e9n espa\u00f1oles. Por las 400 p\u00e1ginas de este volumen discurren personajes inolvidables del Santiago de aquella \u00e9poca. Compostela en su esencia m\u00e1s aut\u00e9ntica en unos a\u00f1os en los que tantas cosas iban a cambiar radicalmente. Alejandra Juno dibuja una ciudad que sabe reir y reir bien, consciente del gran teatro que es el mundo. La obra cuenta con un pr\u00f3logo de Xerardo Est\u00e9vez y presentaci\u00f3n de Juan Jes\u00fas Gestal. Finalmente incluye numerosas ilustraciones de la \u00e9poca y un \u00edndice onom\u00e1stico de m\u00e1s de 500 nombres.<\/p>\n","protected":false},"featured_media":9604,"comment_status":"closed","ping_status":"closed","template":"","meta":[],"product_brand":[],"product_cat":[105],"product_tag":[],"class_list":{"0":"post-2779","1":"product","2":"type-product","3":"status-publish","4":"has-post-thumbnail","6":"product_author-alejandra-juno-es","7":"product_cat-oeste-es","9":"first","10":"instock","11":"taxable","12":"shipping-taxable","13":"purchasable","14":"product-type-simple"},"yoast_head":"<!-- This site is optimized with the Yoast SEO plugin v27.3 - https:\/\/yoast.com\/product\/yoast-seo-wordpress\/ -->\n<title>CUANDO COMPOSTELA SUBI\u00d3 EL TEL\u00d3N - Alvarellos Editora<\/title>\n<meta name=\"description\" content=\"CUANDO COMPOSTELA SUBI\u00d3 EL TEL\u00d3N. C\u00f3mprao na tenda en li\u00f1a de Alvarellos Editora.\" \/>\n<meta name=\"robots\" content=\"index, follow, max-snippet:-1, max-image-preview:large, max-video-preview:-1\" \/>\n<link rel=\"canonical\" href=\"https:\/\/alvarelloseditora.gal\/es\/libro\/cuando-compostela-subio-el-telon\/\" \/>\n<meta property=\"og:locale\" content=\"es_ES\" \/>\n<meta property=\"og:type\" content=\"article\" \/>\n<meta property=\"og:title\" content=\"CUANDO COMPOSTELA SUBI\u00d3 EL TEL\u00d3N - Alvarellos Editora\" \/>\n<meta property=\"og:description\" content=\"CUANDO COMPOSTELA SUBI\u00d3 EL TEL\u00d3N. C\u00f3mprao na tenda en li\u00f1a de Alvarellos Editora.\" \/>\n<meta property=\"og:url\" content=\"https:\/\/alvarelloseditora.gal\/es\/libro\/cuando-compostela-subio-el-telon\/\" \/>\n<meta property=\"og:site_name\" content=\"Alvarellos Editora\" \/>\n<meta property=\"article:publisher\" content=\"https:\/\/www.facebook.com\/alvarelloseditora\" \/>\n<meta property=\"article:modified_time\" content=\"2021-06-23T12:05:11+00:00\" \/>\n<meta property=\"og:image\" content=\"https:\/\/alvarelloseditora.gal\/wp-content\/uploads\/2019\/12\/Cuando-compostela-subio._0001-1.jpg\" \/>\n\t<meta property=\"og:image:width\" content=\"1039\" \/>\n\t<meta property=\"og:image:height\" content=\"1797\" \/>\n\t<meta property=\"og:image:type\" content=\"image\/jpeg\" \/>\n<meta name=\"twitter:card\" content=\"summary_large_image\" \/>\n<meta name=\"twitter:site\" content=\"@alvarellos_ed\" \/>\n<meta name=\"twitter:label1\" content=\"Tiempo de lectura\" \/>\n\t<meta name=\"twitter:data1\" content=\"1 minuto\" \/>\n<!-- \/ Yoast SEO plugin. -->","yoast_head_json":{"title":"CUANDO COMPOSTELA SUBI\u00d3 EL TEL\u00d3N - Alvarellos Editora","description":"CUANDO COMPOSTELA SUBI\u00d3 EL TEL\u00d3N. C\u00f3mprao na tenda en li\u00f1a de Alvarellos Editora.","robots":{"index":"index","follow":"follow","max-snippet":"max-snippet:-1","max-image-preview":"max-image-preview:large","max-video-preview":"max-video-preview:-1"},"canonical":"https:\/\/alvarelloseditora.gal\/es\/libro\/cuando-compostela-subio-el-telon\/","og_locale":"es_ES","og_type":"article","og_title":"CUANDO COMPOSTELA SUBI\u00d3 EL TEL\u00d3N - Alvarellos Editora","og_description":"CUANDO COMPOSTELA SUBI\u00d3 EL TEL\u00d3N. C\u00f3mprao na tenda en li\u00f1a de Alvarellos Editora.","og_url":"https:\/\/alvarelloseditora.gal\/es\/libro\/cuando-compostela-subio-el-telon\/","og_site_name":"Alvarellos Editora","article_publisher":"https:\/\/www.facebook.com\/alvarelloseditora","article_modified_time":"2021-06-23T12:05:11+00:00","og_image":[{"width":1039,"height":1797,"url":"https:\/\/alvarelloseditora.gal\/wp-content\/uploads\/2019\/12\/Cuando-compostela-subio._0001-1.jpg","type":"image\/jpeg"}],"twitter_card":"summary_large_image","twitter_site":"@alvarellos_ed","twitter_misc":{"Tiempo de lectura":"1 minuto"},"schema":{"@context":"https:\/\/schema.org","@graph":[{"@type":["WebPage","ItemPage"],"@id":"https:\/\/alvarelloseditora.gal\/es\/libro\/cuando-compostela-subio-el-telon\/","url":"https:\/\/alvarelloseditora.gal\/es\/libro\/cuando-compostela-subio-el-telon\/","name":"CUANDO COMPOSTELA SUBI\u00d3 EL TEL\u00d3N - Alvarellos Editora","isPartOf":{"@id":"https:\/\/alvarelloseditora.gal\/#website"},"primaryImageOfPage":{"@id":"https:\/\/alvarelloseditora.gal\/es\/libro\/cuando-compostela-subio-el-telon\/#primaryimage"},"image":{"@id":"https:\/\/alvarelloseditora.gal\/es\/libro\/cuando-compostela-subio-el-telon\/#primaryimage"},"thumbnailUrl":"https:\/\/alvarelloseditora.gal\/wp-content\/uploads\/2019\/12\/Cuando-compostela-subio._0001-1.jpg","datePublished":"2019-12-27T14:02:08+00:00","dateModified":"2021-06-23T12:05:11+00:00","description":"CUANDO COMPOSTELA SUBI\u00d3 EL TEL\u00d3N. C\u00f3mprao na tenda en li\u00f1a de Alvarellos Editora.","breadcrumb":{"@id":"https:\/\/alvarelloseditora.gal\/es\/libro\/cuando-compostela-subio-el-telon\/#breadcrumb"},"inLanguage":"es","potentialAction":[{"@type":"ReadAction","target":["https:\/\/alvarelloseditora.gal\/es\/libro\/cuando-compostela-subio-el-telon\/"]}]},{"@type":"ImageObject","inLanguage":"es","@id":"https:\/\/alvarelloseditora.gal\/es\/libro\/cuando-compostela-subio-el-telon\/#primaryimage","url":"https:\/\/alvarelloseditora.gal\/wp-content\/uploads\/2019\/12\/Cuando-compostela-subio._0001-1.jpg","contentUrl":"https:\/\/alvarelloseditora.gal\/wp-content\/uploads\/2019\/12\/Cuando-compostela-subio._0001-1.jpg","width":1039,"height":1797},{"@type":"BreadcrumbList","@id":"https:\/\/alvarelloseditora.gal\/es\/libro\/cuando-compostela-subio-el-telon\/#breadcrumb","itemListElement":[{"@type":"ListItem","position":1,"name":"Portada","item":"https:\/\/alvarelloseditora.gal\/"},{"@type":"ListItem","position":2,"name":"Tienda","item":"https:\/\/alvarelloseditora.gal\/es\/tienda\/"},{"@type":"ListItem","position":3,"name":"CUANDO COMPOSTELA SUBI\u00d3 EL TEL\u00d3N"}]},{"@type":"WebSite","@id":"https:\/\/alvarelloseditora.gal\/#website","url":"https:\/\/alvarelloseditora.gal\/","name":"Alvarellos Editora","description":"Libros para un mundo en tr\u00e1nsito","publisher":{"@id":"https:\/\/alvarelloseditora.gal\/#organization"},"potentialAction":[{"@type":"SearchAction","target":{"@type":"EntryPoint","urlTemplate":"https:\/\/alvarelloseditora.gal\/?s={search_term_string}"},"query-input":{"@type":"PropertyValueSpecification","valueRequired":true,"valueName":"search_term_string"}}],"inLanguage":"es"},{"@type":"Organization","@id":"https:\/\/alvarelloseditora.gal\/#organization","name":"Alvarellos Editora","url":"https:\/\/alvarelloseditora.gal\/","logo":{"@type":"ImageObject","inLanguage":"es","@id":"https:\/\/alvarelloseditora.gal\/#\/schema\/logo\/image\/","url":"https:\/\/alvarelloseditora.gal\/wp-content\/uploads\/2020\/02\/alv-icon.png","contentUrl":"https:\/\/alvarelloseditora.gal\/wp-content\/uploads\/2020\/02\/alv-icon.png","width":177,"height":175,"caption":"Alvarellos Editora"},"image":{"@id":"https:\/\/alvarelloseditora.gal\/#\/schema\/logo\/image\/"},"sameAs":["https:\/\/www.facebook.com\/alvarelloseditora","https:\/\/x.com\/alvarellos_ed"]}]}},"_links":{"self":[{"href":"https:\/\/alvarelloseditora.gal\/es\/wp-json\/wp\/v2\/product\/2779","targetHints":{"allow":["GET"]}}],"collection":[{"href":"https:\/\/alvarelloseditora.gal\/es\/wp-json\/wp\/v2\/product"}],"about":[{"href":"https:\/\/alvarelloseditora.gal\/es\/wp-json\/wp\/v2\/types\/product"}],"replies":[{"embeddable":true,"href":"https:\/\/alvarelloseditora.gal\/es\/wp-json\/wp\/v2\/comments?post=2779"}],"wp:featuredmedia":[{"embeddable":true,"href":"https:\/\/alvarelloseditora.gal\/es\/wp-json\/wp\/v2\/media\/9604"}],"wp:attachment":[{"href":"https:\/\/alvarelloseditora.gal\/es\/wp-json\/wp\/v2\/media?parent=2779"}],"wp:term":[{"taxonomy":"product_brand","embeddable":true,"href":"https:\/\/alvarelloseditora.gal\/es\/wp-json\/wp\/v2\/product_brand?post=2779"},{"taxonomy":"product_cat","embeddable":true,"href":"https:\/\/alvarelloseditora.gal\/es\/wp-json\/wp\/v2\/product_cat?post=2779"},{"taxonomy":"product_tag","embeddable":true,"href":"https:\/\/alvarelloseditora.gal\/es\/wp-json\/wp\/v2\/product_tag?post=2779"}],"curies":[{"name":"wp","href":"https:\/\/api.w.org\/{rel}","templated":true}]}}