{"id":2777,"date":"2019-12-27T13:40:05","date_gmt":"2019-12-27T14:02:08","guid":{"rendered":"https:\/\/nueva.alvarellos.info\/product\/por-la-calle-de-san-marcos\/"},"modified":"2021-06-22T22:10:48","modified_gmt":"2021-06-22T20:10:48","slug":"por-la-calle-de-san-marcos","status":"publish","type":"product","link":"https:\/\/alvarelloseditora.gal\/es\/libro\/por-la-calle-de-san-marcos\/","title":{"rendered":"POR LA CALLE DE SAN MARCOS"},"content":{"rendered":"<p><em>22\/06\/2011<\/em>, De Luns a Venres, \u00bbA Historia cont\u00e1mola desde o presente; polo tanto, pode ser sempre unha gran mentira\u00bb <a href=\"http:\/\/www.lavozdegalicia.es\/lugo\/2011\/06\/08\/0003_201106L8C6991.htm\" target=\"_blank\" rel=\"noopener noreferrer\"><em>08\/06\/2011<\/em>, <\/a><a href=\"http:\/\/www.lavozdegalicia.es\/lugo\/2011\/06\/08\/0003_201106L8C6991.htm\" target=\"_blank\" rel=\"noopener noreferrer\">La Voz de Galicia, \u00bbSan Marcos, protagonista de la historia de Lugo y de Espa\u00f1a\u00bb<\/a> <a href=\"http:\/\/elprogreso.galiciae.com\/nova\/90394.html\" target=\"_blank\" rel=\"noopener noreferrer\"><em>23\/05\/2011<\/em>, <\/a><a href=\"http:\/\/elprogreso.galiciae.com\/nova\/90394.html\" target=\"_blank\" rel=\"noopener noreferrer\">El Progreso, \u00bbDe extrarradio a coraz\u00f3n urbano\u00bb<\/a> <a href=\"http:\/\/elprogreso.galiciae.com\/nova\/87335.html\" target=\"_blank\" rel=\"noopener noreferrer\"><em>04\/05\/2011<\/em>, <\/a><a href=\"http:\/\/elprogreso.galiciae.com\/nova\/87335.html\" target=\"_blank\" rel=\"noopener noreferrer\">El Progreso, \u00bbLa calle fue fruto de una especulaci\u00f3n inmobiliaria\u00bb<\/a><\/p>\n","protected":false},"excerpt":{"rendered":"<p>Biograf\u00eda de una r\u00faa lucense<\/p>\n<p>&nbsp;<\/p>\n<p>P\u00e1ginas: 186<br \/>\nMedidas: 20&#215;19 cms<br \/>\nIdioma: castellano<br \/>\nISBN:978-84-89323-68-1<br \/>\nEncuadernaci\u00f3n: Carton\u00e9<br \/>\nFecha publicaci\u00f3n: mayo, 2011<\/p>\n<p>&nbsp;<\/p>\n<p>La aparici\u00f3n de este ensaio coincide con la peatonalizaci\u00f3n de este emblem\u00e1tico espacio urbano y su conversi\u00f3n en plaza. El autor, catedr\u00e1tico de ense\u00f1anza secundaria y especialista en Historia Contempor\u00e1nea, aporta documentaci\u00f3n in\u00e9dita con m\u00e1s de 200 fotograf\u00edas e ilustraciones hist\u00f3ricas de la vida luguesa. C\u00f3mo la Historia se manifiesta en Lugo a trav\u00e9s de la calle de San Marcos: la sociedad, la pol\u00edtica, la econom\u00eda y la cultura.<\/p>\n<p>El ensayo POR LA CALLE DE SAN MARCOS. BIOGRAF\u00cdA DE UNA R\u00daA LUCENSE se detiene en los dos \u00faltimos siglos de la historia de Lugo a su paso por esta emblem\u00e1tica v\u00eda. Una obra ilustrada con 235 im\u00e1genes (muchas de ellas, in\u00e9ditas, procedentes del archivo personal del augor), poblada por medio millar de personajes, rigurosa documentaci\u00f3n, un sinf\u00edn de an\u00e9cdotas, y un relato amen\u00edsimo que atrapa al lector y lo transporta, desde los or\u00edgenes de la calle hasta convertirse en el espacio urbano que llega a nuestros d\u00edas.<\/p>\n<p>LOS PERSONAJES.\u00a0Isabel II con Alfonso XII en el regazo en su visita a Lugo en 1858, Nicol\u00e1s Salmer\u00f3n (presidente de la I Rep\u00fablica espa\u00f1ola) en su exilio lugu\u00e9s de 1875 o Alcal\u00e1 Zamora (presidente de la II Rep\u00fablica) en 1934; Federico Garc\u00eda Lorca en 1932, Franco tras el fin de la Guerra o el rey Juan Carlos en 1976. Todos ellos, al igual que el arquitecto Nemesio Cobreros, los m\u00e9dicos y poetas Manuel Amor Meil\u00e1n o Luis Pimentel, el Rey Chiquito, Juan Montes, Correa Calder\u00f3n, Rafael de Vega Barrera&#8230; y as\u00ed hasta varios cientos de personajes \u2014famosos y an\u00f3nimos\u2014 cuyas historias, a su paso por la calle de San Marcos, son rescatadas en esta obra.<\/p>\n<p>EL PALACIO DE SAN MARCOS. Una calle presidida por el emblem\u00e1tico Palacio de San Marcos, sede, desde el \u00faltimo tercio del siglo XIX, de la Diputaci\u00f3n Provincial de Lugo, y un edificio que tambi\u00e9n acogi\u00f3 al primer Instituto de la ciudad, la Biblioteca provincial, la Escuela de Magisterio o la Escuela de Comercio.<\/p>\n<p>DE LA MACRO A LA MICRO HISTORIA. Reboredo Pazos transita en su relato entre el marco general de la historia y la microhistoria. Dentro de esta \u00faltima recorre casa por casa, negocio por negocio, todos y cada uno de los inmuebles de la r\u00faa y se detiene por ejemplo (entre otros) en el Hielo Bar, en la muebler\u00eda Americana, en la librer\u00eda y editorial Celta y, c\u00f3mo no, en la Librer\u00eda Reboredo (1914-1986) propiedad de su familia.<\/p>\n","protected":false},"featured_media":9582,"comment_status":"closed","ping_status":"closed","template":"","meta":[],"product_brand":[],"product_cat":[104],"product_tag":[],"class_list":{"0":"post-2777","1":"product","2":"type-product","3":"status-publish","4":"has-post-thumbnail","6":"product_author-julio-reboredo-pazos-es","7":"product_cat-ilustrada-es","9":"first","10":"instock","11":"taxable","12":"shipping-taxable","13":"purchasable","14":"product-type-simple"},"yoast_head":"<!-- This site is optimized with the Yoast SEO plugin v27.4 - https:\/\/yoast.com\/product\/yoast-seo-wordpress\/ -->\n<title>POR LA CALLE DE SAN MARCOS - Alvarellos Editora<\/title>\n<meta name=\"description\" content=\"POR LA CALLE DE SAN MARCOS. C\u00f3mprao na tenda en li\u00f1a de Alvarellos Editora.\" \/>\n<meta name=\"robots\" content=\"index, follow, max-snippet:-1, max-image-preview:large, max-video-preview:-1\" \/>\n<link rel=\"canonical\" href=\"https:\/\/alvarelloseditora.gal\/es\/libro\/por-la-calle-de-san-marcos\/\" \/>\n<meta property=\"og:locale\" content=\"es_ES\" \/>\n<meta property=\"og:type\" content=\"article\" \/>\n<meta property=\"og:title\" content=\"POR LA CALLE DE SAN MARCOS - Alvarellos Editora\" \/>\n<meta property=\"og:description\" content=\"POR LA CALLE DE SAN MARCOS. C\u00f3mprao na tenda en li\u00f1a de Alvarellos Editora.\" \/>\n<meta property=\"og:url\" content=\"https:\/\/alvarelloseditora.gal\/es\/libro\/por-la-calle-de-san-marcos\/\" \/>\n<meta property=\"og:site_name\" content=\"Alvarellos Editora\" \/>\n<meta property=\"article:publisher\" content=\"https:\/\/www.facebook.com\/alvarelloseditora\" \/>\n<meta property=\"article:modified_time\" content=\"2021-06-22T20:10:48+00:00\" \/>\n<meta property=\"og:image\" content=\"https:\/\/alvarelloseditora.gal\/wp-content\/uploads\/2019\/12\/Por-la-calle-de-San-Marcos_0001-1.jpg\" \/>\n\t<meta property=\"og:image:width\" content=\"1621\" \/>\n\t<meta property=\"og:image:height\" content=\"1552\" \/>\n\t<meta property=\"og:image:type\" content=\"image\/jpeg\" \/>\n<meta name=\"twitter:card\" content=\"summary_large_image\" \/>\n<meta name=\"twitter:site\" content=\"@alvarellos_ed\" \/>\n<!-- \/ Yoast SEO plugin. -->","yoast_head_json":{"title":"POR LA CALLE DE SAN MARCOS - Alvarellos Editora","description":"POR LA CALLE DE SAN MARCOS. C\u00f3mprao na tenda en li\u00f1a de Alvarellos Editora.","robots":{"index":"index","follow":"follow","max-snippet":"max-snippet:-1","max-image-preview":"max-image-preview:large","max-video-preview":"max-video-preview:-1"},"canonical":"https:\/\/alvarelloseditora.gal\/es\/libro\/por-la-calle-de-san-marcos\/","og_locale":"es_ES","og_type":"article","og_title":"POR LA CALLE DE SAN MARCOS - Alvarellos Editora","og_description":"POR LA CALLE DE SAN MARCOS. C\u00f3mprao na tenda en li\u00f1a de Alvarellos Editora.","og_url":"https:\/\/alvarelloseditora.gal\/es\/libro\/por-la-calle-de-san-marcos\/","og_site_name":"Alvarellos Editora","article_publisher":"https:\/\/www.facebook.com\/alvarelloseditora","article_modified_time":"2021-06-22T20:10:48+00:00","og_image":[{"width":1621,"height":1552,"url":"https:\/\/alvarelloseditora.gal\/wp-content\/uploads\/2019\/12\/Por-la-calle-de-San-Marcos_0001-1.jpg","type":"image\/jpeg"}],"twitter_card":"summary_large_image","twitter_site":"@alvarellos_ed","schema":{"@context":"https:\/\/schema.org","@graph":[{"@type":["WebPage","ItemPage"],"@id":"https:\/\/alvarelloseditora.gal\/es\/libro\/por-la-calle-de-san-marcos\/","url":"https:\/\/alvarelloseditora.gal\/es\/libro\/por-la-calle-de-san-marcos\/","name":"POR LA CALLE DE SAN MARCOS - Alvarellos Editora","isPartOf":{"@id":"https:\/\/alvarelloseditora.gal\/#website"},"primaryImageOfPage":{"@id":"https:\/\/alvarelloseditora.gal\/es\/libro\/por-la-calle-de-san-marcos\/#primaryimage"},"image":{"@id":"https:\/\/alvarelloseditora.gal\/es\/libro\/por-la-calle-de-san-marcos\/#primaryimage"},"thumbnailUrl":"https:\/\/alvarelloseditora.gal\/wp-content\/uploads\/2019\/12\/Por-la-calle-de-San-Marcos_0001-1.jpg","datePublished":"2019-12-27T14:02:08+00:00","dateModified":"2021-06-22T20:10:48+00:00","description":"POR LA CALLE DE SAN MARCOS. C\u00f3mprao na tenda en li\u00f1a de Alvarellos Editora.","breadcrumb":{"@id":"https:\/\/alvarelloseditora.gal\/es\/libro\/por-la-calle-de-san-marcos\/#breadcrumb"},"inLanguage":"es","potentialAction":[{"@type":"ReadAction","target":["https:\/\/alvarelloseditora.gal\/es\/libro\/por-la-calle-de-san-marcos\/"]}]},{"@type":"ImageObject","inLanguage":"es","@id":"https:\/\/alvarelloseditora.gal\/es\/libro\/por-la-calle-de-san-marcos\/#primaryimage","url":"https:\/\/alvarelloseditora.gal\/wp-content\/uploads\/2019\/12\/Por-la-calle-de-San-Marcos_0001-1.jpg","contentUrl":"https:\/\/alvarelloseditora.gal\/wp-content\/uploads\/2019\/12\/Por-la-calle-de-San-Marcos_0001-1.jpg","width":1621,"height":1552},{"@type":"BreadcrumbList","@id":"https:\/\/alvarelloseditora.gal\/es\/libro\/por-la-calle-de-san-marcos\/#breadcrumb","itemListElement":[{"@type":"ListItem","position":1,"name":"Portada","item":"https:\/\/alvarelloseditora.gal\/"},{"@type":"ListItem","position":2,"name":"Tienda","item":"https:\/\/alvarelloseditora.gal\/es\/tienda\/"},{"@type":"ListItem","position":3,"name":"POR LA CALLE DE SAN MARCOS"}]},{"@type":"WebSite","@id":"https:\/\/alvarelloseditora.gal\/#website","url":"https:\/\/alvarelloseditora.gal\/","name":"Alvarellos Editora","description":"Libros para un mundo en tr\u00e1nsito","publisher":{"@id":"https:\/\/alvarelloseditora.gal\/#organization"},"potentialAction":[{"@type":"SearchAction","target":{"@type":"EntryPoint","urlTemplate":"https:\/\/alvarelloseditora.gal\/?s={search_term_string}"},"query-input":{"@type":"PropertyValueSpecification","valueRequired":true,"valueName":"search_term_string"}}],"inLanguage":"es"},{"@type":"Organization","@id":"https:\/\/alvarelloseditora.gal\/#organization","name":"Alvarellos Editora","url":"https:\/\/alvarelloseditora.gal\/","logo":{"@type":"ImageObject","inLanguage":"es","@id":"https:\/\/alvarelloseditora.gal\/#\/schema\/logo\/image\/","url":"https:\/\/alvarelloseditora.gal\/wp-content\/uploads\/2020\/02\/alv-icon.png","contentUrl":"https:\/\/alvarelloseditora.gal\/wp-content\/uploads\/2020\/02\/alv-icon.png","width":177,"height":175,"caption":"Alvarellos Editora"},"image":{"@id":"https:\/\/alvarelloseditora.gal\/#\/schema\/logo\/image\/"},"sameAs":["https:\/\/www.facebook.com\/alvarelloseditora","https:\/\/x.com\/alvarellos_ed"]}]}},"_links":{"self":[{"href":"https:\/\/alvarelloseditora.gal\/es\/wp-json\/wp\/v2\/product\/2777","targetHints":{"allow":["GET"]}}],"collection":[{"href":"https:\/\/alvarelloseditora.gal\/es\/wp-json\/wp\/v2\/product"}],"about":[{"href":"https:\/\/alvarelloseditora.gal\/es\/wp-json\/wp\/v2\/types\/product"}],"replies":[{"embeddable":true,"href":"https:\/\/alvarelloseditora.gal\/es\/wp-json\/wp\/v2\/comments?post=2777"}],"wp:featuredmedia":[{"embeddable":true,"href":"https:\/\/alvarelloseditora.gal\/es\/wp-json\/wp\/v2\/media\/9582"}],"wp:attachment":[{"href":"https:\/\/alvarelloseditora.gal\/es\/wp-json\/wp\/v2\/media?parent=2777"}],"wp:term":[{"taxonomy":"product_brand","embeddable":true,"href":"https:\/\/alvarelloseditora.gal\/es\/wp-json\/wp\/v2\/product_brand?post=2777"},{"taxonomy":"product_cat","embeddable":true,"href":"https:\/\/alvarelloseditora.gal\/es\/wp-json\/wp\/v2\/product_cat?post=2777"},{"taxonomy":"product_tag","embeddable":true,"href":"https:\/\/alvarelloseditora.gal\/es\/wp-json\/wp\/v2\/product_tag?post=2777"}],"curies":[{"name":"wp","href":"https:\/\/api.w.org\/{rel}","templated":true}]}}