{"id":2775,"date":"2019-12-27T13:40:05","date_gmt":"2019-12-27T14:02:08","guid":{"rendered":"https:\/\/nueva.alvarellos.info\/product\/viaje-a-lugo\/"},"modified":"2021-06-24T13:15:17","modified_gmt":"2021-06-24T11:15:17","slug":"viaje-a-lugo","status":"publish","type":"product","link":"https:\/\/alvarelloseditora.gal\/es\/libro\/viaje-a-lugo\/","title":{"rendered":"Viaje a Lugo"},"content":{"rendered":"<p><strong>\u00bb Ver inicio del Discurso del Bimilenario de Lugo (1975)<\/strong><\/p>\n<p><strong>M\u00e1s Cunqueiro en<\/strong> VIAJES Y YANTARES POR GALICIA.<\/p>\n<p><a href=\"https:\/\/alvarelloseditora.gal\/wp-content\/uploads\/prensa\/24042011nordesia.pdf\" target=\"_blank\" rel=\"noopener noreferrer\"><em>24-04-2011<\/em>, Diario de Ferrol, \u00abApreciaciones de una grande de la literatura espa\u00f1ola\u00bb. <\/a><\/p>\n<p><a href=\"https:\/\/alvarelloseditora.gal\/wp-content\/uploads\/prensa\/prensa-La-Voz-de-Galicia-Culturas-050311.pdf\" target=\"_blank\" rel=\"noopener noreferrer\"><em>05-03-2011<\/em>, La Voz de Galicia, Suplemento Culturas, \u00abViaje al interior del Lugo de Cunqueiro\u00bb. <\/a><\/p>\n<p><a href=\"http:\/\/alvarellos.info\/images\/eventos\/28022011_tvg.asp\" target=\"_blank\" rel=\"noopener noreferrer\"><em>28-2-2011<\/em>, Viaje a Lugo en \u00abZigzag Diario\u00bb da TVG. <\/a><\/p>\n<p><a href=\"https:\/\/alvarelloseditora.gal\/wp-content\/uploads\/prensa\/prensa-El-Progreso-Gente-270211.pdf\" target=\"_blank\" rel=\"noopener noreferrer\"><em>27-2-2011<\/em>, El Progreso, Gente, \u00abCunqueiro\u00bb <\/a><\/p>\n<p><a href=\"http:\/\/www.lavozdegalicia.es\/ocioycultura\/2011\/02\/28\/0003_201102G28P30991.htm\" target=\"_blank\" rel=\"noopener noreferrer\"><em>28\/02\/2011<\/em>, La Voz de Galicia, \u00bbTrinta anos da morte de Cunqueiro, o imaxinador prodixioso \u00bb <\/a><\/p>\n<p><a href=\"http:\/\/www.xornal.com\/artigo\/2011\/02\/26\/suplementos\/contexto\/menu-letras-festa-centenaria-cunqueiro\/2011022519485900871.html\" target=\"_blank\" rel=\"noopener noreferrer\"><em>27\/02\/2011<\/em>, Xornal de Galicia, \u00bbMen\u00fa de letras para a festa centenaria de Cunqueiro\u00bb<\/a><\/p>\n<p><a href=\"http:\/\/cadernodacritica.wordpress.com\/2011\/02\/15\/cunqueiro-e-lugo-lugo-e-cunqueiro\/\" target=\"_blank\" rel=\"noopener noreferrer\"><em>15\/02\/2011<\/em>, Caderno da Cr\u00edtica, \u00bbCunqueiro e Lugo, Lugo e Cunqueiro\u00bb <\/a><\/p>\n<p><a href=\"http:\/\/www.elcorreogallego.es\/tendencias\/ecg\/alvaro-cunqueiro-su-centenario-vision-vieja-ciudad-amurallada\/idEdicion-2011-02-12\/idNoticia-639097\/\"><em>12\/02\/2011<\/em>, El Correo Gallego, \u00bb\u00c1lvaro Cunqueiro, en su centenario: visi\u00f3n de la vieja ciudad amurallada\u00bb <\/a><\/p>\n<p><a href=\"http:\/\/elprogreso.galiciae.com\/nova\/76224.html\"><em>11\/02\/2011<\/em>, El Progreso, \u00bbLugo es la Roma de Finisterre\u00bb <\/a><\/p>\n<p><a href=\"http:\/\/www.lavozdegalicia.es\/lugo\/2011\/02\/11\/0003_201102L11C69910.htm\"><em>11\/02\/2011<\/em>, La Voz de Galicia, \u00abTextos lugueses dun mindoniense\u00bb <\/a><\/p>\n<p><a href=\"https:\/\/alvarelloseditora.gal\/wp-content\/uploads\/prensa\/Progreso-Chus-Nogueira-10-02-2011.pdf\" target=\"_blank\" rel=\"noopener noreferrer\"><em>10\/02\/2011<\/em>, El Progreso, M\u00aa Xes\u00fas Nogueira, &#8216;Queda por catalogar a obra de Cunqueiro en Prensa\u00bb <\/a><\/p>\n<p><a href=\"http:\/\/www.elmundo.es\/elmundo\/2011\/02\/08\/galicia\/1297187799.html\"><em>10\/02\/2011<\/em>, El Mundo, \u00abAlvarellos homenajea a Cunqueiro con una recopilaci\u00f3n de textos sobre Lugo\u00bb <\/a><a href=\"http:\/\/www.abc.es\/20110210\/comunidad-galicia\/abcp-cunqueiro-lugo-sobre-lugo-20110210.html\" target=\"_blank\" rel=\"noopener noreferrer\"><em>10\/02\/2011<\/em>, ABC, \u00abCunqueiro: en Lugo, sobre Lugo\u00bb <\/a><\/p>\n<p><a href=\"http:\/\/xornal.usc.es\/xornal\/acontece\/2011_02\/noticia_0039.html\" target=\"_blank\" rel=\"noopener noreferrer\"><em>09\/02\/2011<\/em>, Xornal da USC, \u00abUnha profesora de Humanidades estudosa da figura de Cunqueiro re\u00fane nun libro os textos lugueses do autor \u00bb <\/a><\/p>\n<p><em>09\/02\/2011<\/em>,Galicia Hoxe, \u00abAlvarellos re\u00fane os escritos de Cunqueiro sobre a cidade de Lugo\u00bb<\/p>\n<p><em>08\/02\/2011<\/em>,Criticalia, \u201cO Cunqueiro lucense\u00bb<\/p>\n<p><a href=\"http:\/\/www.xornal.com\/artigo\/2011\/02\/05\/cultura\/alvarellos-reune-textos-alvaro-cunqueiro-roma-fisterra\/2011020522405700194.html\" target=\"_blank\" rel=\"noopener noreferrer\"><em>06\/02\/2011<\/em>,Xornal de Galicia, \u201cAlvarellos re\u00fane os textos de \u00c1lvaro Cunqueiro sobre a \u201cRoma de Fisterra\u201d \u00bb <\/a><\/p>\n<p><a href=\"http:\/\/www.lavozdegalicia.es\/ocioycultura\/2011\/02\/03\/0003_201102G3P46994.htm\" target=\"_blank\" rel=\"noopener noreferrer\"><em>03\/02\/2011<\/em>, La Voz de Galicia, \u201cUn libro re\u00fane 24 textos que Cunqueiro dedic\u00f3 a la ciudad de Lugo \u00bb <\/a><\/p>\n","protected":false},"excerpt":{"rendered":"<p>P\u00e1ginas sobre la ciudad<br \/>\n&nbsp;<\/p>\n<p>ISBN: 978\u201384\u201389323\u201365\u20130<br \/>\nP\u00e1gs: 200<br \/>\nMedidas: 13&#215;23 cms<br \/>\nIdioma: castellano<br \/>\nIlustraciones: cubierta de Blas Lour\u00e9s y fotograf\u00edas de Fondo Vega.<br \/>\nEncuadernaci\u00f3n: tapa dura<br \/>\nFecha 1\u00aa edici\u00f3n: febrero 2011<\/p>\n<p>&nbsp;<\/p>\n<p>Nuevo volumen da la Colecci\u00f3n Rescate que re\u00fane los escritos en prosa que el c\u00e9lebre autor dedic\u00f3 a la ciudad de las Murallas. Entre los 24 textos recuperados figura uno muy poco difundido hasta ahora: el discurso del Bimilenario, de 1975.<\/p>\n<p>\u00c1lvaro Cunqueiro (Mondo\u00f1edo-Lugo, 1911\u2013Vigo, 1981) se reencuentra en VIAJE A LUGO. P\u00c1GINAS SOBRE LA CIUDAD con un paisaje vital y emocional: la ciudad de las Murallas, en la que vivi\u00f3 a\u00f1os decisivos. En ella recrea su pluma y su sentimiento.<\/p>\n<p>Alvarellos Editora conmemora con este nuevo volumen de la Colecci\u00f3n Rescate (el n\u00famero 14) el centenario del nacimiento del escritor.<\/p>\n<p>La obra re\u00fane 24 prosas donde el gran narrador se deja seducir por la historia bimilenaria de esta urbe, recorre sus espacios m\u00e1s amenos o evoca personajes queridos como el trovador Esqu\u00edo, el poeta Lu\u00eds Pimentel o el cuentista \u00c1nxel Fole. Su pluma transita entre el periodismo y la literatura, pose\u00edda quiz\u00e1s \u2013y sublimada, tambi\u00e9n\u2013 por las propias brumas que, desde el r\u00edo Mi\u00f1o, dibujan esta ciudad como un territorio para la fantas\u00eda.<\/p>\n<p>Abre el volumen (cuyo estudio y selecci\u00f3n de contenidos corre a cargo de Mar\u00eda Xes\u00fas Nogueira, especialista en el autor) un texto muy singular y tambi\u00e9n muy poco difundido: el discurso de apertura del Bimilenario que Cunqueiro pronunci\u00f3 el 25 de octubre de 1975, donde bautiz\u00f3 a Lugo como \u201cla Roma del Finisterre\u201d.<\/p>\n<p>La ilustraci\u00f3n de la portada pertenece al artista lucense Xes\u00fas Blas Lour\u00e9s, el \u00f3leo titulado \u201cA mi\u00f1a muralla\u201d. Se trata, en definitiva, de un viaje desde \u2013o hacia\u2014 esta ciudad del suroeste europeo, donde la prosa de Cunqueiro se torna, una vez m\u00e1s, universal.<\/p>\n","protected":false},"featured_media":6604,"comment_status":"closed","ping_status":"closed","template":"","meta":[],"product_brand":[],"product_cat":[111],"product_tag":[],"class_list":{"0":"post-2775","1":"product","2":"type-product","3":"status-publish","4":"has-post-thumbnail","6":"product_author-alvaro-cunqueiro-es","7":"product_cat-coleccion-rescate-es","9":"first","10":"instock","11":"taxable","12":"shipping-taxable","13":"purchasable","14":"product-type-simple"},"yoast_head":"<!-- This site is optimized with the Yoast SEO plugin v27.3 - https:\/\/yoast.com\/product\/yoast-seo-wordpress\/ -->\n<title>Viaje a Lugo - Alvarellos Editora<\/title>\n<meta name=\"description\" content=\"Viaje a Lugo. C\u00f3mprao na tenda en li\u00f1a de Alvarellos Editora.\" \/>\n<meta name=\"robots\" content=\"index, follow, max-snippet:-1, max-image-preview:large, max-video-preview:-1\" \/>\n<link rel=\"canonical\" href=\"https:\/\/alvarelloseditora.gal\/es\/libro\/viaje-a-lugo\/\" \/>\n<meta property=\"og:locale\" content=\"es_ES\" \/>\n<meta property=\"og:type\" content=\"article\" \/>\n<meta property=\"og:title\" content=\"Viaje a Lugo - Alvarellos Editora\" \/>\n<meta property=\"og:description\" content=\"Viaje a Lugo. C\u00f3mprao na tenda en li\u00f1a de Alvarellos Editora.\" \/>\n<meta property=\"og:url\" content=\"https:\/\/alvarelloseditora.gal\/es\/libro\/viaje-a-lugo\/\" \/>\n<meta property=\"og:site_name\" content=\"Alvarellos Editora\" \/>\n<meta property=\"article:publisher\" content=\"https:\/\/www.facebook.com\/alvarelloseditora\" \/>\n<meta property=\"article:modified_time\" content=\"2021-06-24T11:15:17+00:00\" \/>\n<meta property=\"og:image\" content=\"https:\/\/alvarelloseditora.gal\/wp-content\/uploads\/2019\/12\/Viaje-a-Lugo-libro.jpg\" \/>\n\t<meta property=\"og:image:width\" content=\"540\" \/>\n\t<meta property=\"og:image:height\" content=\"800\" \/>\n\t<meta property=\"og:image:type\" content=\"image\/jpeg\" \/>\n<meta name=\"twitter:card\" content=\"summary_large_image\" \/>\n<meta name=\"twitter:site\" content=\"@alvarellos_ed\" \/>\n<meta name=\"twitter:label1\" content=\"Tiempo de lectura\" \/>\n\t<meta name=\"twitter:data1\" content=\"1 minuto\" \/>\n<!-- \/ Yoast SEO plugin. -->","yoast_head_json":{"title":"Viaje a Lugo - Alvarellos Editora","description":"Viaje a Lugo. C\u00f3mprao na tenda en li\u00f1a de Alvarellos Editora.","robots":{"index":"index","follow":"follow","max-snippet":"max-snippet:-1","max-image-preview":"max-image-preview:large","max-video-preview":"max-video-preview:-1"},"canonical":"https:\/\/alvarelloseditora.gal\/es\/libro\/viaje-a-lugo\/","og_locale":"es_ES","og_type":"article","og_title":"Viaje a Lugo - Alvarellos Editora","og_description":"Viaje a Lugo. C\u00f3mprao na tenda en li\u00f1a de Alvarellos Editora.","og_url":"https:\/\/alvarelloseditora.gal\/es\/libro\/viaje-a-lugo\/","og_site_name":"Alvarellos Editora","article_publisher":"https:\/\/www.facebook.com\/alvarelloseditora","article_modified_time":"2021-06-24T11:15:17+00:00","og_image":[{"width":540,"height":800,"url":"https:\/\/alvarelloseditora.gal\/wp-content\/uploads\/2019\/12\/Viaje-a-Lugo-libro.jpg","type":"image\/jpeg"}],"twitter_card":"summary_large_image","twitter_site":"@alvarellos_ed","twitter_misc":{"Tiempo de lectura":"1 minuto"},"schema":{"@context":"https:\/\/schema.org","@graph":[{"@type":["WebPage","ItemPage"],"@id":"https:\/\/alvarelloseditora.gal\/es\/libro\/viaje-a-lugo\/","url":"https:\/\/alvarelloseditora.gal\/es\/libro\/viaje-a-lugo\/","name":"Viaje a Lugo - Alvarellos Editora","isPartOf":{"@id":"https:\/\/alvarelloseditora.gal\/#website"},"primaryImageOfPage":{"@id":"https:\/\/alvarelloseditora.gal\/es\/libro\/viaje-a-lugo\/#primaryimage"},"image":{"@id":"https:\/\/alvarelloseditora.gal\/es\/libro\/viaje-a-lugo\/#primaryimage"},"thumbnailUrl":"https:\/\/alvarelloseditora.gal\/wp-content\/uploads\/2019\/12\/Viaje-a-Lugo-libro.jpg","datePublished":"2019-12-27T14:02:08+00:00","dateModified":"2021-06-24T11:15:17+00:00","description":"Viaje a Lugo. C\u00f3mprao na tenda en li\u00f1a de Alvarellos Editora.","breadcrumb":{"@id":"https:\/\/alvarelloseditora.gal\/es\/libro\/viaje-a-lugo\/#breadcrumb"},"inLanguage":"es","potentialAction":[{"@type":"ReadAction","target":["https:\/\/alvarelloseditora.gal\/es\/libro\/viaje-a-lugo\/"]}]},{"@type":"ImageObject","inLanguage":"es","@id":"https:\/\/alvarelloseditora.gal\/es\/libro\/viaje-a-lugo\/#primaryimage","url":"https:\/\/alvarelloseditora.gal\/wp-content\/uploads\/2019\/12\/Viaje-a-Lugo-libro.jpg","contentUrl":"https:\/\/alvarelloseditora.gal\/wp-content\/uploads\/2019\/12\/Viaje-a-Lugo-libro.jpg","width":540,"height":800},{"@type":"BreadcrumbList","@id":"https:\/\/alvarelloseditora.gal\/es\/libro\/viaje-a-lugo\/#breadcrumb","itemListElement":[{"@type":"ListItem","position":1,"name":"Portada","item":"https:\/\/alvarelloseditora.gal\/"},{"@type":"ListItem","position":2,"name":"Tienda","item":"https:\/\/alvarelloseditora.gal\/es\/tienda\/"},{"@type":"ListItem","position":3,"name":"Viaje a Lugo"}]},{"@type":"WebSite","@id":"https:\/\/alvarelloseditora.gal\/#website","url":"https:\/\/alvarelloseditora.gal\/","name":"Alvarellos Editora","description":"Libros para un mundo en tr\u00e1nsito","publisher":{"@id":"https:\/\/alvarelloseditora.gal\/#organization"},"potentialAction":[{"@type":"SearchAction","target":{"@type":"EntryPoint","urlTemplate":"https:\/\/alvarelloseditora.gal\/?s={search_term_string}"},"query-input":{"@type":"PropertyValueSpecification","valueRequired":true,"valueName":"search_term_string"}}],"inLanguage":"es"},{"@type":"Organization","@id":"https:\/\/alvarelloseditora.gal\/#organization","name":"Alvarellos Editora","url":"https:\/\/alvarelloseditora.gal\/","logo":{"@type":"ImageObject","inLanguage":"es","@id":"https:\/\/alvarelloseditora.gal\/#\/schema\/logo\/image\/","url":"https:\/\/alvarelloseditora.gal\/wp-content\/uploads\/2020\/02\/alv-icon.png","contentUrl":"https:\/\/alvarelloseditora.gal\/wp-content\/uploads\/2020\/02\/alv-icon.png","width":177,"height":175,"caption":"Alvarellos Editora"},"image":{"@id":"https:\/\/alvarelloseditora.gal\/#\/schema\/logo\/image\/"},"sameAs":["https:\/\/www.facebook.com\/alvarelloseditora","https:\/\/x.com\/alvarellos_ed"]}]}},"_links":{"self":[{"href":"https:\/\/alvarelloseditora.gal\/es\/wp-json\/wp\/v2\/product\/2775","targetHints":{"allow":["GET"]}}],"collection":[{"href":"https:\/\/alvarelloseditora.gal\/es\/wp-json\/wp\/v2\/product"}],"about":[{"href":"https:\/\/alvarelloseditora.gal\/es\/wp-json\/wp\/v2\/types\/product"}],"replies":[{"embeddable":true,"href":"https:\/\/alvarelloseditora.gal\/es\/wp-json\/wp\/v2\/comments?post=2775"}],"wp:featuredmedia":[{"embeddable":true,"href":"https:\/\/alvarelloseditora.gal\/es\/wp-json\/wp\/v2\/media\/6604"}],"wp:attachment":[{"href":"https:\/\/alvarelloseditora.gal\/es\/wp-json\/wp\/v2\/media?parent=2775"}],"wp:term":[{"taxonomy":"product_brand","embeddable":true,"href":"https:\/\/alvarelloseditora.gal\/es\/wp-json\/wp\/v2\/product_brand?post=2775"},{"taxonomy":"product_cat","embeddable":true,"href":"https:\/\/alvarelloseditora.gal\/es\/wp-json\/wp\/v2\/product_cat?post=2775"},{"taxonomy":"product_tag","embeddable":true,"href":"https:\/\/alvarelloseditora.gal\/es\/wp-json\/wp\/v2\/product_tag?post=2775"}],"curies":[{"name":"wp","href":"https:\/\/api.w.org\/{rel}","templated":true}]}}