{"id":2773,"date":"2019-12-27T13:40:05","date_gmt":"2019-12-27T14:02:08","guid":{"rendered":"https:\/\/nueva.alvarellos.info\/product\/gran-lugo-de-nebra\/"},"modified":"2021-07-01T14:45:58","modified_gmt":"2021-07-01T12:45:58","slug":"gran-lugo-de-nebra","status":"publish","type":"product","link":"https:\/\/alvarelloseditora.gal\/es\/libro\/gran-lugo-de-nebra\/","title":{"rendered":"Gran Lugo de nebra"},"content":{"rendered":"<p><a href=\"http:\/\/www.anosaterra.org\/nova\/homenaxe-de-novoneyra-a-lugo.html\" target=\"_blank\" rel=\"noopener noreferrer\"><em>18\/01\/2010<\/em>, <strong>A Nosa Tera<\/strong>, \u00ab\u2018Homenaxe de Novoneyra a Lugo\u00bb<\/a><br \/>\n<a href=\"https:\/\/alvarelloseditora.gal\/wp-content\/uploads\/prensa\/Diario de Ferrol-Suplemento Nordes\u00eda 26-12-10.pdf\" target=\"_blank\" rel=\"noopener noreferrer\"><em>26\/12\/2010<\/em>, <strong>Diario de Ferrol, Nordes\u00eda<\/strong>, \u00ab\u2018Ano Novoneyra, a traca final\u00bb<\/a><br \/>\n<a href=\"http:\/\/www.elpais.com\/articulo\/Galicia\/narrativa\/arreponse\/crise\/repunta\/fin\/ano\/elpepiautgal\/20101217elpgal_31\/Tes\" target=\"_blank\" rel=\"noopener noreferrer\"><em>15\/12\/2010<\/em>, <strong>El Pais<\/strong>, \u00ab\u2018A narrativa arrep\u00f3nse \u00e1 crise e repunta contra a fin de ano\u00bb<\/a><br \/>\n<a href=\"http:\/\/cadernodacritica.wordpress.com\/2010\/12\/05\/novoneyra-2010-duas-ultimas-achegas\/\" target=\"_blank\" rel=\"noopener noreferrer\"><em>05\/12\/2010<\/em>, <strong>Caderno da cr\u00edtica<\/strong>, \u00ab\u2018Novoneira 2010. D\u00faas \u00faltimas achegas\u00bb<\/a><br \/>\n<a href=\"https:\/\/alvarelloseditora.gal\/wp-content\/uploads\/prensa\/02-12-2010_lugo_nebra.pdf\" target=\"_blank\" rel=\"noopener noreferrer\"><em>02\/12\/2010<\/em>, <strong>El Correo Gallego<\/strong>, \u00ab\u2018Doce in\u00e9ditos de Ux\u00edo Novoneyra\u00bb<\/a><br \/>\n<a href=\"https:\/\/alvarelloseditora.gal\/wp-content\/uploads\/prensa\/27112010_progreso.pdf\" target=\"_blank\" rel=\"noopener noreferrer\"><em>27\/11\/2010<\/em>, <strong>El Progreso<\/strong>, \u00ab\u2018Gran Lugo de nebra\u2019 cumpre o so\u00f1o do Ux\u00edo Novoneyra in\u00e9dito, esquecido, disperso e lugu\u00e9s\u00bb<\/a><br \/>\n<a href=\"https:\/\/alvarelloseditora.gal\/wp-content\/uploads\/prensa\/26-11-2010-gran_lugo.pdf\" target=\"_blank\" rel=\"noopener noreferrer\"><em>26\/11\/2010<\/em>, <strong>Deputaci\u00f3n de Lugo<\/strong>, \u00ab\u2018Ant\u00f3n Bao asistiu \u00e1 presentaci\u00f3n do libro \u00abGran Lugo de Nebra\u00bb, da editora Alvarellos\u00bb<\/a><br \/>\n<a href=\"https:\/\/alvarelloseditora.gal\/wp-content\/uploads\/prensa\/27112010_xornal.pdf\" target=\"_blank\" rel=\"noopener noreferrer\"><em>27\/11\/2010<\/em>, <strong>Xornal de Galicia<\/strong>, \u00abNovoneyra pensa en Lugo\u00bb<\/a><br \/>\n<a href=\"https:\/\/alvarelloseditora.gal\/wp-content\/uploads\/prensa\/27112010_elcorreo.pdf\" target=\"_blank\" rel=\"noopener noreferrer\"><em>27\/11\/2010<\/em>, <strong>El Correo Gallego<\/strong>, \u00abDoce in\u00e9ditos de Ux\u00edo Novoneyra con Alvarellos \u00ab<\/a><br \/>\n<a href=\"https:\/\/alvarelloseditora.gal\/wp-content\/uploads\/prensa\/27112010_galiciahoxe.pdf\" target=\"_blank\" rel=\"noopener noreferrer\"><em>27\/11\/2010<\/em>, <strong>Galicia Hoxe<\/strong>, \u00abEditan doce in\u00e9ditos de Ux\u00edo Novoneyra \u00ab<\/a><br \/>\n<a href=\"https:\/\/alvarelloseditora.gal\/wp-content\/uploads\/prensa\/27112010_lavoz.pdf\" target=\"_blank\" rel=\"noopener noreferrer\"><em>26\/11\/2010<\/em>, <strong>La Voz de Galicia<\/strong>, \u00abPresentan hoy un libro con doce poemas in\u00e9ditos de Ux\u00edo Novoneyra\u00bb<\/a><\/p>\n","protected":false},"excerpt":{"rendered":"<p>Antolog\u00eda de versos y prosas, 1955-1999<\/p>\n<p>&nbsp;<\/p>\n<p>ISBN: 978\u201384\u201389323\u201364\u20133<br \/>\nP\u00e1xs: 140<br \/>\nMedidas: 13&#215;23 cms<br \/>\nIlustraciones: Xes\u00fas Blas Lour\u00e9s, Tino Grand\u00edo y el propio autor.<br \/>\nEncuadernaci\u00f3n: tapa dura<br \/>\nFecha de publicaci\u00f3n 1\u00aa edici\u00f3n: noviembre, 2010<\/p>\n<p>&nbsp;<\/p>\n<p>El volumen dedicado a Lugo que el poeta quiso hacer en vida, pero que non lleg\u00f3 a ver. Incluye 51 textos, en verso y\u00a0prosa, escritos entre 1955 y 1999. Trece de ellos, in\u00e9ditos. Con estudio de Pilar Garc\u00eda Negro e ilustraciones de Blas Lour\u00e9s.<\/p>\n<p>\u00c1s veces canta o Norde unha pasi\u00f3n de lonxes i as murallas pechando un gran Lugo de nebra pechando abertas&#8230;. Estos versos in\u00e9ditos de Ux\u00edo Novoneyra (1930-1999) abren un volumen que re\u00fane, por primera vez, la obra dispersa, olvidada o no publicada del autor sobre la ciudad de Lugo. Eiqu\u00ed inda sigue Galicia fortemente reconocible i enteira, dice en otro momento, en palabras tambi\u00e9n in\u00e9ditas. Este es el libro sobre Lugo que el poeta \u2014a quien en\u00a02010 se le dedican las Letras Galegas\u2014 quiso hacer en vida, al que se refiri\u00f3 en varias ocasiones desde comienzos de los a\u00f1os ochenta, pero que no lleg\u00f3 a ver publicado.<\/p>\n<p>La profesora de la Universidade da Coru\u00f1a, Mar\u00eda Pilar Garc\u00eda Negro, lleva a cabo un hondo estudio introductorio sobre la obra de Novoneyra y su conexi\u00f3n con la ciudad (\u201cEn Lugo, na mi\u00f1a ciud\u00e1, onde comencei a dormir normalmente\u201d, escribe el poeta en 1960). Y el pintor Blas Lour\u00e9s ilustra, por su parte, algunas de las p\u00e1ginas aqu\u00ed rescatadas.<\/p>\n<p>GRAN LUGO DE NEBRA abarca\u00a0cinco d\u00e9cadas de vida y devoci\u00f3n por la ciudad amurallada, desde 1955 hasta 1999, a\u00f1o de fallecimiento del escritor.<\/p>\n","protected":false},"featured_media":6631,"comment_status":"closed","ping_status":"closed","template":"","meta":[],"product_brand":[],"product_cat":[111],"product_tag":[],"class_list":{"0":"post-2773","1":"product","2":"type-product","3":"status-publish","4":"has-post-thumbnail","6":"product_author-ma-pilar-garcia-negro-es","7":"product_author-uxio-novoneyra-es","8":"product_cat-coleccion-rescate-es","10":"first","11":"instock","12":"taxable","13":"shipping-taxable","14":"purchasable","15":"product-type-simple"},"yoast_head":"<!-- This site is optimized with the Yoast SEO plugin v27.3 - https:\/\/yoast.com\/product\/yoast-seo-wordpress\/ -->\n<title>Gran Lugo de nebra - Alvarellos Editora<\/title>\n<meta name=\"description\" content=\"Gran Lugo de nebra. C\u00f3mprao na tenda en li\u00f1a de Alvarellos Editora.\" \/>\n<meta name=\"robots\" content=\"index, follow, max-snippet:-1, max-image-preview:large, max-video-preview:-1\" \/>\n<link rel=\"canonical\" href=\"https:\/\/alvarelloseditora.gal\/es\/libro\/gran-lugo-de-nebra\/\" \/>\n<meta property=\"og:locale\" content=\"es_ES\" \/>\n<meta property=\"og:type\" content=\"article\" \/>\n<meta property=\"og:title\" content=\"Gran Lugo de nebra - Alvarellos Editora\" \/>\n<meta property=\"og:description\" content=\"Gran Lugo de nebra. C\u00f3mprao na tenda en li\u00f1a de Alvarellos Editora.\" \/>\n<meta property=\"og:url\" content=\"https:\/\/alvarelloseditora.gal\/es\/libro\/gran-lugo-de-nebra\/\" \/>\n<meta property=\"og:site_name\" content=\"Alvarellos Editora\" \/>\n<meta property=\"article:publisher\" content=\"https:\/\/www.facebook.com\/alvarelloseditora\" \/>\n<meta property=\"article:modified_time\" content=\"2021-07-01T12:45:58+00:00\" \/>\n<meta property=\"og:image\" content=\"https:\/\/alvarelloseditora.gal\/wp-content\/uploads\/2019\/12\/Gran-Lugo-de-Nebra-capa-alvarellos-editora.jpg\" \/>\n\t<meta property=\"og:image:width\" content=\"691\" \/>\n\t<meta property=\"og:image:height\" content=\"1024\" \/>\n\t<meta property=\"og:image:type\" content=\"image\/jpeg\" \/>\n<meta name=\"twitter:card\" content=\"summary_large_image\" \/>\n<meta name=\"twitter:site\" content=\"@alvarellos_ed\" \/>\n<meta name=\"twitter:label1\" content=\"Tiempo de lectura\" \/>\n\t<meta name=\"twitter:data1\" content=\"1 minuto\" \/>\n<!-- \/ Yoast SEO plugin. -->","yoast_head_json":{"title":"Gran Lugo de nebra - Alvarellos Editora","description":"Gran Lugo de nebra. C\u00f3mprao na tenda en li\u00f1a de Alvarellos Editora.","robots":{"index":"index","follow":"follow","max-snippet":"max-snippet:-1","max-image-preview":"max-image-preview:large","max-video-preview":"max-video-preview:-1"},"canonical":"https:\/\/alvarelloseditora.gal\/es\/libro\/gran-lugo-de-nebra\/","og_locale":"es_ES","og_type":"article","og_title":"Gran Lugo de nebra - Alvarellos Editora","og_description":"Gran Lugo de nebra. C\u00f3mprao na tenda en li\u00f1a de Alvarellos Editora.","og_url":"https:\/\/alvarelloseditora.gal\/es\/libro\/gran-lugo-de-nebra\/","og_site_name":"Alvarellos Editora","article_publisher":"https:\/\/www.facebook.com\/alvarelloseditora","article_modified_time":"2021-07-01T12:45:58+00:00","og_image":[{"width":691,"height":1024,"url":"https:\/\/alvarelloseditora.gal\/wp-content\/uploads\/2019\/12\/Gran-Lugo-de-Nebra-capa-alvarellos-editora.jpg","type":"image\/jpeg"}],"twitter_card":"summary_large_image","twitter_site":"@alvarellos_ed","twitter_misc":{"Tiempo de lectura":"1 minuto"},"schema":{"@context":"https:\/\/schema.org","@graph":[{"@type":["WebPage","ItemPage"],"@id":"https:\/\/alvarelloseditora.gal\/es\/libro\/gran-lugo-de-nebra\/","url":"https:\/\/alvarelloseditora.gal\/es\/libro\/gran-lugo-de-nebra\/","name":"Gran Lugo de nebra - Alvarellos Editora","isPartOf":{"@id":"https:\/\/alvarelloseditora.gal\/#website"},"primaryImageOfPage":{"@id":"https:\/\/alvarelloseditora.gal\/es\/libro\/gran-lugo-de-nebra\/#primaryimage"},"image":{"@id":"https:\/\/alvarelloseditora.gal\/es\/libro\/gran-lugo-de-nebra\/#primaryimage"},"thumbnailUrl":"https:\/\/alvarelloseditora.gal\/wp-content\/uploads\/2019\/12\/Gran-Lugo-de-Nebra-capa-alvarellos-editora.jpg","datePublished":"2019-12-27T14:02:08+00:00","dateModified":"2021-07-01T12:45:58+00:00","description":"Gran Lugo de nebra. C\u00f3mprao na tenda en li\u00f1a de Alvarellos Editora.","breadcrumb":{"@id":"https:\/\/alvarelloseditora.gal\/es\/libro\/gran-lugo-de-nebra\/#breadcrumb"},"inLanguage":"es","potentialAction":[{"@type":"ReadAction","target":["https:\/\/alvarelloseditora.gal\/es\/libro\/gran-lugo-de-nebra\/"]}]},{"@type":"ImageObject","inLanguage":"es","@id":"https:\/\/alvarelloseditora.gal\/es\/libro\/gran-lugo-de-nebra\/#primaryimage","url":"https:\/\/alvarelloseditora.gal\/wp-content\/uploads\/2019\/12\/Gran-Lugo-de-Nebra-capa-alvarellos-editora.jpg","contentUrl":"https:\/\/alvarelloseditora.gal\/wp-content\/uploads\/2019\/12\/Gran-Lugo-de-Nebra-capa-alvarellos-editora.jpg","width":691,"height":1024},{"@type":"BreadcrumbList","@id":"https:\/\/alvarelloseditora.gal\/es\/libro\/gran-lugo-de-nebra\/#breadcrumb","itemListElement":[{"@type":"ListItem","position":1,"name":"Portada","item":"https:\/\/alvarelloseditora.gal\/"},{"@type":"ListItem","position":2,"name":"Tienda","item":"https:\/\/alvarelloseditora.gal\/es\/tienda\/"},{"@type":"ListItem","position":3,"name":"Gran Lugo de nebra"}]},{"@type":"WebSite","@id":"https:\/\/alvarelloseditora.gal\/#website","url":"https:\/\/alvarelloseditora.gal\/","name":"Alvarellos Editora","description":"Libros para un mundo en tr\u00e1nsito","publisher":{"@id":"https:\/\/alvarelloseditora.gal\/#organization"},"potentialAction":[{"@type":"SearchAction","target":{"@type":"EntryPoint","urlTemplate":"https:\/\/alvarelloseditora.gal\/?s={search_term_string}"},"query-input":{"@type":"PropertyValueSpecification","valueRequired":true,"valueName":"search_term_string"}}],"inLanguage":"es"},{"@type":"Organization","@id":"https:\/\/alvarelloseditora.gal\/#organization","name":"Alvarellos Editora","url":"https:\/\/alvarelloseditora.gal\/","logo":{"@type":"ImageObject","inLanguage":"es","@id":"https:\/\/alvarelloseditora.gal\/#\/schema\/logo\/image\/","url":"https:\/\/alvarelloseditora.gal\/wp-content\/uploads\/2020\/02\/alv-icon.png","contentUrl":"https:\/\/alvarelloseditora.gal\/wp-content\/uploads\/2020\/02\/alv-icon.png","width":177,"height":175,"caption":"Alvarellos Editora"},"image":{"@id":"https:\/\/alvarelloseditora.gal\/#\/schema\/logo\/image\/"},"sameAs":["https:\/\/www.facebook.com\/alvarelloseditora","https:\/\/x.com\/alvarellos_ed"]}]}},"_links":{"self":[{"href":"https:\/\/alvarelloseditora.gal\/es\/wp-json\/wp\/v2\/product\/2773","targetHints":{"allow":["GET"]}}],"collection":[{"href":"https:\/\/alvarelloseditora.gal\/es\/wp-json\/wp\/v2\/product"}],"about":[{"href":"https:\/\/alvarelloseditora.gal\/es\/wp-json\/wp\/v2\/types\/product"}],"replies":[{"embeddable":true,"href":"https:\/\/alvarelloseditora.gal\/es\/wp-json\/wp\/v2\/comments?post=2773"}],"wp:featuredmedia":[{"embeddable":true,"href":"https:\/\/alvarelloseditora.gal\/es\/wp-json\/wp\/v2\/media\/6631"}],"wp:attachment":[{"href":"https:\/\/alvarelloseditora.gal\/es\/wp-json\/wp\/v2\/media?parent=2773"}],"wp:term":[{"taxonomy":"product_brand","embeddable":true,"href":"https:\/\/alvarelloseditora.gal\/es\/wp-json\/wp\/v2\/product_brand?post=2773"},{"taxonomy":"product_cat","embeddable":true,"href":"https:\/\/alvarelloseditora.gal\/es\/wp-json\/wp\/v2\/product_cat?post=2773"},{"taxonomy":"product_tag","embeddable":true,"href":"https:\/\/alvarelloseditora.gal\/es\/wp-json\/wp\/v2\/product_tag?post=2773"}],"curies":[{"name":"wp","href":"https:\/\/api.w.org\/{rel}","templated":true}]}}