{"id":2771,"date":"2019-12-27T13:40:05","date_gmt":"2019-12-27T14:02:08","guid":{"rendered":"https:\/\/nueva.alvarellos.info\/product\/arraianos-no-viii\/"},"modified":"2021-06-25T11:10:11","modified_gmt":"2021-06-25T09:10:11","slug":"arraianos-no-viii","status":"publish","type":"product","link":"https:\/\/alvarelloseditora.gal\/es\/libro\/arraianos-no-viii\/","title":{"rendered":"ARRAIANOS N\u00ba VIII"},"content":{"rendered":"<p><a href=\"http:\/\/www.hoy.es\/v\/20101204\/sociedad\/ph2pasarse-raya-prevista-arraianos-20101204.html\" target=\"_blank\" rel=\"noopener noreferrer\"><em>07\/12\/2010<\/em>, <\/a><a href=\"http:\/\/www.hoy.es\/v\/20101204\/sociedad\/ph2pasarse-raya-prevista-arraianos-20101204.html\" target=\"_blank\" rel=\"noopener noreferrer\">Hoy.es, PASARSE DE LA RAYA \u00abRevista &#8216;Arraianos\u00bb<\/a> <a href=\"https:\/\/alvarelloseditora.gal\/wp-content\/uploads\/eventos\/calidoscopio_de_revistas.pdf\" target=\"_blank\" rel=\"noopener noreferrer\"><em>25\/09\/2010<\/em>, <\/a><a href=\"https:\/\/alvarelloseditora.gal\/wp-content\/uploads\/eventos\/calidoscopio_de_revistas.pdf\" target=\"_blank\" rel=\"noopener noreferrer\">La Voz de Galicia, Culturas, \u00abCalidoscopio de revistas\u00bb<\/a> <a href=\"https:\/\/alvarelloseditora.gal\/wp-content\/uploads\/eventos\/lavozsantiago.pdf\" target=\"_blank\" rel=\"noopener noreferrer\"><em>17\/09\/2010<\/em>, <\/a><a href=\"https:\/\/alvarelloseditora.gal\/wp-content\/uploads\/eventos\/lavozsantiago.pdf\" target=\"_blank\" rel=\"noopener noreferrer\">La Voz de Galicia, \u00abArraianos estuda as relaci\u00f3ns entre galegos e lusos\u00bb<\/a> <a href=\"https:\/\/alvarelloseditora.gal\/wp-content\/uploads\/eventos\/lavozourense.pdf\" target=\"_blank\" rel=\"noopener noreferrer\"><em>17\/09\/2010<\/em>, <\/a><a href=\"https:\/\/alvarelloseditora.gal\/wp-content\/uploads\/eventos\/lavozourense.pdf\" target=\"_blank\" rel=\"noopener noreferrer\">La Voz de Galicia, \u00abEl octavo n\u00famero de Arraianos incluye reportajes sobre el megalitismo y el lobo en la raia\u00bb<\/a> <a href=\"https:\/\/alvarelloseditora.gal\/wp-content\/uploads\/eventos\/xornalarraianos.pdf\" target=\"_blank\" rel=\"noopener noreferrer\"><em>17\/09\/2010<\/em>, <\/a><a href=\"https:\/\/alvarelloseditora.gal\/wp-content\/uploads\/eventos\/xornalarraianos.pdf\" target=\"_blank\" rel=\"noopener noreferrer\">Xornal.com, \u00abA revista \u2018Arraianos\u2019 sae cunha nova edici\u00f3n para falar das fronteiras reais ou imaxinarias\u00bb<\/a> <a href=\"https:\/\/alvarelloseditora.gal\/wp-content\/uploads\/eventos\/correocritica.pdf\" target=\"_blank\" rel=\"noopener noreferrer\"><em>17\/09\/2010<\/em>, <\/a><a href=\"https:\/\/alvarelloseditora.gal\/wp-content\/uploads\/eventos\/correocritica.pdf\" target=\"_blank\" rel=\"noopener noreferrer\">El Correo Gallego, Cr\u00edtica JM Gir\u00e1ldez <\/a><a href=\"https:\/\/alvarelloseditora.gal\/wp-content\/uploads\/eventos\/nordesia12092010.pdf\" target=\"_blank\" rel=\"noopener noreferrer\"><em>12\/09\/2010<\/em>, <\/a><a href=\"https:\/\/alvarelloseditora.gal\/wp-content\/uploads\/eventos\/nordesia12092010.pdf\" target=\"_blank\" rel=\"noopener noreferrer\">Diario de Ferrol, Nordes\u00eda, \u00abArraianos reflexiona sobre as fronteiras no \u00faltimo n\u00famero\u00bb<\/a> <a href=\"https:\/\/alvarelloseditora.gal\/wp-content\/uploads\/eventos\/elcorreogallego.pdf\" target=\"_blank\" rel=\"noopener noreferrer\"><em>07\/09\/2010<\/em>, <\/a><a href=\"https:\/\/alvarelloseditora.gal\/wp-content\/uploads\/eventos\/arrainano_medios.pdf\" target=\"_blank\" rel=\"noopener noreferrer\">El Correo Gallego, \u00abMedios\u00bb<\/a><\/p>\n","protected":false},"excerpt":{"rendered":"<p>Nuevo n\u00famero de la revista Arraianos. 200 p\u00e1ginas donde m\u00e1s de sesenta autores, fot\u00f3grafos e ilustradores reflexionan sobre las fronteras. Incluye fotos in\u00e9ditas del desaparecido artista extreme\u00f1o Antonio Covars\u00ed<br \/>\n&nbsp;<\/p>\n<p>P\u00e1ginas: 291<br \/>\nMedidas: 17&#215;21 cm<br \/>\nIdioma: gallego (y tam\u00e9n portugu\u00e9s y castellano)<br \/>\nISSN: 1698-9953<br \/>\nEncuadernaci\u00f3n: r\u00fastica plastificada y cosida con hilo.<\/p>\n<p>&nbsp;<br \/>\nLa revista Arraianos, dirigida por Aser \u00c1lvarez y coordinada por Suso D\u00edaz, y promovida por la Asociaci\u00f3n Arraianos, saca a la luz un nuevo monogr\u00e1fico, su n\u00famero VIII, titulado \u00abVivir en la raya\u00bb. Participan en ella m\u00e1s de sesenta colaboradores entre escritores, fot\u00f3grafos e ilustradores. En esta nueva entrega se rescata tambi\u00e9n parte de la obra in\u00e9dita del artista extreme\u00f1o Antonio Covars\u00ed (Badajoz, 1951-2006): las im\u00e1genes de la raya de gallego-portuguesa, que van ilustrando los contenidos de este n\u00famero. Entre los colaboradores del n\u00famero VIII de Arraianos figuran: Xos\u00e9 Lu\u00eds M\u00e9ndez Ferr\u00edn, Santiago Lamas, Ferm\u00edn Bouza, \u00c1lvaro Negro, Juan J. Moralejo, Baldo Ramos, Xavier Cordal, Franck Meyer, Mercedes Queixas, Miguel Dantas da Gama, Xulio R\u00edos, Samuel Solleiro, Alberto Lema, Nuria Ara\u00faxo o Xerardo Pereiro. Poetas, narradores, ilustradores, antrop\u00f3logos, etn\u00f3grafos, administradores del territorio &#8230; Todos ellos abren una ventana para la reflexi\u00f3n sobre el fen\u00f3meno de las fronteras. Extracto de algunos fragmentos del editorial: \u201cNeste n\u00famero falamos de barreiras, bordes, l\u00edmites e fronteiras, pero tam\u00e9n cruzamos pasos, pontes e poldrados. Percorremos a nosa raia e viaxamos at\u00e9 outras raias lonxanas deste mundo supostamente sen fronteiras. \u00bbFuramos polos subeiros dos lobos e dos contrabandistas que operan nas alf\u00e1ndegas difusas entre a vida e a morte, entre n\u00f3s e os outros, entre a luz e a escuridade, entre o civilizado e o salvaxe. Imos na procura dese tao\u00edsmo que nos fai lembrar unha vez m\u00e1is que \u00e9 precisamente no l\u00edmite onde sempre acontece todo o interesante. Porque para n\u00f3s as fronteiras pol\u00edticas nunca foron nin ser\u00e1n li\u00f1as divisorias trazadas sobre os mapas, sen\u00f3n raias, espazos porosos e permeables, onde non te\u00f1en cabida as barreiras artificiais que cada d\u00eda ignoran as \u00e1guias, os garraos e os lobos arraianos. \u00bbAs fronteiras est\u00e1n na terra e nos mapas, pero m\u00e1is a\u00ednda na mente de quen as constr\u00fae e asume como propias. Moito se ten falado de cooperaci\u00f3n transfronteiriza nos \u00faltimos anos pero vemos que entre Portugal e Galicia segue a haber a\u00ednda unha e mil raias, vellas feridas que a\u00ednda proen e que os sucesivos gobernos non souberon ou non puideron suturar coa agulla certeira do traballo en com\u00fan\u201d<\/p>\n","protected":false},"featured_media":9622,"comment_status":"closed","ping_status":"closed","template":"","meta":[],"product_brand":[],"product_cat":[108],"product_tag":[],"class_list":{"0":"post-2771","1":"product","2":"type-product","3":"status-publish","4":"has-post-thumbnail","6":"product_cat-ofertas-es","8":"first","9":"instock","10":"sale","11":"taxable","12":"shipping-taxable","13":"purchasable","14":"product-type-simple"},"yoast_head":"<!-- This site is optimized with the Yoast SEO plugin v27.3 - https:\/\/yoast.com\/product\/yoast-seo-wordpress\/ -->\n<title>ARRAIANOS N\u00ba VIII - Alvarellos Editora<\/title>\n<meta name=\"description\" content=\"ARRAIANOS N\u00ba VIII. C\u00f3mprao na tenda en li\u00f1a de Alvarellos Editora.\" \/>\n<meta name=\"robots\" content=\"index, follow, max-snippet:-1, max-image-preview:large, max-video-preview:-1\" \/>\n<link rel=\"canonical\" href=\"https:\/\/alvarelloseditora.gal\/es\/libro\/arraianos-no-viii\/\" \/>\n<meta property=\"og:locale\" content=\"es_ES\" \/>\n<meta property=\"og:type\" content=\"article\" \/>\n<meta property=\"og:title\" content=\"ARRAIANOS N\u00ba VIII - Alvarellos Editora\" \/>\n<meta property=\"og:description\" content=\"ARRAIANOS N\u00ba VIII. C\u00f3mprao na tenda en li\u00f1a de Alvarellos Editora.\" \/>\n<meta property=\"og:url\" content=\"https:\/\/alvarelloseditora.gal\/es\/libro\/arraianos-no-viii\/\" \/>\n<meta property=\"og:site_name\" content=\"Alvarellos Editora\" \/>\n<meta property=\"article:publisher\" content=\"https:\/\/www.facebook.com\/alvarelloseditora\" \/>\n<meta property=\"article:modified_time\" content=\"2021-06-25T09:10:11+00:00\" \/>\n<meta property=\"og:image\" content=\"https:\/\/alvarelloseditora.gal\/wp-content\/uploads\/2019\/12\/Arraianos_0001-1.jpg\" \/>\n\t<meta property=\"og:image:width\" content=\"1338\" \/>\n\t<meta property=\"og:image:height\" content=\"1873\" \/>\n\t<meta property=\"og:image:type\" content=\"image\/jpeg\" \/>\n<meta name=\"twitter:card\" content=\"summary_large_image\" \/>\n<meta name=\"twitter:site\" content=\"@alvarellos_ed\" \/>\n<!-- \/ Yoast SEO plugin. -->","yoast_head_json":{"title":"ARRAIANOS N\u00ba VIII - Alvarellos Editora","description":"ARRAIANOS N\u00ba VIII. C\u00f3mprao na tenda en li\u00f1a de Alvarellos Editora.","robots":{"index":"index","follow":"follow","max-snippet":"max-snippet:-1","max-image-preview":"max-image-preview:large","max-video-preview":"max-video-preview:-1"},"canonical":"https:\/\/alvarelloseditora.gal\/es\/libro\/arraianos-no-viii\/","og_locale":"es_ES","og_type":"article","og_title":"ARRAIANOS N\u00ba VIII - Alvarellos Editora","og_description":"ARRAIANOS N\u00ba VIII. C\u00f3mprao na tenda en li\u00f1a de Alvarellos Editora.","og_url":"https:\/\/alvarelloseditora.gal\/es\/libro\/arraianos-no-viii\/","og_site_name":"Alvarellos Editora","article_publisher":"https:\/\/www.facebook.com\/alvarelloseditora","article_modified_time":"2021-06-25T09:10:11+00:00","og_image":[{"width":1338,"height":1873,"url":"https:\/\/alvarelloseditora.gal\/wp-content\/uploads\/2019\/12\/Arraianos_0001-1.jpg","type":"image\/jpeg"}],"twitter_card":"summary_large_image","twitter_site":"@alvarellos_ed","schema":{"@context":"https:\/\/schema.org","@graph":[{"@type":["WebPage","ItemPage"],"@id":"https:\/\/alvarelloseditora.gal\/es\/libro\/arraianos-no-viii\/","url":"https:\/\/alvarelloseditora.gal\/es\/libro\/arraianos-no-viii\/","name":"ARRAIANOS N\u00ba VIII - Alvarellos Editora","isPartOf":{"@id":"https:\/\/alvarelloseditora.gal\/#website"},"primaryImageOfPage":{"@id":"https:\/\/alvarelloseditora.gal\/es\/libro\/arraianos-no-viii\/#primaryimage"},"image":{"@id":"https:\/\/alvarelloseditora.gal\/es\/libro\/arraianos-no-viii\/#primaryimage"},"thumbnailUrl":"https:\/\/alvarelloseditora.gal\/wp-content\/uploads\/2019\/12\/Arraianos_0001-1.jpg","datePublished":"2019-12-27T14:02:08+00:00","dateModified":"2021-06-25T09:10:11+00:00","description":"ARRAIANOS N\u00ba VIII. C\u00f3mprao na tenda en li\u00f1a de Alvarellos Editora.","breadcrumb":{"@id":"https:\/\/alvarelloseditora.gal\/es\/libro\/arraianos-no-viii\/#breadcrumb"},"inLanguage":"es","potentialAction":[{"@type":"ReadAction","target":["https:\/\/alvarelloseditora.gal\/es\/libro\/arraianos-no-viii\/"]}]},{"@type":"ImageObject","inLanguage":"es","@id":"https:\/\/alvarelloseditora.gal\/es\/libro\/arraianos-no-viii\/#primaryimage","url":"https:\/\/alvarelloseditora.gal\/wp-content\/uploads\/2019\/12\/Arraianos_0001-1.jpg","contentUrl":"https:\/\/alvarelloseditora.gal\/wp-content\/uploads\/2019\/12\/Arraianos_0001-1.jpg","width":1338,"height":1873},{"@type":"BreadcrumbList","@id":"https:\/\/alvarelloseditora.gal\/es\/libro\/arraianos-no-viii\/#breadcrumb","itemListElement":[{"@type":"ListItem","position":1,"name":"Portada","item":"https:\/\/alvarelloseditora.gal\/"},{"@type":"ListItem","position":2,"name":"Tienda","item":"https:\/\/alvarelloseditora.gal\/es\/tienda\/"},{"@type":"ListItem","position":3,"name":"ARRAIANOS N\u00ba VIII"}]},{"@type":"WebSite","@id":"https:\/\/alvarelloseditora.gal\/#website","url":"https:\/\/alvarelloseditora.gal\/","name":"Alvarellos Editora","description":"Libros para un mundo en tr\u00e1nsito","publisher":{"@id":"https:\/\/alvarelloseditora.gal\/#organization"},"potentialAction":[{"@type":"SearchAction","target":{"@type":"EntryPoint","urlTemplate":"https:\/\/alvarelloseditora.gal\/?s={search_term_string}"},"query-input":{"@type":"PropertyValueSpecification","valueRequired":true,"valueName":"search_term_string"}}],"inLanguage":"es"},{"@type":"Organization","@id":"https:\/\/alvarelloseditora.gal\/#organization","name":"Alvarellos Editora","url":"https:\/\/alvarelloseditora.gal\/","logo":{"@type":"ImageObject","inLanguage":"es","@id":"https:\/\/alvarelloseditora.gal\/#\/schema\/logo\/image\/","url":"https:\/\/alvarelloseditora.gal\/wp-content\/uploads\/2020\/02\/alv-icon.png","contentUrl":"https:\/\/alvarelloseditora.gal\/wp-content\/uploads\/2020\/02\/alv-icon.png","width":177,"height":175,"caption":"Alvarellos Editora"},"image":{"@id":"https:\/\/alvarelloseditora.gal\/#\/schema\/logo\/image\/"},"sameAs":["https:\/\/www.facebook.com\/alvarelloseditora","https:\/\/x.com\/alvarellos_ed"]}]}},"_links":{"self":[{"href":"https:\/\/alvarelloseditora.gal\/es\/wp-json\/wp\/v2\/product\/2771","targetHints":{"allow":["GET"]}}],"collection":[{"href":"https:\/\/alvarelloseditora.gal\/es\/wp-json\/wp\/v2\/product"}],"about":[{"href":"https:\/\/alvarelloseditora.gal\/es\/wp-json\/wp\/v2\/types\/product"}],"replies":[{"embeddable":true,"href":"https:\/\/alvarelloseditora.gal\/es\/wp-json\/wp\/v2\/comments?post=2771"}],"wp:featuredmedia":[{"embeddable":true,"href":"https:\/\/alvarelloseditora.gal\/es\/wp-json\/wp\/v2\/media\/9622"}],"wp:attachment":[{"href":"https:\/\/alvarelloseditora.gal\/es\/wp-json\/wp\/v2\/media?parent=2771"}],"wp:term":[{"taxonomy":"product_brand","embeddable":true,"href":"https:\/\/alvarelloseditora.gal\/es\/wp-json\/wp\/v2\/product_brand?post=2771"},{"taxonomy":"product_cat","embeddable":true,"href":"https:\/\/alvarelloseditora.gal\/es\/wp-json\/wp\/v2\/product_cat?post=2771"},{"taxonomy":"product_tag","embeddable":true,"href":"https:\/\/alvarelloseditora.gal\/es\/wp-json\/wp\/v2\/product_tag?post=2771"}],"curies":[{"name":"wp","href":"https:\/\/api.w.org\/{rel}","templated":true}]}}