{"id":2769,"date":"2019-12-27T13:40:05","date_gmt":"2019-12-27T14:02:08","guid":{"rendered":"https:\/\/nueva.alvarellos.info\/product\/guia-secreta-da-gastronomia-de-galicia-ourense\/"},"modified":"2021-06-22T13:55:24","modified_gmt":"2021-06-22T11:55:24","slug":"guia-secreta-da-gastronomia-de-galicia-ourense","status":"publish","type":"product","link":"https:\/\/alvarelloseditora.gal\/es\/libro\/guia-secreta-da-gastronomia-de-galicia-ourense\/","title":{"rendered":"GU\u00cdA SECRETA DA GASTRONOM\u00cdA DE GALICIA: OURENSE"},"content":{"rendered":"<p><a href=\"https:\/\/alvarelloseditora.gal\/wp-content\/uploads\/prensa\/la_voz_culturas_050211.pdf\" target=\"_blank\" rel=\"noopener noreferrer\"><em>05\/02\/2011<\/em>, La Voz de Galicia, Suplemento Culturas, \u00abNo podemos perder la identidad gastron\u00f3mica\u00bb<\/a><\/p>\n<p><a href=\"http:\/\/cadernodacritica.wordpress.com\/2011\/01\/21\/guia-secreta-da-gastronomia-de-galicia-ourense-por-martin-alvarez\/\" target=\"_blank\" rel=\"noopener noreferrer\"><em>21\/01\/2011<\/em>, Caderno da cr\u00edtica, \u00abGu\u00eda secreta da gastronom\u00eda de Galicia: Ourense, por Mart\u00edn \u00c1lvarez\u00bb<\/a><\/p>\n<p><a href=\"http:\/\/www.lavozdegalicia.es\/ourense\/2011\/01\/20\/0003_201101O20C8991.htm?utm_source=buscavoz&amp;utm_medium=buscavoz\" target=\"_blank\" rel=\"noopener noreferrer\"><em>20\/01\/2011<\/em>, La Voz de Galicia, \u00abMart\u00edn \u00c1lvarez logra un premio Gourmand por su gu\u00eda de gastronom\u00eda\u00bb<\/a><\/p>\n<p><a href=\"https:\/\/alvarelloseditora.gal\/wp-content\/uploads\/prensa\/El-Correo-Gallego-Oscar-MA-200111.pdf\" target=\"_blank\" rel=\"noopener noreferrer\"><em>20\/01\/2011<\/em>, El Correo Gallego, \u00bb &#8216;Oscar&#8217; literario para Mart\u00edn \u00c1lvarez\u00bb<\/a><\/p>\n<p><a href=\"https:\/\/alvarelloseditora.gal\/wp-content\/uploads\/prensa\/galicia_gastro_30-11-10.pdf\" target=\"_blank\" rel=\"noopener noreferrer\"><em>30\/11\/2010<\/em>, Galicia Gastron\u00f3mica, \u00abLos buscadores de las comidas m\u00e1s tradicionales pero tambi\u00e9n desconocidas tienen una \u00bbGu\u00eda secreta da gastronom\u00eda de Galicia\u00bb\u00bb<\/a><\/p>\n<p><a href=\"http:\/\/www.lavozdegalicia.es\/ourense\/2010\/06\/06\/0003_8532047.htm?utm_source=buscavoz&amp;utm_medium=buscavoz\" target=\"_blank\" rel=\"noopener noreferrer\"><em>06\/06\/2010<\/em>, La Voz de Galicia, \u00abUn trabajo repasa la gastronom\u00eda \u00absecreta\u00bb de la provincia\u00bb<\/a><\/p>\n<p><a href=\"http:\/\/www.alvarellos.info\/prensa\/92_LaVoz310710.pdf\" target=\"_blank\" rel=\"noopener noreferrer\"><em>31\/07\/2010<\/em>,\u00bbSegredos de coci\u00f1a\u00bb, por Ram\u00f3n Nicol\u00e1s. Recomendaci\u00f3n do suplemento Culturas-La Voz de Galicia para o ver\u00e1n<\/a><\/p>\n","protected":false},"excerpt":{"rendered":"<p>P\u00e1ginas: 138<br \/>\nMedidas: 18&#215;18 cm<br \/>\nIdioma: gallego<br \/>\nData de publicaci\u00f3n 1\u00aa edici\u00f3n: junio 2010<br \/>\nISBN: 978-84-89323-43-8<br \/>\nEncuadernaci\u00f3n: tapa blanda plastificada con solapas<\/p>\n<p>&nbsp;<\/p>\n<p>En Alvarellos Editora comenzamos un peculiar viaje gastron\u00f3mico por Galicia. Y lo hacemos por la provincia m\u00e1s genuina: Ourense.<\/p>\n<p>El autor de esta nueva gu\u00eda \u00absecreta\u00bb que ahora presentamos ya hab\u00eda ganado dos premios Gourmand en 2006 con su original libro 45 recetas con ortigas (Alvarellos Editora) y hoy nos ofrece una nueva propuesta que es tambi\u00e9n una lucha contra el olvido: la Gu\u00eda secreta de la gastronom\u00eda gallega cuyo tomo primero se consagra a la provincia de Ourense.<\/p>\n<p>Mart\u00edn \u00c1lvarez recorre las ferias, las fiestas, las romer\u00edas y los mercados de su pa\u00eds orensano y recoge de ellos las tradiciones gastron\u00f3micas, las recetas o los usos culinarios que corren el riesgo de perderse en el mundo de la globalizaci\u00f3n, pero que son una de las expresiones m\u00e1s profundas de nuestra identidad.<\/p>\n<p>Cap\u00edtulo a cap\u00edtulo va investigando, como un Cunqueiro del siglo XXI, el pa\u00eds del mill\u00f3n de vacas. Y nos narra la gastronom\u00eda de los pescados tierra dentro, la huerta del rianxo, los licores que elevan el esp\u00edritu, los panes de ma\u00edz y harina triga, la reposter\u00eda del arroz con leche, de las chulas y de las rosquillas&#8230; Y atiende tambi\u00e9n a esos establecimientos -tiendas, restaurantes, tabernas- donde degustar algo \u00fanico.<\/p>\n<p>\u00abMi objetivo es despertar en el lector la sensibilidad por amar todo aquello que forma parte de nuestra cultura, para as\u00ed conservarlo y dej\u00e1rselo como legado a generaciones futuras\u00bb. Abramos, pues, las p\u00e1ginas de esta historia de sabores viejos, de sabores olvidados, de sabores sorprendentes&#8230; Y luchemos porque no mueran.<\/p>\n<p>La obra pertenece a la colecci\u00f3n \u00abA lume lento\u00bb de esta editorial; es el primero de cuatro vol\u00famenes, uno por provincia, que saldr\u00e1n a la venta en los pr\u00f3ximos meses. El siguiente, dedicado a Lugo, fue escrito por el gastr\u00f3nomo Miguel Vila.<\/p>\n","protected":false},"featured_media":6041,"comment_status":"closed","ping_status":"closed","template":"","meta":[],"product_brand":[],"product_cat":[107],"product_tag":[],"class_list":{"0":"post-2769","1":"product","2":"type-product","3":"status-publish","4":"has-post-thumbnail","6":"product_author-martin-alvarez-gonzalez-es","7":"product_cat-a-lume-lento-es","9":"first","10":"instock","11":"taxable","12":"shipping-taxable","13":"purchasable","14":"product-type-simple"},"yoast_head":"<!-- This site is optimized with the Yoast SEO plugin v27.3 - https:\/\/yoast.com\/product\/yoast-seo-wordpress\/ -->\n<title>GU\u00cdA SECRETA DA GASTRONOM\u00cdA DE GALICIA: OURENSE - Alvarellos Editora<\/title>\n<meta name=\"description\" content=\"GU\u00cdA SECRETA DA GASTRONOM\u00cdA DE GALICIA: OURENSE. C\u00f3mprao na tenda en li\u00f1a de Alvarellos Editora.\" \/>\n<meta name=\"robots\" content=\"index, follow, max-snippet:-1, max-image-preview:large, max-video-preview:-1\" \/>\n<link rel=\"canonical\" href=\"https:\/\/alvarelloseditora.gal\/es\/libro\/guia-secreta-da-gastronomia-de-galicia-ourense\/\" \/>\n<meta property=\"og:locale\" content=\"es_ES\" \/>\n<meta property=\"og:type\" content=\"article\" \/>\n<meta property=\"og:title\" content=\"GU\u00cdA SECRETA DA GASTRONOM\u00cdA DE GALICIA: OURENSE - Alvarellos Editora\" \/>\n<meta property=\"og:description\" content=\"GU\u00cdA SECRETA DA GASTRONOM\u00cdA DE GALICIA: OURENSE. C\u00f3mprao na tenda en li\u00f1a de Alvarellos Editora.\" \/>\n<meta property=\"og:url\" content=\"https:\/\/alvarelloseditora.gal\/es\/libro\/guia-secreta-da-gastronomia-de-galicia-ourense\/\" \/>\n<meta property=\"og:site_name\" content=\"Alvarellos Editora\" \/>\n<meta property=\"article:publisher\" content=\"https:\/\/www.facebook.com\/alvarelloseditora\" \/>\n<meta property=\"article:modified_time\" content=\"2021-06-22T11:55:24+00:00\" \/>\n<meta property=\"og:image\" content=\"https:\/\/alvarelloseditora.gal\/wp-content\/uploads\/2019\/12\/GUIA-SECRETA-GASTRONOMIA-DE-GALICIA-OURENSE.jpg\" \/>\n\t<meta property=\"og:image:width\" content=\"2144\" \/>\n\t<meta property=\"og:image:height\" content=\"2103\" \/>\n\t<meta property=\"og:image:type\" content=\"image\/jpeg\" \/>\n<meta name=\"twitter:card\" content=\"summary_large_image\" \/>\n<meta name=\"twitter:site\" content=\"@alvarellos_ed\" \/>\n<meta name=\"twitter:label1\" content=\"Tiempo de lectura\" \/>\n\t<meta name=\"twitter:data1\" content=\"1 minuto\" \/>\n<!-- \/ Yoast SEO plugin. -->","yoast_head_json":{"title":"GU\u00cdA SECRETA DA GASTRONOM\u00cdA DE GALICIA: OURENSE - Alvarellos Editora","description":"GU\u00cdA SECRETA DA GASTRONOM\u00cdA DE GALICIA: OURENSE. C\u00f3mprao na tenda en li\u00f1a de Alvarellos Editora.","robots":{"index":"index","follow":"follow","max-snippet":"max-snippet:-1","max-image-preview":"max-image-preview:large","max-video-preview":"max-video-preview:-1"},"canonical":"https:\/\/alvarelloseditora.gal\/es\/libro\/guia-secreta-da-gastronomia-de-galicia-ourense\/","og_locale":"es_ES","og_type":"article","og_title":"GU\u00cdA SECRETA DA GASTRONOM\u00cdA DE GALICIA: OURENSE - Alvarellos Editora","og_description":"GU\u00cdA SECRETA DA GASTRONOM\u00cdA DE GALICIA: OURENSE. C\u00f3mprao na tenda en li\u00f1a de Alvarellos Editora.","og_url":"https:\/\/alvarelloseditora.gal\/es\/libro\/guia-secreta-da-gastronomia-de-galicia-ourense\/","og_site_name":"Alvarellos Editora","article_publisher":"https:\/\/www.facebook.com\/alvarelloseditora","article_modified_time":"2021-06-22T11:55:24+00:00","og_image":[{"width":2144,"height":2103,"url":"https:\/\/alvarelloseditora.gal\/wp-content\/uploads\/2019\/12\/GUIA-SECRETA-GASTRONOMIA-DE-GALICIA-OURENSE.jpg","type":"image\/jpeg"}],"twitter_card":"summary_large_image","twitter_site":"@alvarellos_ed","twitter_misc":{"Tiempo de lectura":"1 minuto"},"schema":{"@context":"https:\/\/schema.org","@graph":[{"@type":["WebPage","ItemPage"],"@id":"https:\/\/alvarelloseditora.gal\/es\/libro\/guia-secreta-da-gastronomia-de-galicia-ourense\/","url":"https:\/\/alvarelloseditora.gal\/es\/libro\/guia-secreta-da-gastronomia-de-galicia-ourense\/","name":"GU\u00cdA SECRETA DA GASTRONOM\u00cdA DE GALICIA: OURENSE - Alvarellos Editora","isPartOf":{"@id":"https:\/\/alvarelloseditora.gal\/#website"},"primaryImageOfPage":{"@id":"https:\/\/alvarelloseditora.gal\/es\/libro\/guia-secreta-da-gastronomia-de-galicia-ourense\/#primaryimage"},"image":{"@id":"https:\/\/alvarelloseditora.gal\/es\/libro\/guia-secreta-da-gastronomia-de-galicia-ourense\/#primaryimage"},"thumbnailUrl":"https:\/\/alvarelloseditora.gal\/wp-content\/uploads\/2019\/12\/GUIA-SECRETA-GASTRONOMIA-DE-GALICIA-OURENSE.jpg","datePublished":"2019-12-27T14:02:08+00:00","dateModified":"2021-06-22T11:55:24+00:00","description":"GU\u00cdA SECRETA DA GASTRONOM\u00cdA DE GALICIA: OURENSE. C\u00f3mprao na tenda en li\u00f1a de Alvarellos Editora.","breadcrumb":{"@id":"https:\/\/alvarelloseditora.gal\/es\/libro\/guia-secreta-da-gastronomia-de-galicia-ourense\/#breadcrumb"},"inLanguage":"es","potentialAction":[{"@type":"ReadAction","target":["https:\/\/alvarelloseditora.gal\/es\/libro\/guia-secreta-da-gastronomia-de-galicia-ourense\/"]}]},{"@type":"ImageObject","inLanguage":"es","@id":"https:\/\/alvarelloseditora.gal\/es\/libro\/guia-secreta-da-gastronomia-de-galicia-ourense\/#primaryimage","url":"https:\/\/alvarelloseditora.gal\/wp-content\/uploads\/2019\/12\/GUIA-SECRETA-GASTRONOMIA-DE-GALICIA-OURENSE.jpg","contentUrl":"https:\/\/alvarelloseditora.gal\/wp-content\/uploads\/2019\/12\/GUIA-SECRETA-GASTRONOMIA-DE-GALICIA-OURENSE.jpg","width":2144,"height":2103,"caption":"GU\u00cdA SECRETA DA GASTRONOM\u00cdA DE GALICIA: OURENSE"},{"@type":"BreadcrumbList","@id":"https:\/\/alvarelloseditora.gal\/es\/libro\/guia-secreta-da-gastronomia-de-galicia-ourense\/#breadcrumb","itemListElement":[{"@type":"ListItem","position":1,"name":"Portada","item":"https:\/\/alvarelloseditora.gal\/"},{"@type":"ListItem","position":2,"name":"Tienda","item":"https:\/\/alvarelloseditora.gal\/es\/tienda\/"},{"@type":"ListItem","position":3,"name":"GU\u00cdA SECRETA DA GASTRONOM\u00cdA DE GALICIA: OURENSE"}]},{"@type":"WebSite","@id":"https:\/\/alvarelloseditora.gal\/#website","url":"https:\/\/alvarelloseditora.gal\/","name":"Alvarellos Editora","description":"Libros para un mundo en tr\u00e1nsito","publisher":{"@id":"https:\/\/alvarelloseditora.gal\/#organization"},"potentialAction":[{"@type":"SearchAction","target":{"@type":"EntryPoint","urlTemplate":"https:\/\/alvarelloseditora.gal\/?s={search_term_string}"},"query-input":{"@type":"PropertyValueSpecification","valueRequired":true,"valueName":"search_term_string"}}],"inLanguage":"es"},{"@type":"Organization","@id":"https:\/\/alvarelloseditora.gal\/#organization","name":"Alvarellos Editora","url":"https:\/\/alvarelloseditora.gal\/","logo":{"@type":"ImageObject","inLanguage":"es","@id":"https:\/\/alvarelloseditora.gal\/#\/schema\/logo\/image\/","url":"https:\/\/alvarelloseditora.gal\/wp-content\/uploads\/2020\/02\/alv-icon.png","contentUrl":"https:\/\/alvarelloseditora.gal\/wp-content\/uploads\/2020\/02\/alv-icon.png","width":177,"height":175,"caption":"Alvarellos Editora"},"image":{"@id":"https:\/\/alvarelloseditora.gal\/#\/schema\/logo\/image\/"},"sameAs":["https:\/\/www.facebook.com\/alvarelloseditora","https:\/\/x.com\/alvarellos_ed"]}]}},"_links":{"self":[{"href":"https:\/\/alvarelloseditora.gal\/es\/wp-json\/wp\/v2\/product\/2769","targetHints":{"allow":["GET"]}}],"collection":[{"href":"https:\/\/alvarelloseditora.gal\/es\/wp-json\/wp\/v2\/product"}],"about":[{"href":"https:\/\/alvarelloseditora.gal\/es\/wp-json\/wp\/v2\/types\/product"}],"replies":[{"embeddable":true,"href":"https:\/\/alvarelloseditora.gal\/es\/wp-json\/wp\/v2\/comments?post=2769"}],"wp:featuredmedia":[{"embeddable":true,"href":"https:\/\/alvarelloseditora.gal\/es\/wp-json\/wp\/v2\/media\/6041"}],"wp:attachment":[{"href":"https:\/\/alvarelloseditora.gal\/es\/wp-json\/wp\/v2\/media?parent=2769"}],"wp:term":[{"taxonomy":"product_brand","embeddable":true,"href":"https:\/\/alvarelloseditora.gal\/es\/wp-json\/wp\/v2\/product_brand?post=2769"},{"taxonomy":"product_cat","embeddable":true,"href":"https:\/\/alvarelloseditora.gal\/es\/wp-json\/wp\/v2\/product_cat?post=2769"},{"taxonomy":"product_tag","embeddable":true,"href":"https:\/\/alvarelloseditora.gal\/es\/wp-json\/wp\/v2\/product_tag?post=2769"}],"curies":[{"name":"wp","href":"https:\/\/api.w.org\/{rel}","templated":true}]}}