{"id":2768,"date":"2019-12-27T13:40:05","date_gmt":"2019-12-27T14:02:08","guid":{"rendered":"https:\/\/nueva.alvarellos.info\/product\/santiago-tafall\/"},"modified":"2021-06-23T14:04:18","modified_gmt":"2021-06-23T12:04:18","slug":"santiago-tafall","status":"publish","type":"product","link":"https:\/\/alvarelloseditora.gal\/es\/libro\/santiago-tafall\/","title":{"rendered":"SANTIAGO TAFALL"},"content":{"rendered":"","protected":false},"excerpt":{"rendered":"<p>Un m\u00fasico compostelano en los albores del galleguismo<\/p>\n<p>&nbsp;<\/p>\n<p>P\u00e1ginas: 162<br \/>\nMedidas: 13&#215;23<br \/>\nIdioma: castellano<br \/>\nFecha de publicaci\u00f3n 1\u00aa edici\u00f3n: mayo 2010<br \/>\nISBN: 978-84-89323-40-7<br \/>\nEncuadernaci\u00f3n: r\u00fastica<\/p>\n<p>&nbsp;<\/p>\n<p>Santiago Tafall Abad (1858-1930) fue una figura clave en el panorama cultural de la Galicia de fines del siglo XIX y primer tercio del XX. Destacado m\u00fasico y music\u00f3logo, maestro de capilla y can\u00f3nigo de la catedral de Santiago. Este volumen, Santiago Tafall. Un m\u00fasico compostelano en los albores del galleguismo, constituye una importante \u2014y pionera\u2014aproximaci\u00f3n a su vida y obra. La autora, Beatriz Cancela, estudia su triple faceta como docente, compositor y te\u00f3rico, para centrarse luego en la vinculaci\u00f3n del m\u00fasico con oel movimiento \u201cregeneracionista\u201d. Tafall apostaba por el purismo musical y el estudio del folklore tradicional gallego, catalogando los \u201calal\u00e1s\u201d como los c\u00e1nticos m\u00e1s puros, conectados con el propio canto gregoriano. Consideraba el pasado medieval como el culmen de la cultura gallega. Ahond\u00f3 en las teor\u00edas vigentes de la \u00e9poca, dentro del galleguismo tradicionalista en el que estaba inmerso Compostela, y lleg\u00f3 a teorizar en torno a los v\u00ednculos entre el folklore gallego y el bret\u00f3n, defendiendo el origen celta para la gaita y el medieval para la zanfona. Esta obra recibi\u00f3 en 2009 el I Premio de Ensayo Hist\u00f3rico \u201cDomingo Font\u00e1n\u201d de la Real Sociedad Econ\u00f3mica de Amigos del Pa\u00eds de Santiago y la Universidade de Santiago de Compostela.<\/p>\n","protected":false},"featured_media":9619,"comment_status":"closed","ping_status":"closed","template":"","meta":[],"product_brand":[],"product_cat":[105],"product_tag":[],"class_list":{"0":"post-2768","1":"product","2":"type-product","3":"status-publish","4":"has-post-thumbnail","6":"product_author-beatriz-cancela-montes-es","7":"product_cat-oeste-es","9":"first","10":"instock","11":"taxable","12":"shipping-taxable","13":"purchasable","14":"product-type-simple"},"yoast_head":"<!-- This site is optimized with the Yoast SEO plugin v27.3 - https:\/\/yoast.com\/product\/yoast-seo-wordpress\/ -->\n<title>SANTIAGO TAFALL - Alvarellos Editora<\/title>\n<meta name=\"description\" content=\"SANTIAGO TAFALL. C\u00f3mprao na tenda en li\u00f1a de Alvarellos Editora.\" \/>\n<meta name=\"robots\" content=\"index, follow, max-snippet:-1, max-image-preview:large, max-video-preview:-1\" \/>\n<link rel=\"canonical\" href=\"https:\/\/alvarelloseditora.gal\/es\/libro\/santiago-tafall\/\" \/>\n<meta property=\"og:locale\" content=\"es_ES\" \/>\n<meta property=\"og:type\" content=\"article\" \/>\n<meta property=\"og:title\" content=\"SANTIAGO TAFALL - Alvarellos Editora\" \/>\n<meta property=\"og:description\" content=\"SANTIAGO TAFALL. C\u00f3mprao na tenda en li\u00f1a de Alvarellos Editora.\" \/>\n<meta property=\"og:url\" content=\"https:\/\/alvarelloseditora.gal\/es\/libro\/santiago-tafall\/\" \/>\n<meta property=\"og:site_name\" content=\"Alvarellos Editora\" \/>\n<meta property=\"article:publisher\" content=\"https:\/\/www.facebook.com\/alvarelloseditora\" \/>\n<meta property=\"article:modified_time\" content=\"2021-06-23T12:04:18+00:00\" \/>\n<meta property=\"og:image\" content=\"https:\/\/alvarelloseditora.gal\/wp-content\/uploads\/2019\/12\/Santiago-Tafall_0001-1.jpg\" \/>\n\t<meta property=\"og:image:width\" content=\"1015\" \/>\n\t<meta property=\"og:image:height\" content=\"1803\" \/>\n\t<meta property=\"og:image:type\" content=\"image\/jpeg\" \/>\n<meta name=\"twitter:card\" content=\"summary_large_image\" \/>\n<meta name=\"twitter:site\" content=\"@alvarellos_ed\" \/>\n<!-- \/ Yoast SEO plugin. -->","yoast_head_json":{"title":"SANTIAGO TAFALL - Alvarellos Editora","description":"SANTIAGO TAFALL. C\u00f3mprao na tenda en li\u00f1a de Alvarellos Editora.","robots":{"index":"index","follow":"follow","max-snippet":"max-snippet:-1","max-image-preview":"max-image-preview:large","max-video-preview":"max-video-preview:-1"},"canonical":"https:\/\/alvarelloseditora.gal\/es\/libro\/santiago-tafall\/","og_locale":"es_ES","og_type":"article","og_title":"SANTIAGO TAFALL - Alvarellos Editora","og_description":"SANTIAGO TAFALL. C\u00f3mprao na tenda en li\u00f1a de Alvarellos Editora.","og_url":"https:\/\/alvarelloseditora.gal\/es\/libro\/santiago-tafall\/","og_site_name":"Alvarellos Editora","article_publisher":"https:\/\/www.facebook.com\/alvarelloseditora","article_modified_time":"2021-06-23T12:04:18+00:00","og_image":[{"width":1015,"height":1803,"url":"https:\/\/alvarelloseditora.gal\/wp-content\/uploads\/2019\/12\/Santiago-Tafall_0001-1.jpg","type":"image\/jpeg"}],"twitter_card":"summary_large_image","twitter_site":"@alvarellos_ed","schema":{"@context":"https:\/\/schema.org","@graph":[{"@type":["WebPage","ItemPage"],"@id":"https:\/\/alvarelloseditora.gal\/es\/libro\/santiago-tafall\/","url":"https:\/\/alvarelloseditora.gal\/es\/libro\/santiago-tafall\/","name":"SANTIAGO TAFALL - Alvarellos Editora","isPartOf":{"@id":"https:\/\/alvarelloseditora.gal\/#website"},"primaryImageOfPage":{"@id":"https:\/\/alvarelloseditora.gal\/es\/libro\/santiago-tafall\/#primaryimage"},"image":{"@id":"https:\/\/alvarelloseditora.gal\/es\/libro\/santiago-tafall\/#primaryimage"},"thumbnailUrl":"https:\/\/alvarelloseditora.gal\/wp-content\/uploads\/2019\/12\/Santiago-Tafall_0001-1.jpg","datePublished":"2019-12-27T14:02:08+00:00","dateModified":"2021-06-23T12:04:18+00:00","description":"SANTIAGO TAFALL. C\u00f3mprao na tenda en li\u00f1a de Alvarellos Editora.","breadcrumb":{"@id":"https:\/\/alvarelloseditora.gal\/es\/libro\/santiago-tafall\/#breadcrumb"},"inLanguage":"es","potentialAction":[{"@type":"ReadAction","target":["https:\/\/alvarelloseditora.gal\/es\/libro\/santiago-tafall\/"]}]},{"@type":"ImageObject","inLanguage":"es","@id":"https:\/\/alvarelloseditora.gal\/es\/libro\/santiago-tafall\/#primaryimage","url":"https:\/\/alvarelloseditora.gal\/wp-content\/uploads\/2019\/12\/Santiago-Tafall_0001-1.jpg","contentUrl":"https:\/\/alvarelloseditora.gal\/wp-content\/uploads\/2019\/12\/Santiago-Tafall_0001-1.jpg","width":1015,"height":1803},{"@type":"BreadcrumbList","@id":"https:\/\/alvarelloseditora.gal\/es\/libro\/santiago-tafall\/#breadcrumb","itemListElement":[{"@type":"ListItem","position":1,"name":"Portada","item":"https:\/\/alvarelloseditora.gal\/"},{"@type":"ListItem","position":2,"name":"Tienda","item":"https:\/\/alvarelloseditora.gal\/es\/tienda\/"},{"@type":"ListItem","position":3,"name":"SANTIAGO TAFALL"}]},{"@type":"WebSite","@id":"https:\/\/alvarelloseditora.gal\/#website","url":"https:\/\/alvarelloseditora.gal\/","name":"Alvarellos Editora","description":"Libros para un mundo en tr\u00e1nsito","publisher":{"@id":"https:\/\/alvarelloseditora.gal\/#organization"},"potentialAction":[{"@type":"SearchAction","target":{"@type":"EntryPoint","urlTemplate":"https:\/\/alvarelloseditora.gal\/?s={search_term_string}"},"query-input":{"@type":"PropertyValueSpecification","valueRequired":true,"valueName":"search_term_string"}}],"inLanguage":"es"},{"@type":"Organization","@id":"https:\/\/alvarelloseditora.gal\/#organization","name":"Alvarellos Editora","url":"https:\/\/alvarelloseditora.gal\/","logo":{"@type":"ImageObject","inLanguage":"es","@id":"https:\/\/alvarelloseditora.gal\/#\/schema\/logo\/image\/","url":"https:\/\/alvarelloseditora.gal\/wp-content\/uploads\/2020\/02\/alv-icon.png","contentUrl":"https:\/\/alvarelloseditora.gal\/wp-content\/uploads\/2020\/02\/alv-icon.png","width":177,"height":175,"caption":"Alvarellos Editora"},"image":{"@id":"https:\/\/alvarelloseditora.gal\/#\/schema\/logo\/image\/"},"sameAs":["https:\/\/www.facebook.com\/alvarelloseditora","https:\/\/x.com\/alvarellos_ed"]}]}},"_links":{"self":[{"href":"https:\/\/alvarelloseditora.gal\/es\/wp-json\/wp\/v2\/product\/2768","targetHints":{"allow":["GET"]}}],"collection":[{"href":"https:\/\/alvarelloseditora.gal\/es\/wp-json\/wp\/v2\/product"}],"about":[{"href":"https:\/\/alvarelloseditora.gal\/es\/wp-json\/wp\/v2\/types\/product"}],"replies":[{"embeddable":true,"href":"https:\/\/alvarelloseditora.gal\/es\/wp-json\/wp\/v2\/comments?post=2768"}],"wp:featuredmedia":[{"embeddable":true,"href":"https:\/\/alvarelloseditora.gal\/es\/wp-json\/wp\/v2\/media\/9619"}],"wp:attachment":[{"href":"https:\/\/alvarelloseditora.gal\/es\/wp-json\/wp\/v2\/media?parent=2768"}],"wp:term":[{"taxonomy":"product_brand","embeddable":true,"href":"https:\/\/alvarelloseditora.gal\/es\/wp-json\/wp\/v2\/product_brand?post=2768"},{"taxonomy":"product_cat","embeddable":true,"href":"https:\/\/alvarelloseditora.gal\/es\/wp-json\/wp\/v2\/product_cat?post=2768"},{"taxonomy":"product_tag","embeddable":true,"href":"https:\/\/alvarelloseditora.gal\/es\/wp-json\/wp\/v2\/product_tag?post=2768"}],"curies":[{"name":"wp","href":"https:\/\/api.w.org\/{rel}","templated":true}]}}