{"id":2766,"date":"2019-12-27T13:40:05","date_gmt":"2019-12-27T14:02:08","guid":{"rendered":"https:\/\/nueva.alvarellos.info\/product\/tempo-de-elexia\/"},"modified":"2021-06-22T14:16:01","modified_gmt":"2021-06-22T12:16:01","slug":"tempo-de-elexia","status":"publish","type":"product","link":"https:\/\/alvarelloseditora.gal\/es\/libro\/tempo-de-elexia\/","title":{"rendered":"Tempo de elex\u00eda"},"content":{"rendered":"<p><a href=\"https:\/\/alvarelloseditora.gal\/wp-content\/uploads\/prensa\/89_De_luns_a_venres-A_inedita_voz_de_Novoneyra_170510.jpg\" target=\"_blank\" rel=\"noopener noreferrer\"><em>17\/05\/2010<\/em>, De Luns a Venres, \u00abA in\u00e9dita voz de Novoneyra\u00bb<\/a> <a href=\"https:\/\/alvarelloseditora.gal\/wp-content\/uploads\/prensa\/89_DE_luns_a_vernes-Anuncio_en_especial_Novoneyra_170510.jpg\" target=\"_blank\" rel=\"noopener noreferrer\"><em>17\/05\/2010<\/em>, De Luns a Venres, Anuncio<\/a> <a href=\"https:\/\/alvarelloseditora.gal\/wp-content\/uploads\/prensa\/89_LaVozCulturasEspecialUxioXCCaneiro150510.jpg\" target=\"_blank\" rel=\"noopener noreferrer\"><em>15\/05\/2010<\/em>, La Voz de Galicia, Especial Ux\u00edo Novoneyra, X.C. Caneiro, \u00abUnha voz <em>dicidora<\/em> e profunda.<\/a> <a href=\"https:\/\/alvarelloseditora.gal\/wp-content\/uploads\/prensa\/89_LaVozCulturasEspecialUxioBrancaNovoneyra150510.jpg\" target=\"_blank\" rel=\"noopener noreferrer\"><em>15\/05\/2010<\/em>, La Voz de Galicia, Especial Ux\u00edo Novoneyra, Branca Novoneyra: \u00ab\u00bfAta cando este tempo de elex\u00eda?\u00bb<\/a> <a href=\"https:\/\/alvarelloseditora.gal\/wp-content\/uploads\/prensa\/89_20100410_ElCorreoGallego.pdf\" target=\"_blank\" rel=\"noopener noreferrer\"><em>29\/04\/2010<\/em>, El Correo Gallego, \u00abRecuperamos un documento sonoro in\u00e9dito de Novoneyra do ano 1982\u00bb<\/a> <a href=\"http:\/\/www.lavozdegalicia.es\/lugo\/2010\/04\/24\/0003_8439233.htm?utm_source=buscavoz&amp;utm_medium=buscavoz\" target=\"_blank\" rel=\"noopener noreferrer\"><em>24\/04\/2010<\/em>, La Voz de Galicia, \u00abUn espect\u00e1culo de color y de sue\u00f1os, palabras del ideario de Ux\u00edo Novoneyra\u00bb<\/a> <a href=\"http:\/\/elprogreso.galiciae.com\/nova\/52766.html\" target=\"_blank\" rel=\"noopener noreferrer\"><em>24\/04\/2010<\/em>, El Progreso, \u00abBlanca Novoneyra afirma que &#8216;Tempo de elex\u00eda&#8217; supera la visi\u00f3n reducida sobre su padre\u00bb<\/a> <a href=\"https:\/\/alvarelloseditora.gal\/wp-content\/uploads\/prensa\/89_UxioNovoNeira_2.mp3\" target=\"_blank\" rel=\"noopener noreferrer\"><em>23\/04\/2010<\/em>, Diario Cultural<\/a> <a href=\"http:\/\/www.elcorreogallego.es\/opinion\/firmas\/ecg\/un-dicidor-poesia\/idEdicion-2010-04-18\/idNoticia-537274\" target=\"_blank\" rel=\"noopener noreferrer\"><em>18\/04\/2010<\/em>, El Correo Gallego, \u00abUn dicidor de poes\u00eda\u00bb<\/a> <a href=\"https:\/\/alvarelloseditora.gal\/wp-content\/uploads\/prensa\/89_LaVoz170410.pdf\" target=\"_blank\" rel=\"noopener noreferrer\"><em>17\/04\/2010<\/em>, La Voz.- Culturas, \u00abM\u00e1is sobre Novoneyra\u00bb.<\/a><\/p>\n","protected":false},"excerpt":{"rendered":"<p>EDICI\u00d3N BILING\u00dcE. INCLUYE CD CON UN RECITAL IN\u00c9DITO DE 1982<\/p>\n<p>&nbsp;<\/p>\n<p>P\u00e1ginas:124<br \/>\nMedidas: 13&#215;21<br \/>\nIdioma: gallego y castellano<br \/>\nFecha de publicaci\u00f3n 1\u00aa edici\u00f3n: marzo 2010<br \/>\nISBN: 978-84-89323-38-4<br \/>\nEncuadernaci\u00f3n: carton\u00e9<\/p>\n<p>Libro+CD de uno de los poetas gallegos m\u00e1s destacados de todos los tiempos, en el a\u00f1o en el que Galicia le dedica el D\u00eda das Letras Galegas. Ux\u00edo Novoneyra alcanza, con Tempo de elex\u00eda (su segundo libro) el culmen de su creatividad e inspiraci\u00f3n. Versos que, en palabras del autor, \u201cbuscan los estados l\u00edmite del Hombre delante del Amor y la Muerte, la angustia y la distancia interior\u201d. Presentamos una edici\u00f3n biling\u00fce que retoma el esp\u00edritu de la primera publicaci\u00f3n de esta obra (Madrid, 1966), con traduci\u00f3n al castellano del propio Ux\u00edo Novoneyra, y aportamos, a modo de pr\u00f3logo, una \u201cAutopo\u00e9tica\u201d en la que el autor reflexiona sobre sus eleg\u00edas. El CD que acompa\u00f1a al libro incluye el recital in\u00e9dito e \u00edntegro que el poeta ofreci\u00f3 en Lugo, en el Instituto Lucus Augusti, en 1982. Una oportunidad nueva de escuchar la voz aut\u00e9ntica, en\u00e9rgica y plena de matices del gran \u201cdecidor\u201d de las Letras gallegas.\u00bb escucha el comienzo del recital in\u00e9dito de 1982<\/p>\n","protected":false},"featured_media":6531,"comment_status":"closed","ping_status":"closed","template":"","meta":[],"product_brand":[],"product_cat":[111],"product_tag":[],"class_list":{"0":"post-2766","1":"product","2":"type-product","3":"status-publish","4":"has-post-thumbnail","6":"product_author-uxio-novoneyra-es","7":"product_cat-coleccion-rescate-es","9":"first","10":"instock","11":"taxable","12":"shipping-taxable","13":"purchasable","14":"product-type-simple"},"yoast_head":"<!-- This site is optimized with the Yoast SEO plugin v27.3 - https:\/\/yoast.com\/product\/yoast-seo-wordpress\/ -->\n<title>Tempo de elex\u00eda - Alvarellos Editora<\/title>\n<meta name=\"description\" content=\"Tempo de elex\u00eda. C\u00f3mprao na tenda en li\u00f1a de Alvarellos Editora.\" \/>\n<meta name=\"robots\" content=\"index, follow, max-snippet:-1, max-image-preview:large, max-video-preview:-1\" \/>\n<link rel=\"canonical\" href=\"https:\/\/alvarelloseditora.gal\/es\/libro\/tempo-de-elexia\/\" \/>\n<meta property=\"og:locale\" content=\"es_ES\" \/>\n<meta property=\"og:type\" content=\"article\" \/>\n<meta property=\"og:title\" content=\"Tempo de elex\u00eda - Alvarellos Editora\" \/>\n<meta property=\"og:description\" content=\"Tempo de elex\u00eda. C\u00f3mprao na tenda en li\u00f1a de Alvarellos Editora.\" \/>\n<meta property=\"og:url\" content=\"https:\/\/alvarelloseditora.gal\/es\/libro\/tempo-de-elexia\/\" \/>\n<meta property=\"og:site_name\" content=\"Alvarellos Editora\" \/>\n<meta property=\"article:publisher\" content=\"https:\/\/www.facebook.com\/alvarelloseditora\" \/>\n<meta property=\"article:modified_time\" content=\"2021-06-22T12:16:01+00:00\" \/>\n<meta property=\"og:image\" content=\"https:\/\/alvarelloseditora.gal\/wp-content\/uploads\/2019\/12\/Tempo-de-elexia-Uxio-Novoneyra-Alvarellos-Editora.jpg\" \/>\n\t<meta property=\"og:image:width\" content=\"428\" \/>\n\t<meta property=\"og:image:height\" content=\"660\" \/>\n\t<meta property=\"og:image:type\" content=\"image\/jpeg\" \/>\n<meta name=\"twitter:card\" content=\"summary_large_image\" \/>\n<meta name=\"twitter:site\" content=\"@alvarellos_ed\" \/>\n<meta name=\"twitter:label1\" content=\"Tiempo de lectura\" \/>\n\t<meta name=\"twitter:data1\" content=\"1 minuto\" \/>\n<!-- \/ Yoast SEO plugin. -->","yoast_head_json":{"title":"Tempo de elex\u00eda - Alvarellos Editora","description":"Tempo de elex\u00eda. C\u00f3mprao na tenda en li\u00f1a de Alvarellos Editora.","robots":{"index":"index","follow":"follow","max-snippet":"max-snippet:-1","max-image-preview":"max-image-preview:large","max-video-preview":"max-video-preview:-1"},"canonical":"https:\/\/alvarelloseditora.gal\/es\/libro\/tempo-de-elexia\/","og_locale":"es_ES","og_type":"article","og_title":"Tempo de elex\u00eda - Alvarellos Editora","og_description":"Tempo de elex\u00eda. C\u00f3mprao na tenda en li\u00f1a de Alvarellos Editora.","og_url":"https:\/\/alvarelloseditora.gal\/es\/libro\/tempo-de-elexia\/","og_site_name":"Alvarellos Editora","article_publisher":"https:\/\/www.facebook.com\/alvarelloseditora","article_modified_time":"2021-06-22T12:16:01+00:00","og_image":[{"width":428,"height":660,"url":"https:\/\/alvarelloseditora.gal\/wp-content\/uploads\/2019\/12\/Tempo-de-elexia-Uxio-Novoneyra-Alvarellos-Editora.jpg","type":"image\/jpeg"}],"twitter_card":"summary_large_image","twitter_site":"@alvarellos_ed","twitter_misc":{"Tiempo de lectura":"1 minuto"},"schema":{"@context":"https:\/\/schema.org","@graph":[{"@type":["WebPage","ItemPage"],"@id":"https:\/\/alvarelloseditora.gal\/es\/libro\/tempo-de-elexia\/","url":"https:\/\/alvarelloseditora.gal\/es\/libro\/tempo-de-elexia\/","name":"Tempo de elex\u00eda - Alvarellos Editora","isPartOf":{"@id":"https:\/\/alvarelloseditora.gal\/#website"},"primaryImageOfPage":{"@id":"https:\/\/alvarelloseditora.gal\/es\/libro\/tempo-de-elexia\/#primaryimage"},"image":{"@id":"https:\/\/alvarelloseditora.gal\/es\/libro\/tempo-de-elexia\/#primaryimage"},"thumbnailUrl":"https:\/\/alvarelloseditora.gal\/wp-content\/uploads\/2019\/12\/Tempo-de-elexia-Uxio-Novoneyra-Alvarellos-Editora.jpg","datePublished":"2019-12-27T14:02:08+00:00","dateModified":"2021-06-22T12:16:01+00:00","description":"Tempo de elex\u00eda. C\u00f3mprao na tenda en li\u00f1a de Alvarellos Editora.","breadcrumb":{"@id":"https:\/\/alvarelloseditora.gal\/es\/libro\/tempo-de-elexia\/#breadcrumb"},"inLanguage":"es","potentialAction":[{"@type":"ReadAction","target":["https:\/\/alvarelloseditora.gal\/es\/libro\/tempo-de-elexia\/"]}]},{"@type":"ImageObject","inLanguage":"es","@id":"https:\/\/alvarelloseditora.gal\/es\/libro\/tempo-de-elexia\/#primaryimage","url":"https:\/\/alvarelloseditora.gal\/wp-content\/uploads\/2019\/12\/Tempo-de-elexia-Uxio-Novoneyra-Alvarellos-Editora.jpg","contentUrl":"https:\/\/alvarelloseditora.gal\/wp-content\/uploads\/2019\/12\/Tempo-de-elexia-Uxio-Novoneyra-Alvarellos-Editora.jpg","width":428,"height":660},{"@type":"BreadcrumbList","@id":"https:\/\/alvarelloseditora.gal\/es\/libro\/tempo-de-elexia\/#breadcrumb","itemListElement":[{"@type":"ListItem","position":1,"name":"Portada","item":"https:\/\/alvarelloseditora.gal\/"},{"@type":"ListItem","position":2,"name":"Tienda","item":"https:\/\/alvarelloseditora.gal\/es\/tienda\/"},{"@type":"ListItem","position":3,"name":"Tempo de elex\u00eda"}]},{"@type":"WebSite","@id":"https:\/\/alvarelloseditora.gal\/#website","url":"https:\/\/alvarelloseditora.gal\/","name":"Alvarellos Editora","description":"Libros para un mundo en tr\u00e1nsito","publisher":{"@id":"https:\/\/alvarelloseditora.gal\/#organization"},"potentialAction":[{"@type":"SearchAction","target":{"@type":"EntryPoint","urlTemplate":"https:\/\/alvarelloseditora.gal\/?s={search_term_string}"},"query-input":{"@type":"PropertyValueSpecification","valueRequired":true,"valueName":"search_term_string"}}],"inLanguage":"es"},{"@type":"Organization","@id":"https:\/\/alvarelloseditora.gal\/#organization","name":"Alvarellos Editora","url":"https:\/\/alvarelloseditora.gal\/","logo":{"@type":"ImageObject","inLanguage":"es","@id":"https:\/\/alvarelloseditora.gal\/#\/schema\/logo\/image\/","url":"https:\/\/alvarelloseditora.gal\/wp-content\/uploads\/2020\/02\/alv-icon.png","contentUrl":"https:\/\/alvarelloseditora.gal\/wp-content\/uploads\/2020\/02\/alv-icon.png","width":177,"height":175,"caption":"Alvarellos Editora"},"image":{"@id":"https:\/\/alvarelloseditora.gal\/#\/schema\/logo\/image\/"},"sameAs":["https:\/\/www.facebook.com\/alvarelloseditora","https:\/\/x.com\/alvarellos_ed"]}]}},"_links":{"self":[{"href":"https:\/\/alvarelloseditora.gal\/es\/wp-json\/wp\/v2\/product\/2766","targetHints":{"allow":["GET"]}}],"collection":[{"href":"https:\/\/alvarelloseditora.gal\/es\/wp-json\/wp\/v2\/product"}],"about":[{"href":"https:\/\/alvarelloseditora.gal\/es\/wp-json\/wp\/v2\/types\/product"}],"replies":[{"embeddable":true,"href":"https:\/\/alvarelloseditora.gal\/es\/wp-json\/wp\/v2\/comments?post=2766"}],"wp:featuredmedia":[{"embeddable":true,"href":"https:\/\/alvarelloseditora.gal\/es\/wp-json\/wp\/v2\/media\/6531"}],"wp:attachment":[{"href":"https:\/\/alvarelloseditora.gal\/es\/wp-json\/wp\/v2\/media?parent=2766"}],"wp:term":[{"taxonomy":"product_brand","embeddable":true,"href":"https:\/\/alvarelloseditora.gal\/es\/wp-json\/wp\/v2\/product_brand?post=2766"},{"taxonomy":"product_cat","embeddable":true,"href":"https:\/\/alvarelloseditora.gal\/es\/wp-json\/wp\/v2\/product_cat?post=2766"},{"taxonomy":"product_tag","embeddable":true,"href":"https:\/\/alvarelloseditora.gal\/es\/wp-json\/wp\/v2\/product_tag?post=2766"}],"curies":[{"name":"wp","href":"https:\/\/api.w.org\/{rel}","templated":true}]}}