{"id":2765,"date":"2019-12-27T13:40:05","date_gmt":"2019-12-27T14:02:08","guid":{"rendered":"https:\/\/nueva.alvarellos.info\/product\/agotado-guia-verde-de-santiago-gallego\/"},"modified":"2021-05-31T13:53:21","modified_gmt":"2021-05-31T11:53:21","slug":"agotado-guia-verde-de-santiago-gallego","status":"publish","type":"product","link":"https:\/\/alvarelloseditora.gal\/es\/libro\/agotado-guia-verde-de-santiago-gallego\/","title":{"rendered":"[AGOTADO] GU\u00cdA VERDE DE SANTIAGO (gallego)"},"content":{"rendered":"<p>Llega a las librer&iacute;as una nueva y original gu&iacute;a de Compostela que se ocupa de un aspecto muy poco tratado hasta hoy, pese la que la capital de Galicia es una de las ciudades con m&aacute;s metros cuadrados de parques y jardines por habitante de toda la Pen&iacute;nsula Ib&eacute;rica.<\/p>\n<p>Se trata de la <em>Gu&iacute;a verde de Santiago<\/em> una obra co-editada con el Museo de Historia Natural de la USC y que cuenta con la colaboraci&oacute;n de la Concejal&iacute;a de Medio Ambiente y Desarrollo Sostenible del Concello de Santiago. La gu&iacute;a, que sale publicada en dos ediciones, gallego y castellano, est&aacute; avalada por el Museo de Historia Natural de la Universidade de Santiago. La directora de este Museo, la bot&aacute;nica Mar&iacute;a Isabel Fraga, es la coordinadora del libro adem&aacute;s de ser la autora de los textos, en colaboraci&oacute;n con Mart&iacute;n Souto y Daniel Castro. Tambi&eacute;n participan Xan Guerra y Francisco Leonardo.<\/p>\n<p>PAPEL ECOL&Oacute;GICO Y 250 FOTOGRAF&Iacute;AS<\/p>\n<p>Impresa en papel reciclado y ecol&oacute;gico (procedente de bosques sostenibles) esta primera gu&iacute;a verde de la ciudad es todo un descubrimiento. Un volumen ameno, did&aacute;ctico, sencillo, incluye 250 fotograf&iacute;as a toda color, ilustraciones y mapas de 18 parques y jardines, y fichas pr&aacute;cticas de 130 especies arb&oacute;reas. En total, 216 p&aacute;ginas en las que se traza un recorrido a trav&eacute;s de las sorprendentes zonas verdes de la capital de Galicia.<\/p>\n<p>El libro se divide en dos partes: La primera se centra en los parques m&aacute;s representativos del n&uacute;cleo urbano: Alameda, Sano Lourenzo, Campus Sur, Eugenio Granell, Bonaval, Belv&iacute;s&#8230;. De cada uno de estos espacios se va describiendo su historia, singularidades y especies arb&oacute;reas. La segunda parte es toda una gu&iacute;a bot&aacute;nica con fichas, fotos, dibujos y comentarios de 130 especies arb&oacute;reas que est&aacute;n presentes en los parques y jardines de Compostela.<\/p>\n<p><a href=\"https:\/\/alvarelloseditora.gal\/wp-content\/uploads\/eventos\/87_mostra_SP.pdf\" target=\"_blank\" rel=\"noopener noreferrer\"><strong>&raquo; Ver muestra de la Gu&iacute;a Verde (pdf)<\/strong><\/a><\/p>\n<hr \/>\n<p><a href=\"https:\/\/alvarelloseditora.gal\/wp-content\/uploads\/prensa\/87-88_ElCorreoGallego180110.pdf\" target=\"_blank\" rel=\"noopener noreferrer\"><em>18\/01\/2010<\/em>, <strong>El Correo Gallego<\/strong>, &quot;Recorrer la ciudad libro en mano&quot;<\/a><\/p>\n<hr \/>\n<hr \/>\n","protected":false},"excerpt":{"rendered":"<p>UN RECORRIDO ALTERNATIVO E IN\u00c9DITO POR LA CAPITAL DE GALICIA(Edici\u00f3n en Gallego)Ver Edici\u00f3n en Castellano<\/p>\n","protected":false},"featured_media":4043,"comment_status":"closed","ping_status":"closed","template":"","meta":[],"product_brand":[],"product_cat":[],"product_tag":[1045],"class_list":{"0":"post-2765","1":"product","2":"type-product","3":"status-publish","4":"has-post-thumbnail","6":"product_author-maria-isabel-fraga-coord-martin-souto-e-daniel-castro-es","7":"product_tag-santiago-de-compostela-y-el-camino","9":"first","10":"outofstock","11":"taxable","12":"shipping-taxable","13":"purchasable","14":"product-type-simple"},"yoast_head":"<!-- This site is optimized with the Yoast SEO plugin v27.3 - https:\/\/yoast.com\/product\/yoast-seo-wordpress\/ -->\n<title>[AGOTADO] GU\u00cdA VERDE DE SANTIAGO (gallego) - Alvarellos Editora<\/title>\n<meta name=\"description\" content=\"[AGOTADO] GU\u00cdA VERDE DE SANTIAGO (gallego). C\u00f3mprao na tenda en li\u00f1a de Alvarellos Editora.\" \/>\n<meta name=\"robots\" content=\"index, follow, max-snippet:-1, max-image-preview:large, max-video-preview:-1\" \/>\n<link rel=\"canonical\" href=\"https:\/\/alvarelloseditora.gal\/es\/libro\/agotado-guia-verde-de-santiago-gallego\/\" \/>\n<meta property=\"og:locale\" content=\"es_ES\" \/>\n<meta property=\"og:type\" content=\"article\" \/>\n<meta property=\"og:title\" content=\"[AGOTADO] GU\u00cdA VERDE DE SANTIAGO (gallego) - Alvarellos Editora\" \/>\n<meta property=\"og:description\" content=\"[AGOTADO] GU\u00cdA VERDE DE SANTIAGO (gallego). C\u00f3mprao na tenda en li\u00f1a de Alvarellos Editora.\" \/>\n<meta property=\"og:url\" content=\"https:\/\/alvarelloseditora.gal\/es\/libro\/agotado-guia-verde-de-santiago-gallego\/\" \/>\n<meta property=\"og:site_name\" content=\"Alvarellos Editora\" \/>\n<meta property=\"article:publisher\" content=\"https:\/\/www.facebook.com\/alvarelloseditora\" \/>\n<meta property=\"article:modified_time\" content=\"2021-05-31T11:53:21+00:00\" \/>\n<meta property=\"og:image\" content=\"https:\/\/alvarelloseditora.gal\/wp-content\/uploads\/2019\/12\/87.jpg\" \/>\n\t<meta property=\"og:image:width\" content=\"510\" \/>\n\t<meta property=\"og:image:height\" content=\"984\" \/>\n\t<meta property=\"og:image:type\" content=\"image\/jpeg\" \/>\n<meta name=\"twitter:card\" content=\"summary_large_image\" \/>\n<meta name=\"twitter:site\" content=\"@alvarellos_ed\" \/>\n<meta name=\"twitter:label1\" content=\"Tiempo de lectura\" \/>\n\t<meta name=\"twitter:data1\" content=\"2 minutos\" \/>\n<!-- \/ Yoast SEO plugin. -->","yoast_head_json":{"title":"[AGOTADO] GU\u00cdA VERDE DE SANTIAGO (gallego) - Alvarellos Editora","description":"[AGOTADO] GU\u00cdA VERDE DE SANTIAGO (gallego). C\u00f3mprao na tenda en li\u00f1a de Alvarellos Editora.","robots":{"index":"index","follow":"follow","max-snippet":"max-snippet:-1","max-image-preview":"max-image-preview:large","max-video-preview":"max-video-preview:-1"},"canonical":"https:\/\/alvarelloseditora.gal\/es\/libro\/agotado-guia-verde-de-santiago-gallego\/","og_locale":"es_ES","og_type":"article","og_title":"[AGOTADO] GU\u00cdA VERDE DE SANTIAGO (gallego) - Alvarellos Editora","og_description":"[AGOTADO] GU\u00cdA VERDE DE SANTIAGO (gallego). C\u00f3mprao na tenda en li\u00f1a de Alvarellos Editora.","og_url":"https:\/\/alvarelloseditora.gal\/es\/libro\/agotado-guia-verde-de-santiago-gallego\/","og_site_name":"Alvarellos Editora","article_publisher":"https:\/\/www.facebook.com\/alvarelloseditora","article_modified_time":"2021-05-31T11:53:21+00:00","og_image":[{"width":510,"height":984,"url":"https:\/\/alvarelloseditora.gal\/wp-content\/uploads\/2019\/12\/87.jpg","type":"image\/jpeg"}],"twitter_card":"summary_large_image","twitter_site":"@alvarellos_ed","twitter_misc":{"Tiempo de lectura":"2 minutos"},"schema":{"@context":"https:\/\/schema.org","@graph":[{"@type":["WebPage","ItemPage"],"@id":"https:\/\/alvarelloseditora.gal\/es\/libro\/agotado-guia-verde-de-santiago-gallego\/","url":"https:\/\/alvarelloseditora.gal\/es\/libro\/agotado-guia-verde-de-santiago-gallego\/","name":"[AGOTADO] GU\u00cdA VERDE DE SANTIAGO (gallego) - Alvarellos Editora","isPartOf":{"@id":"https:\/\/alvarelloseditora.gal\/#website"},"primaryImageOfPage":{"@id":"https:\/\/alvarelloseditora.gal\/es\/libro\/agotado-guia-verde-de-santiago-gallego\/#primaryimage"},"image":{"@id":"https:\/\/alvarelloseditora.gal\/es\/libro\/agotado-guia-verde-de-santiago-gallego\/#primaryimage"},"thumbnailUrl":"https:\/\/alvarelloseditora.gal\/wp-content\/uploads\/2019\/12\/87.jpg","datePublished":"2019-12-27T14:02:08+00:00","dateModified":"2021-05-31T11:53:21+00:00","description":"[AGOTADO] GU\u00cdA VERDE DE SANTIAGO (gallego). C\u00f3mprao na tenda en li\u00f1a de Alvarellos Editora.","breadcrumb":{"@id":"https:\/\/alvarelloseditora.gal\/es\/libro\/agotado-guia-verde-de-santiago-gallego\/#breadcrumb"},"inLanguage":"es","potentialAction":[{"@type":"ReadAction","target":["https:\/\/alvarelloseditora.gal\/es\/libro\/agotado-guia-verde-de-santiago-gallego\/"]}]},{"@type":"ImageObject","inLanguage":"es","@id":"https:\/\/alvarelloseditora.gal\/es\/libro\/agotado-guia-verde-de-santiago-gallego\/#primaryimage","url":"https:\/\/alvarelloseditora.gal\/wp-content\/uploads\/2019\/12\/87.jpg","contentUrl":"https:\/\/alvarelloseditora.gal\/wp-content\/uploads\/2019\/12\/87.jpg","width":510,"height":984},{"@type":"BreadcrumbList","@id":"https:\/\/alvarelloseditora.gal\/es\/libro\/agotado-guia-verde-de-santiago-gallego\/#breadcrumb","itemListElement":[{"@type":"ListItem","position":1,"name":"Portada","item":"https:\/\/alvarelloseditora.gal\/"},{"@type":"ListItem","position":2,"name":"Tienda","item":"https:\/\/alvarelloseditora.gal\/es\/tienda\/"},{"@type":"ListItem","position":3,"name":"[AGOTADO] GU\u00cdA VERDE DE SANTIAGO (gallego)"}]},{"@type":"WebSite","@id":"https:\/\/alvarelloseditora.gal\/#website","url":"https:\/\/alvarelloseditora.gal\/","name":"Alvarellos Editora","description":"Libros para un mundo en tr\u00e1nsito","publisher":{"@id":"https:\/\/alvarelloseditora.gal\/#organization"},"potentialAction":[{"@type":"SearchAction","target":{"@type":"EntryPoint","urlTemplate":"https:\/\/alvarelloseditora.gal\/?s={search_term_string}"},"query-input":{"@type":"PropertyValueSpecification","valueRequired":true,"valueName":"search_term_string"}}],"inLanguage":"es"},{"@type":"Organization","@id":"https:\/\/alvarelloseditora.gal\/#organization","name":"Alvarellos Editora","url":"https:\/\/alvarelloseditora.gal\/","logo":{"@type":"ImageObject","inLanguage":"es","@id":"https:\/\/alvarelloseditora.gal\/#\/schema\/logo\/image\/","url":"https:\/\/alvarelloseditora.gal\/wp-content\/uploads\/2020\/02\/alv-icon.png","contentUrl":"https:\/\/alvarelloseditora.gal\/wp-content\/uploads\/2020\/02\/alv-icon.png","width":177,"height":175,"caption":"Alvarellos Editora"},"image":{"@id":"https:\/\/alvarelloseditora.gal\/#\/schema\/logo\/image\/"},"sameAs":["https:\/\/www.facebook.com\/alvarelloseditora","https:\/\/x.com\/alvarellos_ed"]}]}},"_links":{"self":[{"href":"https:\/\/alvarelloseditora.gal\/es\/wp-json\/wp\/v2\/product\/2765","targetHints":{"allow":["GET"]}}],"collection":[{"href":"https:\/\/alvarelloseditora.gal\/es\/wp-json\/wp\/v2\/product"}],"about":[{"href":"https:\/\/alvarelloseditora.gal\/es\/wp-json\/wp\/v2\/types\/product"}],"replies":[{"embeddable":true,"href":"https:\/\/alvarelloseditora.gal\/es\/wp-json\/wp\/v2\/comments?post=2765"}],"wp:featuredmedia":[{"embeddable":true,"href":"https:\/\/alvarelloseditora.gal\/es\/wp-json\/wp\/v2\/media\/4043"}],"wp:attachment":[{"href":"https:\/\/alvarelloseditora.gal\/es\/wp-json\/wp\/v2\/media?parent=2765"}],"wp:term":[{"taxonomy":"product_brand","embeddable":true,"href":"https:\/\/alvarelloseditora.gal\/es\/wp-json\/wp\/v2\/product_brand?post=2765"},{"taxonomy":"product_cat","embeddable":true,"href":"https:\/\/alvarelloseditora.gal\/es\/wp-json\/wp\/v2\/product_cat?post=2765"},{"taxonomy":"product_tag","embeddable":true,"href":"https:\/\/alvarelloseditora.gal\/es\/wp-json\/wp\/v2\/product_tag?post=2765"}],"curies":[{"name":"wp","href":"https:\/\/api.w.org\/{rel}","templated":true}]}}