{"id":2764,"date":"2019-12-27T13:40:05","date_gmt":"2019-12-27T14:02:08","guid":{"rendered":"https:\/\/nueva.alvarellos.info\/product\/o-xornal-na-clase-de-matematicas\/"},"modified":"2021-06-23T14:04:43","modified_gmt":"2021-06-23T12:04:43","slug":"o-xornal-na-clase-de-matematicas","status":"publish","type":"product","link":"https:\/\/alvarelloseditora.gal\/es\/libro\/o-xornal-na-clase-de-matematicas\/","title":{"rendered":"O XORNAL NA CLASE  DE MATEM\u00c1TICAS"},"content":{"rendered":"<p><a href=\"https:\/\/alvarelloseditora.gal\/wp-content\/uploads\/prensa\/19-11-2010-xornalmatematicas.pdf\" target=\"_blank\" rel=\"noopener noreferrer\"><em>19\/11\/2010<\/em>, La Voz de Galicia, \u00abNa aula, co xornal, ata o m\u00e1is despistado traballa ao 100%\u00bb<\/a><\/p>\n<p><a href=\"https:\/\/alvarelloseditora.gal\/wp-content\/uploads\/prensa\/86_GaliciaHoxe20100113.pdf\" target=\"_blank\" rel=\"noopener noreferrer\"><em>13\/01\/2010<\/em>, Galicia Hoxe, \u00abAs mates, co xornal\u00bb<\/a><\/p>\n<p><a href=\"https:\/\/alvarelloseditora.gal\/wp-content\/uploads\/prensa\/86_20091219_LaVozDeGalicia.pdf\" target=\"_blank\" rel=\"noopener noreferrer\"><em>19\/12\/2009<\/em>, La Voz de Galicia, \u00abHai que intentar que as matem\u00e1ticas sexan m\u00e1is aplicables \u00e1 vida real\u00bb<\/a><\/p>\n","protected":false},"excerpt":{"rendered":"<p>E outros recursos para aprender cos n\u00fameros<\/p>\n<p>&nbsp;<\/p>\n<p>P\u00e1gs: 115<br \/>\nMedidas: 13&#215;23<br \/>\nEncuadernaci\u00f3n: capa blanda plastificada con solapas<br \/>\nIdioma: gallego<br \/>\nColecci\u00f3n: Oeste [divulgaci\u00f3n &amp; ensaio]<br \/>\nFecha de aparici\u00f3n: diciembre 2009<br \/>\nISBN: 978-84-89323-36-0<\/p>\n<p>&nbsp;<\/p>\n<p>El peri\u00f3dico como recurso pedag\u00f3gico en la clase de Matem\u00e1ticas fue, hasta ahora, muy poco explorado, pero sus ventajas para el alumnado -sobre todo en Secundaria- son m\u00faltiples: conecta a los chicos y chicas con la realidad, motiva debates sobre la actualidad, los lleva a comprender mejor el tratamiento de la informaci\u00f3n y las claves de las estad\u00edsticas que aparecen en los peri\u00f3dicos, finalmente, posibilita la relaci\u00f3n de conocimientos que afectan a varias materias.<\/p>\n","protected":false},"featured_media":9613,"comment_status":"closed","ping_status":"closed","template":"","meta":[],"product_brand":[],"product_cat":[105],"product_tag":[],"class_list":{"0":"post-2764","1":"product","2":"type-product","3":"status-publish","4":"has-post-thumbnail","6":"product_author-cecilia-alvarellos-casas-es","7":"product_cat-oeste-es","9":"first","10":"instock","11":"taxable","12":"shipping-taxable","13":"purchasable","14":"product-type-simple"},"yoast_head":"<!-- This site is optimized with the Yoast SEO plugin v27.3 - https:\/\/yoast.com\/product\/yoast-seo-wordpress\/ -->\n<title>O XORNAL NA CLASE DE MATEM\u00c1TICAS - Alvarellos Editora<\/title>\n<meta name=\"description\" content=\"O XORNAL NA CLASE DE MATEM\u00c1TICAS. C\u00f3mprao na tenda en li\u00f1a de Alvarellos Editora.\" \/>\n<meta name=\"robots\" content=\"index, follow, max-snippet:-1, max-image-preview:large, max-video-preview:-1\" \/>\n<link rel=\"canonical\" href=\"https:\/\/alvarelloseditora.gal\/es\/libro\/o-xornal-na-clase-de-matematicas\/\" \/>\n<meta property=\"og:locale\" content=\"es_ES\" \/>\n<meta property=\"og:type\" content=\"article\" \/>\n<meta property=\"og:title\" content=\"O XORNAL NA CLASE DE MATEM\u00c1TICAS - Alvarellos Editora\" \/>\n<meta property=\"og:description\" content=\"O XORNAL NA CLASE DE MATEM\u00c1TICAS. C\u00f3mprao na tenda en li\u00f1a de Alvarellos Editora.\" \/>\n<meta property=\"og:url\" content=\"https:\/\/alvarelloseditora.gal\/es\/libro\/o-xornal-na-clase-de-matematicas\/\" \/>\n<meta property=\"og:site_name\" content=\"Alvarellos Editora\" \/>\n<meta property=\"article:publisher\" content=\"https:\/\/www.facebook.com\/alvarelloseditora\" \/>\n<meta property=\"article:modified_time\" content=\"2021-06-23T12:04:43+00:00\" \/>\n<meta property=\"og:image\" content=\"https:\/\/alvarelloseditora.gal\/wp-content\/uploads\/2019\/12\/O-xornal-na-clase._0001-1.jpg\" \/>\n\t<meta property=\"og:image:width\" content=\"1014\" \/>\n\t<meta property=\"og:image:height\" content=\"1797\" \/>\n\t<meta property=\"og:image:type\" content=\"image\/jpeg\" \/>\n<meta name=\"twitter:card\" content=\"summary_large_image\" \/>\n<meta name=\"twitter:site\" content=\"@alvarellos_ed\" \/>\n<!-- \/ Yoast SEO plugin. -->","yoast_head_json":{"title":"O XORNAL NA CLASE DE MATEM\u00c1TICAS - Alvarellos Editora","description":"O XORNAL NA CLASE DE MATEM\u00c1TICAS. C\u00f3mprao na tenda en li\u00f1a de Alvarellos Editora.","robots":{"index":"index","follow":"follow","max-snippet":"max-snippet:-1","max-image-preview":"max-image-preview:large","max-video-preview":"max-video-preview:-1"},"canonical":"https:\/\/alvarelloseditora.gal\/es\/libro\/o-xornal-na-clase-de-matematicas\/","og_locale":"es_ES","og_type":"article","og_title":"O XORNAL NA CLASE DE MATEM\u00c1TICAS - Alvarellos Editora","og_description":"O XORNAL NA CLASE DE MATEM\u00c1TICAS. C\u00f3mprao na tenda en li\u00f1a de Alvarellos Editora.","og_url":"https:\/\/alvarelloseditora.gal\/es\/libro\/o-xornal-na-clase-de-matematicas\/","og_site_name":"Alvarellos Editora","article_publisher":"https:\/\/www.facebook.com\/alvarelloseditora","article_modified_time":"2021-06-23T12:04:43+00:00","og_image":[{"width":1014,"height":1797,"url":"https:\/\/alvarelloseditora.gal\/wp-content\/uploads\/2019\/12\/O-xornal-na-clase._0001-1.jpg","type":"image\/jpeg"}],"twitter_card":"summary_large_image","twitter_site":"@alvarellos_ed","schema":{"@context":"https:\/\/schema.org","@graph":[{"@type":["WebPage","ItemPage"],"@id":"https:\/\/alvarelloseditora.gal\/es\/libro\/o-xornal-na-clase-de-matematicas\/","url":"https:\/\/alvarelloseditora.gal\/es\/libro\/o-xornal-na-clase-de-matematicas\/","name":"O XORNAL NA CLASE DE MATEM\u00c1TICAS - Alvarellos Editora","isPartOf":{"@id":"https:\/\/alvarelloseditora.gal\/#website"},"primaryImageOfPage":{"@id":"https:\/\/alvarelloseditora.gal\/es\/libro\/o-xornal-na-clase-de-matematicas\/#primaryimage"},"image":{"@id":"https:\/\/alvarelloseditora.gal\/es\/libro\/o-xornal-na-clase-de-matematicas\/#primaryimage"},"thumbnailUrl":"https:\/\/alvarelloseditora.gal\/wp-content\/uploads\/2019\/12\/O-xornal-na-clase._0001-1.jpg","datePublished":"2019-12-27T14:02:08+00:00","dateModified":"2021-06-23T12:04:43+00:00","description":"O XORNAL NA CLASE DE MATEM\u00c1TICAS. C\u00f3mprao na tenda en li\u00f1a de Alvarellos Editora.","breadcrumb":{"@id":"https:\/\/alvarelloseditora.gal\/es\/libro\/o-xornal-na-clase-de-matematicas\/#breadcrumb"},"inLanguage":"es","potentialAction":[{"@type":"ReadAction","target":["https:\/\/alvarelloseditora.gal\/es\/libro\/o-xornal-na-clase-de-matematicas\/"]}]},{"@type":"ImageObject","inLanguage":"es","@id":"https:\/\/alvarelloseditora.gal\/es\/libro\/o-xornal-na-clase-de-matematicas\/#primaryimage","url":"https:\/\/alvarelloseditora.gal\/wp-content\/uploads\/2019\/12\/O-xornal-na-clase._0001-1.jpg","contentUrl":"https:\/\/alvarelloseditora.gal\/wp-content\/uploads\/2019\/12\/O-xornal-na-clase._0001-1.jpg","width":1014,"height":1797},{"@type":"BreadcrumbList","@id":"https:\/\/alvarelloseditora.gal\/es\/libro\/o-xornal-na-clase-de-matematicas\/#breadcrumb","itemListElement":[{"@type":"ListItem","position":1,"name":"Portada","item":"https:\/\/alvarelloseditora.gal\/"},{"@type":"ListItem","position":2,"name":"Tienda","item":"https:\/\/alvarelloseditora.gal\/es\/tienda\/"},{"@type":"ListItem","position":3,"name":"O XORNAL NA CLASE DE MATEM\u00c1TICAS"}]},{"@type":"WebSite","@id":"https:\/\/alvarelloseditora.gal\/#website","url":"https:\/\/alvarelloseditora.gal\/","name":"Alvarellos Editora","description":"Libros para un mundo en tr\u00e1nsito","publisher":{"@id":"https:\/\/alvarelloseditora.gal\/#organization"},"potentialAction":[{"@type":"SearchAction","target":{"@type":"EntryPoint","urlTemplate":"https:\/\/alvarelloseditora.gal\/?s={search_term_string}"},"query-input":{"@type":"PropertyValueSpecification","valueRequired":true,"valueName":"search_term_string"}}],"inLanguage":"es"},{"@type":"Organization","@id":"https:\/\/alvarelloseditora.gal\/#organization","name":"Alvarellos Editora","url":"https:\/\/alvarelloseditora.gal\/","logo":{"@type":"ImageObject","inLanguage":"es","@id":"https:\/\/alvarelloseditora.gal\/#\/schema\/logo\/image\/","url":"https:\/\/alvarelloseditora.gal\/wp-content\/uploads\/2020\/02\/alv-icon.png","contentUrl":"https:\/\/alvarelloseditora.gal\/wp-content\/uploads\/2020\/02\/alv-icon.png","width":177,"height":175,"caption":"Alvarellos Editora"},"image":{"@id":"https:\/\/alvarelloseditora.gal\/#\/schema\/logo\/image\/"},"sameAs":["https:\/\/www.facebook.com\/alvarelloseditora","https:\/\/x.com\/alvarellos_ed"]}]}},"_links":{"self":[{"href":"https:\/\/alvarelloseditora.gal\/es\/wp-json\/wp\/v2\/product\/2764","targetHints":{"allow":["GET"]}}],"collection":[{"href":"https:\/\/alvarelloseditora.gal\/es\/wp-json\/wp\/v2\/product"}],"about":[{"href":"https:\/\/alvarelloseditora.gal\/es\/wp-json\/wp\/v2\/types\/product"}],"replies":[{"embeddable":true,"href":"https:\/\/alvarelloseditora.gal\/es\/wp-json\/wp\/v2\/comments?post=2764"}],"wp:featuredmedia":[{"embeddable":true,"href":"https:\/\/alvarelloseditora.gal\/es\/wp-json\/wp\/v2\/media\/9613"}],"wp:attachment":[{"href":"https:\/\/alvarelloseditora.gal\/es\/wp-json\/wp\/v2\/media?parent=2764"}],"wp:term":[{"taxonomy":"product_brand","embeddable":true,"href":"https:\/\/alvarelloseditora.gal\/es\/wp-json\/wp\/v2\/product_brand?post=2764"},{"taxonomy":"product_cat","embeddable":true,"href":"https:\/\/alvarelloseditora.gal\/es\/wp-json\/wp\/v2\/product_cat?post=2764"},{"taxonomy":"product_tag","embeddable":true,"href":"https:\/\/alvarelloseditora.gal\/es\/wp-json\/wp\/v2\/product_tag?post=2764"}],"curies":[{"name":"wp","href":"https:\/\/api.w.org\/{rel}","templated":true}]}}