{"id":2763,"date":"2019-12-27T13:39:34","date_gmt":"2019-12-27T13:39:34","guid":{"rendered":"https:\/\/nueva.alvarellos.info\/product\/santiago-a-traves-de-mis-gafas\/"},"modified":"2021-06-23T14:02:15","modified_gmt":"2021-06-23T12:02:15","slug":"santiago-a-traves-de-mis-gafas","status":"publish","type":"product","link":"https:\/\/alvarelloseditora.gal\/es\/libro\/santiago-a-traves-de-mis-gafas\/","title":{"rendered":"SANTIAGO A TRAV\u00c9S DE MIS GAFAS"},"content":{"rendered":"<p><a href=\"https:\/\/alvarelloseditora.gal\/wp-content\/uploads\/prensa\/85_20091219_ElCorreoGallego.pdf\" target=\"_blank\" rel=\"noopener noreferrer\"><em>19\/12\/2009<\/em>, El Correo Gallego, \u00abCompostela, desde los a\u00f1os de la Rep\u00fablica, a trav\u00e9s de las gafas de Santiago Nogueira\u00bb<\/a> <a href=\"http:\/\/www.elcorreogallego.es\/opinion\/firmas\/ecg\/santiago-nogueira\/idEdicion-2009-12-17\/idNoticia-497752\/\" target=\"_blank\" rel=\"noopener noreferrer\"><em>17\/12\/2009<\/em>, El Correo Gallego.es, \u00abSantiago Nogueira\u00bb<\/a> <a href=\"https:\/\/alvarelloseditora.gal\/wp-content\/uploads\/prensa\/85_20091127_ElCorreoGallego.pdf\" target=\"_blank\" rel=\"noopener noreferrer\"><em>27\/11\/2009<\/em>, El Correo Gallego, \u00abCompostela se mira en las gafas de Santiago Nogueira\u00bb<\/a> <a href=\"https:\/\/alvarelloseditora.gal\/wp-content\/uploads\/prensa\/85_20091126_ElCorreoGallego.pdf\" target=\"_blank\" rel=\"noopener noreferrer\"><em>26\/11\/2009<\/em>, El Correo Gallego, \u00abSantiago Nogueira &#8216;pasa lista&#8217; a 500 personajes de la Compostela del siglo XX\u00bb<\/a> <a href=\"https:\/\/alvarelloseditora.gal\/wp-content\/uploads\/prensa\/85_20091125_LaVozDeGalicia.pdf\" target=\"_blank\" rel=\"noopener noreferrer\"><em>25\/11\/2009<\/em>, La Voz de Galicia, \u00abEste libro recoge unas reflexiones en voz alta\u00bb<\/a><\/p>\n","protected":false},"excerpt":{"rendered":"<p>P\u00e1gs: 180<br \/>\nMedidas: 13&#215;23<br \/>\nEncuadernaci\u00f3n: tapa blanda con solapas<br \/>\nIdioma: castellano<br \/>\nIlustraciones: cuaderno de 8 p\u00e1ginas con fotograf\u00edas<br \/>\nFecha de aparici\u00f3n: noviembre 2009<br \/>\nISBN: 978-84-89323-35-3<\/p>\n<p>&nbsp;<\/p>\n<p>Una pluma fluida y una memoria puntual y rica, pre\u00f1ada de an\u00e9cdotas y datos, convierten esta cr\u00f3nica de Santiago Nogueira en una obra coral, un retrato magn\u00edfico de su tiempo, y un valioso testimonio sobre los avatares del siglo XX en Compostela. Por las p\u00e1ginas de Santiago a trav\u00e9s de mis gafas desfilan personajes y acontecimientos que muchos compostelanos y gallegos tendr\u00e1n en la memoria. El abogado Nogueira viaja hasta los tiempos de la rep\u00fablica y la posterior tragedia de la guerra civil; retrata m\u00e1s adelante la vida universitaria en los a\u00f1os 40 y 50, sus a\u00f1os de docente en la Universidad, su afici\u00f3n por el f\u00fatbol o por la m\u00fasica popular, o su participaci\u00f3n en pol\u00edtica como director general de la Juventud en el segundo gobierno de Adolfo Su\u00e1rez (primero de la democracia), en el ministerio de P\u00edo Cabanillas. La pasi\u00f3n por la abogac\u00eda preside cada p\u00e1gina de esta obra. En uno de sus cap\u00edtulos, Santiago Nogueira describe alguno de los casos m\u00e1s singulares de su trayectoria profesional, entre ellos, el \u201caffaire\u201d Barreiro, sobre el procesamiento del que fuera conselleiro de Presidencia Jos\u00e9 Luis Barreiro Rivas. A trav\u00e9s de sus gafas, Nogueira Romero enfoca el pasado, su pasado presente. Y lo hace de una manera honesta, precisa e inteligente.<\/p>\n","protected":false},"featured_media":4039,"comment_status":"closed","ping_status":"closed","template":"","meta":[],"product_brand":[],"product_cat":[105],"product_tag":[],"class_list":{"0":"post-2763","1":"product","2":"type-product","3":"status-publish","4":"has-post-thumbnail","6":"product_author-santiago-nogueira-es","7":"product_cat-oeste-es","9":"first","10":"instock","11":"taxable","12":"shipping-taxable","13":"purchasable","14":"product-type-simple"},"yoast_head":"<!-- This site is optimized with the Yoast SEO plugin v27.3 - https:\/\/yoast.com\/product\/yoast-seo-wordpress\/ -->\n<title>SANTIAGO A TRAV\u00c9S DE MIS GAFAS - Alvarellos Editora<\/title>\n<meta name=\"description\" content=\"SANTIAGO A TRAV\u00c9S DE MIS GAFAS. C\u00f3mprao na tenda en li\u00f1a de Alvarellos Editora.\" \/>\n<meta name=\"robots\" content=\"index, follow, max-snippet:-1, max-image-preview:large, max-video-preview:-1\" \/>\n<link rel=\"canonical\" href=\"https:\/\/alvarelloseditora.gal\/es\/libro\/santiago-a-traves-de-mis-gafas\/\" \/>\n<meta property=\"og:locale\" content=\"es_ES\" \/>\n<meta property=\"og:type\" content=\"article\" \/>\n<meta property=\"og:title\" content=\"SANTIAGO A TRAV\u00c9S DE MIS GAFAS - Alvarellos Editora\" \/>\n<meta property=\"og:description\" content=\"SANTIAGO A TRAV\u00c9S DE MIS GAFAS. C\u00f3mprao na tenda en li\u00f1a de Alvarellos Editora.\" \/>\n<meta property=\"og:url\" content=\"https:\/\/alvarelloseditora.gal\/es\/libro\/santiago-a-traves-de-mis-gafas\/\" \/>\n<meta property=\"og:site_name\" content=\"Alvarellos Editora\" \/>\n<meta property=\"article:publisher\" content=\"https:\/\/www.facebook.com\/alvarelloseditora\" \/>\n<meta property=\"article:modified_time\" content=\"2021-06-23T12:02:15+00:00\" \/>\n<meta property=\"og:image\" content=\"https:\/\/alvarelloseditora.gal\/wp-content\/uploads\/2019\/12\/85.jpg\" \/>\n\t<meta property=\"og:image:width\" content=\"510\" \/>\n\t<meta property=\"og:image:height\" content=\"897\" \/>\n\t<meta property=\"og:image:type\" content=\"image\/jpeg\" \/>\n<meta name=\"twitter:card\" content=\"summary_large_image\" \/>\n<meta name=\"twitter:site\" content=\"@alvarellos_ed\" \/>\n<!-- \/ Yoast SEO plugin. -->","yoast_head_json":{"title":"SANTIAGO A TRAV\u00c9S DE MIS GAFAS - Alvarellos Editora","description":"SANTIAGO A TRAV\u00c9S DE MIS GAFAS. C\u00f3mprao na tenda en li\u00f1a de Alvarellos Editora.","robots":{"index":"index","follow":"follow","max-snippet":"max-snippet:-1","max-image-preview":"max-image-preview:large","max-video-preview":"max-video-preview:-1"},"canonical":"https:\/\/alvarelloseditora.gal\/es\/libro\/santiago-a-traves-de-mis-gafas\/","og_locale":"es_ES","og_type":"article","og_title":"SANTIAGO A TRAV\u00c9S DE MIS GAFAS - Alvarellos Editora","og_description":"SANTIAGO A TRAV\u00c9S DE MIS GAFAS. C\u00f3mprao na tenda en li\u00f1a de Alvarellos Editora.","og_url":"https:\/\/alvarelloseditora.gal\/es\/libro\/santiago-a-traves-de-mis-gafas\/","og_site_name":"Alvarellos Editora","article_publisher":"https:\/\/www.facebook.com\/alvarelloseditora","article_modified_time":"2021-06-23T12:02:15+00:00","og_image":[{"width":510,"height":897,"url":"https:\/\/alvarelloseditora.gal\/wp-content\/uploads\/2019\/12\/85.jpg","type":"image\/jpeg"}],"twitter_card":"summary_large_image","twitter_site":"@alvarellos_ed","schema":{"@context":"https:\/\/schema.org","@graph":[{"@type":["WebPage","ItemPage"],"@id":"https:\/\/alvarelloseditora.gal\/es\/libro\/santiago-a-traves-de-mis-gafas\/","url":"https:\/\/alvarelloseditora.gal\/es\/libro\/santiago-a-traves-de-mis-gafas\/","name":"SANTIAGO A TRAV\u00c9S DE MIS GAFAS - Alvarellos Editora","isPartOf":{"@id":"https:\/\/alvarelloseditora.gal\/#website"},"primaryImageOfPage":{"@id":"https:\/\/alvarelloseditora.gal\/es\/libro\/santiago-a-traves-de-mis-gafas\/#primaryimage"},"image":{"@id":"https:\/\/alvarelloseditora.gal\/es\/libro\/santiago-a-traves-de-mis-gafas\/#primaryimage"},"thumbnailUrl":"https:\/\/alvarelloseditora.gal\/wp-content\/uploads\/2019\/12\/85.jpg","datePublished":"2019-12-27T13:39:34+00:00","dateModified":"2021-06-23T12:02:15+00:00","description":"SANTIAGO A TRAV\u00c9S DE MIS GAFAS. C\u00f3mprao na tenda en li\u00f1a de Alvarellos Editora.","breadcrumb":{"@id":"https:\/\/alvarelloseditora.gal\/es\/libro\/santiago-a-traves-de-mis-gafas\/#breadcrumb"},"inLanguage":"es","potentialAction":[{"@type":"ReadAction","target":["https:\/\/alvarelloseditora.gal\/es\/libro\/santiago-a-traves-de-mis-gafas\/"]}]},{"@type":"ImageObject","inLanguage":"es","@id":"https:\/\/alvarelloseditora.gal\/es\/libro\/santiago-a-traves-de-mis-gafas\/#primaryimage","url":"https:\/\/alvarelloseditora.gal\/wp-content\/uploads\/2019\/12\/85.jpg","contentUrl":"https:\/\/alvarelloseditora.gal\/wp-content\/uploads\/2019\/12\/85.jpg","width":510,"height":897},{"@type":"BreadcrumbList","@id":"https:\/\/alvarelloseditora.gal\/es\/libro\/santiago-a-traves-de-mis-gafas\/#breadcrumb","itemListElement":[{"@type":"ListItem","position":1,"name":"Portada","item":"https:\/\/alvarelloseditora.gal\/"},{"@type":"ListItem","position":2,"name":"Tienda","item":"https:\/\/alvarelloseditora.gal\/es\/tienda\/"},{"@type":"ListItem","position":3,"name":"SANTIAGO A TRAV\u00c9S DE MIS GAFAS"}]},{"@type":"WebSite","@id":"https:\/\/alvarelloseditora.gal\/#website","url":"https:\/\/alvarelloseditora.gal\/","name":"Alvarellos Editora","description":"Libros para un mundo en tr\u00e1nsito","publisher":{"@id":"https:\/\/alvarelloseditora.gal\/#organization"},"potentialAction":[{"@type":"SearchAction","target":{"@type":"EntryPoint","urlTemplate":"https:\/\/alvarelloseditora.gal\/?s={search_term_string}"},"query-input":{"@type":"PropertyValueSpecification","valueRequired":true,"valueName":"search_term_string"}}],"inLanguage":"es"},{"@type":"Organization","@id":"https:\/\/alvarelloseditora.gal\/#organization","name":"Alvarellos Editora","url":"https:\/\/alvarelloseditora.gal\/","logo":{"@type":"ImageObject","inLanguage":"es","@id":"https:\/\/alvarelloseditora.gal\/#\/schema\/logo\/image\/","url":"https:\/\/alvarelloseditora.gal\/wp-content\/uploads\/2020\/02\/alv-icon.png","contentUrl":"https:\/\/alvarelloseditora.gal\/wp-content\/uploads\/2020\/02\/alv-icon.png","width":177,"height":175,"caption":"Alvarellos Editora"},"image":{"@id":"https:\/\/alvarelloseditora.gal\/#\/schema\/logo\/image\/"},"sameAs":["https:\/\/www.facebook.com\/alvarelloseditora","https:\/\/x.com\/alvarellos_ed"]}]}},"_links":{"self":[{"href":"https:\/\/alvarelloseditora.gal\/es\/wp-json\/wp\/v2\/product\/2763","targetHints":{"allow":["GET"]}}],"collection":[{"href":"https:\/\/alvarelloseditora.gal\/es\/wp-json\/wp\/v2\/product"}],"about":[{"href":"https:\/\/alvarelloseditora.gal\/es\/wp-json\/wp\/v2\/types\/product"}],"replies":[{"embeddable":true,"href":"https:\/\/alvarelloseditora.gal\/es\/wp-json\/wp\/v2\/comments?post=2763"}],"wp:featuredmedia":[{"embeddable":true,"href":"https:\/\/alvarelloseditora.gal\/es\/wp-json\/wp\/v2\/media\/4039"}],"wp:attachment":[{"href":"https:\/\/alvarelloseditora.gal\/es\/wp-json\/wp\/v2\/media?parent=2763"}],"wp:term":[{"taxonomy":"product_brand","embeddable":true,"href":"https:\/\/alvarelloseditora.gal\/es\/wp-json\/wp\/v2\/product_brand?post=2763"},{"taxonomy":"product_cat","embeddable":true,"href":"https:\/\/alvarelloseditora.gal\/es\/wp-json\/wp\/v2\/product_cat?post=2763"},{"taxonomy":"product_tag","embeddable":true,"href":"https:\/\/alvarelloseditora.gal\/es\/wp-json\/wp\/v2\/product_tag?post=2763"}],"curies":[{"name":"wp","href":"https:\/\/api.w.org\/{rel}","templated":true}]}}