{"id":2761,"date":"2019-12-27T13:39:34","date_gmt":"2019-12-27T14:01:50","guid":{"rendered":"https:\/\/nueva.alvarellos.info\/product\/alumbrado-publico-en-santiago-el\/"},"modified":"2021-06-23T14:02:38","modified_gmt":"2021-06-23T12:02:38","slug":"alumbrado-publico-en-santiago-el","status":"publish","type":"product","link":"https:\/\/alvarelloseditora.gal\/es\/libro\/alumbrado-publico-en-santiago-el\/","title":{"rendered":"ALUMBRADO P\u00daBLICO EN SANTIAGO, EL"},"content":{"rendered":"","protected":false},"excerpt":{"rendered":"<p>Una historia de luces y sombras en la vieja Compostela<\/p>\n<p>&nbsp;<\/p>\n<p>P\u00e1ginas:138<br \/>\nMedidas: 13&#215;23<br \/>\nIdioma: castellano<br \/>\nFecha de publicaci\u00f3n: mayo 2009<br \/>\nISBN: 978-84-89323-29-2<br \/>\nEncuadernaci\u00f3n: r\u00fastica plastificada con solapas<br \/>\nIlustraciones: Fotograf\u00edas y documentos de \u00e9poca<\/p>\n<p>&nbsp;<\/p>\n<p>La nueva obra del investigador santiagu\u00e9s Jos\u00e9 Antonio Tojo Ramallo se titula El alumbrado p\u00fablico en Santiago, un ensayo publicado conjuntamente por Alvarellos Editora y el Consorcio de Santiago. En el, Tojo Ramallo, quien ya es autor de otros tres libros de historia local, repasa de una manera amena y documentada, los or\u00edgenes y desarrollo del sistema p\u00fablico de alumbrado, desde sus or\u00edgenes hace exactamente dos siglos:<\/p>\n<p>En la protohistoria del alumbrado de Santiago se sit\u00faan los coquines o mullidores, personajes que, hasta el siglo XVIII, recorr\u00edan las calles portando una antorcha y una campanilla y rogando a voces el rezo de un Padre Nuestro por las almas del purgatorio y del Arzobispo Fonseca.<\/p>\n<p>DOSCIENTOS A\u00d1OS DE LUCES Y SOMBRAS<\/p>\n<p>Luego llegar\u00eda el aceite. En 1809 se instala en Santiago el primer sistema de alumbrado p\u00fablico del que tenemos noticia. Se pretend\u00eda aumentar la seguridad en las calles ante la invasi\u00f3n de los franceses. Las primeras farolas se instalaron alrededor de 1822, las llamadas farolas de reverbero, construidas por artesanos locales del lat\u00f3n y del hierro, y mantenidas por los veedores.<\/p>\n<p>\u00abA NOITE EST\u00c1 VARRIDA DA TERRA\u00bb<\/p>\n<p>Tras el aceite, el gas, y, finalmente, la revoluci\u00f3n de la luz el\u00e9ctrica. Santiago fue la primera ciudad de Espa\u00f1a que prob\u00f3 ese nuevo invento conocido como electricidad. Fue un 2 de abril de 1851, en el claustro de la Universidad. \u00abA noite est\u00e1 varrida da terra\u00bb, exclam\u00f3 uno de los testigos de aquel acontecimiento. Pero aun habr\u00eda que esperar casi medio siglo para ver llegar la luz el\u00e9ctrica a las calles m\u00e1s c\u00e9ntricas.<\/p>\n<p>Un breve pero riguroso y ameno ensayo de una \u00e9poca en la que la ciudad de Santiago fue entrando, poco a poco, en eso que llamamos modernidad y progreso. Dos siglos de luces y sombras en la vieja Compostela.<\/p>\n<p>\u00bb ver cuadernillo gr\u00e1fico<\/p>\n","protected":false},"featured_media":9607,"comment_status":"closed","ping_status":"closed","template":"","meta":[],"product_brand":[],"product_cat":[105],"product_tag":[],"class_list":{"0":"post-2761","1":"product","2":"type-product","3":"status-publish","4":"has-post-thumbnail","6":"product_cat-oeste-es","8":"first","9":"instock","10":"taxable","11":"shipping-taxable","12":"purchasable","13":"product-type-simple"},"yoast_head":"<!-- This site is optimized with the Yoast SEO plugin v27.3 - https:\/\/yoast.com\/product\/yoast-seo-wordpress\/ -->\n<title>ALUMBRADO P\u00daBLICO EN SANTIAGO, EL - Alvarellos Editora<\/title>\n<meta name=\"description\" content=\"ALUMBRADO P\u00daBLICO EN SANTIAGO, EL. C\u00f3mprao na tenda en li\u00f1a de Alvarellos Editora.\" \/>\n<meta name=\"robots\" content=\"index, follow, max-snippet:-1, max-image-preview:large, max-video-preview:-1\" \/>\n<link rel=\"canonical\" href=\"https:\/\/alvarelloseditora.gal\/es\/libro\/alumbrado-publico-en-santiago-el\/\" \/>\n<meta property=\"og:locale\" content=\"es_ES\" \/>\n<meta property=\"og:type\" content=\"article\" \/>\n<meta property=\"og:title\" content=\"ALUMBRADO P\u00daBLICO EN SANTIAGO, EL - Alvarellos Editora\" \/>\n<meta property=\"og:description\" content=\"ALUMBRADO P\u00daBLICO EN SANTIAGO, EL. C\u00f3mprao na tenda en li\u00f1a de Alvarellos Editora.\" \/>\n<meta property=\"og:url\" content=\"https:\/\/alvarelloseditora.gal\/es\/libro\/alumbrado-publico-en-santiago-el\/\" \/>\n<meta property=\"og:site_name\" content=\"Alvarellos Editora\" \/>\n<meta property=\"article:publisher\" content=\"https:\/\/www.facebook.com\/alvarelloseditora\" \/>\n<meta property=\"article:modified_time\" content=\"2021-06-23T12:02:38+00:00\" \/>\n<meta property=\"og:image\" content=\"https:\/\/alvarelloseditora.gal\/wp-content\/uploads\/2019\/12\/El-alumbrado-publico._0001-1.jpg\" \/>\n\t<meta property=\"og:image:width\" content=\"1021\" \/>\n\t<meta property=\"og:image:height\" content=\"1800\" \/>\n\t<meta property=\"og:image:type\" content=\"image\/jpeg\" \/>\n<meta name=\"twitter:card\" content=\"summary_large_image\" \/>\n<meta name=\"twitter:site\" content=\"@alvarellos_ed\" \/>\n<!-- \/ Yoast SEO plugin. -->","yoast_head_json":{"title":"ALUMBRADO P\u00daBLICO EN SANTIAGO, EL - Alvarellos Editora","description":"ALUMBRADO P\u00daBLICO EN SANTIAGO, EL. C\u00f3mprao na tenda en li\u00f1a de Alvarellos Editora.","robots":{"index":"index","follow":"follow","max-snippet":"max-snippet:-1","max-image-preview":"max-image-preview:large","max-video-preview":"max-video-preview:-1"},"canonical":"https:\/\/alvarelloseditora.gal\/es\/libro\/alumbrado-publico-en-santiago-el\/","og_locale":"es_ES","og_type":"article","og_title":"ALUMBRADO P\u00daBLICO EN SANTIAGO, EL - Alvarellos Editora","og_description":"ALUMBRADO P\u00daBLICO EN SANTIAGO, EL. C\u00f3mprao na tenda en li\u00f1a de Alvarellos Editora.","og_url":"https:\/\/alvarelloseditora.gal\/es\/libro\/alumbrado-publico-en-santiago-el\/","og_site_name":"Alvarellos Editora","article_publisher":"https:\/\/www.facebook.com\/alvarelloseditora","article_modified_time":"2021-06-23T12:02:38+00:00","og_image":[{"width":1021,"height":1800,"url":"https:\/\/alvarelloseditora.gal\/wp-content\/uploads\/2019\/12\/El-alumbrado-publico._0001-1.jpg","type":"image\/jpeg"}],"twitter_card":"summary_large_image","twitter_site":"@alvarellos_ed","schema":{"@context":"https:\/\/schema.org","@graph":[{"@type":["WebPage","ItemPage"],"@id":"https:\/\/alvarelloseditora.gal\/es\/libro\/alumbrado-publico-en-santiago-el\/","url":"https:\/\/alvarelloseditora.gal\/es\/libro\/alumbrado-publico-en-santiago-el\/","name":"ALUMBRADO P\u00daBLICO EN SANTIAGO, EL - Alvarellos Editora","isPartOf":{"@id":"https:\/\/alvarelloseditora.gal\/#website"},"primaryImageOfPage":{"@id":"https:\/\/alvarelloseditora.gal\/es\/libro\/alumbrado-publico-en-santiago-el\/#primaryimage"},"image":{"@id":"https:\/\/alvarelloseditora.gal\/es\/libro\/alumbrado-publico-en-santiago-el\/#primaryimage"},"thumbnailUrl":"https:\/\/alvarelloseditora.gal\/wp-content\/uploads\/2019\/12\/El-alumbrado-publico._0001-1.jpg","datePublished":"2019-12-27T14:01:50+00:00","dateModified":"2021-06-23T12:02:38+00:00","description":"ALUMBRADO P\u00daBLICO EN SANTIAGO, EL. C\u00f3mprao na tenda en li\u00f1a de Alvarellos Editora.","breadcrumb":{"@id":"https:\/\/alvarelloseditora.gal\/es\/libro\/alumbrado-publico-en-santiago-el\/#breadcrumb"},"inLanguage":"es","potentialAction":[{"@type":"ReadAction","target":["https:\/\/alvarelloseditora.gal\/es\/libro\/alumbrado-publico-en-santiago-el\/"]}]},{"@type":"ImageObject","inLanguage":"es","@id":"https:\/\/alvarelloseditora.gal\/es\/libro\/alumbrado-publico-en-santiago-el\/#primaryimage","url":"https:\/\/alvarelloseditora.gal\/wp-content\/uploads\/2019\/12\/El-alumbrado-publico._0001-1.jpg","contentUrl":"https:\/\/alvarelloseditora.gal\/wp-content\/uploads\/2019\/12\/El-alumbrado-publico._0001-1.jpg","width":1021,"height":1800},{"@type":"BreadcrumbList","@id":"https:\/\/alvarelloseditora.gal\/es\/libro\/alumbrado-publico-en-santiago-el\/#breadcrumb","itemListElement":[{"@type":"ListItem","position":1,"name":"Portada","item":"https:\/\/alvarelloseditora.gal\/"},{"@type":"ListItem","position":2,"name":"Tienda","item":"https:\/\/alvarelloseditora.gal\/es\/tienda\/"},{"@type":"ListItem","position":3,"name":"ALUMBRADO P\u00daBLICO EN SANTIAGO, EL"}]},{"@type":"WebSite","@id":"https:\/\/alvarelloseditora.gal\/#website","url":"https:\/\/alvarelloseditora.gal\/","name":"Alvarellos Editora","description":"Libros para un mundo en tr\u00e1nsito","publisher":{"@id":"https:\/\/alvarelloseditora.gal\/#organization"},"potentialAction":[{"@type":"SearchAction","target":{"@type":"EntryPoint","urlTemplate":"https:\/\/alvarelloseditora.gal\/?s={search_term_string}"},"query-input":{"@type":"PropertyValueSpecification","valueRequired":true,"valueName":"search_term_string"}}],"inLanguage":"es"},{"@type":"Organization","@id":"https:\/\/alvarelloseditora.gal\/#organization","name":"Alvarellos Editora","url":"https:\/\/alvarelloseditora.gal\/","logo":{"@type":"ImageObject","inLanguage":"es","@id":"https:\/\/alvarelloseditora.gal\/#\/schema\/logo\/image\/","url":"https:\/\/alvarelloseditora.gal\/wp-content\/uploads\/2020\/02\/alv-icon.png","contentUrl":"https:\/\/alvarelloseditora.gal\/wp-content\/uploads\/2020\/02\/alv-icon.png","width":177,"height":175,"caption":"Alvarellos Editora"},"image":{"@id":"https:\/\/alvarelloseditora.gal\/#\/schema\/logo\/image\/"},"sameAs":["https:\/\/www.facebook.com\/alvarelloseditora","https:\/\/x.com\/alvarellos_ed"]}]}},"_links":{"self":[{"href":"https:\/\/alvarelloseditora.gal\/es\/wp-json\/wp\/v2\/product\/2761","targetHints":{"allow":["GET"]}}],"collection":[{"href":"https:\/\/alvarelloseditora.gal\/es\/wp-json\/wp\/v2\/product"}],"about":[{"href":"https:\/\/alvarelloseditora.gal\/es\/wp-json\/wp\/v2\/types\/product"}],"replies":[{"embeddable":true,"href":"https:\/\/alvarelloseditora.gal\/es\/wp-json\/wp\/v2\/comments?post=2761"}],"wp:featuredmedia":[{"embeddable":true,"href":"https:\/\/alvarelloseditora.gal\/es\/wp-json\/wp\/v2\/media\/9607"}],"wp:attachment":[{"href":"https:\/\/alvarelloseditora.gal\/es\/wp-json\/wp\/v2\/media?parent=2761"}],"wp:term":[{"taxonomy":"product_brand","embeddable":true,"href":"https:\/\/alvarelloseditora.gal\/es\/wp-json\/wp\/v2\/product_brand?post=2761"},{"taxonomy":"product_cat","embeddable":true,"href":"https:\/\/alvarelloseditora.gal\/es\/wp-json\/wp\/v2\/product_cat?post=2761"},{"taxonomy":"product_tag","embeddable":true,"href":"https:\/\/alvarelloseditora.gal\/es\/wp-json\/wp\/v2\/product_tag?post=2761"}],"curies":[{"name":"wp","href":"https:\/\/api.w.org\/{rel}","templated":true}]}}