{"id":2760,"date":"2019-12-27T14:01:50","date_gmt":"2019-12-27T14:01:50","guid":{"rendered":"https:\/\/nueva.alvarellos.info\/product\/retorno-a-natura\/"},"modified":"2021-05-31T13:26:56","modified_gmt":"2021-05-31T11:26:56","slug":"retorno-a-natura","status":"publish","type":"product","link":"https:\/\/alvarelloseditora.gal\/es\/libro\/retorno-a-natura\/","title":{"rendered":"RETORNO A NATURA"},"content":{"rendered":"<p><a href=\"https:\/\/alvarelloseditora.gal\/wp-content\/uploads\/prensa\/81_ElCorreoGAllego180110_2.pdf\" target=\"_blank\" rel=\"noopener noreferrer\"><em>18\/01\/2010<\/em>, <strong>El Correo Gallego<\/strong>, \u00abUna dosis literaria contra la devastaci\u00f3n\u00bb<\/a> <a href=\"https:\/\/alvarelloseditora.gal\/wp-content\/uploads\/prensa\/81_ElCorreoGallego180110.pdf\" target=\"_blank\" rel=\"noopener noreferrer\"><em>18\/01\/2010<\/em>, <strong>El Correo Gallego<\/strong>, \u00abLobato reivindica a paisaxe dende Lestedo\u00bb<\/a> <a href=\"https:\/\/alvarelloseditora.gal\/wp-content\/uploads\/prensa\/81_Nordesia100509.pdf\" target=\"_blank\" rel=\"noopener noreferrer\"><em>10\/05\/2009<\/em>, <strong>Diario de Ferrol<\/strong>, Nordes\u00eda<\/a> <a href=\"https:\/\/alvarelloseditora.gal\/wp-content\/uploads\/prensa\/81_LaVoz010509.pdf\" target=\"_blank\" rel=\"noopener noreferrer\"><em>01\/05\/2009<\/em>, <strong>La Voz de Galicia<\/strong>, \u00abA natureza non \u00e9 nosa, \u00e9 unha herdanza que temos que coidar e transmitir\u00bb<\/a> <a href=\"https:\/\/alvarelloseditora.gal\/wp-content\/uploads\/prensa\/81_GaliciaHoxe290409.pdf\" target=\"_blank\" rel=\"noopener noreferrer\"><em>29\/04\/2009<\/em>, <strong>Galicia Hoxe<\/strong>, \u00abIsto non \u00e9 irreversible\u00bb<\/a><\/p>\n","protected":false},"excerpt":{"rendered":"<p>Una llamada \u00faltima -que no definitiva- a salvar el paisaje gallego. Una cr\u00edtica profunda a los desastres. Un grito contra la destrucci\u00f3n de nuestro contorno. Y un clamor, tambi\u00e9n, con rayos de esperanza, para so\u00f1ar en un futuro de amor con la tierra. 36 cr\u00f3nicas de prosa po\u00e9tica y denuncia, acompa\u00f1adas -y calmadas, al mismo tiempo- por el trazo leve y on\u00edrico del ilustrador Alfonso Mart\u00ednez.<\/p>\n<p>Selecci\u00f3n de ilustraci\u00f3ns de Alfonso Mart\u00ednez para este libro<\/p>\n","protected":false},"featured_media":2418,"comment_status":"closed","ping_status":"closed","template":"","meta":[],"product_brand":[],"product_cat":[106],"product_tag":[],"class_list":{"0":"post-2760","1":"product","2":"type-product","3":"status-publish","4":"has-post-thumbnail","6":"product_author-xose-manuel-lobato-es","7":"product_cat-libros-do-sarela-es","9":"first","10":"instock","11":"purchasable","12":"product-type-simple"},"yoast_head":"<!-- This site is optimized with the Yoast SEO plugin v27.3 - https:\/\/yoast.com\/product\/yoast-seo-wordpress\/ -->\n<title>RETORNO A NATURA - Alvarellos Editora<\/title>\n<meta name=\"description\" content=\"RETORNO A NATURA. C\u00f3mprao na tenda en li\u00f1a de Alvarellos Editora.\" \/>\n<meta name=\"robots\" content=\"index, follow, max-snippet:-1, max-image-preview:large, max-video-preview:-1\" \/>\n<link rel=\"canonical\" href=\"https:\/\/alvarelloseditora.gal\/es\/libro\/retorno-a-natura\/\" \/>\n<meta property=\"og:locale\" content=\"es_ES\" \/>\n<meta property=\"og:type\" content=\"article\" \/>\n<meta property=\"og:title\" content=\"RETORNO A NATURA - Alvarellos Editora\" \/>\n<meta property=\"og:description\" content=\"RETORNO A NATURA. C\u00f3mprao na tenda en li\u00f1a de Alvarellos Editora.\" \/>\n<meta property=\"og:url\" content=\"https:\/\/alvarelloseditora.gal\/es\/libro\/retorno-a-natura\/\" \/>\n<meta property=\"og:site_name\" content=\"Alvarellos Editora\" \/>\n<meta property=\"article:publisher\" content=\"https:\/\/www.facebook.com\/alvarelloseditora\" \/>\n<meta property=\"article:modified_time\" content=\"2021-05-31T11:26:56+00:00\" \/>\n<meta property=\"og:image\" content=\"https:\/\/alvarelloseditora.gal\/wp-content\/uploads\/2019\/12\/81.jpg\" \/>\n\t<meta property=\"og:image:width\" content=\"444\" \/>\n\t<meta property=\"og:image:height\" content=\"660\" \/>\n\t<meta property=\"og:image:type\" content=\"image\/jpeg\" \/>\n<meta name=\"twitter:card\" content=\"summary_large_image\" \/>\n<meta name=\"twitter:site\" content=\"@alvarellos_ed\" \/>\n<!-- \/ Yoast SEO plugin. -->","yoast_head_json":{"title":"RETORNO A NATURA - Alvarellos Editora","description":"RETORNO A NATURA. C\u00f3mprao na tenda en li\u00f1a de Alvarellos Editora.","robots":{"index":"index","follow":"follow","max-snippet":"max-snippet:-1","max-image-preview":"max-image-preview:large","max-video-preview":"max-video-preview:-1"},"canonical":"https:\/\/alvarelloseditora.gal\/es\/libro\/retorno-a-natura\/","og_locale":"es_ES","og_type":"article","og_title":"RETORNO A NATURA - Alvarellos Editora","og_description":"RETORNO A NATURA. C\u00f3mprao na tenda en li\u00f1a de Alvarellos Editora.","og_url":"https:\/\/alvarelloseditora.gal\/es\/libro\/retorno-a-natura\/","og_site_name":"Alvarellos Editora","article_publisher":"https:\/\/www.facebook.com\/alvarelloseditora","article_modified_time":"2021-05-31T11:26:56+00:00","og_image":[{"width":444,"height":660,"url":"https:\/\/alvarelloseditora.gal\/wp-content\/uploads\/2019\/12\/81.jpg","type":"image\/jpeg"}],"twitter_card":"summary_large_image","twitter_site":"@alvarellos_ed","schema":{"@context":"https:\/\/schema.org","@graph":[{"@type":["WebPage","ItemPage"],"@id":"https:\/\/alvarelloseditora.gal\/es\/libro\/retorno-a-natura\/","url":"https:\/\/alvarelloseditora.gal\/es\/libro\/retorno-a-natura\/","name":"RETORNO A NATURA - Alvarellos Editora","isPartOf":{"@id":"https:\/\/alvarelloseditora.gal\/#website"},"primaryImageOfPage":{"@id":"https:\/\/alvarelloseditora.gal\/es\/libro\/retorno-a-natura\/#primaryimage"},"image":{"@id":"https:\/\/alvarelloseditora.gal\/es\/libro\/retorno-a-natura\/#primaryimage"},"thumbnailUrl":"https:\/\/alvarelloseditora.gal\/wp-content\/uploads\/2019\/12\/81.jpg","datePublished":"2019-12-27T14:01:50+00:00","dateModified":"2021-05-31T11:26:56+00:00","description":"RETORNO A NATURA. C\u00f3mprao na tenda en li\u00f1a de Alvarellos Editora.","breadcrumb":{"@id":"https:\/\/alvarelloseditora.gal\/es\/libro\/retorno-a-natura\/#breadcrumb"},"inLanguage":"es","potentialAction":[{"@type":"ReadAction","target":["https:\/\/alvarelloseditora.gal\/es\/libro\/retorno-a-natura\/"]}]},{"@type":"ImageObject","inLanguage":"es","@id":"https:\/\/alvarelloseditora.gal\/es\/libro\/retorno-a-natura\/#primaryimage","url":"https:\/\/alvarelloseditora.gal\/wp-content\/uploads\/2019\/12\/81.jpg","contentUrl":"https:\/\/alvarelloseditora.gal\/wp-content\/uploads\/2019\/12\/81.jpg","width":444,"height":660},{"@type":"BreadcrumbList","@id":"https:\/\/alvarelloseditora.gal\/es\/libro\/retorno-a-natura\/#breadcrumb","itemListElement":[{"@type":"ListItem","position":1,"name":"Portada","item":"https:\/\/alvarelloseditora.gal\/"},{"@type":"ListItem","position":2,"name":"Tienda","item":"https:\/\/alvarelloseditora.gal\/es\/tienda\/"},{"@type":"ListItem","position":3,"name":"RETORNO A NATURA"}]},{"@type":"WebSite","@id":"https:\/\/alvarelloseditora.gal\/#website","url":"https:\/\/alvarelloseditora.gal\/","name":"Alvarellos Editora","description":"Libros para un mundo en tr\u00e1nsito","publisher":{"@id":"https:\/\/alvarelloseditora.gal\/#organization"},"potentialAction":[{"@type":"SearchAction","target":{"@type":"EntryPoint","urlTemplate":"https:\/\/alvarelloseditora.gal\/?s={search_term_string}"},"query-input":{"@type":"PropertyValueSpecification","valueRequired":true,"valueName":"search_term_string"}}],"inLanguage":"es"},{"@type":"Organization","@id":"https:\/\/alvarelloseditora.gal\/#organization","name":"Alvarellos Editora","url":"https:\/\/alvarelloseditora.gal\/","logo":{"@type":"ImageObject","inLanguage":"es","@id":"https:\/\/alvarelloseditora.gal\/#\/schema\/logo\/image\/","url":"https:\/\/alvarelloseditora.gal\/wp-content\/uploads\/2020\/02\/alv-icon.png","contentUrl":"https:\/\/alvarelloseditora.gal\/wp-content\/uploads\/2020\/02\/alv-icon.png","width":177,"height":175,"caption":"Alvarellos Editora"},"image":{"@id":"https:\/\/alvarelloseditora.gal\/#\/schema\/logo\/image\/"},"sameAs":["https:\/\/www.facebook.com\/alvarelloseditora","https:\/\/x.com\/alvarellos_ed"]}]}},"_links":{"self":[{"href":"https:\/\/alvarelloseditora.gal\/es\/wp-json\/wp\/v2\/product\/2760","targetHints":{"allow":["GET"]}}],"collection":[{"href":"https:\/\/alvarelloseditora.gal\/es\/wp-json\/wp\/v2\/product"}],"about":[{"href":"https:\/\/alvarelloseditora.gal\/es\/wp-json\/wp\/v2\/types\/product"}],"replies":[{"embeddable":true,"href":"https:\/\/alvarelloseditora.gal\/es\/wp-json\/wp\/v2\/comments?post=2760"}],"wp:featuredmedia":[{"embeddable":true,"href":"https:\/\/alvarelloseditora.gal\/es\/wp-json\/wp\/v2\/media\/2418"}],"wp:attachment":[{"href":"https:\/\/alvarelloseditora.gal\/es\/wp-json\/wp\/v2\/media?parent=2760"}],"wp:term":[{"taxonomy":"product_brand","embeddable":true,"href":"https:\/\/alvarelloseditora.gal\/es\/wp-json\/wp\/v2\/product_brand?post=2760"},{"taxonomy":"product_cat","embeddable":true,"href":"https:\/\/alvarelloseditora.gal\/es\/wp-json\/wp\/v2\/product_cat?post=2760"},{"taxonomy":"product_tag","embeddable":true,"href":"https:\/\/alvarelloseditora.gal\/es\/wp-json\/wp\/v2\/product_tag?post=2760"}],"curies":[{"name":"wp","href":"https:\/\/api.w.org\/{rel}","templated":true}]}}