{"id":2758,"date":"2019-12-27T13:39:34","date_gmt":"2019-12-27T14:01:50","guid":{"rendered":"https:\/\/nueva.alvarellos.info\/product\/musica-en-el-seminario-de-santiago-la\/"},"modified":"2021-07-12T11:54:34","modified_gmt":"2021-07-12T09:54:34","slug":"musica-en-el-seminario-de-santiago-la","status":"publish","type":"product","link":"https:\/\/alvarelloseditora.gal\/es\/libro\/musica-en-el-seminario-de-santiago-la\/","title":{"rendered":"La m\u00fasica en el Seminario de Santiago"},"content":{"rendered":"","protected":false},"excerpt":{"rendered":"<p>P\u00e1xinas: 143<br \/>\nMedidas: 20&#215;19 cm<br \/>\nIdioma: Castel\u00e1n<br \/>\nData publicaci\u00f3n: Febreiro 2009<br \/>\nISBN: 978-84-89323-27-8<br \/>\nColecci\u00f3n: En Clave de Fa<br \/>\nEncadernaci\u00f3n: Cosida. Capa branda plastificada con lapelas<br \/>\nIlustraci\u00f3ns: Reproduci\u00f3n fotogr\u00e1fica de varias das partituras do arquivo diocesano.<\/p>\n<p>&nbsp;<\/p>\n<p>&nbsp;<\/p>\n<p>Este volumen, co-editado por el Consorcio de Santiago y Alvarellos Editora, presenta, por vez primera, los fondos musicales de la antigua biblioteca del Seminario Diocesano de Santiago, hoy denominada Biblioteca de Estudios Teol\u00f3gicos de Galicia. Un completo inventario de todas las partituras conservadas (que abarca desde mediados del siglo XIX incluso los a\u00f1os sesenta de la siguiente centuria) que se complementa con un interesante cap\u00edtulo donde el autor se detiene en las distintas etapas vividas por el Seminario compostelano desde su creaci\u00f3n, en octubre de 1829, y un apartado dedicado a profesorado, legislaci\u00f3n, veladas musicales y organizaci\u00f3n de los actos. Nombres como Xo\u00e1n Montes, Pascual Veiga, Xos\u00e9 Castro Chan\u00e9, Xos\u00e9 Pacheco o Xos\u00e9 y Ricardo Courtier aparecen al lado de otras figuras con apellidos tan ilustres como los Tom\u00e1s L. de Vitoria, Francisco Guerrero, Almandoz, De Benito, Sagastiz\u00e1bal, Perosi, Eslava, Ravanelo o Urteaga. La obra incluye la reproducci\u00f3n de algunas de las partituras m\u00e1s significativas, desde algunas de las m\u00e1s antiguas de las conservadas, como es el caso de la manuscrita Misa en Fa de C\u00e1ndido Aguayo, de 1856. Con este riguroso y documentado trabajo, Fern\u00e1ndez Places, m\u00fasico y profesor de Viol\u00edn, los permiten ahondar en el conocimiento de la historia moderna capitalina de Galicia. Por otra parte, da un paso m\u00e1s de cara a la elaboraci\u00f3n de esa historia pendiente de la m\u00fasica gallega.<\/p>\n","protected":false},"featured_media":9643,"comment_status":"closed","ping_status":"closed","template":"","meta":[],"product_brand":[],"product_cat":[109],"product_tag":[],"class_list":{"0":"post-2758","1":"product","2":"type-product","3":"status-publish","4":"has-post-thumbnail","6":"product_author-francisco-xavier-fernandez-places-es","7":"product_cat-varia-es","9":"first","10":"instock","11":"taxable","12":"shipping-taxable","13":"purchasable","14":"product-type-simple"},"yoast_head":"<!-- This site is optimized with the Yoast SEO plugin v27.3 - https:\/\/yoast.com\/product\/yoast-seo-wordpress\/ -->\n<title>La m\u00fasica en el Seminario de Santiago - Alvarellos Editora<\/title>\n<meta name=\"description\" content=\"La m\u00fasica en el Seminario de Santiago. C\u00f3mprao na tenda en li\u00f1a de Alvarellos Editora.\" \/>\n<meta name=\"robots\" content=\"index, follow, max-snippet:-1, max-image-preview:large, max-video-preview:-1\" \/>\n<link rel=\"canonical\" href=\"https:\/\/alvarelloseditora.gal\/es\/libro\/musica-en-el-seminario-de-santiago-la\/\" \/>\n<meta property=\"og:locale\" content=\"es_ES\" \/>\n<meta property=\"og:type\" content=\"article\" \/>\n<meta property=\"og:title\" content=\"La m\u00fasica en el Seminario de Santiago - Alvarellos Editora\" \/>\n<meta property=\"og:description\" content=\"La m\u00fasica en el Seminario de Santiago. C\u00f3mprao na tenda en li\u00f1a de Alvarellos Editora.\" \/>\n<meta property=\"og:url\" content=\"https:\/\/alvarelloseditora.gal\/es\/libro\/musica-en-el-seminario-de-santiago-la\/\" \/>\n<meta property=\"og:site_name\" content=\"Alvarellos Editora\" \/>\n<meta property=\"article:publisher\" content=\"https:\/\/www.facebook.com\/alvarelloseditora\" \/>\n<meta property=\"article:modified_time\" content=\"2021-07-12T09:54:34+00:00\" \/>\n<meta property=\"og:image\" content=\"https:\/\/alvarelloseditora.gal\/wp-content\/uploads\/2019\/12\/La-musica-en-el-seminario-de-santiago_0001-1.jpg\" \/>\n\t<meta property=\"og:image:width\" content=\"1592\" \/>\n\t<meta property=\"og:image:height\" content=\"1512\" \/>\n\t<meta property=\"og:image:type\" content=\"image\/jpeg\" \/>\n<meta name=\"twitter:card\" content=\"summary_large_image\" \/>\n<meta name=\"twitter:site\" content=\"@alvarellos_ed\" \/>\n<!-- \/ Yoast SEO plugin. -->","yoast_head_json":{"title":"La m\u00fasica en el Seminario de Santiago - Alvarellos Editora","description":"La m\u00fasica en el Seminario de Santiago. C\u00f3mprao na tenda en li\u00f1a de Alvarellos Editora.","robots":{"index":"index","follow":"follow","max-snippet":"max-snippet:-1","max-image-preview":"max-image-preview:large","max-video-preview":"max-video-preview:-1"},"canonical":"https:\/\/alvarelloseditora.gal\/es\/libro\/musica-en-el-seminario-de-santiago-la\/","og_locale":"es_ES","og_type":"article","og_title":"La m\u00fasica en el Seminario de Santiago - Alvarellos Editora","og_description":"La m\u00fasica en el Seminario de Santiago. C\u00f3mprao na tenda en li\u00f1a de Alvarellos Editora.","og_url":"https:\/\/alvarelloseditora.gal\/es\/libro\/musica-en-el-seminario-de-santiago-la\/","og_site_name":"Alvarellos Editora","article_publisher":"https:\/\/www.facebook.com\/alvarelloseditora","article_modified_time":"2021-07-12T09:54:34+00:00","og_image":[{"width":1592,"height":1512,"url":"https:\/\/alvarelloseditora.gal\/wp-content\/uploads\/2019\/12\/La-musica-en-el-seminario-de-santiago_0001-1.jpg","type":"image\/jpeg"}],"twitter_card":"summary_large_image","twitter_site":"@alvarellos_ed","schema":{"@context":"https:\/\/schema.org","@graph":[{"@type":["WebPage","ItemPage"],"@id":"https:\/\/alvarelloseditora.gal\/es\/libro\/musica-en-el-seminario-de-santiago-la\/","url":"https:\/\/alvarelloseditora.gal\/es\/libro\/musica-en-el-seminario-de-santiago-la\/","name":"La m\u00fasica en el Seminario de Santiago - Alvarellos Editora","isPartOf":{"@id":"https:\/\/alvarelloseditora.gal\/#website"},"primaryImageOfPage":{"@id":"https:\/\/alvarelloseditora.gal\/es\/libro\/musica-en-el-seminario-de-santiago-la\/#primaryimage"},"image":{"@id":"https:\/\/alvarelloseditora.gal\/es\/libro\/musica-en-el-seminario-de-santiago-la\/#primaryimage"},"thumbnailUrl":"https:\/\/alvarelloseditora.gal\/wp-content\/uploads\/2019\/12\/La-musica-en-el-seminario-de-santiago_0001-1.jpg","datePublished":"2019-12-27T14:01:50+00:00","dateModified":"2021-07-12T09:54:34+00:00","description":"La m\u00fasica en el Seminario de Santiago. C\u00f3mprao na tenda en li\u00f1a de Alvarellos Editora.","breadcrumb":{"@id":"https:\/\/alvarelloseditora.gal\/es\/libro\/musica-en-el-seminario-de-santiago-la\/#breadcrumb"},"inLanguage":"es","potentialAction":[{"@type":"ReadAction","target":["https:\/\/alvarelloseditora.gal\/es\/libro\/musica-en-el-seminario-de-santiago-la\/"]}]},{"@type":"ImageObject","inLanguage":"es","@id":"https:\/\/alvarelloseditora.gal\/es\/libro\/musica-en-el-seminario-de-santiago-la\/#primaryimage","url":"https:\/\/alvarelloseditora.gal\/wp-content\/uploads\/2019\/12\/La-musica-en-el-seminario-de-santiago_0001-1.jpg","contentUrl":"https:\/\/alvarelloseditora.gal\/wp-content\/uploads\/2019\/12\/La-musica-en-el-seminario-de-santiago_0001-1.jpg","width":1592,"height":1512},{"@type":"BreadcrumbList","@id":"https:\/\/alvarelloseditora.gal\/es\/libro\/musica-en-el-seminario-de-santiago-la\/#breadcrumb","itemListElement":[{"@type":"ListItem","position":1,"name":"Portada","item":"https:\/\/alvarelloseditora.gal\/"},{"@type":"ListItem","position":2,"name":"Tienda","item":"https:\/\/alvarelloseditora.gal\/es\/tienda\/"},{"@type":"ListItem","position":3,"name":"La m\u00fasica en el Seminario de Santiago"}]},{"@type":"WebSite","@id":"https:\/\/alvarelloseditora.gal\/#website","url":"https:\/\/alvarelloseditora.gal\/","name":"Alvarellos Editora","description":"Libros para un mundo en tr\u00e1nsito","publisher":{"@id":"https:\/\/alvarelloseditora.gal\/#organization"},"potentialAction":[{"@type":"SearchAction","target":{"@type":"EntryPoint","urlTemplate":"https:\/\/alvarelloseditora.gal\/?s={search_term_string}"},"query-input":{"@type":"PropertyValueSpecification","valueRequired":true,"valueName":"search_term_string"}}],"inLanguage":"es"},{"@type":"Organization","@id":"https:\/\/alvarelloseditora.gal\/#organization","name":"Alvarellos Editora","url":"https:\/\/alvarelloseditora.gal\/","logo":{"@type":"ImageObject","inLanguage":"es","@id":"https:\/\/alvarelloseditora.gal\/#\/schema\/logo\/image\/","url":"https:\/\/alvarelloseditora.gal\/wp-content\/uploads\/2020\/02\/alv-icon.png","contentUrl":"https:\/\/alvarelloseditora.gal\/wp-content\/uploads\/2020\/02\/alv-icon.png","width":177,"height":175,"caption":"Alvarellos Editora"},"image":{"@id":"https:\/\/alvarelloseditora.gal\/#\/schema\/logo\/image\/"},"sameAs":["https:\/\/www.facebook.com\/alvarelloseditora","https:\/\/x.com\/alvarellos_ed"]}]}},"_links":{"self":[{"href":"https:\/\/alvarelloseditora.gal\/es\/wp-json\/wp\/v2\/product\/2758","targetHints":{"allow":["GET"]}}],"collection":[{"href":"https:\/\/alvarelloseditora.gal\/es\/wp-json\/wp\/v2\/product"}],"about":[{"href":"https:\/\/alvarelloseditora.gal\/es\/wp-json\/wp\/v2\/types\/product"}],"replies":[{"embeddable":true,"href":"https:\/\/alvarelloseditora.gal\/es\/wp-json\/wp\/v2\/comments?post=2758"}],"wp:featuredmedia":[{"embeddable":true,"href":"https:\/\/alvarelloseditora.gal\/es\/wp-json\/wp\/v2\/media\/9643"}],"wp:attachment":[{"href":"https:\/\/alvarelloseditora.gal\/es\/wp-json\/wp\/v2\/media?parent=2758"}],"wp:term":[{"taxonomy":"product_brand","embeddable":true,"href":"https:\/\/alvarelloseditora.gal\/es\/wp-json\/wp\/v2\/product_brand?post=2758"},{"taxonomy":"product_cat","embeddable":true,"href":"https:\/\/alvarelloseditora.gal\/es\/wp-json\/wp\/v2\/product_cat?post=2758"},{"taxonomy":"product_tag","embeddable":true,"href":"https:\/\/alvarelloseditora.gal\/es\/wp-json\/wp\/v2\/product_tag?post=2758"}],"curies":[{"name":"wp","href":"https:\/\/api.w.org\/{rel}","templated":true}]}}