{"id":2757,"date":"2019-12-27T14:01:50","date_gmt":"2019-12-27T14:01:50","guid":{"rendered":"https:\/\/nueva.alvarellos.info\/product\/vida-musical-en-santiago-la\/"},"modified":"2025-03-26T11:46:08","modified_gmt":"2025-03-26T10:46:08","slug":"vida-musical-en-santiago-la","status":"publish","type":"product","link":"https:\/\/alvarelloseditora.gal\/es\/libro\/vida-musical-en-santiago-la\/","title":{"rendered":"VIDA MUSICAL EN SANTIAGO, LA"},"content":{"rendered":"<h4><b>Comentario prensa<\/b><\/h4>\n<p><em>25\/04\/2009<\/em>, La Voz de Galicia, \u00abLos vecinos protestaban por el ruido de los del rural en fiestas\u00bb<\/p>\n<p><a href=\"https:\/\/alvarelloseditora.gal\/wp-content\/uploads\/prensa\/78_CorreoGalego250409.pdf\" target=\"_blank\" rel=\"noopener noreferrer\"><em>25\/04\/2009<\/em>, El Correo Gallego, \u00abLa vida musical en Santiago en el siglo XIX\u00bb<\/a><\/p>\n<p><a href=\"https:\/\/alvarelloseditora.gal\/wp-content\/uploads\/prensa\/78_LaVoz280109.pdf\" target=\"_blank\" rel=\"noopener noreferrer\"><em>28\/01\/2009<\/em>, La Voz de Galicia, \u00abSantiago tuvo intensa vida musical en el siglo XIX\u00bb<\/a> <a href=\"https:\/\/alvarelloseditora.gal\/wp-content\/uploads\/prensa\/78_CorreoGalego270109.pdf\" target=\"_blank\" rel=\"noopener noreferrer\"><em>27\/01\/2009<\/em>, El Correo Gallego, \u00abLa m\u00fasica en el siglo XIX\u00bb<\/a><\/p>\n","protected":false},"excerpt":{"rendered":"<p>A FINALES DEL SIGLO XIX<br \/>\nLa music\u00f3loga Mar\u00eda Garc\u00eda Caballero lleva a cabo un extenso y documentado estudio de m\u00e1s de 400 p\u00e1ginas sobre una \u00e9poca muy poco tratada por la bibliograf\u00eda existente.<\/p>\n<p>&nbsp;<\/p>\n<p>Idioma: Castellano<br \/>\nFecha 1\u00aa edici\u00f3n: Enero de 2009<br \/>\nISBN: 978-84-89323-26-1<br \/>\nP\u00e1ginas: 407<br \/>\nMedidas: 17&#215;24 cms<br \/>\nEncuadernaci\u00f3n: cosida, con tapa blanda plastificada y solapas<\/p>\n<p>&nbsp;<\/p>\n<p>Tunas y concertinas, orfeones y rondallas, funciones teatrales, compa\u00f1\u00edas l\u00edricas, \u00f3pera, zarzuela, sociedades recreativas, verbenas, romer\u00edas, bailes, caf\u00e9s-conciertos, una Banda Municipal en auge\u2026 La vida musical en Santiago a finales del siglo XIX nos transporta a una Compostela en la que la m\u00fasica empieza a trascender sus espacios habituales religiosos \u2013con epicentro en la catedral y su Capilla de M\u00fasica\u2013 y se abre a nuevas manifestaciones m\u00e1s laicas y urbanas ligadas a una ideolog\u00eda en auge, el Rexionalismo. Es la \u00e9poca de la creaci\u00f3n de la Escuela de M\u00fasica de la Sociedad Econ\u00f3mica de Amigos del Pa\u00eds, antecedente del actual Conservatorio Hist\u00f3rico de Santiago. La autora, doctora en Musicolog\u00eda, nos sumerge en un universo apenas tratado por la bibliograf\u00eda especializada. Centenares de datos, an\u00e9cdotas, cifras y nombres propios constituyen un vasto estudio que nos traslada a las costumbres y formas de vida de un tiempo convulso e hist\u00f3rico, el Santiago de la Restauraci\u00f3n.<\/p>\n","protected":false},"featured_media":9646,"comment_status":"closed","ping_status":"closed","template":"","meta":[],"product_brand":[],"product_cat":[109],"product_tag":[],"class_list":{"0":"post-2757","1":"product","2":"type-product","3":"status-publish","4":"has-post-thumbnail","6":"product_author-maria-garcia-caballero-es","7":"product_cat-varia-es","9":"first","10":"instock","11":"purchasable","12":"product-type-simple"},"yoast_head":"<!-- This site is optimized with the Yoast SEO plugin v27.3 - https:\/\/yoast.com\/product\/yoast-seo-wordpress\/ -->\n<title>VIDA MUSICAL EN SANTIAGO, LA - Alvarellos Editora<\/title>\n<meta name=\"description\" content=\"VIDA MUSICAL EN SANTIAGO, LA. C\u00f3mprao na tenda en li\u00f1a de Alvarellos Editora.\" \/>\n<meta name=\"robots\" content=\"index, follow, max-snippet:-1, max-image-preview:large, max-video-preview:-1\" \/>\n<link rel=\"canonical\" href=\"https:\/\/alvarelloseditora.gal\/es\/libro\/vida-musical-en-santiago-la\/\" \/>\n<meta property=\"og:locale\" content=\"es_ES\" \/>\n<meta property=\"og:type\" content=\"article\" \/>\n<meta property=\"og:title\" content=\"VIDA MUSICAL EN SANTIAGO, LA - Alvarellos Editora\" \/>\n<meta property=\"og:description\" content=\"VIDA MUSICAL EN SANTIAGO, LA. C\u00f3mprao na tenda en li\u00f1a de Alvarellos Editora.\" \/>\n<meta property=\"og:url\" content=\"https:\/\/alvarelloseditora.gal\/es\/libro\/vida-musical-en-santiago-la\/\" \/>\n<meta property=\"og:site_name\" content=\"Alvarellos Editora\" \/>\n<meta property=\"article:publisher\" content=\"https:\/\/www.facebook.com\/alvarelloseditora\" \/>\n<meta property=\"article:modified_time\" content=\"2025-03-26T10:46:08+00:00\" \/>\n<meta property=\"og:image\" content=\"https:\/\/alvarelloseditora.gal\/wp-content\/uploads\/2019\/12\/La-vida-musical-en-Santiago._0001-1.jpg\" \/>\n\t<meta property=\"og:image:width\" content=\"1341\" \/>\n\t<meta property=\"og:image:height\" content=\"1874\" \/>\n\t<meta property=\"og:image:type\" content=\"image\/jpeg\" \/>\n<meta name=\"twitter:card\" content=\"summary_large_image\" \/>\n<meta name=\"twitter:site\" content=\"@alvarellos_ed\" \/>\n<meta name=\"twitter:label1\" content=\"Tiempo de lectura\" \/>\n\t<meta name=\"twitter:data1\" content=\"1 minuto\" \/>\n<!-- \/ Yoast SEO plugin. -->","yoast_head_json":{"title":"VIDA MUSICAL EN SANTIAGO, LA - Alvarellos Editora","description":"VIDA MUSICAL EN SANTIAGO, LA. C\u00f3mprao na tenda en li\u00f1a de Alvarellos Editora.","robots":{"index":"index","follow":"follow","max-snippet":"max-snippet:-1","max-image-preview":"max-image-preview:large","max-video-preview":"max-video-preview:-1"},"canonical":"https:\/\/alvarelloseditora.gal\/es\/libro\/vida-musical-en-santiago-la\/","og_locale":"es_ES","og_type":"article","og_title":"VIDA MUSICAL EN SANTIAGO, LA - Alvarellos Editora","og_description":"VIDA MUSICAL EN SANTIAGO, LA. C\u00f3mprao na tenda en li\u00f1a de Alvarellos Editora.","og_url":"https:\/\/alvarelloseditora.gal\/es\/libro\/vida-musical-en-santiago-la\/","og_site_name":"Alvarellos Editora","article_publisher":"https:\/\/www.facebook.com\/alvarelloseditora","article_modified_time":"2025-03-26T10:46:08+00:00","og_image":[{"width":1341,"height":1874,"url":"https:\/\/alvarelloseditora.gal\/wp-content\/uploads\/2019\/12\/La-vida-musical-en-Santiago._0001-1.jpg","type":"image\/jpeg"}],"twitter_card":"summary_large_image","twitter_site":"@alvarellos_ed","twitter_misc":{"Tiempo de lectura":"1 minuto"},"schema":{"@context":"https:\/\/schema.org","@graph":[{"@type":["WebPage","ItemPage"],"@id":"https:\/\/alvarelloseditora.gal\/es\/libro\/vida-musical-en-santiago-la\/","url":"https:\/\/alvarelloseditora.gal\/es\/libro\/vida-musical-en-santiago-la\/","name":"VIDA MUSICAL EN SANTIAGO, LA - Alvarellos Editora","isPartOf":{"@id":"https:\/\/alvarelloseditora.gal\/#website"},"primaryImageOfPage":{"@id":"https:\/\/alvarelloseditora.gal\/es\/libro\/vida-musical-en-santiago-la\/#primaryimage"},"image":{"@id":"https:\/\/alvarelloseditora.gal\/es\/libro\/vida-musical-en-santiago-la\/#primaryimage"},"thumbnailUrl":"https:\/\/alvarelloseditora.gal\/wp-content\/uploads\/2019\/12\/La-vida-musical-en-Santiago._0001-1.jpg","datePublished":"2019-12-27T14:01:50+00:00","dateModified":"2025-03-26T10:46:08+00:00","description":"VIDA MUSICAL EN SANTIAGO, LA. C\u00f3mprao na tenda en li\u00f1a de Alvarellos Editora.","breadcrumb":{"@id":"https:\/\/alvarelloseditora.gal\/es\/libro\/vida-musical-en-santiago-la\/#breadcrumb"},"inLanguage":"es","potentialAction":[{"@type":"ReadAction","target":["https:\/\/alvarelloseditora.gal\/es\/libro\/vida-musical-en-santiago-la\/"]}]},{"@type":"ImageObject","inLanguage":"es","@id":"https:\/\/alvarelloseditora.gal\/es\/libro\/vida-musical-en-santiago-la\/#primaryimage","url":"https:\/\/alvarelloseditora.gal\/wp-content\/uploads\/2019\/12\/La-vida-musical-en-Santiago._0001-1.jpg","contentUrl":"https:\/\/alvarelloseditora.gal\/wp-content\/uploads\/2019\/12\/La-vida-musical-en-Santiago._0001-1.jpg","width":1341,"height":1874},{"@type":"BreadcrumbList","@id":"https:\/\/alvarelloseditora.gal\/es\/libro\/vida-musical-en-santiago-la\/#breadcrumb","itemListElement":[{"@type":"ListItem","position":1,"name":"Portada","item":"https:\/\/alvarelloseditora.gal\/"},{"@type":"ListItem","position":2,"name":"Tienda","item":"https:\/\/alvarelloseditora.gal\/es\/tienda\/"},{"@type":"ListItem","position":3,"name":"VIDA MUSICAL EN SANTIAGO, LA"}]},{"@type":"WebSite","@id":"https:\/\/alvarelloseditora.gal\/#website","url":"https:\/\/alvarelloseditora.gal\/","name":"Alvarellos Editora","description":"Libros para un mundo en tr\u00e1nsito","publisher":{"@id":"https:\/\/alvarelloseditora.gal\/#organization"},"potentialAction":[{"@type":"SearchAction","target":{"@type":"EntryPoint","urlTemplate":"https:\/\/alvarelloseditora.gal\/?s={search_term_string}"},"query-input":{"@type":"PropertyValueSpecification","valueRequired":true,"valueName":"search_term_string"}}],"inLanguage":"es"},{"@type":"Organization","@id":"https:\/\/alvarelloseditora.gal\/#organization","name":"Alvarellos Editora","url":"https:\/\/alvarelloseditora.gal\/","logo":{"@type":"ImageObject","inLanguage":"es","@id":"https:\/\/alvarelloseditora.gal\/#\/schema\/logo\/image\/","url":"https:\/\/alvarelloseditora.gal\/wp-content\/uploads\/2020\/02\/alv-icon.png","contentUrl":"https:\/\/alvarelloseditora.gal\/wp-content\/uploads\/2020\/02\/alv-icon.png","width":177,"height":175,"caption":"Alvarellos Editora"},"image":{"@id":"https:\/\/alvarelloseditora.gal\/#\/schema\/logo\/image\/"},"sameAs":["https:\/\/www.facebook.com\/alvarelloseditora","https:\/\/x.com\/alvarellos_ed"]}]}},"_links":{"self":[{"href":"https:\/\/alvarelloseditora.gal\/es\/wp-json\/wp\/v2\/product\/2757","targetHints":{"allow":["GET"]}}],"collection":[{"href":"https:\/\/alvarelloseditora.gal\/es\/wp-json\/wp\/v2\/product"}],"about":[{"href":"https:\/\/alvarelloseditora.gal\/es\/wp-json\/wp\/v2\/types\/product"}],"replies":[{"embeddable":true,"href":"https:\/\/alvarelloseditora.gal\/es\/wp-json\/wp\/v2\/comments?post=2757"}],"wp:featuredmedia":[{"embeddable":true,"href":"https:\/\/alvarelloseditora.gal\/es\/wp-json\/wp\/v2\/media\/9646"}],"wp:attachment":[{"href":"https:\/\/alvarelloseditora.gal\/es\/wp-json\/wp\/v2\/media?parent=2757"}],"wp:term":[{"taxonomy":"product_brand","embeddable":true,"href":"https:\/\/alvarelloseditora.gal\/es\/wp-json\/wp\/v2\/product_brand?post=2757"},{"taxonomy":"product_cat","embeddable":true,"href":"https:\/\/alvarelloseditora.gal\/es\/wp-json\/wp\/v2\/product_cat?post=2757"},{"taxonomy":"product_tag","embeddable":true,"href":"https:\/\/alvarelloseditora.gal\/es\/wp-json\/wp\/v2\/product_tag?post=2757"}],"curies":[{"name":"wp","href":"https:\/\/api.w.org\/{rel}","templated":true}]}}