{"id":2753,"date":"2019-12-27T14:01:50","date_gmt":"2019-12-27T14:01:50","guid":{"rendered":"https:\/\/nueva.alvarellos.info\/product\/marquesa-de-camba-la\/"},"modified":"2024-06-24T19:30:26","modified_gmt":"2024-06-24T17:30:26","slug":"marquesa-de-camba-la","status":"publish","type":"product","link":"https:\/\/alvarelloseditora.gal\/es\/libro\/marquesa-de-camba-la\/","title":{"rendered":"La marquesa de Camba"},"content":{"rendered":"<p><a href=\"#\"><strong>\u00bb ver imagen de la edici\u00f3n de 1848<\/strong><\/a><\/p>\n<p><a href=\"https:\/\/alvarelloseditora.gal\/wp-content\/uploads\/eventos\/20081022_74_PalabrasFandino.pdf\" target=\"_blank\" rel=\"noopener noreferrer\"><strong>\u00bb intervenci\u00f3n de Xos\u00e9 Ram\u00f3n Fandi\u00f1o en la presentaci\u00f3n del libro en Santiago de Compostela\u00a0<\/strong>(Centro Sociocultural do Ensanche, 22\/10\/2008)<\/a><\/p>\n","protected":false},"excerpt":{"rendered":"<p>Recuperada la novela hist\u00f3rica de 1848<\/p>\n<p>&nbsp;<br \/>\nAntonio Neira de Mosquera<br \/>\n&nbsp;<\/p>\n<p>N\u00ba p\u00e1ginas: 297<br \/>\nMedidas: 14 x 21 cms<br \/>\nIdioma: castellano (introducci\u00f3n en gallego)<br \/>\nSalida de esta edici\u00f3n: septiembre 2008<br \/>\nISBN: 978-84\u201389323\u201319\u20133<br \/>\nEncuadernaci\u00f3n: carton\u00e9.<br \/>\nEdici\u00f3n al cuidado de Xos\u00e9 Ram\u00f3n Fandi\u00f1o<\/p>\n<p>&nbsp;<\/p>\n<p>Esta novela parte de un hecho hist\u00f3rico: el asesinato, en junio de 1366, a las puertas de la Catedral de Santiago, del arzobispo don Suero G\u00f3mez de Toledo y su de\u00e1n Pedro \u00c1lvarez. Un suceso que conmocion\u00f3 a la sociedad de la \u00e9poca.<\/p>\n<p>El periodista compostelano Antonio Neira de Mosquera public\u00f3 la obra en Madrid en 1848. Los ejemplares de esa primera edici\u00f3n fueron enseguida retirados por la censura, con lo que el libro pas\u00f3 a ser un objeto de culto, inexistente hasta hoy en la mayor parte de las bibliotecas y archivos. La publicaci\u00f3n que ahora presentamos, al cuidado de Xos\u00e9 Ram\u00f3n Fandi\u00f1o, es la primera desde aquella de 1848 (si exceptuamos la traducci\u00f3n al portugu\u00e9s aparecida en Porto en 1852).<\/p>\n<p>La novela posee el atractivo de las mejores tramas de acci\u00f3n. Un asesinato que va brotando desde las primeras p\u00e1ginas entre traiciones, pasiones amorosas, venganzas&#8230; y la clave de este tr\u00e1gico acontecimiento: las luchas por el poder entre dos hermanastros, Pedro I y Henrique de Trast\u00e1mara.<\/p>\n","protected":false},"featured_media":8964,"comment_status":"closed","ping_status":"closed","template":"","meta":[],"product_brand":[],"product_cat":[111],"product_tag":[1045],"class_list":{"0":"post-2753","1":"product","2":"type-product","3":"status-publish","4":"has-post-thumbnail","6":"product_author-antonio-neira-de-mosquera-es","7":"product_cat-coleccion-rescate-es","8":"product_tag-santiago-de-compostela-y-el-camino","10":"first","11":"instock","12":"purchasable","13":"product-type-simple"},"yoast_head":"<!-- This site is optimized with the Yoast SEO plugin v27.3 - https:\/\/yoast.com\/product\/yoast-seo-wordpress\/ -->\n<title>La marquesa de Camba - Alvarellos Editora<\/title>\n<meta name=\"description\" content=\"La marquesa de Camba. C\u00f3mprao na tenda en li\u00f1a de Alvarellos Editora.\" \/>\n<meta name=\"robots\" content=\"index, follow, max-snippet:-1, max-image-preview:large, max-video-preview:-1\" \/>\n<link rel=\"canonical\" href=\"https:\/\/alvarelloseditora.gal\/es\/libro\/marquesa-de-camba-la\/\" \/>\n<meta property=\"og:locale\" content=\"es_ES\" \/>\n<meta property=\"og:type\" content=\"article\" \/>\n<meta property=\"og:title\" content=\"La marquesa de Camba - Alvarellos Editora\" \/>\n<meta property=\"og:description\" content=\"La marquesa de Camba. C\u00f3mprao na tenda en li\u00f1a de Alvarellos Editora.\" \/>\n<meta property=\"og:url\" content=\"https:\/\/alvarelloseditora.gal\/es\/libro\/marquesa-de-camba-la\/\" \/>\n<meta property=\"og:site_name\" content=\"Alvarellos Editora\" \/>\n<meta property=\"article:publisher\" content=\"https:\/\/www.facebook.com\/alvarelloseditora\" \/>\n<meta property=\"article:modified_time\" content=\"2024-06-24T17:30:26+00:00\" \/>\n<meta property=\"og:image\" content=\"https:\/\/alvarelloseditora.gal\/wp-content\/uploads\/2019\/12\/La-marquesa-de-camba-1.jpg\" \/>\n\t<meta property=\"og:image:width\" content=\"897\" \/>\n\t<meta property=\"og:image:height\" content=\"1346\" \/>\n\t<meta property=\"og:image:type\" content=\"image\/jpeg\" \/>\n<meta name=\"twitter:card\" content=\"summary_large_image\" \/>\n<meta name=\"twitter:site\" content=\"@alvarellos_ed\" \/>\n<meta name=\"twitter:label1\" content=\"Tiempo de lectura\" \/>\n\t<meta name=\"twitter:data1\" content=\"1 minuto\" \/>\n<!-- \/ Yoast SEO plugin. -->","yoast_head_json":{"title":"La marquesa de Camba - Alvarellos Editora","description":"La marquesa de Camba. C\u00f3mprao na tenda en li\u00f1a de Alvarellos Editora.","robots":{"index":"index","follow":"follow","max-snippet":"max-snippet:-1","max-image-preview":"max-image-preview:large","max-video-preview":"max-video-preview:-1"},"canonical":"https:\/\/alvarelloseditora.gal\/es\/libro\/marquesa-de-camba-la\/","og_locale":"es_ES","og_type":"article","og_title":"La marquesa de Camba - Alvarellos Editora","og_description":"La marquesa de Camba. C\u00f3mprao na tenda en li\u00f1a de Alvarellos Editora.","og_url":"https:\/\/alvarelloseditora.gal\/es\/libro\/marquesa-de-camba-la\/","og_site_name":"Alvarellos Editora","article_publisher":"https:\/\/www.facebook.com\/alvarelloseditora","article_modified_time":"2024-06-24T17:30:26+00:00","og_image":[{"width":897,"height":1346,"url":"https:\/\/alvarelloseditora.gal\/wp-content\/uploads\/2019\/12\/La-marquesa-de-camba-1.jpg","type":"image\/jpeg"}],"twitter_card":"summary_large_image","twitter_site":"@alvarellos_ed","twitter_misc":{"Tiempo de lectura":"1 minuto"},"schema":{"@context":"https:\/\/schema.org","@graph":[{"@type":["WebPage","ItemPage"],"@id":"https:\/\/alvarelloseditora.gal\/es\/libro\/marquesa-de-camba-la\/","url":"https:\/\/alvarelloseditora.gal\/es\/libro\/marquesa-de-camba-la\/","name":"La marquesa de Camba - Alvarellos Editora","isPartOf":{"@id":"https:\/\/alvarelloseditora.gal\/#website"},"primaryImageOfPage":{"@id":"https:\/\/alvarelloseditora.gal\/es\/libro\/marquesa-de-camba-la\/#primaryimage"},"image":{"@id":"https:\/\/alvarelloseditora.gal\/es\/libro\/marquesa-de-camba-la\/#primaryimage"},"thumbnailUrl":"https:\/\/alvarelloseditora.gal\/wp-content\/uploads\/2019\/12\/La-marquesa-de-camba-1.jpg","datePublished":"2019-12-27T14:01:50+00:00","dateModified":"2024-06-24T17:30:26+00:00","description":"La marquesa de Camba. C\u00f3mprao na tenda en li\u00f1a de Alvarellos Editora.","breadcrumb":{"@id":"https:\/\/alvarelloseditora.gal\/es\/libro\/marquesa-de-camba-la\/#breadcrumb"},"inLanguage":"es","potentialAction":[{"@type":"ReadAction","target":["https:\/\/alvarelloseditora.gal\/es\/libro\/marquesa-de-camba-la\/"]}]},{"@type":"ImageObject","inLanguage":"es","@id":"https:\/\/alvarelloseditora.gal\/es\/libro\/marquesa-de-camba-la\/#primaryimage","url":"https:\/\/alvarelloseditora.gal\/wp-content\/uploads\/2019\/12\/La-marquesa-de-camba-1.jpg","contentUrl":"https:\/\/alvarelloseditora.gal\/wp-content\/uploads\/2019\/12\/La-marquesa-de-camba-1.jpg","width":897,"height":1346},{"@type":"BreadcrumbList","@id":"https:\/\/alvarelloseditora.gal\/es\/libro\/marquesa-de-camba-la\/#breadcrumb","itemListElement":[{"@type":"ListItem","position":1,"name":"Portada","item":"https:\/\/alvarelloseditora.gal\/"},{"@type":"ListItem","position":2,"name":"Tienda","item":"https:\/\/alvarelloseditora.gal\/es\/tienda\/"},{"@type":"ListItem","position":3,"name":"La marquesa de Camba"}]},{"@type":"WebSite","@id":"https:\/\/alvarelloseditora.gal\/#website","url":"https:\/\/alvarelloseditora.gal\/","name":"Alvarellos Editora","description":"Libros para un mundo en tr\u00e1nsito","publisher":{"@id":"https:\/\/alvarelloseditora.gal\/#organization"},"potentialAction":[{"@type":"SearchAction","target":{"@type":"EntryPoint","urlTemplate":"https:\/\/alvarelloseditora.gal\/?s={search_term_string}"},"query-input":{"@type":"PropertyValueSpecification","valueRequired":true,"valueName":"search_term_string"}}],"inLanguage":"es"},{"@type":"Organization","@id":"https:\/\/alvarelloseditora.gal\/#organization","name":"Alvarellos Editora","url":"https:\/\/alvarelloseditora.gal\/","logo":{"@type":"ImageObject","inLanguage":"es","@id":"https:\/\/alvarelloseditora.gal\/#\/schema\/logo\/image\/","url":"https:\/\/alvarelloseditora.gal\/wp-content\/uploads\/2020\/02\/alv-icon.png","contentUrl":"https:\/\/alvarelloseditora.gal\/wp-content\/uploads\/2020\/02\/alv-icon.png","width":177,"height":175,"caption":"Alvarellos Editora"},"image":{"@id":"https:\/\/alvarelloseditora.gal\/#\/schema\/logo\/image\/"},"sameAs":["https:\/\/www.facebook.com\/alvarelloseditora","https:\/\/x.com\/alvarellos_ed"]}]}},"_links":{"self":[{"href":"https:\/\/alvarelloseditora.gal\/es\/wp-json\/wp\/v2\/product\/2753","targetHints":{"allow":["GET"]}}],"collection":[{"href":"https:\/\/alvarelloseditora.gal\/es\/wp-json\/wp\/v2\/product"}],"about":[{"href":"https:\/\/alvarelloseditora.gal\/es\/wp-json\/wp\/v2\/types\/product"}],"replies":[{"embeddable":true,"href":"https:\/\/alvarelloseditora.gal\/es\/wp-json\/wp\/v2\/comments?post=2753"}],"wp:featuredmedia":[{"embeddable":true,"href":"https:\/\/alvarelloseditora.gal\/es\/wp-json\/wp\/v2\/media\/8964"}],"wp:attachment":[{"href":"https:\/\/alvarelloseditora.gal\/es\/wp-json\/wp\/v2\/media?parent=2753"}],"wp:term":[{"taxonomy":"product_brand","embeddable":true,"href":"https:\/\/alvarelloseditora.gal\/es\/wp-json\/wp\/v2\/product_brand?post=2753"},{"taxonomy":"product_cat","embeddable":true,"href":"https:\/\/alvarelloseditora.gal\/es\/wp-json\/wp\/v2\/product_cat?post=2753"},{"taxonomy":"product_tag","embeddable":true,"href":"https:\/\/alvarelloseditora.gal\/es\/wp-json\/wp\/v2\/product_tag?post=2753"}],"curies":[{"name":"wp","href":"https:\/\/api.w.org\/{rel}","templated":true}]}}