{"id":2752,"date":"2019-12-27T13:39:34","date_gmt":"2019-12-27T14:01:50","guid":{"rendered":"https:\/\/nueva.alvarellos.info\/product\/balada-de-los-mares-del-norte\/"},"modified":"2021-06-22T14:53:56","modified_gmt":"2021-06-22T12:53:56","slug":"balada-de-los-mares-del-norte","status":"publish","type":"product","link":"https:\/\/alvarelloseditora.gal\/es\/libro\/balada-de-los-mares-del-norte\/","title":{"rendered":"BALADA DE LOS MARES DEL NORTE"},"content":{"rendered":"<p><a href=\"https:\/\/alvarelloseditora.gal\/wp-content\/uploads\/eventos\/73_portadas.pdf\" target=\"_blank\" rel=\"noopener noreferrer\">\u00bb Selecci\u00f3n de portadas de <em>Vida Gallega<\/em><\/a><\/p>\n<p><a href=\"https:\/\/alvarelloseditora.gal\/wp-content\/uploads\/eventos\/73_paxinas.pdf\" target=\"_blank\" rel=\"noopener noreferrer\">\u00bb Selecci\u00f3n de textos de <em>Balada de los mares del norte<\/em><\/a><\/p>\n<p><a href=\"https:\/\/alvarelloseditora.gal\/wp-content\/uploads\/arquivos\/audio\/73_1.mp3\" target=\"_blank\" rel=\"noopener noreferrer\">\u00bb Xos\u00e9 Lu\u00eds M\u00e9ndez Ferr\u00edn habla de Lugr\u00eds en Librouro (Vigo), el 29.10.2008 (archivo sonoro)<\/a><\/p>\n<p>\u00bb V\u00eddeo de la presentaci\u00f3n de Balada de los mares del norte en Vigo<\/p>\n<p>17\/03\/2017<strong> <a href=\"https:\/\/biblioaecidmadrid.wordpress.com\/2017\/03\/17\/realidades-sonadas-de-urbano-lugris\/\">La Reina de Los Mares<\/a>\u00a0(<\/strong><a href=\"https:\/\/biblioaecidmadrid.wordpress.com\/2017\/03\/17\/realidades-sonadas-de-urbano-lugris\/\">Blog) Realidades so\u00f1adas de Urbano Lugr\u00eds, por Mar\u00eda Blanco Conde<\/a><\/p>\n<p>06\/06\/2008<strong>\u00a0<a href=\"https:\/\/alvarelloseditora.gal\/wp-content\/uploads\/prensa\/Balada_Mares_Galicia_Hoxe_060608.pdf\" target=\"_blank\" rel=\"noopener noreferrer\">Galicia Hoxe<\/a><\/strong>\u00a0<a href=\"https:\/\/alvarelloseditora.gal\/wp-content\/uploads\/prensa\/Balada_Mares_Galicia_Hoxe_060608.pdf\" target=\"_blank\" rel=\"noopener noreferrer\">\u00abO home das arestas mari\u00f1as \u00ab<\/a>13\/06\/2008\u00a0<strong><a href=\"http:\/\/www.farodevigo.es\/secciones\/noticia.jsp?pRef=2008061300_5_233523__Opinion-Mendez-Ferrin\" target=\"_blank\" rel=\"noopener noreferrer\">Faro de Vigo<\/a><\/strong>\u00a0<a href=\"http:\/\/www.farodevigo.es\/secciones\/noticia.jsp?pRef=2008061300_5_233523__Opinion-Mendez-Ferrin\" target=\"_blank\" rel=\"noopener noreferrer\">\u00abArtigo de X.L M\u00e9ndez Ferr\u00edn \u00ab<\/a><\/p>\n<p>06\/07\/2008\u00a0<strong><a href=\"https:\/\/alvarelloseditora.gal\/wp-content\/uploads\/prensa\/Balada_Mares_Galicia_Hoxe_060708.pdf\" target=\"_blank\" rel=\"noopener noreferrer\">Galicia Hoxe<\/a><\/strong>, <a href=\"https:\/\/alvarelloseditora.gal\/wp-content\/uploads\/prensa\/Balada_Mares_Galicia_Hoxe_060708.pdf\" target=\"_blank\" rel=\"noopener noreferrer\">\u00abDende o pozo do esquecemento\u00bb<\/a><\/p>\n<p>10\/08\/2008\u00a0<strong><a href=\"https:\/\/alvarelloseditora.gal\/wp-content\/uploads\/prensa\/Balada_Mares_Correo Gallego100808.pdf\" target=\"_blank\" rel=\"noopener noreferrer\">El Correo Gallego<\/a><\/strong>, <a href=\"https:\/\/alvarelloseditora.gal\/wp-content\/uploads\/prensa\/Balada_Mares_Correo Gallego100808.pdf\" target=\"_blank\" rel=\"noopener noreferrer\">\u00abA Singradura de Urbano Lugr\u00eds\u00bb<\/a><\/p>\n<p>11\/08\/2008\u00a0<strong><a href=\"https:\/\/alvarelloseditora.gal\/wp-content\/uploads\/prensa\/Balada_Mares_Voz_Galicia_110808.pdf\" target=\"_blank\" rel=\"noopener noreferrer\">La Voz de Galicia<\/a><\/strong>, <a href=\"https:\/\/alvarelloseditora.gal\/wp-content\/uploads\/prensa\/Balada_Mares_Voz_Galicia_110808.pdf\" target=\"_blank\" rel=\"noopener noreferrer\">\u00abUn libro recopila por primera vez la obra escrita de Urbano Lugr\u00eds\u00bb<\/a><\/p>\n<p>16\/08\/2008\u00a0<strong><a href=\"https:\/\/alvarelloseditora.gal\/wp-content\/uploads\/prensa\/Balada_Mares_ElProgreso_160808.pdf\" target=\"_blank\" rel=\"noopener noreferrer\">El Progreso<\/a><\/strong>, <a href=\"https:\/\/alvarelloseditora.gal\/wp-content\/uploads\/prensa\/Balada_Mares_ElProgreso_160808.pdf\" target=\"_blank\" rel=\"noopener noreferrer\">\u00abArtigo de Mar\u00eda Xes\u00fas Nogueira \u00ab<\/a><\/p>\n<p>17\/08\/2008\u00a0<strong><a href=\"https:\/\/alvarelloseditora.gal\/wp-content\/uploads\/prensa\/Balada_Mares_Opinion_de_Coruna_170808.pdf\" target=\"_blank\" rel=\"noopener noreferrer\">Opinion de A Coru\u00f1a<\/a><\/strong>, <a href=\"https:\/\/alvarelloseditora.gal\/wp-content\/uploads\/prensa\/Balada_Mares_Opinion_de_Coruna_170808.pdf\" target=\"_blank\" rel=\"noopener noreferrer\">\u00abLugr\u00eds renace como escritor \u00ab<\/a><\/p>\n<p>29\/10\/2008\u00a0<strong><a href=\"https:\/\/alvarelloseditora.gal\/wp-content\/uploads\/prensa\/73_20081029_Atlantico.pdf\" target=\"_blank\" rel=\"noopener noreferrer\">Diario Atl\u00e1ntico<\/a><\/strong>, <a href=\"https:\/\/alvarelloseditora.gal\/wp-content\/uploads\/prensa\/73_20081029_Atlantico.pdf\" target=\"_blank\" rel=\"noopener noreferrer\">\u00abUrbano Lugr\u00eds, pese a falar de mortos e naufraxios, \u00e9 un vitalista\u00bb<\/a><\/p>\n<p>30\/10\/2008\u00a0<strong><a href=\"https:\/\/alvarelloseditora.gal\/wp-content\/uploads\/prensa\/73_20081030_Atlantico.pdf\" target=\"_blank\" rel=\"noopener noreferrer\">Diario Atl\u00e1ntico<\/a><\/strong>, <a href=\"https:\/\/alvarelloseditora.gal\/wp-content\/uploads\/prensa\/73_20081030_Atlantico.pdf\" target=\"_blank\" rel=\"noopener noreferrer\">\u00abRecopilaci\u00f3n definitiva de la obra escrita de Urbano Lugr\u00eds\u00bb<\/a><\/p>\n<p>30\/10\/2008 <strong><a href=\"https:\/\/alvarelloseditora.gal\/wp-content\/uploads\/prensa\/73_20081030_ElPais.pdf\" target=\"_blank\" rel=\"noopener noreferrer\">El Pa\u00eds<\/a><\/strong>, <a href=\"https:\/\/alvarelloseditora.gal\/wp-content\/uploads\/prensa\/73_20081030_ElPais.pdf\" target=\"_blank\" rel=\"noopener noreferrer\">\u00abEl libro que no pudo ver Lugr\u00eds\u00bb<\/a><\/p>\n<p>30\/10\/2008 <strong><a href=\"https:\/\/alvarelloseditora.gal\/wp-content\/uploads\/prensa\/73_20081030_FaroDeVigo.pdf\" target=\"_blank\" rel=\"noopener noreferrer\">Faro de Vigo<\/a><\/strong>, <a href=\"https:\/\/alvarelloseditora.gal\/wp-content\/uploads\/prensa\/73_20081030_FaroDeVigo.pdf\" target=\"_blank\" rel=\"noopener noreferrer\">\u00abUrbano Lugr\u00eds, escritor del mar\u00bb<\/a><\/p>\n","protected":false},"excerpt":{"rendered":"<p>Poemas, cuentos y ensayos, 1942-1973<\/p>\n<p>&nbsp;<\/p>\n<p>Pp: 322<br \/>\nMedidas: 14 x 21 cms<br \/>\nIdioma: castellano (con 10 textos en galego)<br \/>\nPrimera edici\u00f3n: Mayo 2008<br \/>\nISBN: 978-84\u201389323\u201318\u20136<br \/>\nEncuadernaci\u00f3n: carton\u00e9.<br \/>\nIlustraciones: este volumen incluye una galer\u00eda gr\u00e1fica en color con todas las portadas de Vida Gallega, e cerca de cincuenta ilustraciones m\u00e1s (manuscritos in\u00e9ditos incluidos).<\/p>\n<p>&nbsp;<\/p>\n<p>El esperado libro que recupera, por vez primera, la obra dispersa, olvidada o in\u00e9dita de Urbano Lugr\u00eds. M\u00e1s de sesenta textos, cincuenta ilustraciones y manuscritos, algunos de ellos nunca antes publicados. Han tenido que pasar 35 a\u00f1os desde su muerte y cien justos desde su nacimiento para que la extraordinaria obra escrita del pintor Urbano Lugr\u00eds (A Coru\u00f1a, 1908-Vigo, 1973) vea por fin la luz en libro. Este volumen culmina una vieja aspiraci\u00f3n del artista, deseo confesado p\u00fablicamente a comienzos de los a\u00f1os 60, pero que por distintas razones no se hab\u00eda materializado&#8230; hasta hoy.<\/p>\n<p>Balada de los mares del norte nos descubre al poeta barroco, al narrador de ficci\u00f3n pleno de referencias cultas y tambi\u00e9n a un original ensayista. Adem\u00e1s, este libro recoge ilustraciones muy poco conocidas y manuscritos in\u00e9ditos. Una producci\u00f3n que abarca en total m\u00e1s de tres d\u00e9cadas. Urbano Lugr\u00eds escrib\u00eda como pintaba, y esa fusi\u00f3n tan singular de lienzo y prosa ha dado como resultado feliz una voz \u00fanica, un autor con el que las culturas gallega y espa\u00f1ola estaban en deuda.<\/p>\n<p>Este libro recoge m\u00e1s de 300 p\u00e1ginas de textos dispersos, muy desconocidos o in\u00e9ditos del autor, hasta un total de 62 textos. Medio centenar de ilustraciones del Lugr\u00eds, algunas de ellas tambi\u00e9n in\u00e9ditas, y la reproduci\u00f3n en color de todas las portadas originales de la revista Vida Gallega (a\u00f1os 50). La responsable de la edici\u00f3n anotada, introducci\u00f3n y ap\u00e9ndice es la profesora de la Universidad de A Coru\u00f1a, la doctora en Teor\u00eda de la Literatura Olivia Rodr\u00edguez Gonz\u00e1lez, hija de Mariano Tudela, uno de los fieles colaboradores de Urbano Lugr\u00eds.<\/p>\n","protected":false},"featured_media":4019,"comment_status":"closed","ping_status":"closed","template":"","meta":[],"product_brand":[],"product_cat":[111],"product_tag":[],"class_list":{"0":"post-2752","1":"product","2":"type-product","3":"status-publish","4":"has-post-thumbnail","6":"product_author-urbano-lugris-es","7":"product_cat-coleccion-rescate-es","9":"first","10":"instock","11":"taxable","12":"shipping-taxable","13":"purchasable","14":"product-type-simple"},"yoast_head":"<!-- This site is optimized with the Yoast SEO plugin v27.3 - https:\/\/yoast.com\/product\/yoast-seo-wordpress\/ -->\n<title>BALADA DE LOS MARES DEL NORTE - Alvarellos Editora<\/title>\n<meta name=\"description\" content=\"BALADA DE LOS MARES DEL NORTE. C\u00f3mprao na tenda en li\u00f1a de Alvarellos Editora.\" \/>\n<meta name=\"robots\" content=\"index, follow, max-snippet:-1, max-image-preview:large, max-video-preview:-1\" \/>\n<link rel=\"canonical\" href=\"https:\/\/alvarelloseditora.gal\/es\/libro\/balada-de-los-mares-del-norte\/\" \/>\n<meta property=\"og:locale\" content=\"es_ES\" \/>\n<meta property=\"og:type\" content=\"article\" \/>\n<meta property=\"og:title\" content=\"BALADA DE LOS MARES DEL NORTE - Alvarellos Editora\" \/>\n<meta property=\"og:description\" content=\"BALADA DE LOS MARES DEL NORTE. C\u00f3mprao na tenda en li\u00f1a de Alvarellos Editora.\" \/>\n<meta property=\"og:url\" content=\"https:\/\/alvarelloseditora.gal\/es\/libro\/balada-de-los-mares-del-norte\/\" \/>\n<meta property=\"og:site_name\" content=\"Alvarellos Editora\" \/>\n<meta property=\"article:publisher\" content=\"https:\/\/www.facebook.com\/alvarelloseditora\" \/>\n<meta property=\"article:modified_time\" content=\"2021-06-22T12:53:56+00:00\" \/>\n<meta property=\"og:image\" content=\"https:\/\/alvarelloseditora.gal\/wp-content\/uploads\/2019\/12\/BALADA-DE-LOS-MARES-DEL-NORTE.jpg\" \/>\n\t<meta property=\"og:image:width\" content=\"526\" \/>\n\t<meta property=\"og:image:height\" content=\"803\" \/>\n\t<meta property=\"og:image:type\" content=\"image\/jpeg\" \/>\n<meta name=\"twitter:card\" content=\"summary_large_image\" \/>\n<meta name=\"twitter:site\" content=\"@alvarellos_ed\" \/>\n<meta name=\"twitter:label1\" content=\"Tiempo de lectura\" \/>\n\t<meta name=\"twitter:data1\" content=\"1 minuto\" \/>\n<!-- \/ Yoast SEO plugin. -->","yoast_head_json":{"title":"BALADA DE LOS MARES DEL NORTE - Alvarellos Editora","description":"BALADA DE LOS MARES DEL NORTE. C\u00f3mprao na tenda en li\u00f1a de Alvarellos Editora.","robots":{"index":"index","follow":"follow","max-snippet":"max-snippet:-1","max-image-preview":"max-image-preview:large","max-video-preview":"max-video-preview:-1"},"canonical":"https:\/\/alvarelloseditora.gal\/es\/libro\/balada-de-los-mares-del-norte\/","og_locale":"es_ES","og_type":"article","og_title":"BALADA DE LOS MARES DEL NORTE - Alvarellos Editora","og_description":"BALADA DE LOS MARES DEL NORTE. C\u00f3mprao na tenda en li\u00f1a de Alvarellos Editora.","og_url":"https:\/\/alvarelloseditora.gal\/es\/libro\/balada-de-los-mares-del-norte\/","og_site_name":"Alvarellos Editora","article_publisher":"https:\/\/www.facebook.com\/alvarelloseditora","article_modified_time":"2021-06-22T12:53:56+00:00","og_image":[{"width":526,"height":803,"url":"https:\/\/alvarelloseditora.gal\/wp-content\/uploads\/2019\/12\/BALADA-DE-LOS-MARES-DEL-NORTE.jpg","type":"image\/jpeg"}],"twitter_card":"summary_large_image","twitter_site":"@alvarellos_ed","twitter_misc":{"Tiempo de lectura":"1 minuto"},"schema":{"@context":"https:\/\/schema.org","@graph":[{"@type":["WebPage","ItemPage"],"@id":"https:\/\/alvarelloseditora.gal\/es\/libro\/balada-de-los-mares-del-norte\/","url":"https:\/\/alvarelloseditora.gal\/es\/libro\/balada-de-los-mares-del-norte\/","name":"BALADA DE LOS MARES DEL NORTE - Alvarellos Editora","isPartOf":{"@id":"https:\/\/alvarelloseditora.gal\/#website"},"primaryImageOfPage":{"@id":"https:\/\/alvarelloseditora.gal\/es\/libro\/balada-de-los-mares-del-norte\/#primaryimage"},"image":{"@id":"https:\/\/alvarelloseditora.gal\/es\/libro\/balada-de-los-mares-del-norte\/#primaryimage"},"thumbnailUrl":"https:\/\/alvarelloseditora.gal\/wp-content\/uploads\/2019\/12\/BALADA-DE-LOS-MARES-DEL-NORTE.jpg","datePublished":"2019-12-27T14:01:50+00:00","dateModified":"2021-06-22T12:53:56+00:00","description":"BALADA DE LOS MARES DEL NORTE. C\u00f3mprao na tenda en li\u00f1a de Alvarellos Editora.","breadcrumb":{"@id":"https:\/\/alvarelloseditora.gal\/es\/libro\/balada-de-los-mares-del-norte\/#breadcrumb"},"inLanguage":"es","potentialAction":[{"@type":"ReadAction","target":["https:\/\/alvarelloseditora.gal\/es\/libro\/balada-de-los-mares-del-norte\/"]}]},{"@type":"ImageObject","inLanguage":"es","@id":"https:\/\/alvarelloseditora.gal\/es\/libro\/balada-de-los-mares-del-norte\/#primaryimage","url":"https:\/\/alvarelloseditora.gal\/wp-content\/uploads\/2019\/12\/BALADA-DE-LOS-MARES-DEL-NORTE.jpg","contentUrl":"https:\/\/alvarelloseditora.gal\/wp-content\/uploads\/2019\/12\/BALADA-DE-LOS-MARES-DEL-NORTE.jpg","width":526,"height":803},{"@type":"BreadcrumbList","@id":"https:\/\/alvarelloseditora.gal\/es\/libro\/balada-de-los-mares-del-norte\/#breadcrumb","itemListElement":[{"@type":"ListItem","position":1,"name":"Portada","item":"https:\/\/alvarelloseditora.gal\/"},{"@type":"ListItem","position":2,"name":"Tienda","item":"https:\/\/alvarelloseditora.gal\/es\/tienda\/"},{"@type":"ListItem","position":3,"name":"BALADA DE LOS MARES DEL NORTE"}]},{"@type":"WebSite","@id":"https:\/\/alvarelloseditora.gal\/#website","url":"https:\/\/alvarelloseditora.gal\/","name":"Alvarellos Editora","description":"Libros para un mundo en tr\u00e1nsito","publisher":{"@id":"https:\/\/alvarelloseditora.gal\/#organization"},"potentialAction":[{"@type":"SearchAction","target":{"@type":"EntryPoint","urlTemplate":"https:\/\/alvarelloseditora.gal\/?s={search_term_string}"},"query-input":{"@type":"PropertyValueSpecification","valueRequired":true,"valueName":"search_term_string"}}],"inLanguage":"es"},{"@type":"Organization","@id":"https:\/\/alvarelloseditora.gal\/#organization","name":"Alvarellos Editora","url":"https:\/\/alvarelloseditora.gal\/","logo":{"@type":"ImageObject","inLanguage":"es","@id":"https:\/\/alvarelloseditora.gal\/#\/schema\/logo\/image\/","url":"https:\/\/alvarelloseditora.gal\/wp-content\/uploads\/2020\/02\/alv-icon.png","contentUrl":"https:\/\/alvarelloseditora.gal\/wp-content\/uploads\/2020\/02\/alv-icon.png","width":177,"height":175,"caption":"Alvarellos Editora"},"image":{"@id":"https:\/\/alvarelloseditora.gal\/#\/schema\/logo\/image\/"},"sameAs":["https:\/\/www.facebook.com\/alvarelloseditora","https:\/\/x.com\/alvarellos_ed"]}]}},"_links":{"self":[{"href":"https:\/\/alvarelloseditora.gal\/es\/wp-json\/wp\/v2\/product\/2752","targetHints":{"allow":["GET"]}}],"collection":[{"href":"https:\/\/alvarelloseditora.gal\/es\/wp-json\/wp\/v2\/product"}],"about":[{"href":"https:\/\/alvarelloseditora.gal\/es\/wp-json\/wp\/v2\/types\/product"}],"replies":[{"embeddable":true,"href":"https:\/\/alvarelloseditora.gal\/es\/wp-json\/wp\/v2\/comments?post=2752"}],"wp:featuredmedia":[{"embeddable":true,"href":"https:\/\/alvarelloseditora.gal\/es\/wp-json\/wp\/v2\/media\/4019"}],"wp:attachment":[{"href":"https:\/\/alvarelloseditora.gal\/es\/wp-json\/wp\/v2\/media?parent=2752"}],"wp:term":[{"taxonomy":"product_brand","embeddable":true,"href":"https:\/\/alvarelloseditora.gal\/es\/wp-json\/wp\/v2\/product_brand?post=2752"},{"taxonomy":"product_cat","embeddable":true,"href":"https:\/\/alvarelloseditora.gal\/es\/wp-json\/wp\/v2\/product_cat?post=2752"},{"taxonomy":"product_tag","embeddable":true,"href":"https:\/\/alvarelloseditora.gal\/es\/wp-json\/wp\/v2\/product_tag?post=2752"}],"curies":[{"name":"wp","href":"https:\/\/api.w.org\/{rel}","templated":true}]}}