{"id":2750,"date":"2019-12-27T13:39:34","date_gmt":"2019-12-27T14:01:50","guid":{"rendered":"https:\/\/nueva.alvarellos.info\/product\/versos-a-compostela\/"},"modified":"2021-06-22T14:52:09","modified_gmt":"2021-06-22T12:52:09","slug":"versos-a-compostela","status":"publish","type":"product","link":"https:\/\/alvarelloseditora.gal\/es\/libro\/versos-a-compostela\/","title":{"rendered":"VERSOS A COMPOSTELA"},"content":{"rendered":"<p><a href=\"https:\/\/alvarelloseditora.gal\/wp-content\/uploads\/prensa\/Prensa_Rosalia_De_luns_a_Venres_240212.pdf\" target=\"_blank\" rel=\"noopener noreferrer\">De Luns a Venres \u00abUnha antolox\u00eda dos poemas que Compostela inspirou en Rosal\u00eda\u00bb<\/a>, <em>24\/02\/2012<\/em> <a href=\"https:\/\/alvarelloseditora.gal\/wp-content\/uploads\/prensa\/VersosACompostela_01032008.pdf\" target=\"_blank\" rel=\"noopener noreferrer\">La Voz de Galicia<\/a>, <em>01\/03\/2008<\/em> <a href=\"https:\/\/alvarelloseditora.gal\/wp-content\/uploads\/prensa\/VersosACompostela_28022008.pdf\" target=\"_blank\" rel=\"noopener noreferrer\">Europa-Press<\/a>, <em>28\/02\/2008<\/em><\/p>\n","protected":false},"excerpt":{"rendered":"<p>EDICION BILING\u00dcE<\/p>\n<p>&nbsp;<\/p>\n<p>N\u00ba p\u00e1ginas: 122<br \/>\nMedidas: 14 x 21 cms<br \/>\nIdioma: biling\u00fce gallego-castellano<br \/>\nPrimera edici\u00f3n: Febrero 2008<br \/>\nISBN: 978-84\u201389323\u201320\u20139<br \/>\nEncuadernaci\u00f3n: carton\u00e9<\/p>\n<p>&nbsp;<\/p>\n<p>Versos a Compostela re\u00fane por vez primera \u2013y en edici\u00f3n biling\u00fce\u2013 los poemas en los que la ciudad de Santiago de Compostela es referente l\u00edrico y existencial de Rosal\u00eda de Castro (1837-1885). En estas p\u00e1ginas disfrutaremos de la poeta en estado puro: intimista, moderna y turbadora. Junto a los versos, antiguas fotograf\u00edas de un Santiago contradictorio, de \u201csombras queridas\u201d, pero tambi\u00e9n de \u201csombras odiadas\u201d.<\/p>\n<p>La escritora y profesora Helena Villar Janeiro\u00a0es la responsable de la edici\u00f3n literaria y traducci\u00f3n de los textos de esta obra, mientras que el tambi\u00e9n escritor y profesor Xes\u00fas R\u00e1bade Paredes firma un clarificador estudio introductorio.<\/p>\n<p>EL RETRATO IN\u00c9DITO DE FENOLLERA<\/p>\n<p>Esta edici\u00f3n se enriquece, asimismo, con la recuperaci\u00f3n de un retrato in\u00e9dito de Rosal\u00eda: el busto realizado alrededor de 1904 por el pintor Jos\u00e9 Mar\u00eda Fenollera. El original est\u00e1 perdido y una copia fue expuesta por vez primera en 1985 en el escaparate del fot\u00f3grafo Guiti\u00e1n, en la R\u00faa do Vilar, en Santiago de Compostela.<\/p>\n","protected":false},"featured_media":4015,"comment_status":"closed","ping_status":"closed","template":"","meta":[],"product_brand":[],"product_cat":[111],"product_tag":[1045],"class_list":{"0":"post-2750","1":"product","2":"type-product","3":"status-publish","4":"has-post-thumbnail","6":"product_author-rosalia-de-castro-es","7":"product_cat-coleccion-rescate-es","8":"product_tag-santiago-de-compostela-y-el-camino","10":"first","11":"instock","12":"taxable","13":"shipping-taxable","14":"purchasable","15":"product-type-simple"},"yoast_head":"<!-- This site is optimized with the Yoast SEO plugin v27.3 - https:\/\/yoast.com\/product\/yoast-seo-wordpress\/ -->\n<title>VERSOS A COMPOSTELA - Alvarellos Editora<\/title>\n<meta name=\"description\" content=\"VERSOS A COMPOSTELA. C\u00f3mprao na tenda en li\u00f1a de Alvarellos Editora.\" \/>\n<meta name=\"robots\" content=\"index, follow, max-snippet:-1, max-image-preview:large, max-video-preview:-1\" \/>\n<link rel=\"canonical\" href=\"https:\/\/alvarelloseditora.gal\/es\/libro\/versos-a-compostela\/\" \/>\n<meta property=\"og:locale\" content=\"es_ES\" \/>\n<meta property=\"og:type\" content=\"article\" \/>\n<meta property=\"og:title\" content=\"VERSOS A COMPOSTELA - Alvarellos Editora\" \/>\n<meta property=\"og:description\" content=\"VERSOS A COMPOSTELA. C\u00f3mprao na tenda en li\u00f1a de Alvarellos Editora.\" \/>\n<meta property=\"og:url\" content=\"https:\/\/alvarelloseditora.gal\/es\/libro\/versos-a-compostela\/\" \/>\n<meta property=\"og:site_name\" content=\"Alvarellos Editora\" \/>\n<meta property=\"article:publisher\" content=\"https:\/\/www.facebook.com\/alvarelloseditora\" \/>\n<meta property=\"article:modified_time\" content=\"2021-06-22T12:52:09+00:00\" \/>\n<meta property=\"og:image\" content=\"https:\/\/alvarelloseditora.gal\/wp-content\/uploads\/2019\/12\/Versos-A-Compostela-g-scaled.jpg\" \/>\n\t<meta property=\"og:image:width\" content=\"1670\" \/>\n\t<meta property=\"og:image:height\" content=\"2560\" \/>\n\t<meta property=\"og:image:type\" content=\"image\/jpeg\" \/>\n<meta name=\"twitter:card\" content=\"summary_large_image\" \/>\n<meta name=\"twitter:site\" content=\"@alvarellos_ed\" \/>\n<!-- \/ Yoast SEO plugin. -->","yoast_head_json":{"title":"VERSOS A COMPOSTELA - Alvarellos Editora","description":"VERSOS A COMPOSTELA. C\u00f3mprao na tenda en li\u00f1a de Alvarellos Editora.","robots":{"index":"index","follow":"follow","max-snippet":"max-snippet:-1","max-image-preview":"max-image-preview:large","max-video-preview":"max-video-preview:-1"},"canonical":"https:\/\/alvarelloseditora.gal\/es\/libro\/versos-a-compostela\/","og_locale":"es_ES","og_type":"article","og_title":"VERSOS A COMPOSTELA - Alvarellos Editora","og_description":"VERSOS A COMPOSTELA. C\u00f3mprao na tenda en li\u00f1a de Alvarellos Editora.","og_url":"https:\/\/alvarelloseditora.gal\/es\/libro\/versos-a-compostela\/","og_site_name":"Alvarellos Editora","article_publisher":"https:\/\/www.facebook.com\/alvarelloseditora","article_modified_time":"2021-06-22T12:52:09+00:00","og_image":[{"width":1670,"height":2560,"url":"https:\/\/alvarelloseditora.gal\/wp-content\/uploads\/2019\/12\/Versos-A-Compostela-g-scaled.jpg","type":"image\/jpeg"}],"twitter_card":"summary_large_image","twitter_site":"@alvarellos_ed","schema":{"@context":"https:\/\/schema.org","@graph":[{"@type":["WebPage","ItemPage"],"@id":"https:\/\/alvarelloseditora.gal\/es\/libro\/versos-a-compostela\/","url":"https:\/\/alvarelloseditora.gal\/es\/libro\/versos-a-compostela\/","name":"VERSOS A COMPOSTELA - Alvarellos Editora","isPartOf":{"@id":"https:\/\/alvarelloseditora.gal\/#website"},"primaryImageOfPage":{"@id":"https:\/\/alvarelloseditora.gal\/es\/libro\/versos-a-compostela\/#primaryimage"},"image":{"@id":"https:\/\/alvarelloseditora.gal\/es\/libro\/versos-a-compostela\/#primaryimage"},"thumbnailUrl":"https:\/\/alvarelloseditora.gal\/wp-content\/uploads\/2019\/12\/Versos-A-Compostela-g-scaled.jpg","datePublished":"2019-12-27T14:01:50+00:00","dateModified":"2021-06-22T12:52:09+00:00","description":"VERSOS A COMPOSTELA. C\u00f3mprao na tenda en li\u00f1a de Alvarellos Editora.","breadcrumb":{"@id":"https:\/\/alvarelloseditora.gal\/es\/libro\/versos-a-compostela\/#breadcrumb"},"inLanguage":"es","potentialAction":[{"@type":"ReadAction","target":["https:\/\/alvarelloseditora.gal\/es\/libro\/versos-a-compostela\/"]}]},{"@type":"ImageObject","inLanguage":"es","@id":"https:\/\/alvarelloseditora.gal\/es\/libro\/versos-a-compostela\/#primaryimage","url":"https:\/\/alvarelloseditora.gal\/wp-content\/uploads\/2019\/12\/Versos-A-Compostela-g-scaled.jpg","contentUrl":"https:\/\/alvarelloseditora.gal\/wp-content\/uploads\/2019\/12\/Versos-A-Compostela-g-scaled.jpg","width":1670,"height":2560},{"@type":"BreadcrumbList","@id":"https:\/\/alvarelloseditora.gal\/es\/libro\/versos-a-compostela\/#breadcrumb","itemListElement":[{"@type":"ListItem","position":1,"name":"Portada","item":"https:\/\/alvarelloseditora.gal\/"},{"@type":"ListItem","position":2,"name":"Tienda","item":"https:\/\/alvarelloseditora.gal\/es\/tienda\/"},{"@type":"ListItem","position":3,"name":"VERSOS A COMPOSTELA"}]},{"@type":"WebSite","@id":"https:\/\/alvarelloseditora.gal\/#website","url":"https:\/\/alvarelloseditora.gal\/","name":"Alvarellos Editora","description":"Libros para un mundo en tr\u00e1nsito","publisher":{"@id":"https:\/\/alvarelloseditora.gal\/#organization"},"potentialAction":[{"@type":"SearchAction","target":{"@type":"EntryPoint","urlTemplate":"https:\/\/alvarelloseditora.gal\/?s={search_term_string}"},"query-input":{"@type":"PropertyValueSpecification","valueRequired":true,"valueName":"search_term_string"}}],"inLanguage":"es"},{"@type":"Organization","@id":"https:\/\/alvarelloseditora.gal\/#organization","name":"Alvarellos Editora","url":"https:\/\/alvarelloseditora.gal\/","logo":{"@type":"ImageObject","inLanguage":"es","@id":"https:\/\/alvarelloseditora.gal\/#\/schema\/logo\/image\/","url":"https:\/\/alvarelloseditora.gal\/wp-content\/uploads\/2020\/02\/alv-icon.png","contentUrl":"https:\/\/alvarelloseditora.gal\/wp-content\/uploads\/2020\/02\/alv-icon.png","width":177,"height":175,"caption":"Alvarellos Editora"},"image":{"@id":"https:\/\/alvarelloseditora.gal\/#\/schema\/logo\/image\/"},"sameAs":["https:\/\/www.facebook.com\/alvarelloseditora","https:\/\/x.com\/alvarellos_ed"]}]}},"_links":{"self":[{"href":"https:\/\/alvarelloseditora.gal\/es\/wp-json\/wp\/v2\/product\/2750","targetHints":{"allow":["GET"]}}],"collection":[{"href":"https:\/\/alvarelloseditora.gal\/es\/wp-json\/wp\/v2\/product"}],"about":[{"href":"https:\/\/alvarelloseditora.gal\/es\/wp-json\/wp\/v2\/types\/product"}],"replies":[{"embeddable":true,"href":"https:\/\/alvarelloseditora.gal\/es\/wp-json\/wp\/v2\/comments?post=2750"}],"wp:featuredmedia":[{"embeddable":true,"href":"https:\/\/alvarelloseditora.gal\/es\/wp-json\/wp\/v2\/media\/4015"}],"wp:attachment":[{"href":"https:\/\/alvarelloseditora.gal\/es\/wp-json\/wp\/v2\/media?parent=2750"}],"wp:term":[{"taxonomy":"product_brand","embeddable":true,"href":"https:\/\/alvarelloseditora.gal\/es\/wp-json\/wp\/v2\/product_brand?post=2750"},{"taxonomy":"product_cat","embeddable":true,"href":"https:\/\/alvarelloseditora.gal\/es\/wp-json\/wp\/v2\/product_cat?post=2750"},{"taxonomy":"product_tag","embeddable":true,"href":"https:\/\/alvarelloseditora.gal\/es\/wp-json\/wp\/v2\/product_tag?post=2750"}],"curies":[{"name":"wp","href":"https:\/\/api.w.org\/{rel}","templated":true}]}}