{"id":2748,"date":"2019-12-27T13:39:34","date_gmt":"2019-12-27T14:01:50","guid":{"rendered":"https:\/\/nueva.alvarellos.info\/product\/50-recetas-con-filloas\/"},"modified":"2021-05-31T11:45:48","modified_gmt":"2021-05-31T09:45:48","slug":"50-recetas-con-filloas","status":"publish","type":"product","link":"https:\/\/alvarelloseditora.gal\/es\/libro\/50-recetas-con-filloas\/","title":{"rendered":"50 RECETAS CON FILLOAS"},"content":{"rendered":"<p><a href=\"https:\/\/alvarelloseditora.gal\/wp-content\/uploads\/eventos\/RecetasFilloas.pdf\" target=\"_blank\" rel=\"noopener noreferrer\"><strong>\u00bb Ver dos de las recetas del libro<\/strong><\/a><br \/>\n<a href=\"https:\/\/alvarelloseditora.gal\/wp-content\/uploads\/eventos\/Filloas_premio_Alvaro_Cunqueiro.pdf\" target=\"_blank\" rel=\"noopener noreferrer\"><strong>\u00bb Premio Nacional de Gastronom\u00eda \u00c1lvaro Cunqueiro 2008<\/strong><\/a><\/p>\n","protected":false},"excerpt":{"rendered":"<p>El dulce m\u00e1s emblem\u00e1tico de la gastronom\u00eda gallega.<\/p>\n<p>Varios autores<\/p>\n<p>N\u00ba p\u00e1ginas: 122<br \/>\nLengua: castellano<br \/>\nMedidas: 18&#215;18 cms<br \/>\nISBN: 978-84-89323-17-9<br \/>\nEncuadernaci\u00f3n: tapa blanda con solapas, plastificada<\/p>\n<p>Las filloas son, quiz\u00e1s, el dulce tradicional m\u00e1s famoso de la gastronom\u00eda gallega. Este libro presenta, por vez primera, un complet\u00edsimo, ameno y pr\u00e1ctico tratado culinario con la filloa como ingrediente b\u00e1sico. Cincuenta recetas que demuestran que las filloas de Galicia establecen un maridaje perfecto con todo tipo de platos: para entrantes, cocina con carnes, pescados, y, por supuesto, para un variado y sugerente repertorio de postres.<\/p>\n<p>Partiendo de la genuina elaboraci\u00f3n de las filloas a la piedra que se mantiene viva desde hace siglos en el ayuntamiento coru\u00f1\u00e9s de A Ba\u00f1a (en la comarca de Santiago), 50 recetas con filloas recoge las mejores elaboraciones presentadas en los diferentes cert\u00e1menes gastron\u00f3micos organizados por la Asociaci\u00f3n \u201cFilloas \u00e1 pedra da Ba\u00f1a\u201d, donde participan, con sus sabrosas propuestas, 30 restauradores y vecinos.<\/p>\n","protected":false},"featured_media":5891,"comment_status":"closed","ping_status":"closed","template":"","meta":[],"product_brand":[],"product_cat":[107],"product_tag":[],"class_list":{"0":"post-2748","1":"product","2":"type-product","3":"status-publish","4":"has-post-thumbnail","6":"product_cat-a-lume-lento-es","8":"first","9":"instock","10":"taxable","11":"shipping-taxable","12":"purchasable","13":"product-type-simple"},"yoast_head":"<!-- This site is optimized with the Yoast SEO plugin v27.3 - https:\/\/yoast.com\/product\/yoast-seo-wordpress\/ -->\n<title>50 RECETAS CON FILLOAS - Alvarellos Editora<\/title>\n<meta name=\"description\" content=\"50 RECETAS CON FILLOAS. C\u00f3mprao na tenda en li\u00f1a de Alvarellos Editora.\" \/>\n<meta name=\"robots\" content=\"index, follow, max-snippet:-1, max-image-preview:large, max-video-preview:-1\" \/>\n<link rel=\"canonical\" href=\"https:\/\/alvarelloseditora.gal\/es\/libro\/50-recetas-con-filloas\/\" \/>\n<meta property=\"og:locale\" content=\"es_ES\" \/>\n<meta property=\"og:type\" content=\"article\" \/>\n<meta property=\"og:title\" content=\"50 RECETAS CON FILLOAS - Alvarellos Editora\" \/>\n<meta property=\"og:description\" content=\"50 RECETAS CON FILLOAS. C\u00f3mprao na tenda en li\u00f1a de Alvarellos Editora.\" \/>\n<meta property=\"og:url\" content=\"https:\/\/alvarelloseditora.gal\/es\/libro\/50-recetas-con-filloas\/\" \/>\n<meta property=\"og:site_name\" content=\"Alvarellos Editora\" \/>\n<meta property=\"article:publisher\" content=\"https:\/\/www.facebook.com\/alvarelloseditora\" \/>\n<meta property=\"article:modified_time\" content=\"2021-05-31T09:45:48+00:00\" \/>\n<meta property=\"og:image\" content=\"https:\/\/alvarelloseditora.gal\/wp-content\/uploads\/2019\/12\/50-recetas-con-filloas-alvarellos-editora.jpg\" \/>\n\t<meta property=\"og:image:width\" content=\"719\" \/>\n\t<meta property=\"og:image:height\" content=\"707\" \/>\n\t<meta property=\"og:image:type\" content=\"image\/jpeg\" \/>\n<meta name=\"twitter:card\" content=\"summary_large_image\" \/>\n<meta name=\"twitter:site\" content=\"@alvarellos_ed\" \/>\n<!-- \/ Yoast SEO plugin. -->","yoast_head_json":{"title":"50 RECETAS CON FILLOAS - Alvarellos Editora","description":"50 RECETAS CON FILLOAS. C\u00f3mprao na tenda en li\u00f1a de Alvarellos Editora.","robots":{"index":"index","follow":"follow","max-snippet":"max-snippet:-1","max-image-preview":"max-image-preview:large","max-video-preview":"max-video-preview:-1"},"canonical":"https:\/\/alvarelloseditora.gal\/es\/libro\/50-recetas-con-filloas\/","og_locale":"es_ES","og_type":"article","og_title":"50 RECETAS CON FILLOAS - Alvarellos Editora","og_description":"50 RECETAS CON FILLOAS. C\u00f3mprao na tenda en li\u00f1a de Alvarellos Editora.","og_url":"https:\/\/alvarelloseditora.gal\/es\/libro\/50-recetas-con-filloas\/","og_site_name":"Alvarellos Editora","article_publisher":"https:\/\/www.facebook.com\/alvarelloseditora","article_modified_time":"2021-05-31T09:45:48+00:00","og_image":[{"width":719,"height":707,"url":"https:\/\/alvarelloseditora.gal\/wp-content\/uploads\/2019\/12\/50-recetas-con-filloas-alvarellos-editora.jpg","type":"image\/jpeg"}],"twitter_card":"summary_large_image","twitter_site":"@alvarellos_ed","schema":{"@context":"https:\/\/schema.org","@graph":[{"@type":["WebPage","ItemPage"],"@id":"https:\/\/alvarelloseditora.gal\/es\/libro\/50-recetas-con-filloas\/","url":"https:\/\/alvarelloseditora.gal\/es\/libro\/50-recetas-con-filloas\/","name":"50 RECETAS CON FILLOAS - Alvarellos Editora","isPartOf":{"@id":"https:\/\/alvarelloseditora.gal\/#website"},"primaryImageOfPage":{"@id":"https:\/\/alvarelloseditora.gal\/es\/libro\/50-recetas-con-filloas\/#primaryimage"},"image":{"@id":"https:\/\/alvarelloseditora.gal\/es\/libro\/50-recetas-con-filloas\/#primaryimage"},"thumbnailUrl":"https:\/\/alvarelloseditora.gal\/wp-content\/uploads\/2019\/12\/50-recetas-con-filloas-alvarellos-editora.jpg","datePublished":"2019-12-27T14:01:50+00:00","dateModified":"2021-05-31T09:45:48+00:00","description":"50 RECETAS CON FILLOAS. C\u00f3mprao na tenda en li\u00f1a de Alvarellos Editora.","breadcrumb":{"@id":"https:\/\/alvarelloseditora.gal\/es\/libro\/50-recetas-con-filloas\/#breadcrumb"},"inLanguage":"es","potentialAction":[{"@type":"ReadAction","target":["https:\/\/alvarelloseditora.gal\/es\/libro\/50-recetas-con-filloas\/"]}]},{"@type":"ImageObject","inLanguage":"es","@id":"https:\/\/alvarelloseditora.gal\/es\/libro\/50-recetas-con-filloas\/#primaryimage","url":"https:\/\/alvarelloseditora.gal\/wp-content\/uploads\/2019\/12\/50-recetas-con-filloas-alvarellos-editora.jpg","contentUrl":"https:\/\/alvarelloseditora.gal\/wp-content\/uploads\/2019\/12\/50-recetas-con-filloas-alvarellos-editora.jpg","width":719,"height":707,"caption":"50 recetas con filloas"},{"@type":"BreadcrumbList","@id":"https:\/\/alvarelloseditora.gal\/es\/libro\/50-recetas-con-filloas\/#breadcrumb","itemListElement":[{"@type":"ListItem","position":1,"name":"Portada","item":"https:\/\/alvarelloseditora.gal\/"},{"@type":"ListItem","position":2,"name":"Tienda","item":"https:\/\/alvarelloseditora.gal\/es\/tienda\/"},{"@type":"ListItem","position":3,"name":"50 RECETAS CON FILLOAS"}]},{"@type":"WebSite","@id":"https:\/\/alvarelloseditora.gal\/#website","url":"https:\/\/alvarelloseditora.gal\/","name":"Alvarellos Editora","description":"Libros para un mundo en tr\u00e1nsito","publisher":{"@id":"https:\/\/alvarelloseditora.gal\/#organization"},"potentialAction":[{"@type":"SearchAction","target":{"@type":"EntryPoint","urlTemplate":"https:\/\/alvarelloseditora.gal\/?s={search_term_string}"},"query-input":{"@type":"PropertyValueSpecification","valueRequired":true,"valueName":"search_term_string"}}],"inLanguage":"es"},{"@type":"Organization","@id":"https:\/\/alvarelloseditora.gal\/#organization","name":"Alvarellos Editora","url":"https:\/\/alvarelloseditora.gal\/","logo":{"@type":"ImageObject","inLanguage":"es","@id":"https:\/\/alvarelloseditora.gal\/#\/schema\/logo\/image\/","url":"https:\/\/alvarelloseditora.gal\/wp-content\/uploads\/2020\/02\/alv-icon.png","contentUrl":"https:\/\/alvarelloseditora.gal\/wp-content\/uploads\/2020\/02\/alv-icon.png","width":177,"height":175,"caption":"Alvarellos Editora"},"image":{"@id":"https:\/\/alvarelloseditora.gal\/#\/schema\/logo\/image\/"},"sameAs":["https:\/\/www.facebook.com\/alvarelloseditora","https:\/\/x.com\/alvarellos_ed"]}]}},"_links":{"self":[{"href":"https:\/\/alvarelloseditora.gal\/es\/wp-json\/wp\/v2\/product\/2748","targetHints":{"allow":["GET"]}}],"collection":[{"href":"https:\/\/alvarelloseditora.gal\/es\/wp-json\/wp\/v2\/product"}],"about":[{"href":"https:\/\/alvarelloseditora.gal\/es\/wp-json\/wp\/v2\/types\/product"}],"replies":[{"embeddable":true,"href":"https:\/\/alvarelloseditora.gal\/es\/wp-json\/wp\/v2\/comments?post=2748"}],"wp:featuredmedia":[{"embeddable":true,"href":"https:\/\/alvarelloseditora.gal\/es\/wp-json\/wp\/v2\/media\/5891"}],"wp:attachment":[{"href":"https:\/\/alvarelloseditora.gal\/es\/wp-json\/wp\/v2\/media?parent=2748"}],"wp:term":[{"taxonomy":"product_brand","embeddable":true,"href":"https:\/\/alvarelloseditora.gal\/es\/wp-json\/wp\/v2\/product_brand?post=2748"},{"taxonomy":"product_cat","embeddable":true,"href":"https:\/\/alvarelloseditora.gal\/es\/wp-json\/wp\/v2\/product_cat?post=2748"},{"taxonomy":"product_tag","embeddable":true,"href":"https:\/\/alvarelloseditora.gal\/es\/wp-json\/wp\/v2\/product_tag?post=2748"}],"curies":[{"name":"wp","href":"https:\/\/api.w.org\/{rel}","templated":true}]}}