{"id":2747,"date":"2019-12-27T13:39:34","date_gmt":"2019-12-27T14:01:50","guid":{"rendered":"https:\/\/nueva.alvarellos.info\/product\/madia-leva\/"},"modified":"2021-06-23T12:40:01","modified_gmt":"2021-06-23T10:40:01","slug":"madia-leva","status":"publish","type":"product","link":"https:\/\/alvarelloseditora.gal\/es\/libro\/madia-leva\/","title":{"rendered":"MADIA LEVA!"},"content":{"rendered":"<p><a href=\"https:\/\/alvarelloseditora.gal\/wp-content\/uploads\/eventos\/MadiaLeva_3relatos.pdf\" target=\"_blank\" rel=\"noopener noreferrer\">Ver tres relatos de Madia leva!: <em>Ve\u00f1a merenghe!<\/em> <em>A mi\u00f1a amiga<\/em> <em>Moita, moita, polic\u00eda<\/em> <\/a><\/p>\n","protected":false},"excerpt":{"rendered":"<p>El nuevo libro de relatos de Ant\u00f3n Grande<br \/>\nIlustrado por Quique Bordell<\/p>\n<p>&nbsp;<\/p>\n<p>Medidas: 14 x 21 cms<br \/>\nP\u00e1gs: 135<br \/>\nIdioma: Gallego<br \/>\nISBN: 978-84-89323-16-2<br \/>\nEncuadernaci\u00f3n: Tapa blanda plastificada, con solapas.<\/p>\n<p>&nbsp;<\/p>\n<p>Treinta historias cotidianas que de repente se asombran ante lo inesperado. Desde las tabernas de Lugo hasta los cielos imposibles de Nueva York. Ant\u00f3n Grande transita por paisajes y gentes de su entorno vital y crea un universo breve, fragmentado y relativo, o sea, narra lo que podr\u00eda ser nuestro propio existir. Al lado de la prosa emergen, poderosas, las ilustraciones siempre a contracorriente de Quique Bordell. \u00abAnt\u00f3n Grande es un autor para leer hacia la noche -afirma Xos\u00e9 de Cora en su introducci\u00f3n-; dir\u00eda m\u00e1s, es un autor para leer en un establecimiento p\u00fablico, al lado de un vaso de vino, esperando la llegada del amigo, de la amada o de ese nadie que jam\u00e1s llega\u00bb.<\/p>\n","protected":false},"featured_media":9595,"comment_status":"closed","ping_status":"closed","template":"","meta":[],"product_brand":[],"product_cat":[106],"product_tag":[],"class_list":{"0":"post-2747","1":"product","2":"type-product","3":"status-publish","4":"has-post-thumbnail","6":"product_author-anton-grande-es","7":"product_cat-libros-do-sarela-es","9":"first","10":"instock","11":"taxable","12":"shipping-taxable","13":"purchasable","14":"product-type-simple"},"yoast_head":"<!-- This site is optimized with the Yoast SEO plugin v27.3 - https:\/\/yoast.com\/product\/yoast-seo-wordpress\/ -->\n<title>MADIA LEVA! - Alvarellos Editora<\/title>\n<meta name=\"description\" content=\"MADIA LEVA!. C\u00f3mprao na tenda en li\u00f1a de Alvarellos Editora.\" \/>\n<meta name=\"robots\" content=\"index, follow, max-snippet:-1, max-image-preview:large, max-video-preview:-1\" \/>\n<link rel=\"canonical\" href=\"https:\/\/alvarelloseditora.gal\/es\/libro\/madia-leva\/\" \/>\n<meta property=\"og:locale\" content=\"es_ES\" \/>\n<meta property=\"og:type\" content=\"article\" \/>\n<meta property=\"og:title\" content=\"MADIA LEVA! - Alvarellos Editora\" \/>\n<meta property=\"og:description\" content=\"MADIA LEVA!. C\u00f3mprao na tenda en li\u00f1a de Alvarellos Editora.\" \/>\n<meta property=\"og:url\" content=\"https:\/\/alvarelloseditora.gal\/es\/libro\/madia-leva\/\" \/>\n<meta property=\"og:site_name\" content=\"Alvarellos Editora\" \/>\n<meta property=\"article:publisher\" content=\"https:\/\/www.facebook.com\/alvarelloseditora\" \/>\n<meta property=\"article:modified_time\" content=\"2021-06-23T10:40:01+00:00\" \/>\n<meta property=\"og:image\" content=\"https:\/\/alvarelloseditora.gal\/wp-content\/uploads\/2019\/12\/Madia-Leva_0001-1.jpg\" \/>\n\t<meta property=\"og:image:width\" content=\"1091\" \/>\n\t<meta property=\"og:image:height\" content=\"1637\" \/>\n\t<meta property=\"og:image:type\" content=\"image\/jpeg\" \/>\n<meta name=\"twitter:card\" content=\"summary_large_image\" \/>\n<meta name=\"twitter:site\" content=\"@alvarellos_ed\" \/>\n<!-- \/ Yoast SEO plugin. -->","yoast_head_json":{"title":"MADIA LEVA! - Alvarellos Editora","description":"MADIA LEVA!. C\u00f3mprao na tenda en li\u00f1a de Alvarellos Editora.","robots":{"index":"index","follow":"follow","max-snippet":"max-snippet:-1","max-image-preview":"max-image-preview:large","max-video-preview":"max-video-preview:-1"},"canonical":"https:\/\/alvarelloseditora.gal\/es\/libro\/madia-leva\/","og_locale":"es_ES","og_type":"article","og_title":"MADIA LEVA! - Alvarellos Editora","og_description":"MADIA LEVA!. C\u00f3mprao na tenda en li\u00f1a de Alvarellos Editora.","og_url":"https:\/\/alvarelloseditora.gal\/es\/libro\/madia-leva\/","og_site_name":"Alvarellos Editora","article_publisher":"https:\/\/www.facebook.com\/alvarelloseditora","article_modified_time":"2021-06-23T10:40:01+00:00","og_image":[{"width":1091,"height":1637,"url":"https:\/\/alvarelloseditora.gal\/wp-content\/uploads\/2019\/12\/Madia-Leva_0001-1.jpg","type":"image\/jpeg"}],"twitter_card":"summary_large_image","twitter_site":"@alvarellos_ed","schema":{"@context":"https:\/\/schema.org","@graph":[{"@type":["WebPage","ItemPage"],"@id":"https:\/\/alvarelloseditora.gal\/es\/libro\/madia-leva\/","url":"https:\/\/alvarelloseditora.gal\/es\/libro\/madia-leva\/","name":"MADIA LEVA! - Alvarellos Editora","isPartOf":{"@id":"https:\/\/alvarelloseditora.gal\/#website"},"primaryImageOfPage":{"@id":"https:\/\/alvarelloseditora.gal\/es\/libro\/madia-leva\/#primaryimage"},"image":{"@id":"https:\/\/alvarelloseditora.gal\/es\/libro\/madia-leva\/#primaryimage"},"thumbnailUrl":"https:\/\/alvarelloseditora.gal\/wp-content\/uploads\/2019\/12\/Madia-Leva_0001-1.jpg","datePublished":"2019-12-27T14:01:50+00:00","dateModified":"2021-06-23T10:40:01+00:00","description":"MADIA LEVA!. C\u00f3mprao na tenda en li\u00f1a de Alvarellos Editora.","breadcrumb":{"@id":"https:\/\/alvarelloseditora.gal\/es\/libro\/madia-leva\/#breadcrumb"},"inLanguage":"es","potentialAction":[{"@type":"ReadAction","target":["https:\/\/alvarelloseditora.gal\/es\/libro\/madia-leva\/"]}]},{"@type":"ImageObject","inLanguage":"es","@id":"https:\/\/alvarelloseditora.gal\/es\/libro\/madia-leva\/#primaryimage","url":"https:\/\/alvarelloseditora.gal\/wp-content\/uploads\/2019\/12\/Madia-Leva_0001-1.jpg","contentUrl":"https:\/\/alvarelloseditora.gal\/wp-content\/uploads\/2019\/12\/Madia-Leva_0001-1.jpg","width":1091,"height":1637},{"@type":"BreadcrumbList","@id":"https:\/\/alvarelloseditora.gal\/es\/libro\/madia-leva\/#breadcrumb","itemListElement":[{"@type":"ListItem","position":1,"name":"Portada","item":"https:\/\/alvarelloseditora.gal\/"},{"@type":"ListItem","position":2,"name":"Tienda","item":"https:\/\/alvarelloseditora.gal\/es\/tienda\/"},{"@type":"ListItem","position":3,"name":"MADIA LEVA!"}]},{"@type":"WebSite","@id":"https:\/\/alvarelloseditora.gal\/#website","url":"https:\/\/alvarelloseditora.gal\/","name":"Alvarellos Editora","description":"Libros para un mundo en tr\u00e1nsito","publisher":{"@id":"https:\/\/alvarelloseditora.gal\/#organization"},"potentialAction":[{"@type":"SearchAction","target":{"@type":"EntryPoint","urlTemplate":"https:\/\/alvarelloseditora.gal\/?s={search_term_string}"},"query-input":{"@type":"PropertyValueSpecification","valueRequired":true,"valueName":"search_term_string"}}],"inLanguage":"es"},{"@type":"Organization","@id":"https:\/\/alvarelloseditora.gal\/#organization","name":"Alvarellos Editora","url":"https:\/\/alvarelloseditora.gal\/","logo":{"@type":"ImageObject","inLanguage":"es","@id":"https:\/\/alvarelloseditora.gal\/#\/schema\/logo\/image\/","url":"https:\/\/alvarelloseditora.gal\/wp-content\/uploads\/2020\/02\/alv-icon.png","contentUrl":"https:\/\/alvarelloseditora.gal\/wp-content\/uploads\/2020\/02\/alv-icon.png","width":177,"height":175,"caption":"Alvarellos Editora"},"image":{"@id":"https:\/\/alvarelloseditora.gal\/#\/schema\/logo\/image\/"},"sameAs":["https:\/\/www.facebook.com\/alvarelloseditora","https:\/\/x.com\/alvarellos_ed"]}]}},"_links":{"self":[{"href":"https:\/\/alvarelloseditora.gal\/es\/wp-json\/wp\/v2\/product\/2747","targetHints":{"allow":["GET"]}}],"collection":[{"href":"https:\/\/alvarelloseditora.gal\/es\/wp-json\/wp\/v2\/product"}],"about":[{"href":"https:\/\/alvarelloseditora.gal\/es\/wp-json\/wp\/v2\/types\/product"}],"replies":[{"embeddable":true,"href":"https:\/\/alvarelloseditora.gal\/es\/wp-json\/wp\/v2\/comments?post=2747"}],"wp:featuredmedia":[{"embeddable":true,"href":"https:\/\/alvarelloseditora.gal\/es\/wp-json\/wp\/v2\/media\/9595"}],"wp:attachment":[{"href":"https:\/\/alvarelloseditora.gal\/es\/wp-json\/wp\/v2\/media?parent=2747"}],"wp:term":[{"taxonomy":"product_brand","embeddable":true,"href":"https:\/\/alvarelloseditora.gal\/es\/wp-json\/wp\/v2\/product_brand?post=2747"},{"taxonomy":"product_cat","embeddable":true,"href":"https:\/\/alvarelloseditora.gal\/es\/wp-json\/wp\/v2\/product_cat?post=2747"},{"taxonomy":"product_tag","embeddable":true,"href":"https:\/\/alvarelloseditora.gal\/es\/wp-json\/wp\/v2\/product_tag?post=2747"}],"curies":[{"name":"wp","href":"https:\/\/api.w.org\/{rel}","templated":true}]}}