{"id":2746,"date":"2019-12-27T13:39:34","date_gmt":"2019-12-27T14:01:50","guid":{"rendered":"https:\/\/nueva.alvarellos.info\/product\/alvarellos-30-anos-de-edicion-en-galicia\/"},"modified":"2021-06-25T13:02:21","modified_gmt":"2021-06-25T11:02:21","slug":"alvarellos-30-anos-de-edicion-en-galicia","status":"publish","type":"product","link":"https:\/\/alvarelloseditora.gal\/es\/libro\/alvarellos-30-anos-de-edicion-en-galicia\/","title":{"rendered":"ALVARELLOS: 30 ANOS DE EDICI\u00d3N EN GALICIA"},"content":{"rendered":"","protected":false},"excerpt":{"rendered":"<p>Treinta autores alrededor del libro y de la edici\u00f3n en Galicia. Un homenaje al fundador de Alvarellos Editora, Enrique Alvarellos Iglesias.<br \/>\nP\u00e1ginas: 148<br \/>\nMedidas: 20x 19<br \/>\nIdioma: gallego<br \/>\nPrimera edici\u00f3n: mayo 2007<br \/>\nISBN: 978\u201384\u201389323\u201314\u20138<br \/>\nIlustraciones: Galer\u00eda gr\u00e1fica con fotos, documentos y recortes de prensa desde 1977 a 2007.<br \/>\nIntroducci\u00f3n: \u00abNotas para una historia del libro en Galicia\u00bb, por Henrique Alvarellos Casas.<\/p>\n<p>&nbsp;<\/p>\n<p>Volumen conmemorativo de los treinta a\u00f1os de existencia de una de las editoriales m\u00e1s veteranas del pa\u00eds: Alvarellos Editora. Empresa familiar e independiente creada en Lugo por Enrique Alvarellos Iglesias (1931-2004) en mayo de 1977. Treinta y tres autores \u2013escritores, periodistas, editores, libreros, profesores, promotores culturales, etc\u2013 reflexionan en esta obra sobre el libro gallego y el mundo de la edici\u00f3n en Galicia desde la Transici\u00f3n hasta hoy, y homenajean, a un tiempo, la figura irrepetible del fundador de Alvarellos Editora. El libro cuenta as\u00ed mismo con el estudio introductorio \u201cNotas para una historia del libro en Galicia, 1966-2007\u201d, donde el actual editor de la empresa, Henrique Alvarellos Casas, lleva a cabo un recorrido cronol\u00f3gico sobre los hechos m\u00e1s salientables de este proyecto editorial. Finalmente, una galer\u00eda gr\u00e1fica muestra, en fotograf\u00edas, recortes de prensa y documentaci\u00f3n varia, la gestaci\u00f3n de esta empresa y sus treinta primeros a\u00f1os de vida. LOS AUTORES Participan en esta publicaci\u00f3n (por orden alfab\u00e9tica): Adolfo de Abel Vilela, historiador Xavier Alcal\u00e1, escritor Xes\u00fas Alonso Montero, catedr\u00e1tico em\u00e9rito de Literatura Galega, ensay\u00edsta y pol\u00edgrafo Jos\u00e9 Alonso S\u00e1nchez, periodista de El Progreso Henrique Alvarellos Casas, editor y periodista Lu\u00eds \u00c1lvarez Pousa, periodista y profesor de Periodismo en la USC Xos\u00e9 Ram\u00f3n Barreiro, presidente de la Real Academia Galega da Lingua Manuel Bragado, editor de Edici\u00f3ns Xerais de Galicia \u00c1nxela Bugallo, conselleira de Cultura e Deporte da Xunta de Galicia Tucho Calvo, director de Biblos Clube de Lectores y redactor jefe de La Voz de Galicia To\u00f1o Castro, magistrado Xaime Corral, presidente de la Federaci\u00f3n de Libreiros de Galicia Jes\u00fas Couceiro, librero Isaac D\u00edaz Pardo, editor, artista y refundador de Sargadelos Afonso Eir\u00e9, director del semanario A Nosa Terra Miguel Anxo Fern\u00e1n Vello, director de Edici\u00f3ns Espiral Maior y poeta Francisco Fern\u00e1ndez del Riego, co-fundador de la Editorial Galaxia Xes\u00fas Fraga, escritor y periodista de La Voz de Galicia Xos\u00e9 Mar\u00eda G. Palmeiro, periodista Alfonso G. Sanmart\u00edn, presidente de la Asociaci\u00f3n Galega de Editores Bieito Ledo, editor de Ir Indo Ant\u00f3n Mascato, director adjunto de Nova Galicia Edici\u00f3ns Jos\u00e9 L\u00f3pez Orozco, alcalde de Lugo Xes\u00fas Mato, cura rural Lu\u00eds P\u00e9rez, periodista y redactor jefe de El Correo Gallego Xos\u00e9 Ant\u00f3n Perozo, escritor y periodista Olivia Rodr\u00edguez, profesora de Teor\u00eda da Literatura da Universidade da Coru\u00f1a Xos\u00e9 S\u00e1nchez Bugallo, alcalde de Santiago de Compostela Xavier Sen\u00edn, periodista y subdirector general de Cultura de la Xunta de Galicia entre 1987 y 2006 Anxo Tarr\u00edo, catedr\u00e1tico de Filolox\u00edas Galega e Portuguesa da USC Marcos Valc\u00e1rcel, catedr\u00e1tico de Lingua e Literatura Galegas e historiador Armando V\u00e1zquez Crespo, escritor y periodista Ram\u00f3n Villares, presidente do Consello da Cultura Galega \u00bb Intervenci\u00f3n del editor Henrique Alvarellos Casas en el acto del 30 aniversario de la editorial (Lugo, 13 de noviembre de 2007)<\/p>\n","protected":false},"featured_media":9640,"comment_status":"closed","ping_status":"closed","template":"","meta":[],"product_brand":[],"product_cat":[109],"product_tag":[],"class_list":{"0":"post-2746","1":"product","2":"type-product","3":"status-publish","4":"has-post-thumbnail","6":"product_author-henrique-alvarellos-casas-es","7":"product_cat-varia-es","9":"first","10":"instock","11":"taxable","12":"shipping-taxable","13":"purchasable","14":"product-type-simple"},"yoast_head":"<!-- This site is optimized with the Yoast SEO plugin v27.3 - https:\/\/yoast.com\/product\/yoast-seo-wordpress\/ -->\n<title>ALVARELLOS: 30 ANOS DE EDICI\u00d3N EN GALICIA - Alvarellos Editora<\/title>\n<meta name=\"description\" content=\"ALVARELLOS: 30 ANOS DE EDICI\u00d3N EN GALICIA. C\u00f3mprao na tenda en li\u00f1a de Alvarellos Editora.\" \/>\n<meta name=\"robots\" content=\"index, follow, max-snippet:-1, max-image-preview:large, max-video-preview:-1\" \/>\n<link rel=\"canonical\" href=\"https:\/\/alvarelloseditora.gal\/es\/libro\/alvarellos-30-anos-de-edicion-en-galicia\/\" \/>\n<meta property=\"og:locale\" content=\"es_ES\" \/>\n<meta property=\"og:type\" content=\"article\" \/>\n<meta property=\"og:title\" content=\"ALVARELLOS: 30 ANOS DE EDICI\u00d3N EN GALICIA - Alvarellos Editora\" \/>\n<meta property=\"og:description\" content=\"ALVARELLOS: 30 ANOS DE EDICI\u00d3N EN GALICIA. C\u00f3mprao na tenda en li\u00f1a de Alvarellos Editora.\" \/>\n<meta property=\"og:url\" content=\"https:\/\/alvarelloseditora.gal\/es\/libro\/alvarellos-30-anos-de-edicion-en-galicia\/\" \/>\n<meta property=\"og:site_name\" content=\"Alvarellos Editora\" \/>\n<meta property=\"article:publisher\" content=\"https:\/\/www.facebook.com\/alvarelloseditora\" \/>\n<meta property=\"article:modified_time\" content=\"2021-06-25T11:02:21+00:00\" \/>\n<meta property=\"og:image\" content=\"https:\/\/alvarelloseditora.gal\/wp-content\/uploads\/2019\/12\/Alvarellos-30-anos-1.jpg\" \/>\n\t<meta property=\"og:image:width\" content=\"1576\" \/>\n\t<meta property=\"og:image:height\" content=\"1494\" \/>\n\t<meta property=\"og:image:type\" content=\"image\/jpeg\" \/>\n<meta name=\"twitter:card\" content=\"summary_large_image\" \/>\n<meta name=\"twitter:site\" content=\"@alvarellos_ed\" \/>\n<!-- \/ Yoast SEO plugin. -->","yoast_head_json":{"title":"ALVARELLOS: 30 ANOS DE EDICI\u00d3N EN GALICIA - Alvarellos Editora","description":"ALVARELLOS: 30 ANOS DE EDICI\u00d3N EN GALICIA. C\u00f3mprao na tenda en li\u00f1a de Alvarellos Editora.","robots":{"index":"index","follow":"follow","max-snippet":"max-snippet:-1","max-image-preview":"max-image-preview:large","max-video-preview":"max-video-preview:-1"},"canonical":"https:\/\/alvarelloseditora.gal\/es\/libro\/alvarellos-30-anos-de-edicion-en-galicia\/","og_locale":"es_ES","og_type":"article","og_title":"ALVARELLOS: 30 ANOS DE EDICI\u00d3N EN GALICIA - Alvarellos Editora","og_description":"ALVARELLOS: 30 ANOS DE EDICI\u00d3N EN GALICIA. C\u00f3mprao na tenda en li\u00f1a de Alvarellos Editora.","og_url":"https:\/\/alvarelloseditora.gal\/es\/libro\/alvarellos-30-anos-de-edicion-en-galicia\/","og_site_name":"Alvarellos Editora","article_publisher":"https:\/\/www.facebook.com\/alvarelloseditora","article_modified_time":"2021-06-25T11:02:21+00:00","og_image":[{"width":1576,"height":1494,"url":"https:\/\/alvarelloseditora.gal\/wp-content\/uploads\/2019\/12\/Alvarellos-30-anos-1.jpg","type":"image\/jpeg"}],"twitter_card":"summary_large_image","twitter_site":"@alvarellos_ed","schema":{"@context":"https:\/\/schema.org","@graph":[{"@type":["WebPage","ItemPage"],"@id":"https:\/\/alvarelloseditora.gal\/es\/libro\/alvarellos-30-anos-de-edicion-en-galicia\/","url":"https:\/\/alvarelloseditora.gal\/es\/libro\/alvarellos-30-anos-de-edicion-en-galicia\/","name":"ALVARELLOS: 30 ANOS DE EDICI\u00d3N EN GALICIA - Alvarellos Editora","isPartOf":{"@id":"https:\/\/alvarelloseditora.gal\/#website"},"primaryImageOfPage":{"@id":"https:\/\/alvarelloseditora.gal\/es\/libro\/alvarellos-30-anos-de-edicion-en-galicia\/#primaryimage"},"image":{"@id":"https:\/\/alvarelloseditora.gal\/es\/libro\/alvarellos-30-anos-de-edicion-en-galicia\/#primaryimage"},"thumbnailUrl":"https:\/\/alvarelloseditora.gal\/wp-content\/uploads\/2019\/12\/Alvarellos-30-anos-1.jpg","datePublished":"2019-12-27T14:01:50+00:00","dateModified":"2021-06-25T11:02:21+00:00","description":"ALVARELLOS: 30 ANOS DE EDICI\u00d3N EN GALICIA. C\u00f3mprao na tenda en li\u00f1a de Alvarellos Editora.","breadcrumb":{"@id":"https:\/\/alvarelloseditora.gal\/es\/libro\/alvarellos-30-anos-de-edicion-en-galicia\/#breadcrumb"},"inLanguage":"es","potentialAction":[{"@type":"ReadAction","target":["https:\/\/alvarelloseditora.gal\/es\/libro\/alvarellos-30-anos-de-edicion-en-galicia\/"]}]},{"@type":"ImageObject","inLanguage":"es","@id":"https:\/\/alvarelloseditora.gal\/es\/libro\/alvarellos-30-anos-de-edicion-en-galicia\/#primaryimage","url":"https:\/\/alvarelloseditora.gal\/wp-content\/uploads\/2019\/12\/Alvarellos-30-anos-1.jpg","contentUrl":"https:\/\/alvarelloseditora.gal\/wp-content\/uploads\/2019\/12\/Alvarellos-30-anos-1.jpg","width":1576,"height":1494},{"@type":"BreadcrumbList","@id":"https:\/\/alvarelloseditora.gal\/es\/libro\/alvarellos-30-anos-de-edicion-en-galicia\/#breadcrumb","itemListElement":[{"@type":"ListItem","position":1,"name":"Portada","item":"https:\/\/alvarelloseditora.gal\/"},{"@type":"ListItem","position":2,"name":"Tienda","item":"https:\/\/alvarelloseditora.gal\/es\/tienda\/"},{"@type":"ListItem","position":3,"name":"ALVARELLOS: 30 ANOS DE EDICI\u00d3N EN GALICIA"}]},{"@type":"WebSite","@id":"https:\/\/alvarelloseditora.gal\/#website","url":"https:\/\/alvarelloseditora.gal\/","name":"Alvarellos Editora","description":"Libros para un mundo en tr\u00e1nsito","publisher":{"@id":"https:\/\/alvarelloseditora.gal\/#organization"},"potentialAction":[{"@type":"SearchAction","target":{"@type":"EntryPoint","urlTemplate":"https:\/\/alvarelloseditora.gal\/?s={search_term_string}"},"query-input":{"@type":"PropertyValueSpecification","valueRequired":true,"valueName":"search_term_string"}}],"inLanguage":"es"},{"@type":"Organization","@id":"https:\/\/alvarelloseditora.gal\/#organization","name":"Alvarellos Editora","url":"https:\/\/alvarelloseditora.gal\/","logo":{"@type":"ImageObject","inLanguage":"es","@id":"https:\/\/alvarelloseditora.gal\/#\/schema\/logo\/image\/","url":"https:\/\/alvarelloseditora.gal\/wp-content\/uploads\/2020\/02\/alv-icon.png","contentUrl":"https:\/\/alvarelloseditora.gal\/wp-content\/uploads\/2020\/02\/alv-icon.png","width":177,"height":175,"caption":"Alvarellos Editora"},"image":{"@id":"https:\/\/alvarelloseditora.gal\/#\/schema\/logo\/image\/"},"sameAs":["https:\/\/www.facebook.com\/alvarelloseditora","https:\/\/x.com\/alvarellos_ed"]}]}},"_links":{"self":[{"href":"https:\/\/alvarelloseditora.gal\/es\/wp-json\/wp\/v2\/product\/2746","targetHints":{"allow":["GET"]}}],"collection":[{"href":"https:\/\/alvarelloseditora.gal\/es\/wp-json\/wp\/v2\/product"}],"about":[{"href":"https:\/\/alvarelloseditora.gal\/es\/wp-json\/wp\/v2\/types\/product"}],"replies":[{"embeddable":true,"href":"https:\/\/alvarelloseditora.gal\/es\/wp-json\/wp\/v2\/comments?post=2746"}],"wp:featuredmedia":[{"embeddable":true,"href":"https:\/\/alvarelloseditora.gal\/es\/wp-json\/wp\/v2\/media\/9640"}],"wp:attachment":[{"href":"https:\/\/alvarelloseditora.gal\/es\/wp-json\/wp\/v2\/media?parent=2746"}],"wp:term":[{"taxonomy":"product_brand","embeddable":true,"href":"https:\/\/alvarelloseditora.gal\/es\/wp-json\/wp\/v2\/product_brand?post=2746"},{"taxonomy":"product_cat","embeddable":true,"href":"https:\/\/alvarelloseditora.gal\/es\/wp-json\/wp\/v2\/product_cat?post=2746"},{"taxonomy":"product_tag","embeddable":true,"href":"https:\/\/alvarelloseditora.gal\/es\/wp-json\/wp\/v2\/product_tag?post=2746"}],"curies":[{"name":"wp","href":"https:\/\/api.w.org\/{rel}","templated":true}]}}