{"id":2745,"date":"2019-12-27T13:39:34","date_gmt":"2019-12-27T14:01:50","guid":{"rendered":"https:\/\/nueva.alvarellos.info\/product\/mas-alla-del-tiempo\/"},"modified":"2021-06-22T14:50:50","modified_gmt":"2021-06-22T12:50:50","slug":"mas-alla-del-tiempo","status":"publish","type":"product","link":"https:\/\/alvarelloseditora.gal\/es\/libro\/mas-alla-del-tiempo\/","title":{"rendered":"M\u00c1S ALL\u00c1 DEL TIEMPO"},"content":{"rendered":"<p>&nbsp;<\/p>\n<p><a class=\"mini\" href=\"https:\/\/alvarelloseditora.gal\/wp-content\/uploads\/eventos\/MasAllaDelTiempo_Mecanoscrito.pdf\" target=\"_blank\" rel=\"noopener noreferrer\">Foto del mecanoscrito original<\/a><\/p>\n<p><a class=\"mini\" href=\"https:\/\/alvarelloseditora.gal\/wp-content\/uploads\/eventos\/MasAllaDelTiempo_textos.pdf\" target=\"_blank\" rel=\"noopener noreferrer\">Fragmentos de <b><i>\u00abM\u00e1s all\u00e1 del tiempo\u00bb:<\/i><\/b><\/a><\/p>\n<p>\u00abLa ma\u00f1ana es n\u00e1ufrago\u00bb (poema)<br \/>\n\u00abA mi regreso\u00bb (relato)<br \/>\n\u00abCaurel\u00bb (poema)<br \/>\n\u00abM\u00e1s all\u00e1 del tiempo\u00bb (poema)<\/p>\n<hr \/>\n<p><a href=\"https:\/\/alvarelloseditora.gal\/wp-content\/uploads\/prensa\/MasAllaDelTiempo_ElCorreoGallego13042007.pdf\" target=\"_blank\" rel=\"noopener noreferrer\">El Correo Gallego, 13\/04\/2007<\/a><\/p>\n<p><a href=\"https:\/\/alvarelloseditora.gal\/wp-content\/uploads\/prensa\/MasAllaDelTiempo_ElPais15022007.pdf\" target=\"_blank\" rel=\"noopener noreferrer\">El Pa\u00eds, 15\/02\/2007<\/a><\/p>\n<p><a href=\"https:\/\/alvarelloseditora.gal\/wp-content\/uploads\/prensa\/MasAllaDelTiempo_LaVozDeGalicia14022007.pdf\" target=\"_blank\" rel=\"noopener noreferrer\">La Voz de Galicia, 14\/02\/2007<\/a><\/p>\n<hr \/>\n<hr \/>\n","protected":false},"excerpt":{"rendered":"<p>El libro in\u00e9dito de 1965<\/p>\n<p>&nbsp;<\/p>\n<p>N\u00ba p\u00e1ginas: 180<br \/>\nMedidas: 14 x 21 cms<br \/>\nIdioma: castellano.<br \/>\nPrimera edici\u00f3n: Marzo 2007<br \/>\nISBN: 978-84\u201389323\u201315\u20135<br \/>\nEncuadernaci\u00f3n: carton\u00e9.<br \/>\nIlustraciones: Galer\u00eda gr\u00e1fica con material poco conocido o in\u00e9dito (epistolario, mecanoscritos, fotograf\u00edas\u2026) relativo a la gestaci\u00f3n de esta obra.<br \/>\nIntroducci\u00f3n: Helena Gonz\u00e1lez<\/p>\n<p>&nbsp;<\/p>\n<p>[Letras Galegas 2007]<\/p>\n<p>M\u00e1s all\u00e1 del tiempo es el libro in\u00e9dito que Mar\u00eda Mari\u00f1o (Noia, 1907\u2013Parada do Courel, 1967) concluy\u00f3 en 1965 y que permaneci\u00f3 ilocalizable durante m\u00e1s de cuarenta a\u00f1os. Apareci\u00f3 en 2007, el a\u00f1o en que Las Letras Galegas homenajean a esta enigm\u00e1tica escritora.<\/p>\n<p>Estamos ante el primer libro preparado y ordenado directamente por Mar\u00eda Mari\u00f1o. M\u00e1s all\u00e1 del tiempo permite despejar todas las inc\u00f3gnitas y recomponer a fondo su obra.<\/p>\n<p>Adem\u00e1s de poeta, descubrimos que era una narradora original, consciente e insumisa, con influencia de los movimientos de vanguardia y reveladoras composiciones on\u00edricas. Buena parte del libro se asemeja a un relato autobiogr\u00e1fico, que se completa con la hasta ahora desconocida poes\u00eda infantil.<\/p>\n<p>M\u00e1s all\u00e1 del tiempo es la pieza clave para entender su obra gallega.<\/p>\n<p>Esta edici\u00f3n cuenta con un amplio y documentado estudio introductorio a cargo de la profesora de la Universitat de Barcelona, Helena Gonz\u00e1lez, responsable tambi\u00e9n de la edici\u00f3n del texto.<\/p>\n","protected":false},"featured_media":8912,"comment_status":"closed","ping_status":"closed","template":"","meta":[],"product_brand":[],"product_cat":[111],"product_tag":[],"class_list":{"0":"post-2745","1":"product","2":"type-product","3":"status-publish","4":"has-post-thumbnail","6":"product_author-maria-marino-es","7":"product_cat-coleccion-rescate-es","9":"first","10":"instock","11":"taxable","12":"shipping-taxable","13":"purchasable","14":"product-type-simple"},"yoast_head":"<!-- This site is optimized with the Yoast SEO plugin v27.3 - https:\/\/yoast.com\/product\/yoast-seo-wordpress\/ -->\n<title>M\u00c1S ALL\u00c1 DEL TIEMPO - Alvarellos Editora<\/title>\n<meta name=\"description\" content=\"M\u00c1S ALL\u00c1 DEL TIEMPO. C\u00f3mprao na tenda en li\u00f1a de Alvarellos Editora.\" \/>\n<meta name=\"robots\" content=\"index, follow, max-snippet:-1, max-image-preview:large, max-video-preview:-1\" \/>\n<link rel=\"canonical\" href=\"https:\/\/alvarelloseditora.gal\/es\/libro\/mas-alla-del-tiempo\/\" \/>\n<meta property=\"og:locale\" content=\"es_ES\" \/>\n<meta property=\"og:type\" content=\"article\" \/>\n<meta property=\"og:title\" content=\"M\u00c1S ALL\u00c1 DEL TIEMPO - Alvarellos Editora\" \/>\n<meta property=\"og:description\" content=\"M\u00c1S ALL\u00c1 DEL TIEMPO. C\u00f3mprao na tenda en li\u00f1a de Alvarellos Editora.\" \/>\n<meta property=\"og:url\" content=\"https:\/\/alvarelloseditora.gal\/es\/libro\/mas-alla-del-tiempo\/\" \/>\n<meta property=\"og:site_name\" content=\"Alvarellos Editora\" \/>\n<meta property=\"article:publisher\" content=\"https:\/\/www.facebook.com\/alvarelloseditora\" \/>\n<meta property=\"article:modified_time\" content=\"2021-06-22T12:50:50+00:00\" \/>\n<meta property=\"og:image\" content=\"https:\/\/alvarelloseditora.gal\/wp-content\/uploads\/2019\/12\/66.jpg\" \/>\n\t<meta property=\"og:image:width\" content=\"432\" \/>\n\t<meta property=\"og:image:height\" content=\"612\" \/>\n\t<meta property=\"og:image:type\" content=\"image\/jpeg\" \/>\n<meta name=\"twitter:card\" content=\"summary_large_image\" \/>\n<meta name=\"twitter:site\" content=\"@alvarellos_ed\" \/>\n<!-- \/ Yoast SEO plugin. -->","yoast_head_json":{"title":"M\u00c1S ALL\u00c1 DEL TIEMPO - Alvarellos Editora","description":"M\u00c1S ALL\u00c1 DEL TIEMPO. C\u00f3mprao na tenda en li\u00f1a de Alvarellos Editora.","robots":{"index":"index","follow":"follow","max-snippet":"max-snippet:-1","max-image-preview":"max-image-preview:large","max-video-preview":"max-video-preview:-1"},"canonical":"https:\/\/alvarelloseditora.gal\/es\/libro\/mas-alla-del-tiempo\/","og_locale":"es_ES","og_type":"article","og_title":"M\u00c1S ALL\u00c1 DEL TIEMPO - Alvarellos Editora","og_description":"M\u00c1S ALL\u00c1 DEL TIEMPO. C\u00f3mprao na tenda en li\u00f1a de Alvarellos Editora.","og_url":"https:\/\/alvarelloseditora.gal\/es\/libro\/mas-alla-del-tiempo\/","og_site_name":"Alvarellos Editora","article_publisher":"https:\/\/www.facebook.com\/alvarelloseditora","article_modified_time":"2021-06-22T12:50:50+00:00","og_image":[{"width":432,"height":612,"url":"https:\/\/alvarelloseditora.gal\/wp-content\/uploads\/2019\/12\/66.jpg","type":"image\/jpeg"}],"twitter_card":"summary_large_image","twitter_site":"@alvarellos_ed","schema":{"@context":"https:\/\/schema.org","@graph":[{"@type":["WebPage","ItemPage"],"@id":"https:\/\/alvarelloseditora.gal\/es\/libro\/mas-alla-del-tiempo\/","url":"https:\/\/alvarelloseditora.gal\/es\/libro\/mas-alla-del-tiempo\/","name":"M\u00c1S ALL\u00c1 DEL TIEMPO - Alvarellos Editora","isPartOf":{"@id":"https:\/\/alvarelloseditora.gal\/#website"},"primaryImageOfPage":{"@id":"https:\/\/alvarelloseditora.gal\/es\/libro\/mas-alla-del-tiempo\/#primaryimage"},"image":{"@id":"https:\/\/alvarelloseditora.gal\/es\/libro\/mas-alla-del-tiempo\/#primaryimage"},"thumbnailUrl":"https:\/\/alvarelloseditora.gal\/wp-content\/uploads\/2019\/12\/Mas-alla-del-tiempo-alvarellos-ed.jpg","datePublished":"2019-12-27T14:01:50+00:00","dateModified":"2021-06-22T12:50:50+00:00","description":"M\u00c1S ALL\u00c1 DEL TIEMPO. C\u00f3mprao na tenda en li\u00f1a de Alvarellos Editora.","breadcrumb":{"@id":"https:\/\/alvarelloseditora.gal\/es\/libro\/mas-alla-del-tiempo\/#breadcrumb"},"inLanguage":"es","potentialAction":[{"@type":"ReadAction","target":["https:\/\/alvarelloseditora.gal\/es\/libro\/mas-alla-del-tiempo\/"]}]},{"@type":"ImageObject","inLanguage":"es","@id":"https:\/\/alvarelloseditora.gal\/es\/libro\/mas-alla-del-tiempo\/#primaryimage","url":"https:\/\/alvarelloseditora.gal\/wp-content\/uploads\/2019\/12\/Mas-alla-del-tiempo-alvarellos-ed.jpg","contentUrl":"https:\/\/alvarelloseditora.gal\/wp-content\/uploads\/2019\/12\/Mas-alla-del-tiempo-alvarellos-ed.jpg","width":956,"height":1539},{"@type":"BreadcrumbList","@id":"https:\/\/alvarelloseditora.gal\/es\/libro\/mas-alla-del-tiempo\/#breadcrumb","itemListElement":[{"@type":"ListItem","position":1,"name":"Portada","item":"https:\/\/alvarelloseditora.gal\/"},{"@type":"ListItem","position":2,"name":"Tienda","item":"https:\/\/alvarelloseditora.gal\/es\/tienda\/"},{"@type":"ListItem","position":3,"name":"M\u00c1S ALL\u00c1 DEL TIEMPO"}]},{"@type":"WebSite","@id":"https:\/\/alvarelloseditora.gal\/#website","url":"https:\/\/alvarelloseditora.gal\/","name":"Alvarellos Editora","description":"Libros para un mundo en tr\u00e1nsito","publisher":{"@id":"https:\/\/alvarelloseditora.gal\/#organization"},"potentialAction":[{"@type":"SearchAction","target":{"@type":"EntryPoint","urlTemplate":"https:\/\/alvarelloseditora.gal\/?s={search_term_string}"},"query-input":{"@type":"PropertyValueSpecification","valueRequired":true,"valueName":"search_term_string"}}],"inLanguage":"es"},{"@type":"Organization","@id":"https:\/\/alvarelloseditora.gal\/#organization","name":"Alvarellos Editora","url":"https:\/\/alvarelloseditora.gal\/","logo":{"@type":"ImageObject","inLanguage":"es","@id":"https:\/\/alvarelloseditora.gal\/#\/schema\/logo\/image\/","url":"https:\/\/alvarelloseditora.gal\/wp-content\/uploads\/2020\/02\/alv-icon.png","contentUrl":"https:\/\/alvarelloseditora.gal\/wp-content\/uploads\/2020\/02\/alv-icon.png","width":177,"height":175,"caption":"Alvarellos Editora"},"image":{"@id":"https:\/\/alvarelloseditora.gal\/#\/schema\/logo\/image\/"},"sameAs":["https:\/\/www.facebook.com\/alvarelloseditora","https:\/\/x.com\/alvarellos_ed"]}]}},"_links":{"self":[{"href":"https:\/\/alvarelloseditora.gal\/es\/wp-json\/wp\/v2\/product\/2745","targetHints":{"allow":["GET"]}}],"collection":[{"href":"https:\/\/alvarelloseditora.gal\/es\/wp-json\/wp\/v2\/product"}],"about":[{"href":"https:\/\/alvarelloseditora.gal\/es\/wp-json\/wp\/v2\/types\/product"}],"replies":[{"embeddable":true,"href":"https:\/\/alvarelloseditora.gal\/es\/wp-json\/wp\/v2\/comments?post=2745"}],"wp:featuredmedia":[{"embeddable":true,"href":"https:\/\/alvarelloseditora.gal\/es\/wp-json\/wp\/v2\/media\/8912"}],"wp:attachment":[{"href":"https:\/\/alvarelloseditora.gal\/es\/wp-json\/wp\/v2\/media?parent=2745"}],"wp:term":[{"taxonomy":"product_brand","embeddable":true,"href":"https:\/\/alvarelloseditora.gal\/es\/wp-json\/wp\/v2\/product_brand?post=2745"},{"taxonomy":"product_cat","embeddable":true,"href":"https:\/\/alvarelloseditora.gal\/es\/wp-json\/wp\/v2\/product_cat?post=2745"},{"taxonomy":"product_tag","embeddable":true,"href":"https:\/\/alvarelloseditora.gal\/es\/wp-json\/wp\/v2\/product_tag?post=2745"}],"curies":[{"name":"wp","href":"https:\/\/api.w.org\/{rel}","templated":true}]}}