{"id":2744,"date":"2019-12-27T14:01:50","date_gmt":"2019-12-27T13:01:50","guid":{"rendered":"https:\/\/nueva.alvarellos.info\/product\/agotado-teoria-de-galicia\/"},"modified":"2021-05-31T13:20:44","modified_gmt":"2021-05-31T11:20:44","slug":"agotado-teoria-de-galicia","status":"publish","type":"product","link":"https:\/\/alvarelloseditora.gal\/es\/libro\/agotado-teoria-de-galicia\/","title":{"rendered":"[AGOTADO] TEOR\u00cdA DE GALICIA"},"content":{"rendered":"<p>Ram&oacute;n Otero Pedrayo fue el primer columnista de prensa en escribir habitualmente en gallego. En <em>Teor&iacute;a de Galicia<\/em> aparecen editados, por vez primera en libro, los 72 escritos que el Patriarca de las Letras Galegas public&oacute;, entre 1926 y 1963, en la revista <em>Vida Gallega<\/em>.<\/p>\n<p>En este cuidado volumen &ndash;de cuatrocientas p&aacute;ginas&ndash; se dan la mano prosas l&iacute;ricas y cr&oacute;nicas de la &eacute;poca, ensayos y relatos de ficci&oacute;n. La visi&oacute;n conjunta de todos estos escritos entrev&eacute; toda una teor&iacute;a de Galicia.<\/p>\n<p>Aparte de los textos se recogen en esta edici&oacute;n varios manuscritos in&eacute;ditos del autor y fotograf&iacute;as de una vida consagrada a la cultura y la defensa del pa&iacute;s. El profesor, historiador y escritor Marcos Valc&aacute;rcel firma el estudio introductorio &ldquo;Otero Pedrayo no xornalismo galego&rdquo;.<\/p>\n<p><a href=\"https:\/\/alvarelloseditora.gal\/wp-content\/uploads\/eventos\/TeoriaDeGalicia_capitulos.pdf\" target=\"_blank\" rel=\"noopener noreferrer\"><strong>Ver tres cap&iacute;tulos<\/strong> de esta obra: &#8211; Outono (1926) &#8211; El libro y la universidad (1958) &#8211; Pintores gallegos: notas intrascendentes (1960)<\/a><\/p>\n<p><strong><a href=\"https:\/\/alvarelloseditora.gal\/wp-content\/uploads\/arquivos\/audio\/ConferenciaMarcosValcarcel_050607.mp3\" target=\"_blank\" rel=\"noopener noreferrer\">Conferencia del profesor Marcos Valc&aacute;rcel<\/a><\/strong> 05\/06\/2007 (fichero .mp3 9,18 MB).<\/p>\n<p><a href=\"https:\/\/alvarelloseditora.gal\/wp-content\/uploads\/arquivos\/audio\/RecitalTeoriaDeGalicia050607_1.mp3\" target=\"_blank\" rel=\"noopener noreferrer\"><strong>Recital de textos<\/strong> de &quot;Teor&iacute;a de Galicia&quot; en la voz de Tereixa Devesa y Loli Conde (1)<\/a> Liceo de Ourense, 05\/06\/2007 (fichero .mp3 3,70 MB).<\/p>\n<p><a href=\"https:\/\/alvarelloseditora.gal\/wp-content\/uploads\/arquivos\/audio\/RecitalTeoriaDeGalicia050607_2.mp3\" target=\"_blank\" rel=\"noopener noreferrer\"><strong>Recital de textos<\/strong> de Teor&iacute;a de Galicia en la voz de Tereixa Devesa y Loli Conde (2)<\/a> Liceo de Ourense, 05\/06\/2007 (fichero .mp3 5,06 MB).<\/p>\n<hr \/>\n<p><a href=\"https:\/\/alvarelloseditora.gal\/wp-content\/uploads\/prensa\/TeoriaDeGalicia_FaroDeVigo28062007.pdf\" target=\"_blank\" rel=\"noopener noreferrer\">Faro de Vigo, 21\/06\/2007<\/a><\/p>\n<hr \/>\n<hr \/>\n","protected":false},"excerpt":{"rendered":"<p>Obra xornal\u00edstica completa en Vida Gallega, 1926-1963<\/p>\n","protected":false},"featured_media":2386,"comment_status":"closed","ping_status":"closed","template":"","meta":[],"product_brand":[],"product_cat":[],"product_tag":[],"class_list":{"0":"post-2744","1":"product","2":"type-product","3":"status-publish","4":"has-post-thumbnail","6":"product_author-ramon-otero-pedrayo-es","8":"first","9":"outofstock","10":"purchasable","11":"product-type-simple"},"yoast_head":"<!-- This site is optimized with the Yoast SEO plugin v27.5 - https:\/\/yoast.com\/product\/yoast-seo-wordpress\/ -->\n<title>[AGOTADO] TEOR\u00cdA DE GALICIA - Alvarellos Editora<\/title>\n<meta name=\"description\" content=\"[AGOTADO] TEOR\u00cdA DE GALICIA. C\u00f3mprao na tenda en li\u00f1a de Alvarellos Editora.\" \/>\n<meta name=\"robots\" content=\"index, follow, max-snippet:-1, max-image-preview:large, max-video-preview:-1\" \/>\n<link rel=\"canonical\" href=\"https:\/\/alvarelloseditora.gal\/es\/libro\/agotado-teoria-de-galicia\/\" \/>\n<meta property=\"og:locale\" content=\"es_ES\" \/>\n<meta property=\"og:type\" content=\"article\" \/>\n<meta property=\"og:title\" content=\"[AGOTADO] TEOR\u00cdA DE GALICIA - Alvarellos Editora\" \/>\n<meta property=\"og:description\" content=\"[AGOTADO] TEOR\u00cdA DE GALICIA. C\u00f3mprao na tenda en li\u00f1a de Alvarellos Editora.\" \/>\n<meta property=\"og:url\" content=\"https:\/\/alvarelloseditora.gal\/es\/libro\/agotado-teoria-de-galicia\/\" \/>\n<meta property=\"og:site_name\" content=\"Alvarellos Editora\" \/>\n<meta property=\"article:publisher\" content=\"https:\/\/www.facebook.com\/alvarelloseditora\" \/>\n<meta property=\"article:modified_time\" content=\"2021-05-31T11:20:44+00:00\" \/>\n<meta property=\"og:image\" content=\"https:\/\/alvarelloseditora.gal\/wp-content\/uploads\/2019\/12\/web-Teoria-de-Galicia-alvarellos-editora-capa.jpg\" \/>\n\t<meta property=\"og:image:width\" content=\"665\" \/>\n\t<meta property=\"og:image:height\" content=\"1024\" \/>\n\t<meta property=\"og:image:type\" content=\"image\/jpeg\" \/>\n<meta name=\"twitter:card\" content=\"summary_large_image\" \/>\n<meta name=\"twitter:site\" content=\"@alvarellos_ed\" \/>\n<meta name=\"twitter:label1\" content=\"Tiempo de lectura\" \/>\n\t<meta name=\"twitter:data1\" content=\"1 minuto\" \/>\n<!-- \/ Yoast SEO plugin. -->","yoast_head_json":{"title":"[AGOTADO] TEOR\u00cdA DE GALICIA - Alvarellos Editora","description":"[AGOTADO] TEOR\u00cdA DE GALICIA. C\u00f3mprao na tenda en li\u00f1a de Alvarellos Editora.","robots":{"index":"index","follow":"follow","max-snippet":"max-snippet:-1","max-image-preview":"max-image-preview:large","max-video-preview":"max-video-preview:-1"},"canonical":"https:\/\/alvarelloseditora.gal\/es\/libro\/agotado-teoria-de-galicia\/","og_locale":"es_ES","og_type":"article","og_title":"[AGOTADO] TEOR\u00cdA DE GALICIA - Alvarellos Editora","og_description":"[AGOTADO] TEOR\u00cdA DE GALICIA. C\u00f3mprao na tenda en li\u00f1a de Alvarellos Editora.","og_url":"https:\/\/alvarelloseditora.gal\/es\/libro\/agotado-teoria-de-galicia\/","og_site_name":"Alvarellos Editora","article_publisher":"https:\/\/www.facebook.com\/alvarelloseditora","article_modified_time":"2021-05-31T11:20:44+00:00","og_image":[{"width":665,"height":1024,"url":"https:\/\/alvarelloseditora.gal\/wp-content\/uploads\/2019\/12\/web-Teoria-de-Galicia-alvarellos-editora-capa.jpg","type":"image\/jpeg"}],"twitter_card":"summary_large_image","twitter_site":"@alvarellos_ed","twitter_misc":{"Tiempo de lectura":"1 minuto"},"schema":{"@context":"https:\/\/schema.org","@graph":[{"@type":["WebPage","ItemPage"],"@id":"https:\/\/alvarelloseditora.gal\/es\/libro\/agotado-teoria-de-galicia\/","url":"https:\/\/alvarelloseditora.gal\/es\/libro\/agotado-teoria-de-galicia\/","name":"[AGOTADO] TEOR\u00cdA DE GALICIA - Alvarellos Editora","isPartOf":{"@id":"https:\/\/alvarelloseditora.gal\/#website"},"primaryImageOfPage":{"@id":"https:\/\/alvarelloseditora.gal\/es\/libro\/agotado-teoria-de-galicia\/#primaryimage"},"image":{"@id":"https:\/\/alvarelloseditora.gal\/es\/libro\/agotado-teoria-de-galicia\/#primaryimage"},"thumbnailUrl":"https:\/\/alvarelloseditora.gal\/wp-content\/uploads\/2019\/12\/web-Teoria-de-Galicia-alvarellos-editora-capa.jpg","datePublished":"2019-12-27T13:01:50+00:00","dateModified":"2021-05-31T11:20:44+00:00","description":"[AGOTADO] TEOR\u00cdA DE GALICIA. C\u00f3mprao na tenda en li\u00f1a de Alvarellos Editora.","breadcrumb":{"@id":"https:\/\/alvarelloseditora.gal\/es\/libro\/agotado-teoria-de-galicia\/#breadcrumb"},"inLanguage":"es","potentialAction":[{"@type":"ReadAction","target":["https:\/\/alvarelloseditora.gal\/es\/libro\/agotado-teoria-de-galicia\/"]}]},{"@type":"ImageObject","inLanguage":"es","@id":"https:\/\/alvarelloseditora.gal\/es\/libro\/agotado-teoria-de-galicia\/#primaryimage","url":"https:\/\/alvarelloseditora.gal\/wp-content\/uploads\/2019\/12\/web-Teoria-de-Galicia-alvarellos-editora-capa.jpg","contentUrl":"https:\/\/alvarelloseditora.gal\/wp-content\/uploads\/2019\/12\/web-Teoria-de-Galicia-alvarellos-editora-capa.jpg","width":665,"height":1024},{"@type":"BreadcrumbList","@id":"https:\/\/alvarelloseditora.gal\/es\/libro\/agotado-teoria-de-galicia\/#breadcrumb","itemListElement":[{"@type":"ListItem","position":1,"name":"Portada","item":"https:\/\/alvarelloseditora.gal\/"},{"@type":"ListItem","position":2,"name":"Tienda","item":"https:\/\/alvarelloseditora.gal\/es\/tienda\/"},{"@type":"ListItem","position":3,"name":"[AGOTADO] TEOR\u00cdA DE GALICIA"}]},{"@type":"WebSite","@id":"https:\/\/alvarelloseditora.gal\/#website","url":"https:\/\/alvarelloseditora.gal\/","name":"Alvarellos Editora","description":"Libros para un mundo en tr\u00e1nsito","publisher":{"@id":"https:\/\/alvarelloseditora.gal\/#organization"},"potentialAction":[{"@type":"SearchAction","target":{"@type":"EntryPoint","urlTemplate":"https:\/\/alvarelloseditora.gal\/?s={search_term_string}"},"query-input":{"@type":"PropertyValueSpecification","valueRequired":true,"valueName":"search_term_string"}}],"inLanguage":"es"},{"@type":"Organization","@id":"https:\/\/alvarelloseditora.gal\/#organization","name":"Alvarellos Editora","url":"https:\/\/alvarelloseditora.gal\/","logo":{"@type":"ImageObject","inLanguage":"es","@id":"https:\/\/alvarelloseditora.gal\/#\/schema\/logo\/image\/","url":"https:\/\/alvarelloseditora.gal\/wp-content\/uploads\/2020\/02\/alv-icon.png","contentUrl":"https:\/\/alvarelloseditora.gal\/wp-content\/uploads\/2020\/02\/alv-icon.png","width":177,"height":175,"caption":"Alvarellos Editora"},"image":{"@id":"https:\/\/alvarelloseditora.gal\/#\/schema\/logo\/image\/"},"sameAs":["https:\/\/www.facebook.com\/alvarelloseditora","https:\/\/x.com\/alvarellos_ed"]}]}},"_links":{"self":[{"href":"https:\/\/alvarelloseditora.gal\/es\/wp-json\/wp\/v2\/product\/2744","targetHints":{"allow":["GET"]}}],"collection":[{"href":"https:\/\/alvarelloseditora.gal\/es\/wp-json\/wp\/v2\/product"}],"about":[{"href":"https:\/\/alvarelloseditora.gal\/es\/wp-json\/wp\/v2\/types\/product"}],"replies":[{"embeddable":true,"href":"https:\/\/alvarelloseditora.gal\/es\/wp-json\/wp\/v2\/comments?post=2744"}],"wp:featuredmedia":[{"embeddable":true,"href":"https:\/\/alvarelloseditora.gal\/es\/wp-json\/wp\/v2\/media\/2386"}],"wp:attachment":[{"href":"https:\/\/alvarelloseditora.gal\/es\/wp-json\/wp\/v2\/media?parent=2744"}],"wp:term":[{"taxonomy":"product_brand","embeddable":true,"href":"https:\/\/alvarelloseditora.gal\/es\/wp-json\/wp\/v2\/product_brand?post=2744"},{"taxonomy":"product_cat","embeddable":true,"href":"https:\/\/alvarelloseditora.gal\/es\/wp-json\/wp\/v2\/product_cat?post=2744"},{"taxonomy":"product_tag","embeddable":true,"href":"https:\/\/alvarelloseditora.gal\/es\/wp-json\/wp\/v2\/product_tag?post=2744"}],"curies":[{"name":"wp","href":"https:\/\/api.w.org\/{rel}","templated":true}]}}