{"id":2742,"date":"2019-12-27T13:39:02","date_gmt":"2019-12-27T14:01:33","guid":{"rendered":"https:\/\/nueva.alvarellos.info\/product\/os-sons-da-brana\/"},"modified":"2021-06-25T11:27:00","modified_gmt":"2021-06-25T09:27:00","slug":"os-sons-da-brana","status":"publish","type":"product","link":"https:\/\/alvarelloseditora.gal\/es\/libro\/os-sons-da-brana\/","title":{"rendered":"OS SONS DA BRA\u00d1A"},"content":{"rendered":"","protected":false},"excerpt":{"rendered":"<p>Poes\u00eda<br \/>\nP\u00e1gs: 97<br \/>\nLengua: gallego<br \/>\nMedidas: 14&#215;21<br \/>\nPublicaci\u00f3n 1\u00aa edici\u00f3n: Noviembre 2006<br \/>\nIlustraciones: el autor<br \/>\nISBN-13: 978-84-89323-12-4<br \/>\nISBN-10: 84-89323-12-7<br \/>\nEncuadernaci\u00f3n: tapa blanda plastificada, con lapelas<\/p>\n<p>&nbsp;<\/p>\n<p>&nbsp;<\/p>\n<p>Os sons da bra\u00f1a es un canto \u00edntimo a los tiempos idos evocado en un paisaje muy concreto y especial para el autor, la campi\u00f1a luguesa. En su doble condici\u00f3n de pintor y escritor, Antonio Yebra de Ares construye un retrato apasionado de las gentes del lugar como personajes de un mundo \u2013el de la vida en el campo\u2013 que hoy ha padecido una radical transformaci\u00f3n. Son tipos humanos desubicados en esta sociedad tan distinta a la que ellos conocieron y miran con estra\u00f1eza a su alrededor. Poemas como \u00abO cego do viol\u00edn\u00bb, \u00abA morte na Campi\u00f1a\u00bb o el que d\u00e1 t\u00edtulo al libro,\u00bbOs sons da bra\u00f1a\u00bb, representan un claro ejemplo de ese desajuste entre el hombre de mediados del siglo XX y el mundo actual presidido por la globalizaci\u00f3n. En Os sons da bra\u00f1a hay tambi\u00e9n espacio para el homenaje a poetas admirados (\u00abLembranza a Manuel Mar\u00eda\u00bb) o la alabanza a territorios vitales irrenunciables (\u00abA vila de Monterroso\u00bb, \u00abLembranzas do r\u00edo Ulla\u00bb). Todas estas composiciones \u2013como se\u00f1ala el psicopedagogo D\u00edaz Escolante en el Pr\u00f3logo a la obra\u2013 presentan as\u00ed mismo una mirada profunda al interior de Antonio Yebra. En total, medio centenar de poemas escritos desde el centro de la tierra amada.<\/p>\n","protected":false},"featured_media":3999,"comment_status":"closed","ping_status":"closed","template":"","meta":[],"product_brand":[],"product_cat":[108],"product_tag":[],"class_list":{"0":"post-2742","1":"product","2":"type-product","3":"status-publish","4":"has-post-thumbnail","6":"product_author-antonio-yebra-de-ares-es","7":"product_cat-ofertas-es","9":"first","10":"instock","11":"taxable","12":"shipping-taxable","13":"purchasable","14":"product-type-simple"},"yoast_head":"<!-- This site is optimized with the Yoast SEO plugin v27.3 - https:\/\/yoast.com\/product\/yoast-seo-wordpress\/ -->\n<title>OS SONS DA BRA\u00d1A - Alvarellos Editora<\/title>\n<meta name=\"description\" content=\"OS SONS DA BRA\u00d1A. C\u00f3mprao na tenda en li\u00f1a de Alvarellos Editora.\" \/>\n<meta name=\"robots\" content=\"index, follow, max-snippet:-1, max-image-preview:large, max-video-preview:-1\" \/>\n<link rel=\"canonical\" href=\"https:\/\/alvarelloseditora.gal\/es\/libro\/os-sons-da-brana\/\" \/>\n<meta property=\"og:locale\" content=\"es_ES\" \/>\n<meta property=\"og:type\" content=\"article\" \/>\n<meta property=\"og:title\" content=\"OS SONS DA BRA\u00d1A - Alvarellos Editora\" \/>\n<meta property=\"og:description\" content=\"OS SONS DA BRA\u00d1A. C\u00f3mprao na tenda en li\u00f1a de Alvarellos Editora.\" \/>\n<meta property=\"og:url\" content=\"https:\/\/alvarelloseditora.gal\/es\/libro\/os-sons-da-brana\/\" \/>\n<meta property=\"og:site_name\" content=\"Alvarellos Editora\" \/>\n<meta property=\"article:publisher\" content=\"https:\/\/www.facebook.com\/alvarelloseditora\" \/>\n<meta property=\"article:modified_time\" content=\"2021-06-25T09:27:00+00:00\" \/>\n<meta property=\"og:image\" content=\"https:\/\/alvarelloseditora.gal\/wp-content\/uploads\/2019\/12\/63.jpg\" \/>\n\t<meta property=\"og:image:width\" content=\"441\" \/>\n\t<meta property=\"og:image:height\" content=\"660\" \/>\n\t<meta property=\"og:image:type\" content=\"image\/jpeg\" \/>\n<meta name=\"twitter:card\" content=\"summary_large_image\" \/>\n<meta name=\"twitter:site\" content=\"@alvarellos_ed\" \/>\n<!-- \/ Yoast SEO plugin. -->","yoast_head_json":{"title":"OS SONS DA BRA\u00d1A - Alvarellos Editora","description":"OS SONS DA BRA\u00d1A. C\u00f3mprao na tenda en li\u00f1a de Alvarellos Editora.","robots":{"index":"index","follow":"follow","max-snippet":"max-snippet:-1","max-image-preview":"max-image-preview:large","max-video-preview":"max-video-preview:-1"},"canonical":"https:\/\/alvarelloseditora.gal\/es\/libro\/os-sons-da-brana\/","og_locale":"es_ES","og_type":"article","og_title":"OS SONS DA BRA\u00d1A - Alvarellos Editora","og_description":"OS SONS DA BRA\u00d1A. C\u00f3mprao na tenda en li\u00f1a de Alvarellos Editora.","og_url":"https:\/\/alvarelloseditora.gal\/es\/libro\/os-sons-da-brana\/","og_site_name":"Alvarellos Editora","article_publisher":"https:\/\/www.facebook.com\/alvarelloseditora","article_modified_time":"2021-06-25T09:27:00+00:00","og_image":[{"width":441,"height":660,"url":"https:\/\/alvarelloseditora.gal\/wp-content\/uploads\/2019\/12\/63.jpg","type":"image\/jpeg"}],"twitter_card":"summary_large_image","twitter_site":"@alvarellos_ed","schema":{"@context":"https:\/\/schema.org","@graph":[{"@type":["WebPage","ItemPage"],"@id":"https:\/\/alvarelloseditora.gal\/es\/libro\/os-sons-da-brana\/","url":"https:\/\/alvarelloseditora.gal\/es\/libro\/os-sons-da-brana\/","name":"OS SONS DA BRA\u00d1A - Alvarellos Editora","isPartOf":{"@id":"https:\/\/alvarelloseditora.gal\/#website"},"primaryImageOfPage":{"@id":"https:\/\/alvarelloseditora.gal\/es\/libro\/os-sons-da-brana\/#primaryimage"},"image":{"@id":"https:\/\/alvarelloseditora.gal\/es\/libro\/os-sons-da-brana\/#primaryimage"},"thumbnailUrl":"https:\/\/alvarelloseditora.gal\/wp-content\/uploads\/2019\/12\/63.jpg","datePublished":"2019-12-27T14:01:33+00:00","dateModified":"2021-06-25T09:27:00+00:00","description":"OS SONS DA BRA\u00d1A. C\u00f3mprao na tenda en li\u00f1a de Alvarellos Editora.","breadcrumb":{"@id":"https:\/\/alvarelloseditora.gal\/es\/libro\/os-sons-da-brana\/#breadcrumb"},"inLanguage":"es","potentialAction":[{"@type":"ReadAction","target":["https:\/\/alvarelloseditora.gal\/es\/libro\/os-sons-da-brana\/"]}]},{"@type":"ImageObject","inLanguage":"es","@id":"https:\/\/alvarelloseditora.gal\/es\/libro\/os-sons-da-brana\/#primaryimage","url":"https:\/\/alvarelloseditora.gal\/wp-content\/uploads\/2019\/12\/63.jpg","contentUrl":"https:\/\/alvarelloseditora.gal\/wp-content\/uploads\/2019\/12\/63.jpg","width":441,"height":660},{"@type":"BreadcrumbList","@id":"https:\/\/alvarelloseditora.gal\/es\/libro\/os-sons-da-brana\/#breadcrumb","itemListElement":[{"@type":"ListItem","position":1,"name":"Portada","item":"https:\/\/alvarelloseditora.gal\/"},{"@type":"ListItem","position":2,"name":"Tienda","item":"https:\/\/alvarelloseditora.gal\/es\/tienda\/"},{"@type":"ListItem","position":3,"name":"OS SONS DA BRA\u00d1A"}]},{"@type":"WebSite","@id":"https:\/\/alvarelloseditora.gal\/#website","url":"https:\/\/alvarelloseditora.gal\/","name":"Alvarellos Editora","description":"Libros para un mundo en tr\u00e1nsito","publisher":{"@id":"https:\/\/alvarelloseditora.gal\/#organization"},"potentialAction":[{"@type":"SearchAction","target":{"@type":"EntryPoint","urlTemplate":"https:\/\/alvarelloseditora.gal\/?s={search_term_string}"},"query-input":{"@type":"PropertyValueSpecification","valueRequired":true,"valueName":"search_term_string"}}],"inLanguage":"es"},{"@type":"Organization","@id":"https:\/\/alvarelloseditora.gal\/#organization","name":"Alvarellos Editora","url":"https:\/\/alvarelloseditora.gal\/","logo":{"@type":"ImageObject","inLanguage":"es","@id":"https:\/\/alvarelloseditora.gal\/#\/schema\/logo\/image\/","url":"https:\/\/alvarelloseditora.gal\/wp-content\/uploads\/2020\/02\/alv-icon.png","contentUrl":"https:\/\/alvarelloseditora.gal\/wp-content\/uploads\/2020\/02\/alv-icon.png","width":177,"height":175,"caption":"Alvarellos Editora"},"image":{"@id":"https:\/\/alvarelloseditora.gal\/#\/schema\/logo\/image\/"},"sameAs":["https:\/\/www.facebook.com\/alvarelloseditora","https:\/\/x.com\/alvarellos_ed"]}]}},"_links":{"self":[{"href":"https:\/\/alvarelloseditora.gal\/es\/wp-json\/wp\/v2\/product\/2742","targetHints":{"allow":["GET"]}}],"collection":[{"href":"https:\/\/alvarelloseditora.gal\/es\/wp-json\/wp\/v2\/product"}],"about":[{"href":"https:\/\/alvarelloseditora.gal\/es\/wp-json\/wp\/v2\/types\/product"}],"replies":[{"embeddable":true,"href":"https:\/\/alvarelloseditora.gal\/es\/wp-json\/wp\/v2\/comments?post=2742"}],"wp:featuredmedia":[{"embeddable":true,"href":"https:\/\/alvarelloseditora.gal\/es\/wp-json\/wp\/v2\/media\/3999"}],"wp:attachment":[{"href":"https:\/\/alvarelloseditora.gal\/es\/wp-json\/wp\/v2\/media?parent=2742"}],"wp:term":[{"taxonomy":"product_brand","embeddable":true,"href":"https:\/\/alvarelloseditora.gal\/es\/wp-json\/wp\/v2\/product_brand?post=2742"},{"taxonomy":"product_cat","embeddable":true,"href":"https:\/\/alvarelloseditora.gal\/es\/wp-json\/wp\/v2\/product_cat?post=2742"},{"taxonomy":"product_tag","embeddable":true,"href":"https:\/\/alvarelloseditora.gal\/es\/wp-json\/wp\/v2\/product_tag?post=2742"}],"curies":[{"name":"wp","href":"https:\/\/api.w.org\/{rel}","templated":true}]}}