{"id":2740,"date":"2019-12-27T13:39:02","date_gmt":"2019-12-27T14:01:33","guid":{"rendered":"https:\/\/nueva.alvarellos.info\/product\/antifona-da-redencion\/"},"modified":"2021-06-25T11:20:01","modified_gmt":"2021-06-25T09:20:01","slug":"antifona-da-redencion","status":"publish","type":"product","link":"https:\/\/alvarelloseditora.gal\/es\/libro\/antifona-da-redencion\/","title":{"rendered":"ANT\u00cdFONA DA REDENCI\u00d3N"},"content":{"rendered":"<p><a href=\"https:\/\/alvarelloseditora.gal\/wp-content\/uploads\/prensa\/Ant\u00edfona_16-02-78.pdf\" target=\"_blank\" rel=\"noopener noreferrer\"><em>20\/06\/2011<\/em>, Cr\u00edtica de Celso Emilio Ferreiro en ABC, 16-febreiro-1978.\u00bb <\/a><\/p>\n","protected":false},"excerpt":{"rendered":"<p>P\u00e1ginas: 48<br \/>\nLengua: gallego<br \/>\nMedidas: 12 x 20 cms<br \/>\nEncuadernaci\u00f3n: r\u00fastica<br \/>\nA\u00f1o 1\u00aa edici\u00f3n: 1977<br \/>\nISBN: 84\u201385311-07-8<\/p>\n<p>&nbsp;<br \/>\nTreinta poemas del autor lugu\u00e9s Xavier Rodr\u00edguez Barrio (1954). La obra se divide en tres apartados: \u201cAnt\u00edfona de tempo e terra\u201d, \u201cAnt\u00edfona do amor\u201d y \u201cAntifona da redenci\u00f3n\u201d, y empieza con estes versos: \u201c(Eu falo coma cuspo! \/ eis que o \u00fanico que te\u00f1o sexan verbas, \/ e as verbas non se pudren: \/ caladamente acusan)\u201d.<\/p>\n","protected":false},"featured_media":3995,"comment_status":"closed","ping_status":"closed","template":"","meta":[],"product_brand":[],"product_cat":[108],"product_tag":[],"class_list":{"0":"post-2740","1":"product","2":"type-product","3":"status-publish","4":"has-post-thumbnail","6":"product_author-xavier-rodriguez-barrio-es","7":"product_cat-ofertas-es","9":"first","10":"instock","11":"sale","12":"taxable","13":"shipping-taxable","14":"purchasable","15":"product-type-simple"},"yoast_head":"<!-- This site is optimized with the Yoast SEO plugin v27.3 - https:\/\/yoast.com\/product\/yoast-seo-wordpress\/ -->\n<title>ANT\u00cdFONA DA REDENCI\u00d3N - Alvarellos Editora<\/title>\n<meta name=\"description\" content=\"ANT\u00cdFONA DA REDENCI\u00d3N. C\u00f3mprao na tenda en li\u00f1a de Alvarellos Editora.\" \/>\n<meta name=\"robots\" content=\"index, follow, max-snippet:-1, max-image-preview:large, max-video-preview:-1\" \/>\n<link rel=\"canonical\" href=\"https:\/\/alvarelloseditora.gal\/es\/libro\/antifona-da-redencion\/\" \/>\n<meta property=\"og:locale\" content=\"es_ES\" \/>\n<meta property=\"og:type\" content=\"article\" \/>\n<meta property=\"og:title\" content=\"ANT\u00cdFONA DA REDENCI\u00d3N - Alvarellos Editora\" \/>\n<meta property=\"og:description\" content=\"ANT\u00cdFONA DA REDENCI\u00d3N. C\u00f3mprao na tenda en li\u00f1a de Alvarellos Editora.\" \/>\n<meta property=\"og:url\" content=\"https:\/\/alvarelloseditora.gal\/es\/libro\/antifona-da-redencion\/\" \/>\n<meta property=\"og:site_name\" content=\"Alvarellos Editora\" \/>\n<meta property=\"article:publisher\" content=\"https:\/\/www.facebook.com\/alvarelloseditora\" \/>\n<meta property=\"article:modified_time\" content=\"2021-06-25T09:20:01+00:00\" \/>\n<meta property=\"og:image\" content=\"https:\/\/alvarelloseditora.gal\/wp-content\/uploads\/2019\/12\/61.jpg\" \/>\n\t<meta property=\"og:image:width\" content=\"399\" \/>\n\t<meta property=\"og:image:height\" content=\"669\" \/>\n\t<meta property=\"og:image:type\" content=\"image\/jpeg\" \/>\n<meta name=\"twitter:card\" content=\"summary_large_image\" \/>\n<meta name=\"twitter:site\" content=\"@alvarellos_ed\" \/>\n<!-- \/ Yoast SEO plugin. -->","yoast_head_json":{"title":"ANT\u00cdFONA DA REDENCI\u00d3N - Alvarellos Editora","description":"ANT\u00cdFONA DA REDENCI\u00d3N. C\u00f3mprao na tenda en li\u00f1a de Alvarellos Editora.","robots":{"index":"index","follow":"follow","max-snippet":"max-snippet:-1","max-image-preview":"max-image-preview:large","max-video-preview":"max-video-preview:-1"},"canonical":"https:\/\/alvarelloseditora.gal\/es\/libro\/antifona-da-redencion\/","og_locale":"es_ES","og_type":"article","og_title":"ANT\u00cdFONA DA REDENCI\u00d3N - Alvarellos Editora","og_description":"ANT\u00cdFONA DA REDENCI\u00d3N. C\u00f3mprao na tenda en li\u00f1a de Alvarellos Editora.","og_url":"https:\/\/alvarelloseditora.gal\/es\/libro\/antifona-da-redencion\/","og_site_name":"Alvarellos Editora","article_publisher":"https:\/\/www.facebook.com\/alvarelloseditora","article_modified_time":"2021-06-25T09:20:01+00:00","og_image":[{"width":399,"height":669,"url":"https:\/\/alvarelloseditora.gal\/wp-content\/uploads\/2019\/12\/61.jpg","type":"image\/jpeg"}],"twitter_card":"summary_large_image","twitter_site":"@alvarellos_ed","schema":{"@context":"https:\/\/schema.org","@graph":[{"@type":["WebPage","ItemPage"],"@id":"https:\/\/alvarelloseditora.gal\/es\/libro\/antifona-da-redencion\/","url":"https:\/\/alvarelloseditora.gal\/es\/libro\/antifona-da-redencion\/","name":"ANT\u00cdFONA DA REDENCI\u00d3N - Alvarellos Editora","isPartOf":{"@id":"https:\/\/alvarelloseditora.gal\/#website"},"primaryImageOfPage":{"@id":"https:\/\/alvarelloseditora.gal\/es\/libro\/antifona-da-redencion\/#primaryimage"},"image":{"@id":"https:\/\/alvarelloseditora.gal\/es\/libro\/antifona-da-redencion\/#primaryimage"},"thumbnailUrl":"https:\/\/alvarelloseditora.gal\/wp-content\/uploads\/2019\/12\/61.jpg","datePublished":"2019-12-27T14:01:33+00:00","dateModified":"2021-06-25T09:20:01+00:00","description":"ANT\u00cdFONA DA REDENCI\u00d3N. C\u00f3mprao na tenda en li\u00f1a de Alvarellos Editora.","breadcrumb":{"@id":"https:\/\/alvarelloseditora.gal\/es\/libro\/antifona-da-redencion\/#breadcrumb"},"inLanguage":"es","potentialAction":[{"@type":"ReadAction","target":["https:\/\/alvarelloseditora.gal\/es\/libro\/antifona-da-redencion\/"]}]},{"@type":"ImageObject","inLanguage":"es","@id":"https:\/\/alvarelloseditora.gal\/es\/libro\/antifona-da-redencion\/#primaryimage","url":"https:\/\/alvarelloseditora.gal\/wp-content\/uploads\/2019\/12\/61.jpg","contentUrl":"https:\/\/alvarelloseditora.gal\/wp-content\/uploads\/2019\/12\/61.jpg","width":399,"height":669},{"@type":"BreadcrumbList","@id":"https:\/\/alvarelloseditora.gal\/es\/libro\/antifona-da-redencion\/#breadcrumb","itemListElement":[{"@type":"ListItem","position":1,"name":"Portada","item":"https:\/\/alvarelloseditora.gal\/"},{"@type":"ListItem","position":2,"name":"Tienda","item":"https:\/\/alvarelloseditora.gal\/es\/tienda\/"},{"@type":"ListItem","position":3,"name":"ANT\u00cdFONA DA REDENCI\u00d3N"}]},{"@type":"WebSite","@id":"https:\/\/alvarelloseditora.gal\/#website","url":"https:\/\/alvarelloseditora.gal\/","name":"Alvarellos Editora","description":"Libros para un mundo en tr\u00e1nsito","publisher":{"@id":"https:\/\/alvarelloseditora.gal\/#organization"},"potentialAction":[{"@type":"SearchAction","target":{"@type":"EntryPoint","urlTemplate":"https:\/\/alvarelloseditora.gal\/?s={search_term_string}"},"query-input":{"@type":"PropertyValueSpecification","valueRequired":true,"valueName":"search_term_string"}}],"inLanguage":"es"},{"@type":"Organization","@id":"https:\/\/alvarelloseditora.gal\/#organization","name":"Alvarellos Editora","url":"https:\/\/alvarelloseditora.gal\/","logo":{"@type":"ImageObject","inLanguage":"es","@id":"https:\/\/alvarelloseditora.gal\/#\/schema\/logo\/image\/","url":"https:\/\/alvarelloseditora.gal\/wp-content\/uploads\/2020\/02\/alv-icon.png","contentUrl":"https:\/\/alvarelloseditora.gal\/wp-content\/uploads\/2020\/02\/alv-icon.png","width":177,"height":175,"caption":"Alvarellos Editora"},"image":{"@id":"https:\/\/alvarelloseditora.gal\/#\/schema\/logo\/image\/"},"sameAs":["https:\/\/www.facebook.com\/alvarelloseditora","https:\/\/x.com\/alvarellos_ed"]}]}},"_links":{"self":[{"href":"https:\/\/alvarelloseditora.gal\/es\/wp-json\/wp\/v2\/product\/2740","targetHints":{"allow":["GET"]}}],"collection":[{"href":"https:\/\/alvarelloseditora.gal\/es\/wp-json\/wp\/v2\/product"}],"about":[{"href":"https:\/\/alvarelloseditora.gal\/es\/wp-json\/wp\/v2\/types\/product"}],"replies":[{"embeddable":true,"href":"https:\/\/alvarelloseditora.gal\/es\/wp-json\/wp\/v2\/comments?post=2740"}],"wp:featuredmedia":[{"embeddable":true,"href":"https:\/\/alvarelloseditora.gal\/es\/wp-json\/wp\/v2\/media\/3995"}],"wp:attachment":[{"href":"https:\/\/alvarelloseditora.gal\/es\/wp-json\/wp\/v2\/media?parent=2740"}],"wp:term":[{"taxonomy":"product_brand","embeddable":true,"href":"https:\/\/alvarelloseditora.gal\/es\/wp-json\/wp\/v2\/product_brand?post=2740"},{"taxonomy":"product_cat","embeddable":true,"href":"https:\/\/alvarelloseditora.gal\/es\/wp-json\/wp\/v2\/product_cat?post=2740"},{"taxonomy":"product_tag","embeddable":true,"href":"https:\/\/alvarelloseditora.gal\/es\/wp-json\/wp\/v2\/product_tag?post=2740"}],"curies":[{"name":"wp","href":"https:\/\/api.w.org\/{rel}","templated":true}]}}