{"id":2735,"date":"2020-04-01T13:39:02","date_gmt":"2019-12-27T14:01:33","guid":{"rendered":"https:\/\/nueva.alvarellos.info\/product\/45-recetas-con-ortigas\/"},"modified":"2021-06-22T13:55:12","modified_gmt":"2021-06-22T11:55:12","slug":"45-recetas-con-ortigas","status":"publish","type":"product","link":"https:\/\/alvarelloseditora.gal\/es\/libro\/45-recetas-con-ortigas\/","title":{"rendered":"45 RECETAS CON ORTIGAS"},"content":{"rendered":"<p>La ortiga es una hierba hasta hoy menospreciada pero que ya era utilizada por los romanos. Posee importantes propiedades medicinales, es estimulante del aparato digestivo, combate el re\u00fama, es antian\u00e9mica, diur\u00e9tica y reconstituyente. <em>45 recetas con ortigas<\/em> es todo un descubrimiento para una cocina con la calidad y tradici\u00f3n como la gallega.<\/p>\n<p>HISTORIA, PROPIEDADES Y CULTIVO<\/p>\n<p>Aparte del amplio y variado recetario, este volumen \u2013que inaugura la colecci\u00f3n \u201cA lume lento\u201d de Alvarellos Editora\u2013 incluye dos textos introductorios de dos especialistas en gastronom\u00eda, Miguel Vila Pernas y Guillermo Campos, en los que abordan la historia culinaria de esta planta, y tres ap\u00e9ndices con las propiedades beneficiosas de las ortigas, su cultivo, y finalmente un breve y \u00fatil l\u00e9xico gastron\u00f3mico.<\/p>\n<hr \/>\n<p><a href=\"https:\/\/alvarelloseditora.gal\/wp-content\/uploads\/prensa\/45RecetasConOrtigas_Estela15042007.pdf\" target=\"_blank\" rel=\"noopener noreferrer\">Faro de Vigo \/ Suplemento Estela, 15\/04\/2007<\/a><\/p>\n<p><a href=\"https:\/\/alvarelloseditora.gal\/wp-content\/uploads\/prensa\/45RecetasConOrtigas_Metropoli04052007.pdf\" target=\"_blank\" rel=\"noopener noreferrer\">El Mundo \/ Magacine Metr\u00f3poli, 04\/05\/2007<\/a><\/p>\n<hr \/>\n<hr \/>\n","protected":false},"excerpt":{"rendered":"<p>Subt\u00edtulo: La propuesta m\u00e1s imaginativa de la Nova Coci\u00f1a Galega<br \/>\nN\u00ba p\u00e1ginas: 99<br \/>\nLengua: castellano<br \/>\nMedidas: 18&#215;18 cms.<br \/>\nISBN: 84\u201389323\u201307\u20130<br \/>\nEncuadernaci\u00f3n: tapa blanda con solapas, plastificada.<\/p>\n<p>&nbsp;<\/p>\n<p>La gastronom\u00eda gallega ampl\u00eda sus horizontes. Este libro es toda una novedad en el riqu\u00edsimo panorama gastron\u00f3mico gallego y espa\u00f1ol, una obra que nos abrir\u00e1 los ojos a un mundo de nuevas sensaciones, sabores y texturas.<\/p>\n<p>La propuesta m\u00e1s imaginativa de la Nova Coci\u00f1a Galega, todo un tratado sobre la ortiga como ingrediente con cualidades excepcionales para la cocina dulce o salda, exquisita en revueltos, empanadas, cremas, potajes, helados&#8230;<\/p>\n","protected":false},"featured_media":5894,"comment_status":"closed","ping_status":"closed","template":"","meta":[],"product_brand":[],"product_cat":[107],"product_tag":[],"class_list":{"0":"post-2735","1":"product","2":"type-product","3":"status-publish","4":"has-post-thumbnail","6":"product_author-martin-alvarez-gonzalez-es","7":"product_cat-a-lume-lento-es","9":"first","10":"instock","11":"taxable","12":"shipping-taxable","13":"purchasable","14":"product-type-simple"},"yoast_head":"<!-- This site is optimized with the Yoast SEO plugin v27.3 - https:\/\/yoast.com\/product\/yoast-seo-wordpress\/ -->\n<title>45 RECETAS CON ORTIGAS - Alvarellos Editora<\/title>\n<meta name=\"description\" content=\"45 RECETAS CON ORTIGAS. C\u00f3mprao na tenda en li\u00f1a de Alvarellos Editora.\" \/>\n<meta name=\"robots\" content=\"index, follow, max-snippet:-1, max-image-preview:large, max-video-preview:-1\" \/>\n<link rel=\"canonical\" href=\"https:\/\/alvarelloseditora.gal\/es\/libro\/45-recetas-con-ortigas\/\" \/>\n<meta property=\"og:locale\" content=\"es_ES\" \/>\n<meta property=\"og:type\" content=\"article\" \/>\n<meta property=\"og:title\" content=\"45 RECETAS CON ORTIGAS - Alvarellos Editora\" \/>\n<meta property=\"og:description\" content=\"45 RECETAS CON ORTIGAS. C\u00f3mprao na tenda en li\u00f1a de Alvarellos Editora.\" \/>\n<meta property=\"og:url\" content=\"https:\/\/alvarelloseditora.gal\/es\/libro\/45-recetas-con-ortigas\/\" \/>\n<meta property=\"og:site_name\" content=\"Alvarellos Editora\" \/>\n<meta property=\"article:publisher\" content=\"https:\/\/www.facebook.com\/alvarelloseditora\" \/>\n<meta property=\"article:modified_time\" content=\"2021-06-22T11:55:12+00:00\" \/>\n<meta property=\"og:image\" content=\"https:\/\/alvarelloseditora.gal\/wp-content\/uploads\/2020\/04\/45-recetas-con-ortigas-2-edicion.jpg\" \/>\n\t<meta property=\"og:image:width\" content=\"534\" \/>\n\t<meta property=\"og:image:height\" content=\"523\" \/>\n\t<meta property=\"og:image:type\" content=\"image\/jpeg\" \/>\n<meta name=\"twitter:card\" content=\"summary_large_image\" \/>\n<meta name=\"twitter:site\" content=\"@alvarellos_ed\" \/>\n<meta name=\"twitter:label1\" content=\"Tiempo de lectura\" \/>\n\t<meta name=\"twitter:data1\" content=\"1 minuto\" \/>\n<!-- \/ Yoast SEO plugin. -->","yoast_head_json":{"title":"45 RECETAS CON ORTIGAS - Alvarellos Editora","description":"45 RECETAS CON ORTIGAS. C\u00f3mprao na tenda en li\u00f1a de Alvarellos Editora.","robots":{"index":"index","follow":"follow","max-snippet":"max-snippet:-1","max-image-preview":"max-image-preview:large","max-video-preview":"max-video-preview:-1"},"canonical":"https:\/\/alvarelloseditora.gal\/es\/libro\/45-recetas-con-ortigas\/","og_locale":"es_ES","og_type":"article","og_title":"45 RECETAS CON ORTIGAS - Alvarellos Editora","og_description":"45 RECETAS CON ORTIGAS. C\u00f3mprao na tenda en li\u00f1a de Alvarellos Editora.","og_url":"https:\/\/alvarelloseditora.gal\/es\/libro\/45-recetas-con-ortigas\/","og_site_name":"Alvarellos Editora","article_publisher":"https:\/\/www.facebook.com\/alvarelloseditora","article_modified_time":"2021-06-22T11:55:12+00:00","og_image":[{"width":534,"height":523,"url":"https:\/\/alvarelloseditora.gal\/wp-content\/uploads\/2020\/04\/45-recetas-con-ortigas-2-edicion.jpg","type":"image\/jpeg"}],"twitter_card":"summary_large_image","twitter_site":"@alvarellos_ed","twitter_misc":{"Tiempo de lectura":"1 minuto"},"schema":{"@context":"https:\/\/schema.org","@graph":[{"@type":["WebPage","ItemPage"],"@id":"https:\/\/alvarelloseditora.gal\/es\/libro\/45-recetas-con-ortigas\/","url":"https:\/\/alvarelloseditora.gal\/es\/libro\/45-recetas-con-ortigas\/","name":"45 RECETAS CON ORTIGAS - Alvarellos Editora","isPartOf":{"@id":"https:\/\/alvarelloseditora.gal\/#website"},"primaryImageOfPage":{"@id":"https:\/\/alvarelloseditora.gal\/es\/libro\/45-recetas-con-ortigas\/#primaryimage"},"image":{"@id":"https:\/\/alvarelloseditora.gal\/es\/libro\/45-recetas-con-ortigas\/#primaryimage"},"thumbnailUrl":"https:\/\/alvarelloseditora.gal\/wp-content\/uploads\/2020\/04\/45-recetas-con-ortigas-2-edicion.jpg","datePublished":"2019-12-27T14:01:33+00:00","dateModified":"2021-06-22T11:55:12+00:00","description":"45 RECETAS CON ORTIGAS. C\u00f3mprao na tenda en li\u00f1a de Alvarellos Editora.","breadcrumb":{"@id":"https:\/\/alvarelloseditora.gal\/es\/libro\/45-recetas-con-ortigas\/#breadcrumb"},"inLanguage":"es","potentialAction":[{"@type":"ReadAction","target":["https:\/\/alvarelloseditora.gal\/es\/libro\/45-recetas-con-ortigas\/"]}]},{"@type":"ImageObject","inLanguage":"es","@id":"https:\/\/alvarelloseditora.gal\/es\/libro\/45-recetas-con-ortigas\/#primaryimage","url":"https:\/\/alvarelloseditora.gal\/wp-content\/uploads\/2020\/04\/45-recetas-con-ortigas-2-edicion.jpg","contentUrl":"https:\/\/alvarelloseditora.gal\/wp-content\/uploads\/2020\/04\/45-recetas-con-ortigas-2-edicion.jpg","width":534,"height":523,"caption":"45 recetas con ortigas"},{"@type":"BreadcrumbList","@id":"https:\/\/alvarelloseditora.gal\/es\/libro\/45-recetas-con-ortigas\/#breadcrumb","itemListElement":[{"@type":"ListItem","position":1,"name":"Portada","item":"https:\/\/alvarelloseditora.gal\/"},{"@type":"ListItem","position":2,"name":"Tienda","item":"https:\/\/alvarelloseditora.gal\/es\/tienda\/"},{"@type":"ListItem","position":3,"name":"45 RECETAS CON ORTIGAS"}]},{"@type":"WebSite","@id":"https:\/\/alvarelloseditora.gal\/#website","url":"https:\/\/alvarelloseditora.gal\/","name":"Alvarellos Editora","description":"Libros para un mundo en tr\u00e1nsito","publisher":{"@id":"https:\/\/alvarelloseditora.gal\/#organization"},"potentialAction":[{"@type":"SearchAction","target":{"@type":"EntryPoint","urlTemplate":"https:\/\/alvarelloseditora.gal\/?s={search_term_string}"},"query-input":{"@type":"PropertyValueSpecification","valueRequired":true,"valueName":"search_term_string"}}],"inLanguage":"es"},{"@type":"Organization","@id":"https:\/\/alvarelloseditora.gal\/#organization","name":"Alvarellos Editora","url":"https:\/\/alvarelloseditora.gal\/","logo":{"@type":"ImageObject","inLanguage":"es","@id":"https:\/\/alvarelloseditora.gal\/#\/schema\/logo\/image\/","url":"https:\/\/alvarelloseditora.gal\/wp-content\/uploads\/2020\/02\/alv-icon.png","contentUrl":"https:\/\/alvarelloseditora.gal\/wp-content\/uploads\/2020\/02\/alv-icon.png","width":177,"height":175,"caption":"Alvarellos Editora"},"image":{"@id":"https:\/\/alvarelloseditora.gal\/#\/schema\/logo\/image\/"},"sameAs":["https:\/\/www.facebook.com\/alvarelloseditora","https:\/\/x.com\/alvarellos_ed"]}]}},"_links":{"self":[{"href":"https:\/\/alvarelloseditora.gal\/es\/wp-json\/wp\/v2\/product\/2735","targetHints":{"allow":["GET"]}}],"collection":[{"href":"https:\/\/alvarelloseditora.gal\/es\/wp-json\/wp\/v2\/product"}],"about":[{"href":"https:\/\/alvarelloseditora.gal\/es\/wp-json\/wp\/v2\/types\/product"}],"replies":[{"embeddable":true,"href":"https:\/\/alvarelloseditora.gal\/es\/wp-json\/wp\/v2\/comments?post=2735"}],"wp:featuredmedia":[{"embeddable":true,"href":"https:\/\/alvarelloseditora.gal\/es\/wp-json\/wp\/v2\/media\/5894"}],"wp:attachment":[{"href":"https:\/\/alvarelloseditora.gal\/es\/wp-json\/wp\/v2\/media?parent=2735"}],"wp:term":[{"taxonomy":"product_brand","embeddable":true,"href":"https:\/\/alvarelloseditora.gal\/es\/wp-json\/wp\/v2\/product_brand?post=2735"},{"taxonomy":"product_cat","embeddable":true,"href":"https:\/\/alvarelloseditora.gal\/es\/wp-json\/wp\/v2\/product_cat?post=2735"},{"taxonomy":"product_tag","embeddable":true,"href":"https:\/\/alvarelloseditora.gal\/es\/wp-json\/wp\/v2\/product_tag?post=2735"}],"curies":[{"name":"wp","href":"https:\/\/api.w.org\/{rel}","templated":true}]}}